{"id":2158,"date":"2025-03-08T05:46:31","date_gmt":"2025-03-08T05:46:31","guid":{"rendered":"https:\/\/afrycom.com\/product\/machine-a-muffins-multifonction-a-2-tranches-chauffage-rapide-revetement-antiadhesif-adaptee-au-petit-dejeuner-sandwichs-collations-hamburgers-etc\/"},"modified":"2025-10-23T12:33:40","modified_gmt":"2025-10-23T12:33:40","slug":"machine-a-muffins-multifonction-a-2-tranches-chauffage-rapide-revetement-antiadhesif-adaptee-au-petit-dejeuner-sandwichs-collations-hamburgers-etc","status":"publish","type":"product","link":"https:\/\/afrycom.com\/fr\/produit\/machine-a-muffins-multifonction-a-2-tranches-chauffage-rapide-revetement-antiadhesif-adaptee-au-petit-dejeuner-sandwichs-collations-hamburgers-etc\/","title":{"rendered":"Machine \u00e0 muffins multifonction \u00e0 2 tranches, chauffage rapide, rev\u00eatement antiadh\u00e9sif, adapt\u00e9e au petit d\u00e9jeuner, sandwichs, collations, hamburgers, Etc."},"content":{"rendered":"<p>&nbsp;<\/p>\n<div class=\"product-specs-list-container\">\n<ul class=\"product-specs-list util-clearfix\">\n<li class=\"product-prop line-limit-length\"><span class=\"property-title\">Chimique Hign-concern\u00e9 :\u00a0<\/span><span class=\"property-desc line-limit-length\">Aucun<\/span><\/li>\n<li class=\"product-prop line-limit-length\"><span class=\"property-title\">Classification :\u00a0<\/span><span class=\"property-desc line-limit-length\">Gaufriers<\/span><\/li>\n<li class=\"product-prop line-limit-length\"><span class=\"property-title\">Caract\u00e9ristique :\u00a0<\/span><span class=\"property-desc line-limit-length\">Cool Touch Exterior,Surface de cuisson antiadh\u00e9sive<\/span><\/li>\n<li class=\"product-prop line-limit-length\"><span class=\"property-title\">Certification :\u00a0<\/span><span class=\"property-desc line-limit-length\">CE, ROHS<\/span><\/li>\n<li class=\"product-prop line-limit-length\"><span class=\"property-title\">Puissance (W) :\u00a0<\/span><span class=\"property-desc line-limit-length\">1000W<\/span><\/li>\n<li class=\"product-prop line-limit-length\"><span class=\"property-title\">Plaques interchangeables :\u00a0<\/span><span class=\"property-desc line-limit-length\">Gaufrier<\/span><\/li>\n<li class=\"product-prop line-limit-length\"><span class=\"property-title\">Nom de marque :\u00a0<\/span><span class=\"property-desc line-limit-length\">Houselin<\/span><\/li>\n<li class=\"product-prop line-limit-length\"><span class=\"property-title\">Origine :\u00a0<\/span><span class=\"property-desc line-limit-length\">CN (Origine)<\/span><\/li>\n<\/ul>\n<\/div>\n<div class=\"detailmodule_html\">\n<div class=\"detail-desc-decorate-richtext\">\n<div class=\"detailmodule_html\">\n<div class=\"detail-desc-decorate-richtext\"><span style=\"font-size: 14px;\"><span id=\"tl_1\" style=\"color: #111111; font-family: Arial, Helvetica, sans-serif; font-style: normal; font-variant-ligatures: normal; font-variant-caps: normal; font-weight: 400; letter-spacing: normal; orphans: 2; text-align: start; text-indent: 0px; text-transform: none; widows: 2; word-spacing: 0px; -webkit-text-stroke-width: 0px; white-space: pre-wrap; background-color: #f7f7f7; text-decoration-thickness: initial; text-decoration-style: initial; text-decoration-color: initial; float: none; display: inline !important;\">Prise am\u00e9ricaine 110 V (Canada, Mexique, Japon, \u00c9tats-Unis).<\/span><br style=\"color: #111111; font-family: Arial, Helvetica, sans-serif; font-size: 18px; font-style: normal; font-variant-ligatures: normal; font-variant-caps: normal; font-weight: 400; letter-spacing: normal; orphans: 2; text-align: start; text-indent: 0px; text-transform: none; widows: 2; word-spacing: 0px; -webkit-text-stroke-width: 0px; white-space: pre-wrap; text-decoration-thickness: initial; text-decoration-style: initial; text-decoration-color: initial;\" \/><br style=\"color: #111111; font-family: Arial, Helvetica, sans-serif; font-size: 18px; font-style: normal; font-variant-ligatures: normal; font-variant-caps: normal; font-weight: 400; letter-spacing: normal; orphans: 2; text-align: start; text-indent: 0px; text-transform: none; widows: 2; word-spacing: 0px; -webkit-text-stroke-width: 0px; white-space: pre-wrap; text-decoration-thickness: initial; text-decoration-style: initial; text-decoration-color: initial;\" \/><span id=\"tl_2\" style=\"color: #111111; font-family: Arial, Helvetica, sans-serif; font-style: normal; font-variant-ligatures: normal; font-variant-caps: normal; font-weight: 400; letter-spacing: normal; orphans: 2; text-align: start; text-indent: 0px; text-transform: none; widows: 2; word-spacing: 0px; -webkit-text-stroke-width: 0px; white-space: pre-wrap; background-color: #f7f7f7; text-decoration-thickness: initial; text-decoration-style: initial; text-decoration-color: initial; float: none; display: inline !important;\">Prise britannique 220 V (Arabie Saoudite, \u00c9mirats arabes unis, Royaume-Uni).<\/span><br style=\"color: #111111; font-family: Arial, Helvetica, sans-serif; font-size: 18px; font-style: normal; font-variant-ligatures: normal; font-variant-caps: normal; font-weight: 400; letter-spacing: normal; orphans: 2; text-align: start; text-indent: 0px; text-transform: none; widows: 2; word-spacing: 0px; -webkit-text-stroke-width: 0px; white-space: pre-wrap; text-decoration-thickness: initial; text-decoration-style: initial; text-decoration-color: initial;\" \/><br style=\"color: #111111; font-family: Arial, Helvetica, sans-serif; font-size: 18px; font-style: normal; font-variant-ligatures: normal; font-variant-caps: normal; font-weight: 400; letter-spacing: normal; orphans: 2; text-align: start; text-indent: 0px; text-transform: none; widows: 2; word-spacing: 0px; -webkit-text-stroke-width: 0px; white-space: pre-wrap; text-decoration-thickness: initial; text-decoration-style: initial; text-decoration-color: initial;\" \/><span id=\"tl_3\" style=\"color: #111111; font-family: Arial, Helvetica, sans-serif; font-style: normal; font-variant-ligatures: normal; font-variant-caps: normal; font-weight: 400; letter-spacing: normal; orphans: 2; text-align: start; text-indent: 0px; text-transform: none; widows: 2; word-spacing: 0px; -webkit-text-stroke-width: 0px; white-space: pre-wrap; background-color: #f7f7f7; text-decoration-thickness: initial; text-decoration-style: initial; text-decoration-color: initial; float: none; display: inline !important;\">Prise UE 220 V (Allemagne, France, Pays-Bas, Danemark, Finlande, Norv\u00e8ge, Pologne, Portugal, Autriche, Belgique, Hongrie, Espagne, Su\u00e8de et autres pays de l'UE, ainsi que Cor\u00e9e du Sud, Russie, Isra\u00ebl et autres pays).<\/span><br style=\"color: #111111; font-family: Arial, Helvetica, sans-serif; font-size: 18px; font-style: normal; font-variant-ligatures: normal; font-variant-caps: normal; font-weight: 400; letter-spacing: normal; orphans: 2; text-align: start; text-indent: 0px; text-transform: none; widows: 2; word-spacing: 0px; -webkit-text-stroke-width: 0px; white-space: pre-wrap; text-decoration-thickness: initial; text-decoration-style: initial; text-decoration-color: initial;\" \/><br style=\"color: #111111; font-family: Arial, Helvetica, sans-serif; font-size: 18px; font-style: normal; font-variant-ligatures: normal; font-variant-caps: normal; font-weight: 400; letter-spacing: normal; orphans: 2; text-align: start; text-indent: 0px; text-transform: none; widows: 2; word-spacing: 0px; -webkit-text-stroke-width: 0px; white-space: pre-wrap; text-decoration-thickness: initial; text-decoration-style: initial; text-decoration-color: initial;\" \/><span id=\"tl_4\" style=\"color: #111111; font-family: Arial, Helvetica, sans-serif; font-style: normal; font-variant-ligatures: normal; font-variant-caps: normal; font-weight: 400; letter-spacing: normal; orphans: 2; text-align: start; text-indent: 0px; text-transform: none; widows: 2; word-spacing: 0px; -webkit-text-stroke-width: 0px; white-space: pre-wrap; background-color: #f7f7f7; text-decoration-thickness: initial; text-decoration-style: initial; text-decoration-color: initial; float: none; display: inline !important;\">Prise AU 220V (Australie.Nouvelle-Z\u00e9lande).<\/span><br style=\"color: #111111; font-family: Arial, Helvetica, sans-serif; font-size: 18px; font-style: normal; font-variant-ligatures: normal; font-variant-caps: normal; font-weight: 400; letter-spacing: normal; orphans: 2; text-align: start; text-indent: 0px; text-transform: none; widows: 2; word-spacing: 0px; -webkit-text-stroke-width: 0px; white-space: pre-wrap; text-decoration-thickness: initial; text-decoration-style: initial; text-decoration-color: initial;\" \/><br style=\"color: #111111; font-family: Arial, Helvetica, sans-serif; font-size: 18px; font-style: normal; font-variant-ligatures: normal; font-variant-caps: normal; font-weight: 400; letter-spacing: normal; orphans: 2; text-align: start; text-indent: 0px; text-transform: none; widows: 2; word-spacing: 0px; -webkit-text-stroke-width: 0px; white-space: pre-wrap; text-decoration-thickness: initial; text-decoration-style: initial; text-decoration-color: initial;\" \/><span id=\"tl_5\" style=\"color: #111111; font-family: Arial, Helvetica, sans-serif; font-style: normal; font-variant-ligatures: normal; font-variant-caps: normal; font-weight: 400; letter-spacing: normal; orphans: 2; text-align: start; text-indent: 0px; text-transform: none; widows: 2; word-spacing: 0px; -webkit-text-stroke-width: 0px; white-space: pre-wrap; background-color: #f7f7f7; text-decoration-thickness: initial; text-decoration-style: initial; text-decoration-color: initial; float: none; display: inline !important;\">Pour le Br\u00e9sil, notez que vous devez choisir une prise en fonction de la tension de votre maison (110 V pour les prises am\u00e9ricaines ou 220 V pour les prises europ\u00e9ennes).<\/span><br style=\"color: #111111; font-family: Arial, Helvetica, sans-serif; font-size: 18px; font-style: normal; font-variant-ligatures: normal; font-variant-caps: normal; font-weight: 400; letter-spacing: normal; orphans: 2; text-align: start; text-indent: 0px; text-transform: none; widows: 2; word-spacing: 0px; -webkit-text-stroke-width: 0px; white-space: pre-wrap; text-decoration-thickness: initial; text-decoration-style: initial; text-decoration-color: initial;\" \/><br style=\"color: #111111; font-family: Arial, Helvetica, sans-serif; font-size: 18px; font-style: normal; font-variant-ligatures: normal; font-variant-caps: normal; font-weight: 400; letter-spacing: normal; orphans: 2; text-align: start; text-indent: 0px; text-transform: none; widows: 2; word-spacing: 0px; -webkit-text-stroke-width: 0px; white-space: pre-wrap; text-decoration-thickness: initial; text-decoration-style: initial; text-decoration-color: initial;\" \/><span id=\"tl_6\" style=\"color: #111111; font-family: Arial, Helvetica, sans-serif; font-style: normal; font-variant-ligatures: normal; font-variant-caps: normal; font-weight: 400; letter-spacing: normal; orphans: 2; text-align: start; text-indent: 0px; text-transform: none; widows: 2; word-spacing: 0px; -webkit-text-stroke-width: 0px; white-space: pre-wrap; background-color: #f7f7f7; text-decoration-thickness: initial; text-decoration-style: initial; text-decoration-color: initial; float: none; display: inline !important;\">\u00c0 propos de cet article :<\/span><br style=\"color: #111111; font-family: Arial, Helvetica, sans-serif; font-size: 18px; font-style: normal; font-variant-ligatures: normal; font-variant-caps: normal; font-weight: 400; letter-spacing: normal; orphans: 2; text-align: start; text-indent: 0px; text-transform: none; widows: 2; word-spacing: 0px; -webkit-text-stroke-width: 0px; white-space: pre-wrap; text-decoration-thickness: initial; text-decoration-style: initial; text-decoration-color: initial;\" \/><span id=\"tl_7\" style=\"color: #111111; font-family: Arial, Helvetica, sans-serif; font-style: normal; font-variant-ligatures: normal; font-variant-caps: normal; font-weight: 400; letter-spacing: normal; orphans: 2; text-align: start; text-indent: 0px; text-transform: none; widows: 2; word-spacing: 0px; -webkit-text-stroke-width: 0px; white-space: pre-wrap; background-color: #f7f7f7; text-decoration-thickness: initial; text-decoration-style: initial; text-decoration-color: initial; float: none; display: inline !important;\">1 : Goffles et plus encore \u2013 Pr\u00e9parez de d\u00e9licieuses gaufres \u00e0 dessert en ajoutant une vari\u00e9t\u00e9 de garnitures.Mais les gaufres ne sont pas toujours douces.Pr\u00e9parez de d\u00e9licieuses gaufres avec du fromage ou des cives pour une collation ou une collation rapide.<\/span><br style=\"color: #111111; font-family: Arial, Helvetica, sans-serif; font-size: 18px; font-style: normal; font-variant-ligatures: normal; font-variant-caps: normal; font-weight: 400; letter-spacing: normal; orphans: 2; text-align: start; text-indent: 0px; text-transform: none; widows: 2; word-spacing: 0px; -webkit-text-stroke-width: 0px; white-space: pre-wrap; text-decoration-thickness: initial; text-decoration-style: initial; text-decoration-color: initial;\" \/><span id=\"tl_8\" style=\"color: #111111; font-family: Arial, Helvetica, sans-serif; font-style: normal; font-variant-ligatures: normal; font-variant-caps: normal; font-weight: 400; letter-spacing: normal; orphans: 2; text-align: start; text-indent: 0px; text-transform: none; widows: 2; word-spacing: 0px; -webkit-text-stroke-width: 0px; white-space: pre-wrap; background-color: #f7f7f7; text-decoration-thickness: initial; text-decoration-style: initial; text-decoration-color: initial; float: none; display: inline !important;\">2 : Conception compacte \u2013 Con\u00e7u pour les espaces restreints, il ne prend peu ou pas de place sur le comptoir et prend un minimum d&#8217;espace dans l&#8217;armoire lorsqu&#8217;il est stock\u00e9 \u00e0 la verticale.Parfait pour les dortoirs, le camping et les cuisines de toutes tailles.<\/span><br style=\"color: #111111; font-family: Arial, Helvetica, sans-serif; font-size: 18px; font-style: normal; font-variant-ligatures: normal; font-variant-caps: normal; font-weight: 400; letter-spacing: normal; orphans: 2; text-align: start; text-indent: 0px; text-transform: none; widows: 2; word-spacing: 0px; -webkit-text-stroke-width: 0px; white-space: pre-wrap; text-decoration-thickness: initial; text-decoration-style: initial; text-decoration-color: initial;\" \/><span id=\"tl_9\" style=\"color: #111111; font-family: Arial, Helvetica, sans-serif; font-style: normal; font-variant-ligatures: normal; font-variant-caps: normal; font-weight: 400; letter-spacing: normal; orphans: 2; text-align: start; text-indent: 0px; text-transform: none; widows: 2; word-spacing: 0px; -webkit-text-stroke-width: 0px; white-space: pre-wrap; background-color: #f7f7f7; text-decoration-thickness: initial; text-decoration-style: initial; text-decoration-color: initial; float: none; display: inline !important;\">3 : Facile \u00e0 nettoyer \u2013 Le panneau antiadh\u00e9sif Deluxe est simplement essuy\u00e9 avec un chiffon humide une fois refroidi.Aucune huile ni beurre n&#8217;est n\u00e9cessaire pour une alimentation plus saine et un nettoyage simple 1-2-3.<\/span><br style=\"color: #111111; font-family: Arial, Helvetica, sans-serif; font-size: 18px; font-style: normal; font-variant-ligatures: normal; font-variant-caps: normal; font-weight: 400; letter-spacing: normal; orphans: 2; text-align: start; text-indent: 0px; text-transform: none; widows: 2; word-spacing: 0px; -webkit-text-stroke-width: 0px; white-space: pre-wrap; text-decoration-thickness: initial; text-decoration-style: initial; text-decoration-color: initial;\" \/><span id=\"tl_10\" style=\"color: #111111; font-family: Arial, Helvetica, sans-serif; font-style: normal; font-variant-ligatures: normal; font-variant-caps: normal; font-weight: 400; letter-spacing: normal; orphans: 2; text-align: start; text-indent: 0px; text-transform: none; widows: 2; word-spacing: 0px; -webkit-text-stroke-width: 0px; white-space: pre-wrap; background-color: #f7f7f7; text-decoration-thickness: initial; text-decoration-style: initial; text-decoration-color: initial; float: none; display: inline !important;\">4 : Indicateur \u2013 L&#8217;indicateur Power &amp; Ready vous permet de savoir quand ajouter de la p\u00e2te \u00e0 gaufres et quand elle est pr\u00eate pour une collation ou un petit-d\u00e9jeuner parfait, qu&#8217;elle soit fra\u00eeche ou chaude.<\/span><br style=\"color: #111111; font-family: Arial, Helvetica, sans-serif; font-size: 18px; font-style: normal; font-variant-ligatures: normal; font-variant-caps: normal; font-weight: 400; letter-spacing: normal; orphans: 2; text-align: start; text-indent: 0px; text-transform: none; widows: 2; word-spacing: 0px; -webkit-text-stroke-width: 0px; white-space: pre-wrap; text-decoration-thickness: initial; text-decoration-style: initial; text-decoration-color: initial;\" \/><span id=\"tl_11\" style=\"color: #111111; font-family: Arial, Helvetica, sans-serif; font-style: normal; font-variant-ligatures: normal; font-variant-caps: normal; font-weight: 400; letter-spacing: normal; orphans: 2; text-align: start; text-indent: 0px; text-transform: none; widows: 2; word-spacing: 0px; -webkit-text-stroke-width: 0px; white-space: pre-wrap; background-color: #f7f7f7; text-decoration-thickness: initial; text-decoration-style: initial; text-decoration-color: initial; float: none; display: inline !important;\">5 : Poign\u00e9e de verrouillage au toucher froid \u2013 loquet de verrouillage au toucher froid, s\u00fbr et facile \u00e0 transporter. Peut \u00eatre rang\u00e9 proprement dans n\u2019importe quel espace.<\/span> <\/span><\/p>\n<p style=\"text-align: left; margin: 0;\"><img decoding=\"async\" src=\"https:\/\/ae01.alicdn.com\/kf\/S124a490943824c6a97767d38054d18e3O.jpg?width=1000&amp;height=1000&amp;hash=2000\" \/><img decoding=\"async\" src=\"https:\/\/ae01.alicdn.com\/kf\/Sa1c4c331d3454d3a8cf45f636c3646586.jpg?width=1000&amp;height=1000&amp;hash=2000\" \/><img decoding=\"async\" src=\"https:\/\/ae01.alicdn.com\/kf\/S9ad2fb253f6e41d9b27f80325c3c01e0h.jpg?width=1000&amp;height=1000&amp;hash=2000\" \/><img decoding=\"async\" src=\"https:\/\/ae01.alicdn.com\/kf\/S61ed12c366e24fdd99f24b23e575ab41l.jpg?width=1000&amp;height=1000&amp;hash=2000\" \/><img decoding=\"async\" src=\"https:\/\/ae01.alicdn.com\/kf\/S446a1a594d264fe1b509f17aaffc1ce57.jpg?width=1000&amp;height=1000&amp;hash=2000\" \/><img decoding=\"async\" src=\"https:\/\/ae01.alicdn.com\/kf\/Scb7651c92737452b8c0d5209bca2d01fa.jpg?width=1000&amp;height=1000&amp;hash=2000\" \/><img decoding=\"async\" src=\"https:\/\/ae01.alicdn.com\/kf\/S7a1e6c3ae498463a9b8580715eb2b3b5s.jpg?width=1000&amp;height=1000&amp;hash=2000\" \/><img decoding=\"async\" src=\"https:\/\/ae01.alicdn.com\/kf\/S81ec8a6b350a4a80a6e7b0eaf615ef1ez.jpg?width=1000&amp;height=1000&amp;hash=2000\" \/><img decoding=\"async\" src=\"https:\/\/ae01.alicdn.com\/kf\/S3d55d7b720d64c89be53d67b96467ef5T.jpg?width=1000&amp;height=1000&amp;hash=2000\" \/><img decoding=\"async\" src=\"https:\/\/ae01.alicdn.com\/kf\/S920db8793e0945d6a6d1dc49135de98d1.jpg?width=1000&amp;height=1000&amp;hash=2000\" \/><\/p>\n<\/div>\n<\/div>\n<\/div>\n<\/div>","protected":false},"excerpt":{"rendered":"<p>&nbsp; Chimique Hign-concern\u00e9:\u00a0Aucun Classification:\u00a0Gaufriers Caract\u00e9ristique:\u00a0Cool Touch Exterior,Surface de cuisson antiadh\u00e9sive Certification:\u00a0CE,ROHS Puissance (W):\u00a01000W Plaques Interchangeables:\u00a0Gaufrier Nom de marque:\u00a0Houselin Origine:\u00a0CN (Origine)<\/p>","protected":false},"featured_media":2159,"comment_status":"open","ping_status":"closed","template":"","meta":[],"product_brand":[],"product_cat":[4933,4930],"product_tag":[],"class_list":{"0":"post-2158","1":"product","2":"type-product","3":"status-publish","4":"has-post-thumbnail","6":"product_cat-bakeware","7":"product_cat-kitchen-dining","9":"first","10":"instock","11":"shipping-taxable","12":"purchasable","13":"product-type-variable"},"jetpack_sharing_enabled":true,"_links":{"self":[{"href":"https:\/\/afrycom.com\/fr\/wp-json\/wp\/v2\/product\/2158","targetHints":{"allow":["GET"]}}],"collection":[{"href":"https:\/\/afrycom.com\/fr\/wp-json\/wp\/v2\/product"}],"about":[{"href":"https:\/\/afrycom.com\/fr\/wp-json\/wp\/v2\/types\/product"}],"replies":[{"embeddable":true,"href":"https:\/\/afrycom.com\/fr\/wp-json\/wp\/v2\/comments?post=2158"}],"wp:featuredmedia":[{"embeddable":true,"href":"https:\/\/afrycom.com\/fr\/wp-json\/wp\/v2\/media\/2159"}],"wp:attachment":[{"href":"https:\/\/afrycom.com\/fr\/wp-json\/wp\/v2\/media?parent=2158"}],"wp:term":[{"taxonomy":"product_brand","embeddable":true,"href":"https:\/\/afrycom.com\/fr\/wp-json\/wp\/v2\/product_brand?post=2158"},{"taxonomy":"product_cat","embeddable":true,"href":"https:\/\/afrycom.com\/fr\/wp-json\/wp\/v2\/product_cat?post=2158"},{"taxonomy":"product_tag","embeddable":true,"href":"https:\/\/afrycom.com\/fr\/wp-json\/wp\/v2\/product_tag?post=2158"}],"curies":[{"name":"wp","href":"https:\/\/api.w.org\/{rel}","templated":true}]}}