{"id":2151,"date":"2025-03-08T05:46:17","date_gmt":"2025-03-08T05:46:17","guid":{"rendered":"https:\/\/afrycom.com\/product\/trancheur-de-pommes-de-terre-coupe-de-legumes-domestique-broyeur-multifonctionnel-de-fruits-trancheur-de-julienne-rape-avec-poignee-gadgets-de-cuisine\/"},"modified":"2025-03-08T05:46:20","modified_gmt":"2025-03-08T05:46:20","slug":"trancheur-de-pommes-de-terre-coupe-de-legumes-domestique-broyeur-multifonctionnel-de-fruits-trancheur-de-julienne-rape-avec-poignee-gadgets-de-cuisine","status":"publish","type":"product","link":"https:\/\/afrycom.com\/fr\/produit\/trancheur-de-pommes-de-terre-coupe-de-legumes-domestique-broyeur-multifonctionnel-de-fruits-trancheur-de-julienne-rape-avec-poignee-gadgets-de-cuisine\/","title":{"rendered":"Trancheur de pommes de terre, coupe de l\u00e9gumes domestique, broyeur multifonctionnel de fruits, trancheur de Julienne, r\u00e2pe avec poign\u00e9e, Gadgets de cuisine"},"content":{"rendered":"<div class=\"product-specs-list-container\">\n<ul class=\"product-specs-list util-clearfix\">\n<li class=\"product-prop line-limit-length\"><span class=\"property-title\">Chimique Hign-concern\u00e9 :\u00a0<\/span><span class=\"property-desc line-limit-length\">Aucun<\/span><\/li>\n<li class=\"product-prop line-limit-length\"><span class=\"property-title\">Mat\u00e9riau de Lame :\u00a0<\/span><span class=\"property-desc line-limit-length\">Acier inoxydable<\/span><\/li>\n<li class=\"product-prop line-limit-length\"><span class=\"property-title\">Caract\u00e9ristique :\u00a0<\/span><span class=\"property-desc line-limit-length\">Respect de l'environnement<\/span><\/li>\n<li class=\"product-prop line-limit-length\"><span class=\"property-title\">Type de plastique :\u00a0<\/span><span class=\"property-desc line-limit-length\">PP<\/span><\/li>\n<li class=\"product-prop line-limit-length\"><span class=\"property-title\">Mat\u00e9riau :\u00a0<\/span><span class=\"property-desc line-limit-length\">plastique<\/span><\/li>\n<li class=\"product-prop line-limit-length\"><span class=\"property-title\">Type D'outils de Fruits &amp; L\u00e9gumes :\u00a0<\/span><span class=\"property-desc line-limit-length\">Hachoirs \u00e0 l\u00e9gumes<\/span><\/li>\n<li class=\"product-prop line-limit-length\"><span class=\"property-title\">Nom de marque :\u00a0<\/span><span class=\"property-desc line-limit-length\">LETIITTGOO<\/span><\/li>\n<li class=\"product-prop line-limit-length\"><span class=\"property-title\">Type :\u00a0<\/span><span class=\"property-desc line-limit-length\">Outils &amp; Fruit et L\u00e9gumes<\/span><\/li>\n<li class=\"product-prop line-limit-length\"><span class=\"property-title\">Origine :\u00a0<\/span><span class=\"property-desc line-limit-length\">CN (Origine)<\/span><\/li>\n<li class=\"product-prop line-limit-length\"><span class=\"property-title\">Caract\u00e9ristique 1 :\u00a0<\/span><span class=\"property-desc line-limit-length\">Vegetable Cutter<\/span><\/li>\n<li class=\"product-prop line-limit-length\"><span class=\"property-title\">Caract\u00e9ristique 2 :\u00a0<\/span><span class=\"property-desc line-limit-length\">Vegetable Slicer<\/span><\/li>\n<li class=\"product-prop line-limit-length\"><span class=\"property-title\">Caract\u00e9ristique 3 :\u00a0<\/span><span class=\"property-desc line-limit-length\">Vegetable Shredder<\/span><\/li>\n<li class=\"product-prop line-limit-length\"><span class=\"property-title\">Caract\u00e9ristique 4 :\u00a0<\/span><span class=\"property-desc line-limit-length\">Julienne Slicer<\/span><\/li>\n<li class=\"product-prop line-limit-length\"><span class=\"property-title\">Caract\u00e9ristique 5 :\u00a0<\/span><span class=\"property-desc line-limit-length\">Fruit Peeler<\/span><\/li>\n<li class=\"product-prop line-limit-length\"><span class=\"property-title\">Caract\u00e9ristique 6 :\u00a0<\/span><span class=\"property-desc line-limit-length\">kitchen accessories<\/span><\/li>\n<\/ul>\n<\/div>\n<div class=\"detailmodule_html\">\n<div class=\"detail-desc-decorate-richtext\">\n<div class=\"detailmodule_html\">\n<div class=\"detail-desc-decorate-richtext\">\n<p>Trancheuse de pommes de terre pour coupe de l\u00e9gumes domestique, broyeur multifonctionnel de fruits, r\u00e2pe de tar\u00e9e avec poign\u00e9e, Gadgets de cuisine<\/p>\n<p>\u00a0<\/p>\n<p>Sp\u00e9cifications :<\/p>\n<p>\u00a0<\/p>\n<p>Nom : coupe-l\u00e9gumes multifonctionnel.<\/p>\n<p>Mat\u00e9riel: PP + lame en acier inoxydable<\/p>\n<p>Taille : voir l&#8217;image d\u00e9taill\u00e9e<\/p>\n<p>Utilisation : Couper des fruits, des l\u00e9gumes, etc.<\/p>\n<p>Configuration : corps principal + lame*5 + prot\u00e8ge-main + couteau d&#8217;office<\/p>\n<p>\u00a0<\/p>\n<p>Caract\u00e9ristique :<\/p>\n<p>\u00a0<\/p>\n<p>1.OUTIL DE CUISINE MULTIFONCTIONNEL : Cette r\u00e2pe multifonctionnelle peut \u00eatre utilis\u00e9e pour r\u00e2per des l\u00e9gumes, trancher des pommes de terre et d&#8217;autres ingr\u00e9dients, c&#8217;est un outil de cuisine essentiel.<\/p>\n<p>2.CONCEPTION EFFICACE: Les lames tranchantes de la r\u00e2pe peuvent facilement hacher des l\u00e9gumes durs, et la poign\u00e9e ergonomique assure une prise confortable et une facilit\u00e9 d&#8217;utilisation.<\/p>\n<p>3.FACILE \u00c0 NETTOYER: Le broyeur passe au lave-vaisselle, facile \u00e0 nettoyer et \u00e0 entretenir.<\/p>\n<p>4. Gain de place : sa taille compacte le rend facile \u00e0 ranger dans n&#8217;importe quel tiroir ou armoire de cuisine, \u00e9conomisant ainsi un comptoir et un espace de rangement pr\u00e9cieux.<\/p>\n<p><img decoding=\"async\" src=\"https:\/\/ae01.alicdn.com\/kf\/Sea0ab57e24a842eb8ab7cc8de0913827Y.png\" \/><img decoding=\"async\" src=\"https:\/\/ae01.alicdn.com\/kf\/Sc5154fe883cf4308aeb719767b8e156d1.png\" \/><img decoding=\"async\" src=\"https:\/\/ae01.alicdn.com\/kf\/Seec9a7f25bbf41cd8e541ce1dccc2e76U.jpg\" \/><img decoding=\"async\" src=\"https:\/\/ae01.alicdn.com\/kf\/S41a1d01d6b4e4e139c753cd180fbe9e4S.jpg\" \/><img decoding=\"async\" src=\"https:\/\/ae01.alicdn.com\/kf\/S0d7a2091840e413a8150c7e217f2c3bav.jpg\" \/><img decoding=\"async\" src=\"https:\/\/ae01.alicdn.com\/kf\/Sd6881baa5f5446178ad6c61c0e1bbe635.jpg\" \/><img decoding=\"async\" src=\"https:\/\/ae01.alicdn.com\/kf\/Sbb13ddb119654e0dbb2e2b271698e076h.jpg\" \/><img decoding=\"async\" src=\"https:\/\/ae01.alicdn.com\/kf\/Sd7449a80acce42c9bc67714d63ea9996C.jpg\" \/><img decoding=\"async\" src=\"https:\/\/ae01.alicdn.com\/kf\/S4c6e111a8ee246529429f51d8e65b8d63.jpg\" \/><img decoding=\"async\" src=\"https:\/\/ae01.alicdn.com\/kf\/S8e4ef64a62394be8856d8f7e8a31e252S.jpg\" \/><img decoding=\"async\" src=\"https:\/\/ae01.alicdn.com\/kf\/Sb97c3a45231c4d4ebabdce820f149a68N.jpg\" \/><img decoding=\"async\" src=\"https:\/\/ae01.alicdn.com\/kf\/S57a6258d04d6499a8637033c6399d410Q.jpg\" \/><img decoding=\"async\" src=\"https:\/\/ae01.alicdn.com\/kf\/Sf6d1d9598e4d42f597932fd67501bd76b.jpg\" \/><img decoding=\"async\" src=\"https:\/\/ae01.alicdn.com\/kf\/S03661e506aec42038738cd234c2937b8i.jpg\" \/><\/p>\n<\/div>\n<\/div>\n<p>\u00a0<\/p>\n<\/div>\n<\/div>","protected":false},"excerpt":{"rendered":"<p>Chimique Hign-concern\u00e9:\u00a0Aucun Mat\u00e9riau de Lame:\u00a0Acier inoxydable Caract\u00e9ristique:\u00a0Eco-friendly Type de plastique:\u00a0PP Mat\u00e9riau:\u00a0plastique Type D&#8217;outils de Fruits &amp; L\u00e9gumes:\u00a0Hachoirs \u00e0 l\u00e9gumes Nom<\/p>","protected":false},"featured_media":2152,"comment_status":"open","ping_status":"closed","template":"","meta":[],"product_brand":[],"product_cat":[15],"product_tag":[],"class_list":{"0":"post-2151","1":"product","2":"type-product","3":"status-publish","4":"has-post-thumbnail","6":"product_cat-uncategorized","8":"first","9":"instock","10":"shipping-taxable","11":"purchasable","12":"product-type-variable"},"jetpack_sharing_enabled":true,"_links":{"self":[{"href":"https:\/\/afrycom.com\/fr\/wp-json\/wp\/v2\/product\/2151","targetHints":{"allow":["GET"]}}],"collection":[{"href":"https:\/\/afrycom.com\/fr\/wp-json\/wp\/v2\/product"}],"about":[{"href":"https:\/\/afrycom.com\/fr\/wp-json\/wp\/v2\/types\/product"}],"replies":[{"embeddable":true,"href":"https:\/\/afrycom.com\/fr\/wp-json\/wp\/v2\/comments?post=2151"}],"wp:featuredmedia":[{"embeddable":true,"href":"https:\/\/afrycom.com\/fr\/wp-json\/wp\/v2\/media\/2152"}],"wp:attachment":[{"href":"https:\/\/afrycom.com\/fr\/wp-json\/wp\/v2\/media?parent=2151"}],"wp:term":[{"taxonomy":"product_brand","embeddable":true,"href":"https:\/\/afrycom.com\/fr\/wp-json\/wp\/v2\/product_brand?post=2151"},{"taxonomy":"product_cat","embeddable":true,"href":"https:\/\/afrycom.com\/fr\/wp-json\/wp\/v2\/product_cat?post=2151"},{"taxonomy":"product_tag","embeddable":true,"href":"https:\/\/afrycom.com\/fr\/wp-json\/wp\/v2\/product_tag?post=2151"}],"curies":[{"name":"wp","href":"https:\/\/api.w.org\/{rel}","templated":true}]}}