{"id":2142,"date":"2025-03-08T05:45:30","date_gmt":"2025-03-08T05:45:30","guid":{"rendered":"https:\/\/afrycom.com\/product\/trancheuse-mandoline-reglable-avec-panier-rape-a-citron-coupe-pommes-de-terre-et-carottes-accessoires-de-cuisine-5-types\/"},"modified":"2025-03-08T05:45:34","modified_gmt":"2025-03-08T05:45:34","slug":"trancheuse-mandoline-reglable-avec-panier-rape-a-citron-coupe-pommes-de-terre-et-carottes-accessoires-de-cuisine-5-types","status":"publish","type":"product","link":"https:\/\/afrycom.com\/fr\/produit\/trancheuse-mandoline-reglable-avec-panier-rape-a-citron-coupe-pommes-de-terre-et-carottes-accessoires-de-cuisine-5-types\/","title":{"rendered":"Trancheuse mandoline r\u00e9glable avec panier, r\u00e2pe \u00e0 citron, coupe-pommes de terre et carottes, accessoires de cuisine, 5 types"},"content":{"rendered":"<div class=\"product-specs-list-container\">\n<ul class=\"product-specs-list util-clearfix\">\n<li class=\"product-prop line-limit-length\"><span class=\"property-title\">Chimique Hign-concern\u00e9 :\u00a0<\/span><span class=\"property-desc line-limit-length\">Aucun<\/span><\/li>\n<li class=\"product-prop line-limit-length\"><span class=\"property-title\">Mat\u00e9riau de Lame :\u00a0<\/span><span class=\"property-desc line-limit-length\">Acier inoxydable<\/span><\/li>\n<li class=\"product-prop line-limit-length\"><span class=\"property-title\">Caract\u00e9ristique :\u00a0<\/span><span class=\"property-desc line-limit-length\">Respect de l'environnement<\/span><\/li>\n<li class=\"product-prop line-limit-length\"><span class=\"property-title\">Mat\u00e9riau :\u00a0<\/span><span class=\"property-desc line-limit-length\">M\u00e9tal<\/span><\/li>\n<li class=\"product-prop line-limit-length\"><span class=\"property-title\">Type D'outils de Fruits &amp; L\u00e9gumes :\u00a0<\/span><span class=\"property-desc line-limit-length\">D\u00e9fibreurs et trancheuses<\/span><\/li>\n<li class=\"product-prop line-limit-length\"><span class=\"property-title\">Nom de marque :\u00a0<\/span><span class=\"property-desc line-limit-length\">onetwone<\/span><\/li>\n<li class=\"product-prop line-limit-length\"><span class=\"property-title\">Origine :\u00a0<\/span><span class=\"property-desc line-limit-length\">CN (Origine)<\/span><\/li>\n<li class=\"product-prop line-limit-length\"><span class=\"property-title\">Type :\u00a0<\/span><span class=\"property-desc line-limit-length\">Outils &amp; Fruit et L\u00e9gumes<\/span><\/li>\n<li class=\"product-prop line-limit-length\"><span class=\"property-title\">Metal Type:\u00a0<\/span><span class=\"property-desc line-limit-length\">Stainless Steel<\/span><\/li>\n<\/ul>\n<\/div>\n<div class=\"detailmodule_html\">\n<div class=\"detail-desc-decorate-richtext\">\n<div style=\"margin: 10px auto 0px auto; display: inline-block; max-width: 100%;\">\n<div>\u00a0<\/div>\n<\/div>\n<p><span id=\"tl_1\" style=\"background-color: #ffffff; color: #222222; font-size: 14px; font-family: 'Open Sans', Roboto, Arial, Helvetica, sans-serif, SimSun;\">Param\u00e8tres du produit<\/span><br \/><span id=\"tl_2\" style=\"background-color: #ffffff; color: #222222; font-size: 14px; font-family: 'Open Sans', Roboto, Arial, Helvetica, sans-serif, SimSun;\">Nom: Trancheuse \u00e0 citron<\/span><br \/><span id=\"tl_3\" style=\"background-color: #ffffff; color: #222222; font-size: 14px; font-family: 'Open Sans', Roboto, Arial, Helvetica, sans-serif, SimSun;\">Mat\u00e9riau: acier \u00e0 couteau 420, PP, TPR, ABS<\/span><br \/><span id=\"tl_4\" style=\"background-color: #ffffff; color: #222222; font-size: 14px; font-family: 'Open Sans', Roboto, Arial, Helvetica, sans-serif, SimSun;\">Caract\u00e9ristiques: tranches de fruits et l\u00e9gumes, d\u00e9chiquet\u00e9es<\/span><br \/><span id=\"tl_5\" style=\"background-color: #ffffff; color: #222222; font-size: 14px; font-family: 'Open Sans', Roboto, Arial, Helvetica, sans-serif, SimSun;\">Applicable: restaurants, magasins de th\u00e9 au lait, caf\u00e9s<\/span><br \/><span id=\"tl_6\" style=\"background-color: #ffffff; color: #222222; font-size: 14px; font-family: 'Open Sans', Roboto, Arial, Helvetica, sans-serif, SimSun;\">Caract\u00e9ristiques: mat\u00e9riau en acier couteau 420, lame tranchante, coupe plate, \u00e9paisseur uniforme, r\u00e9glable \u00e0 cinq vitesses, avec bo\u00eete inf\u00e9rieure, avec prot\u00e8ge-mains<\/span><\/p>\n<p><img decoding=\"async\" style=\"font-family: 'Open Sans', Roboto, Arial, Helvetica, sans-serif, SimSun; font-size: 14px; font-weight: 400; letter-spacing: normal; text-align: left; white-space: normal; color: #222222; background-color: #ffffff; border: 0px; margin: 0px; padding: 0px; max-width: 100%; box-sizing: border-box;\" src=\"https:\/\/ae01.alicdn.com\/kf\/Sda00d2b2ac2941f0b54c8274d28f1603i.jpg?width=790&amp;height=1324&amp;hash=2114\" \/><img decoding=\"async\" style=\"font-family: 'Open Sans', Roboto, Arial, Helvetica, sans-serif, SimSun; font-size: 14px; font-weight: 400; letter-spacing: normal; text-align: left; white-space: normal; color: #222222; background-color: #ffffff; border: 0px; margin: 0px; padding: 0px; max-width: 100%; box-sizing: border-box;\" src=\"https:\/\/ae01.alicdn.com\/kf\/S15d3d109cd5c4ce99a8da989cba35449l.jpg?width=790&amp;height=394&amp;hash=1184\" \/><img decoding=\"async\" style=\"font-family: 'Open Sans', Roboto, Arial, Helvetica, sans-serif, SimSun; font-size: 14px; font-weight: 400; letter-spacing: normal; text-align: left; white-space: normal; color: #222222; background-color: #ffffff; border: 0px; margin: 0px; padding: 0px; max-width: 100%; box-sizing: border-box;\" src=\"https:\/\/ae01.alicdn.com\/kf\/S080218cb67a94b30ad83ebff90f3eceao.jpg?width=790&amp;height=1209&amp;hash=1999\" \/><img decoding=\"async\" style=\"font-family: 'Open Sans', Roboto, Arial, Helvetica, sans-serif, SimSun; font-size: 14px; font-weight: 400; letter-spacing: normal; text-align: left; white-space: normal; color: #222222; background-color: #ffffff; border: 0px; margin: 0px; padding: 0px; max-width: 100%; box-sizing: border-box;\" src=\"https:\/\/ae01.alicdn.com\/kf\/Sed47b7aea5c0423b8679db13d19b443b4.jpg?width=790&amp;height=1124&amp;hash=1914\" \/><img decoding=\"async\" style=\"font-family: 'Open Sans', Roboto, Arial, Helvetica, sans-serif, SimSun; font-size: 14px; font-weight: 400; letter-spacing: normal; text-align: left; white-space: normal; color: #222222; background-color: #ffffff; border: 0px; margin: 0px; padding: 0px; max-width: 100%; box-sizing: border-box;\" src=\"https:\/\/ae01.alicdn.com\/kf\/S46f371275d0e4899b3bda4dfc0a3a6c6G.jpg?width=790&amp;height=1150&amp;hash=1940\" \/><img decoding=\"async\" style=\"font-family: 'Open Sans', Roboto, Arial, Helvetica, sans-serif, SimSun; font-size: 14px; font-weight: 400; letter-spacing: normal; text-align: left; white-space: normal; color: #222222; background-color: #ffffff; border: 0px; margin: 0px; padding: 0px; max-width: 100%; box-sizing: border-box;\" src=\"https:\/\/ae01.alicdn.com\/kf\/S09d50c228f114bfa901029c9a8e59b26K.jpg?width=790&amp;height=999&amp;hash=1789\" \/><img decoding=\"async\" style=\"font-family: 'Open Sans', Roboto, Arial, Helvetica, sans-serif, SimSun; font-size: 14px; font-weight: 400; letter-spacing: normal; text-align: left; white-space: normal; color: #222222; background-color: #ffffff; border: 0px; margin: 0px; padding: 0px; max-width: 100%; box-sizing: border-box;\" src=\"https:\/\/ae01.alicdn.com\/kf\/Sba71061f053541abaf510dc9d477a222f.jpg?width=790&amp;height=961&amp;hash=1751\" \/><img decoding=\"async\" style=\"font-family: 'Open Sans', Roboto, Arial, Helvetica, sans-serif, SimSun; font-size: 14px; font-weight: 400; letter-spacing: normal; text-align: left; white-space: normal; color: #222222; background-color: #ffffff; border: 0px; margin: 0px; padding: 0px; max-width: 100%; box-sizing: border-box;\" src=\"https:\/\/ae01.alicdn.com\/kf\/Sbc57b47710e547128ec64ccdbf6aabccd.jpg?width=790&amp;height=1095&amp;hash=1885\" \/><img decoding=\"async\" style=\"font-family: 'Open Sans', Roboto, Arial, Helvetica, sans-serif, SimSun; font-size: 14px; font-weight: 400; letter-spacing: normal; text-align: left; white-space: normal; color: #222222; background-color: #ffffff; border: 0px; margin: 0px; padding: 0px; max-width: 100%; box-sizing: border-box;\" src=\"https:\/\/ae01.alicdn.com\/kf\/S301b07c7c8ff48e0aad454589c1a8774C.jpg?width=790&amp;height=891&amp;hash=1681\" \/><img decoding=\"async\" style=\"font-family: 'Open Sans', Roboto, Arial, Helvetica, sans-serif, SimSun; font-size: 14px; font-weight: 400; letter-spacing: normal; text-align: left; white-space: normal; color: #222222; background-color: #ffffff; border: 0px; margin: 0px; padding: 0px; max-width: 100%; box-sizing: border-box;\" src=\"https:\/\/ae01.alicdn.com\/kf\/S1ccb09c715804636a8dfa03dd3379202r.jpg?width=790&amp;height=1018&amp;hash=1808\" \/><img decoding=\"async\" style=\"font-family: 'Open Sans', Roboto, Arial, Helvetica, sans-serif, SimSun; font-size: 14px; font-weight: 400; letter-spacing: normal; text-align: left; white-space: normal; color: #222222; background-color: #ffffff; border: 0px; margin: 0px; padding: 0px; max-width: 100%; box-sizing: border-box;\" src=\"https:\/\/ae01.alicdn.com\/kf\/Se85c3c9cb37745fe92ab75fc7ffee321S.jpg?width=790&amp;height=906&amp;hash=1696\" \/><\/p>\n<div style=\"margin: 10px auto 0px auto; display: inline-block; max-width: 100%;\">\u00a0<\/div>\n<div style=\"margin: 10px auto 0px auto; display: inline-block; max-width: 100%;\"><img decoding=\"async\" style=\"width: 932px;\" src=\"https:\/\/ae03.alicdn.com\/kf\/Sac12801351a64c568e2f4eeb123e6ca24.jpg\" width=\"932px\" \/><\/div>\n<div style=\"margin: 10px auto 0px auto; display: inline-block; max-width: 100%;\"><img decoding=\"async\" style=\"width: 932px;\" src=\"https:\/\/ae03.alicdn.com\/kf\/Sf4d6a9e53a4f4783879ec301ce2d9447O.jpg\" width=\"932px\" \/><\/div>\n<p>\u00a0<\/p>\n<\/div>\n<\/div>","protected":false},"excerpt":{"rendered":"<p>Chimique Hign-concern\u00e9:\u00a0Aucun Mat\u00e9riau de Lame:\u00a0Acier inoxydable Caract\u00e9ristique:\u00a0Eco-friendly Mat\u00e9riau:\u00a0M\u00e9tal Type D&#8217;outils de Fruits &amp; L\u00e9gumes:\u00a0D\u00e9fibreurs et trancheuses Nom de marque:\u00a0onetwone Origine:\u00a0CN<\/p>","protected":false},"featured_media":2143,"comment_status":"open","ping_status":"closed","template":"","meta":[],"product_brand":[],"product_cat":[15],"product_tag":[],"class_list":{"0":"post-2142","1":"product","2":"type-product","3":"status-publish","4":"has-post-thumbnail","6":"product_cat-uncategorized","8":"first","9":"instock","10":"shipping-taxable","11":"purchasable","12":"product-type-variable"},"jetpack_sharing_enabled":true,"_links":{"self":[{"href":"https:\/\/afrycom.com\/fr\/wp-json\/wp\/v2\/product\/2142","targetHints":{"allow":["GET"]}}],"collection":[{"href":"https:\/\/afrycom.com\/fr\/wp-json\/wp\/v2\/product"}],"about":[{"href":"https:\/\/afrycom.com\/fr\/wp-json\/wp\/v2\/types\/product"}],"replies":[{"embeddable":true,"href":"https:\/\/afrycom.com\/fr\/wp-json\/wp\/v2\/comments?post=2142"}],"wp:featuredmedia":[{"embeddable":true,"href":"https:\/\/afrycom.com\/fr\/wp-json\/wp\/v2\/media\/2143"}],"wp:attachment":[{"href":"https:\/\/afrycom.com\/fr\/wp-json\/wp\/v2\/media?parent=2142"}],"wp:term":[{"taxonomy":"product_brand","embeddable":true,"href":"https:\/\/afrycom.com\/fr\/wp-json\/wp\/v2\/product_brand?post=2142"},{"taxonomy":"product_cat","embeddable":true,"href":"https:\/\/afrycom.com\/fr\/wp-json\/wp\/v2\/product_cat?post=2142"},{"taxonomy":"product_tag","embeddable":true,"href":"https:\/\/afrycom.com\/fr\/wp-json\/wp\/v2\/product_tag?post=2142"}],"curies":[{"name":"wp","href":"https:\/\/api.w.org\/{rel}","templated":true}]}}