{"id":2133,"date":"2025-03-08T05:44:06","date_gmt":"2025-03-08T05:44:06","guid":{"rendered":"https:\/\/afrycom.com\/product\/trancheuse-a-mandoline-reglable-en-acier-inoxydable-trancheuse-a-legumes-rape-a-oignon-et-a-pommes-de-terre-eplucheur-de-cuisine-18-types\/"},"modified":"2025-03-24T16:27:35","modified_gmt":"2025-03-24T16:27:35","slug":"trancheuse-a-mandoline-reglable-en-acier-inoxydable-trancheuse-a-legumes-rape-a-oignon-et-a-pommes-de-terre-eplucheur-de-cuisine-18-types","status":"publish","type":"product","link":"https:\/\/afrycom.com\/fr\/produit\/trancheuse-a-mandoline-reglable-en-acier-inoxydable-trancheuse-a-legumes-rape-a-oignon-et-a-pommes-de-terre-eplucheur-de-cuisine-18-types\/","title":{"rendered":"Trancheuse \u00e0 mandoline r\u00e9glable en acier inoxydable, trancheuse \u00e0 l\u00e9gumes, r\u00e2pe \u00e0 oignon et \u00e0 pommes de terre, \u00e9plucheur de cuisine, 18 types"},"content":{"rendered":"<div class=\"product-specs-list-container\">\n<ul class=\"product-specs-list util-clearfix\">\n<li class=\"product-prop line-limit-length\"><span class=\"property-title\">Chimique Hign-concern\u00e9 :\u00a0<\/span><span class=\"property-desc line-limit-length\">Aucun<\/span><\/li>\n<li class=\"product-prop line-limit-length\"><span class=\"property-title\">Mat\u00e9riau de Lame :\u00a0<\/span><span class=\"property-desc line-limit-length\">Acier inoxydable<\/span><\/li>\n<li class=\"product-prop line-limit-length\"><span class=\"property-title\">Caract\u00e9ristique :\u00a0<\/span><span class=\"property-desc line-limit-length\">\u00c9cologique,Stock\u00e9s<\/span><\/li>\n<li class=\"product-prop line-limit-length\"><span class=\"property-title\">Certification :\u00a0<\/span><span class=\"property-desc line-limit-length\">CE \/ UE,CIQ,Cee,SGS<\/span><\/li>\n<li class=\"product-prop line-limit-length\"><span class=\"property-title\">Mat\u00e9riau :\u00a0<\/span><span class=\"property-desc line-limit-length\">Acier inoxydable<\/span><\/li>\n<li class=\"product-prop line-limit-length\"><span class=\"property-title\">Type D'outils de Fruits &amp; L\u00e9gumes :\u00a0<\/span><span class=\"property-desc line-limit-length\">D\u00e9fibreurs et trancheuses<\/span><\/li>\n<li class=\"product-prop line-limit-length\"><span class=\"property-title\">Origine :\u00a0<\/span><span class=\"property-desc line-limit-length\">CN (Origine)<\/span><\/li>\n<li class=\"product-prop line-limit-length\"><span class=\"property-title\">Type :\u00a0<\/span><span class=\"property-desc line-limit-length\">Outils &amp; Fruit et L\u00e9gumes<\/span><\/li>\n<\/ul>\n<\/div>\n<div class=\"detailmodule_html\">\n<div class=\"detail-desc-decorate-richtext\">\n<div>\n<div>\n<p id=\"tl_1\" style=\"font-size: 0px; color: #ecf0c1;\">Dianxiaobao_1 <img decoding=\"async\" src=\"https:\/\/ae01.alicdn.com\/kf\/Scc5ec14fb6e64ce3aa92ce77a0dea0f0N.jpg?width=1024&amp;height=114&amp;hash=1138\" \/><\/p>\n<p style=\"font-family: arial, helvetica, sans-serif; font-size: 13px; line-height: inherit; color: #000000; border: 0px; margin: 0px; padding: 0px; box-sizing: content-box;\"><span style=\"color: #0070c0; font-size: inherit;\"><span style=\"font-size: 18px;\"><span id=\"tl_2\" style=\"font-size: inherit; font-family: 'times new roman', times, serif;\">Caract\u00e9ristiques :<\/span><\/span><\/span><\/p>\n<ul>\n<li><span style=\"font-size: inherit; font-family: 'times new roman', times, serif;\"><span id=\"tl_3\" style=\"font-size: 16px;\">100% neuf et de haute qualit\u00e9<\/span><\/span><\/li>\n<li><span style=\"font-size: inherit; font-family: 'times new roman', times, serif;\"><span id=\"tl_4\" style=\"font-size: 16px;\">Facile \u00e0 utiliser, s\u00fbr et fiable.<\/span><\/span><\/li>\n<li><span style=\"font-size: inherit; font-family: 'times new roman', times, serif;\"><span id=\"tl_5\" style=\"font-size: 16px;\">Un must have et une n\u00e9cessit\u00e9 dans la cuisine.<\/span><\/span><\/li>\n<li><span style=\"font-size: inherit; font-family: 'times new roman', times, serif;\"><span id=\"tl_6\" style=\"font-size: 16px;\">Type d&#8217;article: 18 types de trancheuse \u00e0 mandoline r\u00e9glable<\/span><\/span><\/li>\n<li><span style=\"font-size: inherit; font-family: 'times new roman', times, serif;\"><span id=\"tl_7\" style=\"font-size: 16px;\">Mat\u00e9riau: PP et acier inoxydable<\/span><\/span><\/li>\n<li><span id=\"tl_8\" style=\"font-size: 16px; font-family: 'times new roman', times, serif;\">Convient pour: l\u00e9gumes, fruits et etc.<\/span><\/li>\n<li><span style=\"font-size: inherit; font-family: 'times new roman', times, serif;\"><span id=\"tl_9\" style=\"font-size: 16px;\">Poids: environ 1000g<\/span><\/span><\/li>\n<li><span style=\"font-size: inherit; font-family: 'times new roman', times, serif;\"><span style=\"font-size: 16px;\"><span id=\"tl_10\">Le forfait comprend<\/span><\/span><\/span><span style=\"font-size: inherit; font-family: 'times new roman', times, serif;\"><span style=\"font-size: 16px;\">:\u00a0\u00a0<\/span><\/span><span style=\"color: #68bc00; font-size: 18px; font-family: 'times new roman', times, serif;\"><span style=\"color: #68bc00; font-size: 18px;\"><strong id=\"tl_11\">1&#215;18 Types de trancheuse \u00e0 mandoline r\u00e9glable<\/strong><\/span><\/span><\/li>\n<\/ul>\n<p style=\"font-family: arial; color: #000000; margin: 0px; padding: 0px;\"><img decoding=\"async\" style=\"font-family: 'times new roman', times, serif; font-size: 16px; color: #00b050; border: medium;\" src=\"https:\/\/ae01.alicdn.com\/kf\/S0033443ec4b14487866ff39b321e80ddU.jpg?width=1000&amp;height=111&amp;hash=1111\" \/><img decoding=\"async\" src=\"https:\/\/ae01.alicdn.com\/kf\/S9f8c57d67a2a488b9d3898d05c1a96bcN.jpg?width=750&amp;height=750&amp;hash=1500\" \/><img decoding=\"async\" src=\"https:\/\/ae01.alicdn.com\/kf\/S21fc7dcad9b54d1a8285117f40c4f844d.jpg?width=750&amp;height=750&amp;hash=1500\" \/><\/p>\n<div style=\"font-family: 'open sans', arial, helvetica, sans-serif; font-size: 14px; color: #000000; box-sizing: content-box;\"><span style=\"color: #ff0000;\"><span style=\"font-size: 18px;\"><span id=\"tl_12\" style=\"font-family: 'comic sans ms';\">Nous sommes usine, nous avons beaucoup d&#8217;actions, nous pouvons envoyer le colis dedans la premi\u00e8re fois, de sorte que votre client l&#8217;obtienne dans le temps de poing. Et les n\u00f4tres sont de haute qualit\u00e9. Nous avons l&#8217;exp\u00e9rience de la livraison directe, nous savons tout cela.<\/span><\/span><\/span><\/div>\n<div style=\"font-family: 'open sans', arial, helvetica, sans-serif; font-size: 14px; color: #000000; box-sizing: content-box;\"><\/div>\n<div style=\"font-family: 'open sans', arial, helvetica, sans-serif; font-size: 14px; color: #000000; box-sizing: content-box;\"><span id=\"tl_13\" style=\"font-family: 'trebuchet ms', helvetica, sans-serif;\">1. nous sommes usine, nous pouvons produire des milliers de produits de morceaux, et il y a des centaines de travailleurs, nous pouvons manipuler des milliers d&#8217;ordres par jour.<\/span><\/div>\n<div style=\"font-family: 'open sans', arial, helvetica, sans-serif; font-size: 14px; color: #000000; box-sizing: content-box;\"><span id=\"tl_14\" style=\"font-family: 'trebuchet ms', helvetica, sans-serif;\">2. Il y a des milliers de pi\u00e8ces dans notre entrep\u00f4t, il ne sera pas en rupture de stock.<\/span><\/div>\n<div style=\"font-family: 'open sans', arial, helvetica, sans-serif; font-size: 14px; color: #000000; box-sizing: content-box;\"><span id=\"tl_15\" style=\"font-family: 'trebuchet ms', helvetica, sans-serif;\">3. Nous pouvons envoyer le colis la premi\u00e8re fois, en 12 heures. Il y aura un num\u00e9ro de suivi dans 24 heures.<\/span><\/div>\n<div style=\"font-family: 'open sans', arial, helvetica, sans-serif; font-size: 14px; color: #000000; box-sizing: content-box;\"><span id=\"tl_16\" style=\"font-family: 'trebuchet ms', helvetica, sans-serif;\">4. Nous ne mettrons pas d&#8217;autres choses dans le colis sauf le produit.<\/span><\/div>\n<div style=\"font-family: 'open sans', arial, helvetica, sans-serif; font-size: 14px; color: #000000; box-sizing: content-box;\"><span id=\"tl_17\" style=\"font-family: 'trebuchet ms', helvetica, sans-serif;\">5. Si votre commande d\u00e9passe 10 pi\u00e8ces par jour, nous pouvons vous accorder une r\u00e9duction suppl\u00e9mentaire de 2%.<\/span><\/div>\n<div style=\"font-family: 'open sans', arial, helvetica, sans-serif; font-size: 14px; color: #000000; box-sizing: content-box;\"><span id=\"tl_18\" style=\"font-family: 'trebuchet ms', helvetica, sans-serif;\">6. Si le colis est perdu ou endommag\u00e9 pendant l&#8217;exp\u00e9dition, nous rembourserons ou renverrons un nouveau colis \u00e0 vos clients.<\/span><\/div>\n<div style=\"font-family: 'open sans', arial, helvetica, sans-serif; font-size: 14px; color: #000000; box-sizing: content-box;\"><img loading=\"lazy\" decoding=\"async\" class=\"\" src=\"https:\/\/ae01.alicdn.com\/kf\/Sa714b801b281455f8823d74f7bf518369.jpg?width=1000&amp;height=111&amp;hash=1111\" width=\"32\" height=\"32\" \/><\/div>\n<div style=\"font-family: arial; color: #000000;\"><strong><span id=\"tl_19\" style=\"font-size: 14px;\">La vente en gros et l&#8217;exp\u00e9dition directe sont les bienvenues.<\/span><\/strong><\/div>\n<div style=\"font-family: arial; color: #000000;\"><span id=\"tl_20\" style=\"font-size: 14px;\">Pour la vente en gros, nous offrirons une r\u00e9duction ou une exp\u00e9dition express gratuite qui ne prend que 3 \u00e0 7 jours pour arriver.<\/span><\/div>\n<div style=\"font-family: arial; color: #000000;\"><span id=\"tl_21\" style=\"font-size: 14px;\">Pour l&#8217;exp\u00e9dition directe, nous pourrions envoyer les marchandises \u00e0 vos clients directement et ne laisserons pas d&#8217;informations sur nous si vous le souhaitez.<\/span><\/div>\n<div style=\"font-family: arial; color: #000000;\"><\/div>\n<div style=\"font-family: arial; color: #000000;\"><strong><span id=\"tl_22\" style=\"font-size: 14px;\">Comment peut suivre mon parecl?<\/span><\/strong><\/div>\n<div style=\"font-family: arial; color: #000000;\"><span id=\"tl_23\" style=\"font-size: 14px;\">Vous pouvez suivre votre colis sur le site Web suivant en utilisant votre num\u00e9ro de suivi: www.17track.net\/en (copi\u00e9 dans le navigateur pour ouvrir)<\/span><\/div>\n<div style=\"font-family: arial; color: #000000;\"><\/div>\n<div style=\"font-family: arial; color: #000000;\"><strong><span id=\"tl_24\" style=\"font-size: 14px;\">Que puis-je faire lorsque le d\u00e9lai de protection des achats est \u00e9puis\u00e9?<\/span><\/strong><\/div>\n<div style=\"font-family: arial; color: #000000;\"><span id=\"tl_25\" style=\"font-size: 14px;\">Si le d\u00e9lai de protection de votre achat est \u00e9puis\u00e9, veuillez nous contacter et nous pourrons vous aider \u00e0 le prolonger. Donc votre argent n&#8217;ira pas sur mon compte.<\/span><\/div>\n<div style=\"font-family: arial; color: #000000;\"><img loading=\"lazy\" decoding=\"async\" class=\"\" style=\"border: medium;\" src=\"https:\/\/ae01.alicdn.com\/kf\/S19aae7f67999433293e1f580449711bbo.jpg?width=750&amp;height=348&amp;hash=1098\" width=\"541\" height=\"250\" \/><\/div>\n<p id=\"tl_26\" style=\"font-size: 0px; color: #ecf0c1;\">Dianxiaobao_3<\/p>\n<div style=\"font-size: 0px; margin: 0px auto 0px auto;\"><\/div>\n<p id=\"tl_27\" style=\"font-size: 0px; color: #ecf0c1;\">Dianxiaobao_4<\/p>\n<\/div>\n<\/div>\n<\/div>\n<\/div>","protected":false},"excerpt":{"rendered":"<p>Chimique Hign-concern\u00e9:\u00a0Aucun Mat\u00e9riau de Lame:\u00a0Acier inoxydable Caract\u00e9ristique:\u00a0Eco-friendly,Stock\u00e9s Certification:\u00a0CE \/ UE,CIQ,Cee,SGS Mat\u00e9riau:\u00a0Acier inoxydable Type D&#8217;outils de Fruits &amp; L\u00e9gumes:\u00a0D\u00e9fibreurs et trancheuses<\/p>","protected":false},"featured_media":2134,"comment_status":"open","ping_status":"closed","template":"","meta":[],"product_brand":[],"product_cat":[31],"product_tag":[],"class_list":{"0":"post-2133","1":"product","2":"type-product","3":"status-publish","4":"has-post-thumbnail","6":"product_cat-small-kitchen-appliances-appliances","8":"first","9":"instock","10":"sale","11":"shipping-taxable","12":"purchasable","13":"product-type-variable"},"jetpack_sharing_enabled":true,"_links":{"self":[{"href":"https:\/\/afrycom.com\/fr\/wp-json\/wp\/v2\/product\/2133","targetHints":{"allow":["GET"]}}],"collection":[{"href":"https:\/\/afrycom.com\/fr\/wp-json\/wp\/v2\/product"}],"about":[{"href":"https:\/\/afrycom.com\/fr\/wp-json\/wp\/v2\/types\/product"}],"replies":[{"embeddable":true,"href":"https:\/\/afrycom.com\/fr\/wp-json\/wp\/v2\/comments?post=2133"}],"wp:featuredmedia":[{"embeddable":true,"href":"https:\/\/afrycom.com\/fr\/wp-json\/wp\/v2\/media\/2134"}],"wp:attachment":[{"href":"https:\/\/afrycom.com\/fr\/wp-json\/wp\/v2\/media?parent=2133"}],"wp:term":[{"taxonomy":"product_brand","embeddable":true,"href":"https:\/\/afrycom.com\/fr\/wp-json\/wp\/v2\/product_brand?post=2133"},{"taxonomy":"product_cat","embeddable":true,"href":"https:\/\/afrycom.com\/fr\/wp-json\/wp\/v2\/product_cat?post=2133"},{"taxonomy":"product_tag","embeddable":true,"href":"https:\/\/afrycom.com\/fr\/wp-json\/wp\/v2\/product_tag?post=2133"}],"curies":[{"name":"wp","href":"https:\/\/api.w.org\/{rel}","templated":true}]}}