{"id":20821,"date":"2025-05-04T14:54:24","date_gmt":"2025-05-04T14:54:24","guid":{"rendered":"https:\/\/afrycom.com\/product\/%e9%be%99%e9%97%a8%e6%9e%b6%e5%81%a5%e8%ba%ab%e5%99%a8%e6%9d%90%e5%ae%b6%e7%94%a8%e5%8f%b2%e5%af%86%e6%96%af%e6%9c%ba%e6%b7%b1%e8%b9%b2%e5%8d%a7%e6%8e%a8%e6%9e%b6%e5%a4%9a%e5%8a%9f%e8%83%bd%e5%81%a5\/"},"modified":"2025-09-14T13:50:54","modified_gmt":"2025-09-14T13:50:54","slug":"structure-dentrainement-multifonction-machine-smith-rack-de-squat-et-developpe-couche-station-de-musculation-tout-en-un-pour-usage-domestique","status":"publish","type":"product","link":"https:\/\/afrycom.com\/fr\/produit\/structure-dentrainement-multifonction-machine-smith-rack-de-squat-et-developpe-couche-station-de-musculation-tout-en-un-pour-usage-domestique\/","title":{"rendered":"Structure d'entra\u00eenement multifonction - Machine Smith, rack de squat et d\u00e9velopp\u00e9 couch\u00e9, station de musculation tout-en-un pour usage domestique."},"content":{"rendered":"","protected":false},"excerpt":{"rendered":"","protected":false},"featured_media":20822,"comment_status":"open","ping_status":"closed","template":"","meta":[],"product_brand":[],"product_cat":[5761,5757,5747,84],"product_tag":[],"class_list":{"0":"post-20821","1":"product","2":"type-product","3":"status-publish","4":"has-post-thumbnail","6":"product_cat-braces-supports","7":"product_cat-dumbbells-kettlebelts-barbells","8":"product_cat-fitness-accessories","9":"product_cat-sports-outdoors","11":"first","12":"instock","13":"shipping-taxable","14":"purchasable","15":"product-type-variable"},"jetpack_sharing_enabled":true,"_links":{"self":[{"href":"https:\/\/afrycom.com\/fr\/wp-json\/wp\/v2\/product\/20821","targetHints":{"allow":["GET"]}}],"collection":[{"href":"https:\/\/afrycom.com\/fr\/wp-json\/wp\/v2\/product"}],"about":[{"href":"https:\/\/afrycom.com\/fr\/wp-json\/wp\/v2\/types\/product"}],"replies":[{"embeddable":true,"href":"https:\/\/afrycom.com\/fr\/wp-json\/wp\/v2\/comments?post=20821"}],"wp:featuredmedia":[{"embeddable":true,"href":"https:\/\/afrycom.com\/fr\/wp-json\/wp\/v2\/media\/20822"}],"wp:attachment":[{"href":"https:\/\/afrycom.com\/fr\/wp-json\/wp\/v2\/media?parent=20821"}],"wp:term":[{"taxonomy":"product_brand","embeddable":true,"href":"https:\/\/afrycom.com\/fr\/wp-json\/wp\/v2\/product_brand?post=20821"},{"taxonomy":"product_cat","embeddable":true,"href":"https:\/\/afrycom.com\/fr\/wp-json\/wp\/v2\/product_cat?post=20821"},{"taxonomy":"product_tag","embeddable":true,"href":"https:\/\/afrycom.com\/fr\/wp-json\/wp\/v2\/product_tag?post=20821"}],"curies":[{"name":"wp","href":"https:\/\/api.w.org\/{rel}","templated":true}]}}