{"id":2080,"date":"2025-03-08T05:41:22","date_gmt":"2025-03-08T05:41:22","guid":{"rendered":"https:\/\/afrycom.com\/product\/porte-gobelet-usb-a-ouverture-frontale-cadre-en-aluminium-valise-pour-ordinateur-portable-cabine-de-voyage-boitier-de-chariot-avec-mot-de-passe-de-20-24-pouces\/"},"modified":"2025-10-21T03:15:18","modified_gmt":"2025-10-21T03:15:18","slug":"porte-gobelet-usb-a-ouverture-frontale-cadre-en-aluminium-valise-pour-ordinateur-portable-cabine-de-voyage-boitier-de-chariot-avec-mot-de-passe-de-20-24-pouces","status":"publish","type":"product","link":"https:\/\/afrycom.com\/fr\/produit\/porte-gobelet-usb-a-ouverture-frontale-cadre-en-aluminium-valise-pour-ordinateur-portable-cabine-de-voyage-boitier-de-chariot-avec-mot-de-passe-de-20-24-pouces\/","title":{"rendered":"Porte-gobelet USB \u00e0 ouverture frontale, cadre en aluminium, valise pour ordinateur portable, cabine de voyage, bo\u00eetier de chariot avec mot de passe de 20\/24 pouces"},"content":{"rendered":"<p>&nbsp;<\/p>\n<div class=\"product-specs-list-container\">\n<ul class=\"product-specs-list util-clearfix\">\n<li class=\"product-prop line-limit-length\"><span class=\"property-title\">Chimique Hign-concern\u00e9 :\u00a0<\/span><span class=\"property-desc line-limit-length\">Aucun<\/span><\/li>\n<li class=\"product-prop line-limit-length\"><span class=\"property-title\">Lieu du0027origine :\u00a0<\/span><span class=\"property-desc line-limit-length\">Chine (continent)<\/span><\/li>\n<li class=\"product-prop line-limit-length\"><span class=\"property-title\">Hauteur de l'article :\u00a0<\/span><span class=\"property-desc line-limit-length\">56-71CM<\/span><\/li>\n<li class=\"product-prop line-limit-length\"><span class=\"property-title\">Largeur de lu0027article :\u00a0<\/span><span class=\"property-desc line-limit-length\">24-29CM<\/span><\/li>\n<li class=\"product-prop line-limit-length\"><span class=\"property-title\">Longueur de l'article :\u00a0<\/span><span class=\"property-desc line-limit-length\">36-45CM<\/span><\/li>\n<li class=\"product-prop line-limit-length\"><span class=\"property-title\">Sexe :\u00a0<\/span><span class=\"property-desc line-limit-length\">Unisexe<\/span><\/li>\n<li class=\"product-prop line-limit-length\"><span class=\"property-title\">A barres de traction :\u00a0<\/span><span class=\"property-desc line-limit-length\">Oui<\/span><\/li>\n<li class=\"product-prop line-limit-length\"><span class=\"property-title\">Type de bagages :\u00a0<\/span><span class=\"property-desc line-limit-length\">Bagages roulants<\/span><\/li>\n<li class=\"product-prop line-limit-length\"><span class=\"property-title\">Avec serrure :\u00a0<\/span><span class=\"property-desc line-limit-length\">Oui<\/span><\/li>\n<li class=\"product-prop line-limit-length\"><span class=\"property-title\">Roulette :\u00a0<\/span><span class=\"property-desc line-limit-length\">Fileur<\/span><\/li>\n<li class=\"product-prop line-limit-length\"><span class=\"property-title\">Mat\u00e9riau Principal :\u00a0<\/span><span class=\"property-desc line-limit-length\">PC<\/span><\/li>\n<li class=\"product-prop line-limit-length\"><span class=\"property-title\">Origine :\u00a0<\/span><span class=\"property-desc line-limit-length\">CN (Origine)<\/span><\/li>\n<li class=\"product-prop line-limit-length\"><span class=\"property-title\">CN :\u00a0<\/span><span class=\"property-desc line-limit-length\">Zhejiang<\/span><\/li>\n<li class=\"product-prop line-limit-length\"><span class=\"property-title\">Type d'article :\u00a0<\/span><span class=\"property-desc line-limit-length\">Bagages<\/span><\/li>\n<li class=\"product-prop line-limit-length\"><span class=\"property-title\">Caract\u00e9ristique 1 :\u00a0<\/span><span class=\"property-desc line-limit-length\">valises \u00e0 roulettes<\/span><\/li>\n<li class=\"product-prop line-limit-length\"><span class=\"property-title\">Caract\u00e9ristique 2 :\u00a0<\/span><span class=\"property-desc line-limit-length\">Valises voyage<\/span><\/li>\n<li class=\"product-prop line-limit-length\"><span class=\"property-title\">Caract\u00e9ristique 3 :\u00a0<\/span><span class=\"property-desc line-limit-length\">Valise \u00e0 main<\/span><\/li>\n<li class=\"product-prop line-limit-length\"><span class=\"property-title\">Caract\u00e9ristique 4 :\u00a0<\/span><span class=\"property-desc line-limit-length\">Valise cabine 20 pouces<\/span><\/li>\n<\/ul>\n<\/div>\n<div class=\"detailmodule_html\">\n<div class=\"detail-desc-decorate-richtext\">\n<p>20 pouces : 36*24*56 cm.Peut mettre l'ordinateur dans un rayon de 15 pouces<\/p>\n<p>22 pouces : 37*24*60 cm.Peut mettre l'ordinateur dans un rayon de 16 pouces<\/p>\n<p>24 pouces : 40*26*65 cm.Peut mettre l'ordinateur dans un rayon de 18 pouces<\/p>\n<p>26 pouces : 42*28*69 cm.Peut mettre l'ordinateur dans un rayon de 20 pouces<\/p>\n<p>28 pouces : 45*29*71 cm.Peut mettre 21 pouces dans l'ordinateur<\/p>\n<p>Y compris la hauteur des roues, la mesure manuelle, il y aura une erreur de 1 \u00e0 3 centim\u00e8tres.<\/p>\n<p>Mat\u00e9riel : PC<\/p>\n<p>Serrure : serrure \u00e0 combinaison douani\u00e8re TSA<\/p>\n<p>Roue : 360\u00b0 Roue universelle<\/p>\n<p>Cadre : cadre en aluminium<\/p>\n<p>Fonction : \u00e9tanche, grande capacit\u00e9, s\u00e9par\u00e9 humide et sec, durable.<\/p>\n<p>Remarque 1 : en raison des diff\u00e9rentes m\u00e9thodes de mesure, veuillez permettre un \u00e9cart de taille de 1 \u00e0 3 cm (1 pouce = 2,54 cm, 1 cm = 0,39 pouce)<\/p>\n<p>Remarque 2 : En raison de la configuration de l'\u00e9cran de l'ordinateur, il peut y avoir une l\u00e9g\u00e8re diff\u00e9rence de couleur.<\/p>\n<p>&nbsp;<\/p>\n<p><img decoding=\"async\" src=\"https:\/\/ae01.alicdn.com\/kf\/S7e4ec2ee0d784f1fabddb9ae5a07e029j.jpg\" \/><img decoding=\"async\" src=\"https:\/\/ae01.alicdn.com\/kf\/Sd7c20e2d854e443abd8a73a92c034daet.jpg\" \/><img decoding=\"async\" src=\"https:\/\/ae01.alicdn.com\/kf\/Seb6a6c1607ea4991892b33e759f87972z.jpg\" \/><img decoding=\"async\" src=\"https:\/\/ae01.alicdn.com\/kf\/S0585b06f075e44288fda32f3348fc662g.jpg\" \/><img decoding=\"async\" src=\"https:\/\/ae01.alicdn.com\/kf\/Sac8b2f263930431b8d6f60ae070642326.jpg\" \/><img decoding=\"async\" src=\"https:\/\/ae01.alicdn.com\/kf\/S83f3f20a3e9a4d838b165461c956953eI.jpg\" \/><img decoding=\"async\" src=\"https:\/\/ae01.alicdn.com\/kf\/S32da70a73b1c4f7690704160c5955f3cP.jpg\" \/><img decoding=\"async\" src=\"https:\/\/ae01.alicdn.com\/kf\/S4b1c85e7d96047e1a9f33ea3d0455d31n.jpg\" \/><img decoding=\"async\" src=\"https:\/\/ae01.alicdn.com\/kf\/S96fbb13329de43d7962eff0c435d2f3cH.jpg\" \/><img decoding=\"async\" src=\"https:\/\/ae01.alicdn.com\/kf\/S837ada9efa934673a16bc23b7953b7cdH.jpg\" \/><img decoding=\"async\" src=\"https:\/\/ae01.alicdn.com\/kf\/S943aa908f89e4db69fa85ff1516115e6P.jpg\" \/><img decoding=\"async\" src=\"https:\/\/ae01.alicdn.com\/kf\/S19175a0b528b49bdb91c8d90dea534deG.jpg\" \/><img decoding=\"async\" src=\"https:\/\/ae01.alicdn.com\/kf\/S8e56fd25adcf483790b0962ccf7f6c55w.jpg\" \/><img decoding=\"async\" src=\"https:\/\/ae01.alicdn.com\/kf\/S1d02b111f1c048e69a359682f96c9910J.jpg\" \/><img decoding=\"async\" src=\"https:\/\/ae01.alicdn.com\/kf\/S1b5499790bd6484f81a576d61888cbc6y.jpg\" \/><img decoding=\"async\" src=\"https:\/\/ae01.alicdn.com\/kf\/S3d4a3065650f4e53803625e5f942abf3T.jpg\" \/><img decoding=\"async\" src=\"https:\/\/ae01.alicdn.com\/kf\/S7e3d93280bce449fb61c33b0e5f580c2d.jpg\" \/><img decoding=\"async\" src=\"https:\/\/ae01.alicdn.com\/kf\/S5c745df1a033489a85114cdf9177c1ddr.jpg\" \/><img decoding=\"async\" src=\"https:\/\/ae01.alicdn.com\/kf\/Sadf9caa13473461996ef359660474769C.jpg\" \/><img decoding=\"async\" src=\"https:\/\/ae01.alicdn.com\/kf\/Sa875c7eee0364563afbd362778782049l.jpg\" \/><img decoding=\"async\" src=\"https:\/\/ae01.alicdn.com\/kf\/S9e2eca006f634491a56b021d365440d3N.jpg\" \/><img decoding=\"async\" src=\"https:\/\/ae01.alicdn.com\/kf\/Se0e0896d2dae45a18da9ee0ed034af4dl.jpg\" \/><img decoding=\"async\" src=\"https:\/\/ae01.alicdn.com\/kf\/Sddaf97fd9ed149eb891d25e086547ad3I.jpg\" \/><img decoding=\"async\" src=\"https:\/\/ae01.alicdn.com\/kf\/S035f7a7041fd4d05adbaecc43a43154cz.jpg\" \/><img decoding=\"async\" src=\"https:\/\/ae01.alicdn.com\/kf\/S44d9eb581171418eb0226bf6e6983053d.jpg\" \/><img decoding=\"async\" src=\"https:\/\/ae01.alicdn.com\/kf\/Sf3cd27085a5a4f3fb0df541dd35733f45.jpg\" \/><img decoding=\"async\" src=\"https:\/\/ae01.alicdn.com\/kf\/Se67a1c13f1414f90aca3e658b29bd3eat.jpg\" \/><img decoding=\"async\" src=\"https:\/\/ae01.alicdn.com\/kf\/S789d0f5565cc494dace54843af71045e7.jpg\" \/><img decoding=\"async\" src=\"https:\/\/ae01.alicdn.com\/kf\/S1bd86d357da84975a44cffa3e0026b56a.jpg\" \/><img decoding=\"async\" src=\"https:\/\/ae01.alicdn.com\/kf\/Sebaca1b37ae84bc2a8200bf380ea58cf1.jpg\" \/><img decoding=\"async\" src=\"https:\/\/ae01.alicdn.com\/kf\/Sb339264f07954041867117e30f80aa92t.jpg\" \/><img decoding=\"async\" src=\"https:\/\/ae01.alicdn.com\/kf\/Sa82c707486154568b4bcc9e2d298068aH.jpg\" \/><img decoding=\"async\" src=\"https:\/\/ae01.alicdn.com\/kf\/S335756327a8542d785e412b489cb96cen.jpg\" \/><img decoding=\"async\" src=\"https:\/\/ae01.alicdn.com\/kf\/Sa3779ea38b9740769011a9cb00bf1694E.jpg\" \/><img decoding=\"async\" src=\"https:\/\/ae01.alicdn.com\/kf\/Sfeed7119282c409894476562646d0c737.jpg\" \/><img decoding=\"async\" src=\"https:\/\/ae01.alicdn.com\/kf\/Sfa56382d64ef4fae9c25205dd0c46c87H.jpg\" \/><img decoding=\"async\" src=\"https:\/\/ae01.alicdn.com\/kf\/Se45331be10d24cddbea769a27cce2f87p.jpg\" \/><img decoding=\"async\" src=\"https:\/\/ae01.alicdn.com\/kf\/Se24d91b4ab124029bdd017569443bce8u.jpg\" \/><img decoding=\"async\" src=\"https:\/\/ae01.alicdn.com\/kf\/Sdf85acd34a684b52b780af46549973c36.jpg\" \/><img decoding=\"async\" src=\"https:\/\/ae01.alicdn.com\/kf\/Sa1f1e83803504484adaa97b742dd6805L.jpg\" \/><img decoding=\"async\" src=\"https:\/\/ae01.alicdn.com\/kf\/Sbaac000eb4d84bc59117e3ba249d1f42A.jpg\" \/><img decoding=\"async\" src=\"https:\/\/ae01.alicdn.com\/kf\/S49fc7c0190ad4c2299640c98fffc2e9b9.jpg\" \/><\/p>\n<p><span style=\"background-color: #fcc400;\">Rappel chaleureux :<\/span><\/p>\n<p>Cher acheteur, si vous rencontrez un probl\u00e8me avec le produit, veuillez nous contacter, nous vous fournirons une solution satisfaisante dans les 24 heures.Veuillez ne pas laisser de commentaires n\u00e9gatifs, laissez des commentaires n\u00e9gatifs, nous ne fournirons aucun service apr\u00e8s-vente.<\/p>\n<p>Concernant les bagages avec serrure douani\u00e8re TSA, nous sommes \u00e9quip\u00e9s de serrure douani\u00e8re TSA, mais nous ne produisons pas la cl\u00e9, la cl\u00e9 n'appartient qu'\u00e0 un agent douanier.<\/p>\n<p>Tous les prix des produits n'incluent pas les tarifs, que certains pays doivent payer. Une fois que le colis atteint le pays de destination, le devoir est pay\u00e9 par l'acheteur.<\/p>\n<p>La plupart des r\u00e9gions asiatiques prennent 15 \u00e0 30 jours, les autres r\u00e9gions prennent g\u00e9n\u00e9ralement environ 20 \u00e0 60 jours.<\/p>\n<p>Attention : l'heure d'arriv\u00e9e estim\u00e9e ne repr\u00e9sente pas le d\u00e9lai d'exp\u00e9dition r\u00e9el du colis.<\/p>\n<\/div>\n<\/div>","protected":false},"excerpt":{"rendered":"<p>&nbsp; Chimique Hign-concern\u00e9:\u00a0Aucun Lieu du0027origine:\u00a0Chine (continent) Hauteur de l&#8217;article:\u00a056-71CM Largeur de lu0027article:\u00a024-29CM Longueur de l&#8217;article:\u00a036-45CM Sexe:\u00a0Unisexe A barres de traction:\u00a0Oui<\/p>","protected":false},"featured_media":2081,"comment_status":"open","ping_status":"closed","template":"","meta":[],"product_brand":[],"product_cat":[5000,4995],"product_tag":[],"class_list":{"0":"post-2080","1":"product","2":"type-product","3":"status-publish","4":"has-post-thumbnail","6":"product_cat-bags-luggages","7":"product_cat-fashion","9":"first","10":"instock","11":"shipping-taxable","12":"purchasable","13":"product-type-variable"},"jetpack_sharing_enabled":true,"_links":{"self":[{"href":"https:\/\/afrycom.com\/fr\/wp-json\/wp\/v2\/product\/2080","targetHints":{"allow":["GET"]}}],"collection":[{"href":"https:\/\/afrycom.com\/fr\/wp-json\/wp\/v2\/product"}],"about":[{"href":"https:\/\/afrycom.com\/fr\/wp-json\/wp\/v2\/types\/product"}],"replies":[{"embeddable":true,"href":"https:\/\/afrycom.com\/fr\/wp-json\/wp\/v2\/comments?post=2080"}],"wp:featuredmedia":[{"embeddable":true,"href":"https:\/\/afrycom.com\/fr\/wp-json\/wp\/v2\/media\/2081"}],"wp:attachment":[{"href":"https:\/\/afrycom.com\/fr\/wp-json\/wp\/v2\/media?parent=2080"}],"wp:term":[{"taxonomy":"product_brand","embeddable":true,"href":"https:\/\/afrycom.com\/fr\/wp-json\/wp\/v2\/product_brand?post=2080"},{"taxonomy":"product_cat","embeddable":true,"href":"https:\/\/afrycom.com\/fr\/wp-json\/wp\/v2\/product_cat?post=2080"},{"taxonomy":"product_tag","embeddable":true,"href":"https:\/\/afrycom.com\/fr\/wp-json\/wp\/v2\/product_tag?post=2080"}],"curies":[{"name":"wp","href":"https:\/\/api.w.org\/{rel}","templated":true}]}}