{"id":20706,"date":"2025-05-04T14:53:25","date_gmt":"2025-05-04T14:53:25","guid":{"rendered":"https:\/\/afrycom.com\/product\/%e7%bb%bf%e5%b7%a8%e8%83%bdhdmi%e8%a7%86%e9%a2%91%e9%87%87%e9%9b%86%e5%8d%a1switch%e7%9b%b4%e6%92%ad%e4%b8%93%e7%94%a8typec%e8%bd%acusb%e9%ab%98%e6%b8%85%e7%9b%b8%e6%9c%baps5-ns%e5%99%a8\/"},"modified":"2025-08-12T16:10:01","modified_gmt":"2025-08-12T16:10:01","slug":"green-elephant-hdmi-video-capture-card-dedicated-for-switch-live-streaming-type-c-to-usb-high-definition-camera-compatible-with-ps5-nintendo-switch","status":"publish","type":"product","link":"https:\/\/afrycom.com\/fr\/produit\/green-elephant-hdmi-video-capture-card-dedicated-for-switch-live-streaming-type-c-to-usb-high-definition-camera-compatible-with-ps5-nintendo-switch\/","title":{"rendered":"Carte de capture vid\u00e9o HDMI Green Elephant, d\u00e9di\u00e9e \u00e0 la diffusion en direct sur la Switch, Type-C vers USB, cam\u00e9ra haute d\u00e9finition, compatible avec PS5 \/ Nintendo Switch."},"content":{"rendered":"","protected":false},"excerpt":{"rendered":"","protected":false},"featured_media":20709,"comment_status":"open","ping_status":"closed","template":"","meta":[],"product_brand":[],"product_cat":[85,35],"product_tag":[],"class_list":{"0":"post-20706","1":"product","2":"type-product","3":"status-publish","4":"has-post-thumbnail","6":"product_cat-accessories","7":"product_cat-electronics","9":"first","10":"instock","11":"shipping-taxable","12":"purchasable","13":"product-type-variable"},"jetpack_sharing_enabled":true,"_links":{"self":[{"href":"https:\/\/afrycom.com\/fr\/wp-json\/wp\/v2\/product\/20706","targetHints":{"allow":["GET"]}}],"collection":[{"href":"https:\/\/afrycom.com\/fr\/wp-json\/wp\/v2\/product"}],"about":[{"href":"https:\/\/afrycom.com\/fr\/wp-json\/wp\/v2\/types\/product"}],"replies":[{"embeddable":true,"href":"https:\/\/afrycom.com\/fr\/wp-json\/wp\/v2\/comments?post=20706"}],"wp:featuredmedia":[{"embeddable":true,"href":"https:\/\/afrycom.com\/fr\/wp-json\/wp\/v2\/media\/20709"}],"wp:attachment":[{"href":"https:\/\/afrycom.com\/fr\/wp-json\/wp\/v2\/media?parent=20706"}],"wp:term":[{"taxonomy":"product_brand","embeddable":true,"href":"https:\/\/afrycom.com\/fr\/wp-json\/wp\/v2\/product_brand?post=20706"},{"taxonomy":"product_cat","embeddable":true,"href":"https:\/\/afrycom.com\/fr\/wp-json\/wp\/v2\/product_cat?post=20706"},{"taxonomy":"product_tag","embeddable":true,"href":"https:\/\/afrycom.com\/fr\/wp-json\/wp\/v2\/product_tag?post=20706"}],"curies":[{"name":"wp","href":"https:\/\/api.w.org\/{rel}","templated":true}]}}