{"id":20681,"date":"2025-05-04T14:53:18","date_gmt":"2025-05-04T14:53:18","guid":{"rendered":"https:\/\/afrycom.com\/product\/%e7%b1%b3%e8%87%a3%e6%a3%ae4k%e9%ab%98%e6%b8%85hdmi%e8%a7%86%e9%a2%91%e9%87%87%e9%9b%86%e5%8d%a1%e7%9b%b4%e6%92%ad%e4%b8%93%e7%94%a8%e7%9b%b8%e6%9c%ba%e6%89%8b%e6%9c%baipad%e5%b9%b3%e6%9d%bfps5\/"},"modified":"2025-08-12T16:10:52","modified_gmt":"2025-08-12T16:10:52","slug":"micsen-4k-hdmi-video-capture-card-high-definition-hd-dedicated-for-live-streaming-compatible-with-camera-smartphone-ipad-tablet-and-ps5-gaming-console","status":"publish","type":"product","link":"https:\/\/afrycom.com\/fr\/produit\/micsen-4k-hdmi-video-capture-card-high-definition-hd-dedicated-for-live-streaming-compatible-with-camera-smartphone-ipad-tablet-and-ps5-gaming-console\/","title":{"rendered":"Micsen 4K HDMI Video Capture Card, HD haute d\u00e9finition, d\u00e9di\u00e9e \u00e0 la diffusion en direct, compatible avec la cam\u00e9ra, le smartphone, l'iPad, la tablette et la console de jeu PS5"},"content":{"rendered":"","protected":false},"excerpt":{"rendered":"","protected":false},"featured_media":20683,"comment_status":"open","ping_status":"closed","template":"","meta":[],"product_brand":[],"product_cat":[85,35,5769],"product_tag":[],"class_list":{"0":"post-20681","1":"product","2":"type-product","3":"status-publish","4":"has-post-thumbnail","6":"product_cat-accessories","7":"product_cat-electronics","8":"product_cat-photograhy-accessories","10":"first","11":"instock","12":"shipping-taxable","13":"purchasable","14":"product-type-variable"},"jetpack_sharing_enabled":true,"_links":{"self":[{"href":"https:\/\/afrycom.com\/fr\/wp-json\/wp\/v2\/product\/20681","targetHints":{"allow":["GET"]}}],"collection":[{"href":"https:\/\/afrycom.com\/fr\/wp-json\/wp\/v2\/product"}],"about":[{"href":"https:\/\/afrycom.com\/fr\/wp-json\/wp\/v2\/types\/product"}],"replies":[{"embeddable":true,"href":"https:\/\/afrycom.com\/fr\/wp-json\/wp\/v2\/comments?post=20681"}],"wp:featuredmedia":[{"embeddable":true,"href":"https:\/\/afrycom.com\/fr\/wp-json\/wp\/v2\/media\/20683"}],"wp:attachment":[{"href":"https:\/\/afrycom.com\/fr\/wp-json\/wp\/v2\/media?parent=20681"}],"wp:term":[{"taxonomy":"product_brand","embeddable":true,"href":"https:\/\/afrycom.com\/fr\/wp-json\/wp\/v2\/product_brand?post=20681"},{"taxonomy":"product_cat","embeddable":true,"href":"https:\/\/afrycom.com\/fr\/wp-json\/wp\/v2\/product_cat?post=20681"},{"taxonomy":"product_tag","embeddable":true,"href":"https:\/\/afrycom.com\/fr\/wp-json\/wp\/v2\/product_tag?post=20681"}],"curies":[{"name":"wp","href":"https:\/\/api.w.org\/{rel}","templated":true}]}}