{"id":2067,"date":"2025-03-08T05:41:17","date_gmt":"2025-03-08T05:41:17","guid":{"rendered":"https:\/\/afrycom.com\/product\/boite-dembarquement-multifonctionnelle-avec-couvercle-douverture-avant-frein-a-bagages-roue-universelle-serrure-tsa-cadre-pour-infraction-etui-a-roulettes-20-pouces-nouveau\/"},"modified":"2025-06-23T06:24:28","modified_gmt":"2025-06-23T06:24:28","slug":"boite-dembarquement-multifonctionnelle-avec-couvercle-douverture-avant-frein-a-bagages-roue-universelle-serrure-tsa-cadre-pour-infraction-etui-a-roulettes-20-pouces-nouveau","status":"publish","type":"product","link":"https:\/\/afrycom.com\/fr\/produit\/boite-dembarquement-multifonctionnelle-avec-couvercle-douverture-avant-frein-a-bagages-roue-universelle-serrure-tsa-cadre-pour-infraction-etui-a-roulettes-20-pouces-nouveau\/","title":{"rendered":"Bo\u00eete d'embarquement multifonctionnelle avec couvercle d'ouverture avant, frein \u00e0 bagages, roue universelle, serrure TSA, cadre pour infraction, \u00e9tui \u00e0 roulettes, 20 pouces, nouveau"},"content":{"rendered":"<div class=\"product-specs-list-container\">\n<ul class=\"product-specs-list util-clearfix\">\n<li class=\"product-prop line-limit-length\"><span class=\"property-title\">Chimique Hign-concern\u00e9 :\u00a0<\/span><span class=\"property-desc line-limit-length\">Aucun<\/span><\/li>\n<li class=\"product-prop line-limit-length\"><span class=\"property-title\">Lieu du0027origine :\u00a0<\/span><span class=\"property-desc line-limit-length\">Chine (continent)<\/span><\/li>\n<li class=\"product-prop line-limit-length\"><span class=\"property-title\">Hauteur de l'article :\u00a0<\/span><span class=\"property-desc line-limit-length\">48cm<\/span><\/li>\n<li class=\"product-prop line-limit-length\"><span class=\"property-title\">Num\u00e9ro de Mod\u00e8le :\u00a0<\/span><span class=\"property-desc line-limit-length\">168<\/span><\/li>\n<li class=\"product-prop line-limit-length\"><span class=\"property-title\">Largeur de lu0027article :\u00a0<\/span><span class=\"property-desc line-limit-length\">26CM<\/span><\/li>\n<li class=\"product-prop line-limit-length\"><span class=\"property-title\">Poids de lu0027article :\u00a0<\/span><span class=\"property-desc line-limit-length\">3.6KG<\/span><\/li>\n<li class=\"product-prop line-limit-length\"><span class=\"property-title\">Longueur de l'article :\u00a0<\/span><span class=\"property-desc line-limit-length\">37cm<\/span><\/li>\n<li class=\"product-prop line-limit-length\"><span class=\"property-title\">Sexe :\u00a0<\/span><span class=\"property-desc line-limit-length\">Unisexe<\/span><\/li>\n<li class=\"product-prop line-limit-length\"><span class=\"property-title\">A barres de traction :\u00a0<\/span><span class=\"property-desc line-limit-length\">Oui<\/span><\/li>\n<li class=\"product-prop line-limit-length\"><span class=\"property-title\">Type de bagages :\u00a0<\/span><span class=\"property-desc line-limit-length\">Portage<\/span><\/li>\n<li class=\"product-prop line-limit-length\"><span class=\"property-title\">Avec serrure :\u00a0<\/span><span class=\"property-desc line-limit-length\">Oui<\/span><\/li>\n<li class=\"product-prop line-limit-length\"><span class=\"property-title\">Roulette :\u00a0<\/span><span class=\"property-desc line-limit-length\">Fileur<\/span><\/li>\n<li class=\"product-prop line-limit-length\"><span class=\"property-title\">Mat\u00e9riau Principal :\u00a0<\/span><span class=\"property-desc line-limit-length\">PC<\/span><\/li>\n<li class=\"product-prop line-limit-length\"><span class=\"property-title\">Origine :\u00a0<\/span><span class=\"property-desc line-limit-length\">CN (Origine)<\/span><\/li>\n<li class=\"product-prop line-limit-length\"><span class=\"property-title\">CN :\u00a0<\/span><span class=\"property-desc line-limit-length\">Zhejiang<\/span><\/li>\n<li class=\"product-prop line-limit-length\"><span class=\"property-title\">Type d'article :\u00a0<\/span><span class=\"property-desc line-limit-length\">Bagages<\/span><\/li>\n<li class=\"product-prop line-limit-length\"><span class=\"property-title\">Caract\u00e9ristique 1 :\u00a0<\/span><span class=\"property-desc line-limit-length\">Bo\u00eete d'embarquement de 20 pouces<\/span><\/li>\n<li class=\"product-prop line-limit-length\"><span class=\"property-title\">Caract\u00e9ristique 2 :\u00a0<\/span><span class=\"property-desc line-limit-length\">Valise multifonctionnelle<\/span><\/li>\n<li class=\"product-prop line-limit-length\"><span class=\"property-title\">Caract\u00e9ristique 3 :\u00a0<\/span><span class=\"property-desc line-limit-length\">Couvercle \u00e0 ouverture frontale<\/span><\/li>\n<li class=\"product-prop line-limit-length\"><span class=\"property-title\">Caract\u00e9ristique 4 :\u00a0<\/span><span class=\"property-desc line-limit-length\">Serrure TSA<\/span><\/li>\n<li class=\"product-prop line-limit-length\"><span class=\"property-title\">Caract\u00e9ristique 5 :\u00a0<\/span><span class=\"property-desc line-limit-length\">Frein Roue universelle<\/span><\/li>\n<li class=\"product-prop line-limit-length\"><span class=\"property-title\">Caract\u00e9ristique 6 :\u00a0<\/span><span class=\"property-desc line-limit-length\">Valise \u00e0 roulettes \u00e0 cadre en aluminium<\/span><\/li>\n<\/ul>\n<\/div>\n<div class=\"detailmodule_html\">\n<div class=\"detail-desc-decorate-richtext\">\n<p><img decoding=\"async\" src=\"https:\/\/ae01.alicdn.com\/kf\/Sc22382569b064e419f0094eb77bbd962e.jpg\" \/><img decoding=\"async\" src=\"https:\/\/ae01.alicdn.com\/kf\/Sa34c5b27ee444f4f860ed4840ccd2733l.jpg\" \/><img decoding=\"async\" src=\"https:\/\/ae01.alicdn.com\/kf\/S1e06292b227d4f8c8707f5fa37ae98abA.jpg\" \/><img decoding=\"async\" src=\"https:\/\/ae01.alicdn.com\/kf\/S998ed2bdc01d41048645808fd9c89a66f.jpg\" \/><img decoding=\"async\" src=\"https:\/\/ae01.alicdn.com\/kf\/Sfe9f9017a5ab461799a3157d02049657x.jpg\" \/><img decoding=\"async\" src=\"https:\/\/ae01.alicdn.com\/kf\/S6d207f166d7c471f8f72fef2dec95a3fi.jpg\" \/><img decoding=\"async\" src=\"https:\/\/ae01.alicdn.com\/kf\/S7078aa5bede54dc7889e7913054cc1b9q.jpg\" \/><img decoding=\"async\" src=\"https:\/\/ae01.alicdn.com\/kf\/S8400c912ac3c457bbafd94fc86d135bcN.jpg\" \/><img decoding=\"async\" src=\"https:\/\/ae01.alicdn.com\/kf\/S63ea565570a74cc0b29b98e2d7cbb9e9c.jpg\" \/><img decoding=\"async\" src=\"https:\/\/ae01.alicdn.com\/kf\/S4c3a119f7cab4b40b9d510023540d94ek.jpg\" \/><img decoding=\"async\" src=\"https:\/\/ae01.alicdn.com\/kf\/S6d2046b4dacd49bab6667d88f7302facP.jpg\" \/><img decoding=\"async\" src=\"https:\/\/ae01.alicdn.com\/kf\/Sc9a4567bb2764da98bcc827cf6a0059ak.jpg\" \/><img decoding=\"async\" src=\"https:\/\/ae01.alicdn.com\/kf\/Sf27628f21e1e459eb891131bb1587212H.jpg\" \/><img decoding=\"async\" src=\"https:\/\/ae01.alicdn.com\/kf\/Sf360e4fc08fc4564850cb9869de1d69eK.jpg\" \/><img decoding=\"async\" src=\"https:\/\/ae01.alicdn.com\/kf\/Sb77d466f7bd94813baff206228f56c491.jpg\" \/><img decoding=\"async\" src=\"https:\/\/ae01.alicdn.com\/kf\/Sb49e633497fe48e2b3b705ed60012681F.jpg\" \/><img decoding=\"async\" src=\"https:\/\/ae01.alicdn.com\/kf\/Saf5a6483e0f74668a837cc531511bc3ep.jpg\" \/><img decoding=\"async\" src=\"https:\/\/ae01.alicdn.com\/kf\/S36c4ef757f334ced9653a8357bd63236E.jpg\" \/><img decoding=\"async\" src=\"https:\/\/ae01.alicdn.com\/kf\/Sd3fa9446dd0941de8d6c706f49807b562.jpg\" \/><\/p>\n<\/div>\n<\/div>","protected":false},"excerpt":{"rendered":"<p>Chimique Hign-concern\u00e9:\u00a0Aucun Lieu du0027origine:\u00a0Chine (continent) Hauteur de l&#8217;article:\u00a048cm Num\u00e9ro de Mod\u00e8le:\u00a0168 Largeur de lu0027article:\u00a026CM Poids de lu0027article:\u00a03.6KG Longueur de l&#8217;article:\u00a037cm<\/p>","protected":false},"featured_media":2068,"comment_status":"open","ping_status":"closed","template":"","meta":[],"product_brand":[],"product_cat":[1766],"product_tag":[],"class_list":{"0":"post-2067","1":"product","2":"type-product","3":"status-publish","4":"has-post-thumbnail","6":"product_cat-travel-and-backpacks","8":"first","9":"instock","10":"sale","11":"shipping-taxable","12":"purchasable","13":"product-type-variable"},"jetpack_sharing_enabled":true,"_links":{"self":[{"href":"https:\/\/afrycom.com\/fr\/wp-json\/wp\/v2\/product\/2067","targetHints":{"allow":["GET"]}}],"collection":[{"href":"https:\/\/afrycom.com\/fr\/wp-json\/wp\/v2\/product"}],"about":[{"href":"https:\/\/afrycom.com\/fr\/wp-json\/wp\/v2\/types\/product"}],"replies":[{"embeddable":true,"href":"https:\/\/afrycom.com\/fr\/wp-json\/wp\/v2\/comments?post=2067"}],"wp:featuredmedia":[{"embeddable":true,"href":"https:\/\/afrycom.com\/fr\/wp-json\/wp\/v2\/media\/2068"}],"wp:attachment":[{"href":"https:\/\/afrycom.com\/fr\/wp-json\/wp\/v2\/media?parent=2067"}],"wp:term":[{"taxonomy":"product_brand","embeddable":true,"href":"https:\/\/afrycom.com\/fr\/wp-json\/wp\/v2\/product_brand?post=2067"},{"taxonomy":"product_cat","embeddable":true,"href":"https:\/\/afrycom.com\/fr\/wp-json\/wp\/v2\/product_cat?post=2067"},{"taxonomy":"product_tag","embeddable":true,"href":"https:\/\/afrycom.com\/fr\/wp-json\/wp\/v2\/product_tag?post=2067"}],"curies":[{"name":"wp","href":"https:\/\/api.w.org\/{rel}","templated":true}]}}