{"id":20649,"date":"2025-05-04T14:53:06","date_gmt":"2025-05-04T14:53:06","guid":{"rendered":"https:\/\/afrycom.com\/product\/godox%e7%a5%9e%e7%89%9b%e6%b7%b1%e5%8f%a3%e6%8a%9b%e7%89%a9%e7%ba%bf%e6%9f%94%e5%85%89%e7%ae%b1qr-90cm-120cm%e9%97%aa%e5%85%89%e7%81%af%e4%be%bf%e6%90%ba%e5%bf%ab%e8%a3%85%e6%9f%94%e5%85%89%e7%bd%a9\/"},"modified":"2025-08-12T16:11:26","modified_gmt":"2025-08-12T16:11:26","slug":"godox-speedlite-parabolic-deep-softbox-qr-90cm-120cm-portable-quick-release-diffuser-dome-for-studio-photography-compatible-with-bowens-mount-flash-softbox-for-live-streaming-studio-lighting-and","status":"publish","type":"product","link":"https:\/\/afrycom.com\/fr\/produit\/godox-speedlite-parabolic-deep-softbox-qr-90cm-120cm-portable-quick-release-diffuser-dome-for-studio-photography-compatible-with-bowens-mount-flash-softbox-for-live-streaming-studio-lighting-and\/","title":{"rendered":"Godox Speedlite Parabolique Deep Softbox QR 90cm 120cm, D\u00f4me Diffuseur Portable \u00e0 Lib\u00e9ration Rapide pour la Photographie de Studio, Compatible avec la Monture Bowens, Bo\u00eete \u00e0 Lumi\u00e8re Flash pour Live Streaming, Eclairage de Studio, et Lumi\u00e8re de Remplissage \u00e0 la Cam\u00e9ra"},"content":{"rendered":"","protected":false},"excerpt":{"rendered":"","protected":false},"featured_media":20651,"comment_status":"open","ping_status":"closed","template":"","meta":[],"product_brand":[],"product_cat":[5769,5771],"product_tag":[],"class_list":{"0":"post-20649","1":"product","2":"type-product","3":"status-publish","4":"has-post-thumbnail","6":"product_cat-photograhy-accessories","7":"product_cat-studio-lights-photograhy-accessories","9":"first","10":"instock","11":"shipping-taxable","12":"purchasable","13":"product-type-variable"},"jetpack_sharing_enabled":true,"_links":{"self":[{"href":"https:\/\/afrycom.com\/fr\/wp-json\/wp\/v2\/product\/20649","targetHints":{"allow":["GET"]}}],"collection":[{"href":"https:\/\/afrycom.com\/fr\/wp-json\/wp\/v2\/product"}],"about":[{"href":"https:\/\/afrycom.com\/fr\/wp-json\/wp\/v2\/types\/product"}],"replies":[{"embeddable":true,"href":"https:\/\/afrycom.com\/fr\/wp-json\/wp\/v2\/comments?post=20649"}],"wp:featuredmedia":[{"embeddable":true,"href":"https:\/\/afrycom.com\/fr\/wp-json\/wp\/v2\/media\/20651"}],"wp:attachment":[{"href":"https:\/\/afrycom.com\/fr\/wp-json\/wp\/v2\/media?parent=20649"}],"wp:term":[{"taxonomy":"product_brand","embeddable":true,"href":"https:\/\/afrycom.com\/fr\/wp-json\/wp\/v2\/product_brand?post=20649"},{"taxonomy":"product_cat","embeddable":true,"href":"https:\/\/afrycom.com\/fr\/wp-json\/wp\/v2\/product_cat?post=20649"},{"taxonomy":"product_tag","embeddable":true,"href":"https:\/\/afrycom.com\/fr\/wp-json\/wp\/v2\/product_tag?post=20649"}],"curies":[{"name":"wp","href":"https:\/\/api.w.org\/{rel}","templated":true}]}}