{"id":20459,"date":"2025-05-04T14:50:57","date_gmt":"2025-05-04T14:50:57","guid":{"rendered":"https:\/\/afrycom.com\/product\/2025%e6%96%b0%e6%ac%be%e6%89%8b%e6%8c%81%e5%88%b6%e5%86%b7%e9%a3%8e%e6%89%87%e5%b0%8f%e5%9e%8b%e5%ae%bf%e8%88%8d%e5%ad%a6%e7%94%9f%e5%8a%9e%e5%85%ac%e5%ae%a4%e6%a1%8c%e9%9d%a2%e9%9d%99%e9%9f%b3\/"},"modified":"2025-10-07T09:50:35","modified_gmt":"2025-10-07T09:50:35","slug":"mini-ventilateur-portable-a-refroidissement-actif-petit-ventilateur-de-bureau-silencieux-pour-etudiants-bureau-exterieur-ventilateur-usb-rechargeable-avec-tres-longue-autonomie","status":"publish","type":"product","link":"https:\/\/afrycom.com\/fr\/produit\/mini-ventilateur-portable-a-refroidissement-actif-petit-ventilateur-de-bureau-silencieux-pour-etudiants-bureau-exterieur-ventilateur-usb-rechargeable-avec-tres-longue-autonomie\/","title":{"rendered":"Mini ventilateur portable \u00e0 refroidissement actif, petit ventilateur de bureau silencieux pour \u00e9tudiants, bureau, ext\u00e9rieur - Ventilateur USB rechargeable avec tr\u00e8s longue autonomie"},"content":{"rendered":"","protected":false},"excerpt":{"rendered":"","protected":false},"featured_media":20460,"comment_status":"open","ping_status":"closed","template":"","meta":[],"product_brand":[],"product_cat":[25],"product_tag":[],"class_list":{"0":"post-20459","1":"product","2":"type-product","3":"status-publish","4":"has-post-thumbnail","6":"product_cat-fans-heating-air-treatment-appliances","8":"first","9":"instock","10":"shipping-taxable","11":"purchasable","12":"product-type-variable"},"jetpack_sharing_enabled":true,"_links":{"self":[{"href":"https:\/\/afrycom.com\/fr\/wp-json\/wp\/v2\/product\/20459","targetHints":{"allow":["GET"]}}],"collection":[{"href":"https:\/\/afrycom.com\/fr\/wp-json\/wp\/v2\/product"}],"about":[{"href":"https:\/\/afrycom.com\/fr\/wp-json\/wp\/v2\/types\/product"}],"replies":[{"embeddable":true,"href":"https:\/\/afrycom.com\/fr\/wp-json\/wp\/v2\/comments?post=20459"}],"wp:featuredmedia":[{"embeddable":true,"href":"https:\/\/afrycom.com\/fr\/wp-json\/wp\/v2\/media\/20460"}],"wp:attachment":[{"href":"https:\/\/afrycom.com\/fr\/wp-json\/wp\/v2\/media?parent=20459"}],"wp:term":[{"taxonomy":"product_brand","embeddable":true,"href":"https:\/\/afrycom.com\/fr\/wp-json\/wp\/v2\/product_brand?post=20459"},{"taxonomy":"product_cat","embeddable":true,"href":"https:\/\/afrycom.com\/fr\/wp-json\/wp\/v2\/product_cat?post=20459"},{"taxonomy":"product_tag","embeddable":true,"href":"https:\/\/afrycom.com\/fr\/wp-json\/wp\/v2\/product_tag?post=20459"}],"curies":[{"name":"wp","href":"https:\/\/api.w.org\/{rel}","templated":true}]}}