{"id":2006,"date":"2025-03-08T05:39:24","date_gmt":"2025-03-08T05:39:24","guid":{"rendered":"https:\/\/afrycom.com\/product\/colenara-valise-a-roulettes-etanche-cadre-en-alliage-daluminium-super-optique-mot-de-passe-daffaires-bagages-a-roulettes-20-24-29\/"},"modified":"2025-07-10T16:57:04","modified_gmt":"2025-07-10T16:57:04","slug":"colenara-valise-a-roulettes-etanche-cadre-en-alliage-daluminium-super-optique-mot-de-passe-daffaires-bagages-a-roulettes-20-24-29","status":"publish","type":"product","link":"https:\/\/afrycom.com\/fr\/produit\/colenara-valise-a-roulettes-etanche-cadre-en-alliage-daluminium-super-optique-mot-de-passe-daffaires-bagages-a-roulettes-20-24-29\/","title":{"rendered":"COLENARA-Valise \u00e0 Roulettes \u00c9tanche, Cadre en Alliage d'Aluminium, Super Optique, Mot de Passe d'Affaires, Bagages \u00e0 Roulettes, 20 \", 24\u2033, 29\"."},"content":{"rendered":"<p>&nbsp;<\/p>\n<div class=\"product-specs-list-container\">\n<ul class=\"product-specs-list util-clearfix\">\n<li class=\"product-prop line-limit-length\"><span class=\"property-title\">Lieu du0027origine :\u00a0<\/span><span class=\"property-desc line-limit-length\">Chine (continent)<\/span><\/li>\n<li class=\"product-prop line-limit-length\"><span class=\"property-title\">Hauteur de l'article :\u00a0<\/span><span class=\"property-desc line-limit-length\">55\/65\/70\/75cm<\/span><\/li>\n<li class=\"product-prop line-limit-length\"><span class=\"property-title\">Num\u00e9ro de Mod\u00e8le :\u00a0<\/span><span class=\"property-desc line-limit-length\">COLENARA<\/span><\/li>\n<li class=\"product-prop line-limit-length\"><span class=\"property-title\">Largeur de lu0027article :\u00a0<\/span><span class=\"property-desc line-limit-length\">23\/26\/27\/28cm<\/span><\/li>\n<li class=\"product-prop line-limit-length\"><span class=\"property-title\">Poids de lu0027article :\u00a0<\/span><span class=\"property-desc line-limit-length\">En tant que description<\/span><\/li>\n<li class=\"product-prop line-limit-length\"><span class=\"property-title\">Longueur de l'article :\u00a0<\/span><span class=\"property-desc line-limit-length\">35\/42\/45\/49cm<\/span><\/li>\n<li class=\"product-prop line-limit-length\"><span class=\"property-title\">Sexe :\u00a0<\/span><span class=\"property-desc line-limit-length\">Unisexe<\/span><\/li>\n<li class=\"product-prop line-limit-length\"><span class=\"property-title\">A barres de traction :\u00a0<\/span><span class=\"property-desc line-limit-length\">Oui<\/span><\/li>\n<li class=\"product-prop line-limit-length\"><span class=\"property-title\">Type de bagages :\u00a0<\/span><span class=\"property-desc line-limit-length\">Bagages roulants<\/span><\/li>\n<li class=\"product-prop line-limit-length\"><span class=\"property-title\">Avec serrure :\u00a0<\/span><span class=\"property-desc line-limit-length\">Oui<\/span><\/li>\n<li class=\"product-prop line-limit-length\"><span class=\"property-title\">Roulette :\u00a0<\/span><span class=\"property-desc line-limit-length\">Fileur<\/span><\/li>\n<li class=\"product-prop line-limit-length\"><span class=\"property-title\">Mat\u00e9riau Principal :\u00a0<\/span><span class=\"property-desc line-limit-length\">Aluminium<\/span><\/li>\n<li class=\"product-prop line-limit-length\"><span class=\"property-title\">Nom de marque :\u00a0<\/span><span class=\"property-desc line-limit-length\">COLENARA<\/span><\/li>\n<li class=\"product-prop line-limit-length\"><span class=\"property-title\">Origine :\u00a0<\/span><span class=\"property-desc line-limit-length\">CN (Origine)<\/span><\/li>\n<li class=\"product-prop line-limit-length\"><span class=\"property-title\">CN :\u00a0<\/span><span class=\"property-desc line-limit-length\">Zhejiang<\/span><\/li>\n<li class=\"product-prop line-limit-length\"><span class=\"property-title\">Type d'article :\u00a0<\/span><span class=\"property-desc line-limit-length\">Bagages<\/span><\/li>\n<\/ul>\n<\/div>\n<div class=\"detailmodule_html\">\n<div class=\"detail-desc-decorate-richtext\">\n<p>&nbsp;<\/p>\n<p><img loading=\"lazy\" decoding=\"async\" class=\"\" src=\"https:\/\/ae01.alicdn.com\/kf\/S08b16c1fa952467091715f9d43568851P.jpg?width=1000&amp;height=63&amp;hash=1063\" width=\"762\" height=\"64\" \/><\/p>\n<div><span style=\"font-family: 'trebuchet ms', helvetica, sans-serif;\"><span style=\"font-size: 18px;\">Mat\u00e9riau : valise en aluminium 100%<\/span><\/span><\/div>\n<div><span style=\"font-family: 'trebuchet ms', helvetica, sans-serif;\"><span style=\"font-size: 18px;\">Taille de 20 pouces : 35*23*55<\/span><\/span><\/div>\n<div>\n<div>\n<div><span style=\"font-family: 'trebuchet ms', helvetica, sans-serif;\"><span style=\"font-size: 18px;\">Taille de 24 pouces : 42*26*65<\/span><\/span><\/div>\n<\/div>\n<\/div>\n<div>\n<div>\n<div><span style=\"font-family: 'trebuchet ms', helvetica, sans-serif;\"><span style=\"font-size: 18px;\">Taille 29 pouces : 49*28*75<\/span><\/span><\/div>\n<\/div>\n<\/div>\n<div>\n<div>\n<div>\n<div>\n<div class=\"detailmodule_html\">\n<div class=\"detail-desc-decorate-richtext\">\n<div>\n<div>\n<div>\n<div>\n<div><strong><span style=\"font-size: 16px;\"><span style=\"background-color: #ffc000;\">Conseils :<\/span><\/span><\/strong><\/div>\n<\/div>\n<\/div>\n<\/div>\n<\/div>\n<\/div>\n<\/div>\n<\/div>\n<\/div>\n<\/div>\n<\/div>\n<div><strong><span style=\"font-size: 16px;\"><span style=\"background-color: #ffc000;\">Veuillez noter 1 cm = 0.39 pouces, 1 pouce = 2.54 cm<\/span><\/span><\/strong><\/div>\n<div><strong><span style=\"font-size: 16px;\"><span style=\"background-color: #ffc000;\">Veuillez accepter une diff\u00e9rence de 1 \u00e0 3 cm en raison de la mesure manuelle.<\/span><\/span><\/strong><\/div>\n<div><strong><span style=\"font-size: 16px;\"><span style=\"background-color: #ffc000;\">Les couleurs des produits peuvent \u00eatre un peu diff\u00e9rentes des couleurs r\u00e9elles en raison des diff\u00e9rents \u00e9crans et de la lumi\u00e8re.<\/span><\/span><\/strong><\/div>\n<div><span style=\"color: #ff0000;\"><span style=\"font-size: 16px;\"><span style=\"font-family: 'trebuchet ms', helvetica, sans-serif;\">Il n'y a pas de cl\u00e9s pour la serrure TSA, seule la coutume a les cl\u00e9s pour leur inspection.<\/span><\/span><\/span><br \/>\n<img loading=\"lazy\" decoding=\"async\" src=\"https:\/\/ae01.alicdn.com\/kf\/Sae8c405957694ac792f36a50952c9291o.jpg?width=1000&amp;height=63&amp;hash=1063\" width=\"750\" height=\"63\" \/><\/div>\n<p>&nbsp;<\/p>\n<p><img decoding=\"async\" style=\"font-family: 'pingfang SC', 'helvetica neue', arial, 'hiragino sans gb', 'microsoft yahei ui', 'microsoft yahei', simsun, sans-serif; font-size: 12px; font-weight: 400; letter-spacing: normal; text-align: start; white-space: normal; color: #333333; background-color: #ffffff; border: 0px none; margin: 0px; padding: 0px; max-width: 790px; box-sizing: border-box;\" src=\"https:\/\/ae01.alicdn.com\/kf\/S811ad5f3da9e4946b6b1dc7a212cbe43K.jpg?width=790&amp;height=1100&amp;hash=1890\" \/><br \/>\n<img decoding=\"async\" style=\"font-family: 'pingfang SC', 'helvetica neue', arial, 'hiragino sans gb', 'microsoft yahei ui', 'microsoft yahei', simsun, sans-serif; font-size: 12px; font-weight: 400; letter-spacing: normal; text-align: start; white-space: normal; color: #333333; background-color: #ffffff; border: 0px none; margin: 0px; padding: 0px; max-width: 790px; box-sizing: border-box;\" src=\"https:\/\/ae01.alicdn.com\/kf\/Scd8b5b00eb85404e83ccf82dc609b6e9S.jpg?width=790&amp;height=1100&amp;hash=1890\" \/><br \/>\n<img decoding=\"async\" style=\"font-family: 'pingfang SC', 'helvetica neue', arial, 'hiragino sans gb', 'microsoft yahei ui', 'microsoft yahei', simsun, sans-serif; font-size: 12px; font-weight: 400; letter-spacing: normal; text-align: start; white-space: normal; color: #333333; background-color: #ffffff; border: 0px none; margin: 0px; padding: 0px; max-width: 790px; box-sizing: border-box;\" src=\"https:\/\/ae01.alicdn.com\/kf\/Sd5fce5d46ec24d36885bac1152ccd9b6t.jpg?width=790&amp;height=1100&amp;hash=1890\" \/><\/p>\n<\/div>\n<\/div>","protected":false},"excerpt":{"rendered":"<p>&nbsp; Lieu du0027origine:\u00a0Chine (continent) Hauteur de l&#8217;article:\u00a055\/65\/70\/75cm Num\u00e9ro de Mod\u00e8le:\u00a0COLENARA Largeur de lu0027article:\u00a023\/26\/27\/28cm Poids de lu0027article:\u00a0As description Longueur de l&#8217;article:\u00a035\/42\/45\/49cm<\/p>","protected":false},"featured_media":2007,"comment_status":"open","ping_status":"closed","template":"","meta":[],"product_brand":[],"product_cat":[5000,4995],"product_tag":[],"class_list":{"0":"post-2006","1":"product","2":"type-product","3":"status-publish","4":"has-post-thumbnail","6":"product_cat-bags-luggages","7":"product_cat-fashion","9":"first","10":"instock","11":"shipping-taxable","12":"purchasable","13":"product-type-variable"},"jetpack_sharing_enabled":true,"_links":{"self":[{"href":"https:\/\/afrycom.com\/fr\/wp-json\/wp\/v2\/product\/2006","targetHints":{"allow":["GET"]}}],"collection":[{"href":"https:\/\/afrycom.com\/fr\/wp-json\/wp\/v2\/product"}],"about":[{"href":"https:\/\/afrycom.com\/fr\/wp-json\/wp\/v2\/types\/product"}],"replies":[{"embeddable":true,"href":"https:\/\/afrycom.com\/fr\/wp-json\/wp\/v2\/comments?post=2006"}],"wp:featuredmedia":[{"embeddable":true,"href":"https:\/\/afrycom.com\/fr\/wp-json\/wp\/v2\/media\/2007"}],"wp:attachment":[{"href":"https:\/\/afrycom.com\/fr\/wp-json\/wp\/v2\/media?parent=2006"}],"wp:term":[{"taxonomy":"product_brand","embeddable":true,"href":"https:\/\/afrycom.com\/fr\/wp-json\/wp\/v2\/product_brand?post=2006"},{"taxonomy":"product_cat","embeddable":true,"href":"https:\/\/afrycom.com\/fr\/wp-json\/wp\/v2\/product_cat?post=2006"},{"taxonomy":"product_tag","embeddable":true,"href":"https:\/\/afrycom.com\/fr\/wp-json\/wp\/v2\/product_tag?post=2006"}],"curies":[{"name":"wp","href":"https:\/\/api.w.org\/{rel}","templated":true}]}}