{"id":1998,"date":"2025-03-08T05:39:16","date_gmt":"2025-03-08T05:39:16","guid":{"rendered":"https:\/\/afrycom.com\/product\/couteau-de-chef-japonais-en-acier-damas-67-couches-couperet-a-viande-couteau-de-cuisine-poisson-sushi-couteau-a-fileter-outils-de-coupe-de-cuisine\/"},"modified":"2025-08-01T04:18:57","modified_gmt":"2025-08-01T04:18:57","slug":"couteau-de-chef-japonais-en-acier-damas-67-couches-couperet-a-viande-couteau-de-cuisine-poisson-sushi-couteau-a-fileter-outils-de-coupe-de-cuisine","status":"publish","type":"product","link":"https:\/\/afrycom.com\/fr\/produit\/couteau-de-chef-japonais-en-acier-damas-67-couches-couperet-a-viande-couteau-de-cuisine-poisson-sushi-couteau-a-fileter-outils-de-coupe-de-cuisine\/","title":{"rendered":"Couteau de Chef japonais en acier damas 67 couches, couperet \u00e0 viande, couteau de cuisine, poisson Sushi, couteau \u00e0 fileter, outils de coupe de cuisine"},"content":{"rendered":"<p>&nbsp;<\/p>\n<div class=\"product-specs-list-container\">\n<ul class=\"product-specs-list util-clearfix\">\n<li class=\"product-prop line-limit-length\"><span class=\"property-title\">Chimique Hign-concern\u00e9 :\u00a0<\/span><span class=\"property-desc line-limit-length\">Aucun<\/span><\/li>\n<li class=\"product-prop line-limit-length\"><span class=\"property-title\">Angle de lame :\u00a0<\/span><span class=\"property-desc line-limit-length\">&gt; 60 \u00b0<\/span><\/li>\n<li class=\"product-prop line-limit-length\"><span class=\"property-title\">Longueur Du manche :\u00a0<\/span><span class=\"property-desc line-limit-length\">11cm<\/span><\/li>\n<li class=\"product-prop line-limit-length\"><span class=\"property-title\">Longueur de La lame :\u00a0<\/span><span class=\"property-desc line-limit-length\">16cm<\/span><\/li>\n<li class=\"product-prop line-limit-length\"><span class=\"property-title\">Lame tranchante :\u00a0<\/span><span class=\"property-desc line-limit-length\">OUI<\/span><\/li>\n<li class=\"product-prop line-limit-length\"><span class=\"property-title\">Mat\u00e9riau de Lame :\u00a0<\/span><span class=\"property-desc line-limit-length\">Truelle en Acier au Carbone<\/span><\/li>\n<li class=\"product-prop line-limit-length\"><span class=\"property-title\">Caract\u00e9ristique :\u00a0<\/span><span class=\"property-desc line-limit-length\">Respect de l'environnement<\/span><\/li>\n<li class=\"product-prop line-limit-length\"><span class=\"property-title\">Mat\u00e9riau :\u00a0<\/span><span class=\"property-desc line-limit-length\">ACIER DE DAMAS<\/span><\/li>\n<li class=\"product-prop line-limit-length\"><span class=\"property-title\">Type de couteau :\u00a0<\/span><span class=\"property-desc line-limit-length\">Couteaux de filetage<\/span><\/li>\n<li class=\"product-prop line-limit-length\"><span class=\"property-title\">Nom de marque :\u00a0<\/span><span class=\"property-desc line-limit-length\">JYi<\/span><\/li>\n<li class=\"product-prop line-limit-length\"><span class=\"property-title\">Type :\u00a0<\/span><span class=\"property-desc line-limit-length\">Couteaux<\/span><\/li>\n<li class=\"product-prop line-limit-length\"><span class=\"property-title\">Origine :\u00a0<\/span><span class=\"property-desc line-limit-length\">CN (Origine)<\/span><\/li>\n<\/ul>\n<\/div>\n<div class=\"detailmodule_dynamic\"><\/div>\n<div class=\"detailmodule_html\">\n<div class=\"detail-desc-decorate-richtext\">\n<div class=\"detailmodule_dynamic\"><\/div>\n<div class=\"detailmodule_html\">\n<div class=\"detail-desc-decorate-richtext\">\n<div class=\"detailmodule_text\">\n<p style=\"font-size: 16px;\">Type de couteau : couteau \u00e0 chef Mat\u00e9riau : acier damas \u00e0 67 couches Longueur totale : 27 cm Longueur de la lame : 16 cm Largeur de la lame : 2,8 cm \u00c9paisseur de la lame : 2,2 mm Poids : 90 g Mat\u00e9riau du manche : bois color\u00e9<\/p>\n<\/div>\n<div class=\"detailmodule_text\">\n<p class=\"detail-desc-decorate-title\" style=\"text-overflow: ellipsis; font-family: 'OpenSans'; color: #000; word-wrap: break-word; white-space: pre-wrap; font-weight: 900; font-size: 20px; line-height: 28px; margin-bottom: 12px;\">Forfait (choisissez vous-m\u00eame)<\/p>\n<p style=\"font-size: 16px;\">1 couteau + 1 gaine<\/p>\n<\/div>\n<div class=\"detailmodule_text\">\n<p class=\"detail-desc-decorate-title\" style=\"text-overflow: ellipsis; font-family: 'OpenSans'; color: #000; word-wrap: break-word; white-space: pre-wrap; font-weight: 900; font-size: 20px; line-height: 28px; margin-bottom: 12px;\">Veuillez noter<\/p>\n<p style=\"font-size: 16px;\">1. Les couteaux de cuisine sont tranchants, veuillez les utiliser avec pr\u00e9caution 2. Veuillez garder le couteau hors de port\u00e9e des enfants. 3. Veuillez ne pas pointer la lame et la pointe du couteau vers les personnes. 4. En raison des diff\u00e9rentes m\u00e9thodes de mesure, la taille et le poids du produit peuvent pr\u00e9senter une l\u00e9g\u00e8re erreur.<\/p>\n<\/div>\n<div class=\"detailmodule_image\"><img decoding=\"async\" class=\"detail-desc-decorate-image\" src=\"https:\/\/ae01.alicdn.com\/kf\/S2832fe6841d0421280c435d6d9efccf3p.jpg\" \/><br \/>\n<img decoding=\"async\" class=\"detail-desc-decorate-image\" src=\"https:\/\/ae01.alicdn.com\/kf\/S3ab5fdc1134c4986b113526b477c886e0.jpg\" \/><br \/>\n<img decoding=\"async\" class=\"detail-desc-decorate-image\" src=\"https:\/\/ae01.alicdn.com\/kf\/S4357e57eba1a4f8c9f2fc242f93d85a2J.jpg\" \/><br \/>\n<img decoding=\"async\" class=\"detail-desc-decorate-image\" src=\"https:\/\/ae01.alicdn.com\/kf\/Sb6d168fcd8884a858f1f4a29dbd6b3f9c.jpg\" \/><br \/>\n<img decoding=\"async\" class=\"detail-desc-decorate-image\" src=\"https:\/\/ae01.alicdn.com\/kf\/S70a4169c48fa4c7199816b9cf8a5529fi.jpg\" \/><br \/>\n<img decoding=\"async\" class=\"detail-desc-decorate-image\" src=\"https:\/\/ae01.alicdn.com\/kf\/S3fe124a2199d4061aab6f2090461b352V.jpg\" \/><br \/>\n<img decoding=\"async\" class=\"detail-desc-decorate-image\" src=\"https:\/\/ae01.alicdn.com\/kf\/S277f627cf4934cdaa2a8cf482616fda2j.jpg\" \/><\/div>\n<\/div>\n<\/div>\n<\/div>\n<\/div>","protected":false},"excerpt":{"rendered":"<p>&nbsp; Chimique Hign-concern\u00e9:\u00a0Aucun Angle de lame:\u00a0&gt; 60 \u00b0 Longueur Du manche:\u00a011cm Longueur de La lame:\u00a016cm Lame tranchante:\u00a0YES Mat\u00e9riau de Lame:\u00a0Truelle<\/p>","protected":false},"featured_media":1999,"comment_status":"open","ping_status":"closed","template":"","meta":[],"product_brand":[],"product_cat":[31],"product_tag":[],"class_list":{"0":"post-1998","1":"product","2":"type-product","3":"status-publish","4":"has-post-thumbnail","6":"product_cat-small-kitchen-appliances-appliances","8":"first","9":"instock","10":"shipping-taxable","11":"purchasable","12":"product-type-variable"},"jetpack_sharing_enabled":true,"_links":{"self":[{"href":"https:\/\/afrycom.com\/fr\/wp-json\/wp\/v2\/product\/1998","targetHints":{"allow":["GET"]}}],"collection":[{"href":"https:\/\/afrycom.com\/fr\/wp-json\/wp\/v2\/product"}],"about":[{"href":"https:\/\/afrycom.com\/fr\/wp-json\/wp\/v2\/types\/product"}],"replies":[{"embeddable":true,"href":"https:\/\/afrycom.com\/fr\/wp-json\/wp\/v2\/comments?post=1998"}],"wp:featuredmedia":[{"embeddable":true,"href":"https:\/\/afrycom.com\/fr\/wp-json\/wp\/v2\/media\/1999"}],"wp:attachment":[{"href":"https:\/\/afrycom.com\/fr\/wp-json\/wp\/v2\/media?parent=1998"}],"wp:term":[{"taxonomy":"product_brand","embeddable":true,"href":"https:\/\/afrycom.com\/fr\/wp-json\/wp\/v2\/product_brand?post=1998"},{"taxonomy":"product_cat","embeddable":true,"href":"https:\/\/afrycom.com\/fr\/wp-json\/wp\/v2\/product_cat?post=1998"},{"taxonomy":"product_tag","embeddable":true,"href":"https:\/\/afrycom.com\/fr\/wp-json\/wp\/v2\/product_tag?post=1998"}],"curies":[{"name":"wp","href":"https:\/\/api.w.org\/{rel}","templated":true}]}}