{"id":1992,"date":"2025-03-08T05:38:59","date_gmt":"2025-03-08T05:38:59","guid":{"rendered":"https:\/\/afrycom.com\/product\/couteaux-de-cuisine-de-haute-qualite-trancheuse-tranchante-polyvalente-de-cuisine-couteau-a-viande-de-chef-en-acier-inoxydable-accessoires-de-cuisine-menagers\/"},"modified":"2025-08-02T10:37:00","modified_gmt":"2025-08-02T10:37:00","slug":"couteau-de-cuisine-professionnel-tres-tranchant-polyvalent-en-acier-inoxydable-indispensable-a-la-maison","status":"publish","type":"product","link":"https:\/\/afrycom.com\/fr\/produit\/couteau-de-cuisine-professionnel-tres-tranchant-polyvalent-en-acier-inoxydable-indispensable-a-la-maison\/","title":{"rendered":"Couteau de cuisine professionnel - Tr\u00e8s tranchant, polyvalent, en acier inoxydable, indispensable \u00e0 la maison"},"content":{"rendered":"<p>&nbsp;<\/p>\n<div class=\"product-specs-list-container\">\n<ul class=\"product-specs-list util-clearfix\">\n<li class=\"product-prop line-limit-length\"><span class=\"property-title\">Chimique Hign-concern\u00e9 :\u00a0<\/span><span class=\"property-desc line-limit-length\">Aucun<\/span><\/li>\n<li class=\"product-prop line-limit-length\"><span class=\"property-title\">Angle de lame :\u00a0<\/span><span class=\"property-desc line-limit-length\">&gt; 60 \u00b0<\/span><\/li>\n<li class=\"product-prop line-limit-length\"><span class=\"property-title\">Longueur Du manche :\u00a0<\/span><span class=\"property-desc line-limit-length\">12.5cm<\/span><\/li>\n<li class=\"product-prop line-limit-length\"><span class=\"property-title\">Longueur de La lame :\u00a0<\/span><span class=\"property-desc line-limit-length\">16,5 cm<\/span><\/li>\n<li class=\"product-prop line-limit-length\"><span class=\"property-title\">Lame tranchante :\u00a0<\/span><span class=\"property-desc line-limit-length\">OUI<\/span><\/li>\n<li class=\"product-prop line-limit-length\"><span class=\"property-title\">Mat\u00e9riau de Lame :\u00a0<\/span><span class=\"property-desc line-limit-length\">Acier inoxydable<\/span><\/li>\n<li class=\"product-prop line-limit-length\"><span class=\"property-title\">Caract\u00e9ristique :\u00a0<\/span><span class=\"property-desc line-limit-length\">\u00c9cologique,Stock\u00e9s<\/span><\/li>\n<li class=\"product-prop line-limit-length\"><span class=\"property-title\">Mat\u00e9riau :\u00a0<\/span><span class=\"property-desc line-limit-length\">Acier inoxydable<\/span><\/li>\n<li class=\"product-prop line-limit-length\"><span class=\"property-title\">Type de couteau :\u00a0<\/span><span class=\"property-desc line-limit-length\">Couteaux de chef<\/span><\/li>\n<li class=\"product-prop line-limit-length\"><span class=\"property-title\">Type :\u00a0<\/span><span class=\"property-desc line-limit-length\">Couteaux<\/span><\/li>\n<li class=\"product-prop line-limit-length\"><span class=\"property-title\">Origine :\u00a0<\/span><span class=\"property-desc line-limit-length\">CN (Origine)<\/span><\/li>\n<li class=\"product-prop line-limit-length\"><span class=\"property-title\">Caract\u00e9ristique 1 :\u00a0<\/span><span class=\"property-desc line-limit-length\">pseudo-ligne<\/span><\/li>\n<\/ul>\n<\/div>\n<div class=\"detailmodule_html\">\n<div class=\"detail-desc-decorate-richtext\">\n<p id=\"tl_1\" style=\"padding-left: 0em;\">Remarque :<\/p>\n<p id=\"tl_2\" style=\"padding-left: 0em;\">1.Veuillez permettre une petite erreur de taille, car la mesure est manuelle, mais cela n'affectera pas l'utilisation, je vous souhaite un bon shopping.<\/p>\n<p id=\"tl_3\" style=\"padding-left: 0em;\">2.En raison des diff\u00e9rences entre les diff\u00e9rents moniteurs, ou de la lumi\u00e8re de prise de vue et de l'angle des images peuvent ne pas refl\u00e9ter la couleur r\u00e9elle de l'article, mais la diff\u00e9rence ne sera pas grande, merci de votre compr\u00e9hension.<\/p>\n<p id=\"tl_4\" style=\"padding-left: 0em;\">3.Si vous \u00eates satisfait de nos produits et services, veuillez laisser un commentaire positif, merci pour votre soutien.<\/p>\n<p id=\"tl_5\" style=\"padding-left: 0em;\">4. La lame est tr\u00e8s tranchante, soyez prudent lorsque vous l'utilisez.<\/p>\n<\/div>\n<\/div>","protected":false},"excerpt":{"rendered":"<p>&nbsp; Chimique Hign-concern\u00e9:\u00a0Aucun Angle de lame:\u00a0&gt; 60 \u00b0 Longueur Du manche:\u00a012.5cm Longueur de La lame:\u00a016.5cm Lame tranchante:\u00a0YES Mat\u00e9riau de Lame:\u00a0Acier<\/p>","protected":false},"featured_media":1993,"comment_status":"open","ping_status":"closed","template":"","meta":[],"product_brand":[],"product_cat":[4930,4934,31],"product_tag":[],"class_list":{"0":"post-1992","1":"product","2":"type-product","3":"status-publish","4":"has-post-thumbnail","6":"product_cat-kitchen-dining","7":"product_cat-knives-knife-blocks-organizers","8":"product_cat-small-kitchen-appliances-appliances","10":"first","11":"instock","12":"sale","13":"shipping-taxable","14":"purchasable","15":"product-type-variable"},"jetpack_sharing_enabled":true,"_links":{"self":[{"href":"https:\/\/afrycom.com\/fr\/wp-json\/wp\/v2\/product\/1992","targetHints":{"allow":["GET"]}}],"collection":[{"href":"https:\/\/afrycom.com\/fr\/wp-json\/wp\/v2\/product"}],"about":[{"href":"https:\/\/afrycom.com\/fr\/wp-json\/wp\/v2\/types\/product"}],"replies":[{"embeddable":true,"href":"https:\/\/afrycom.com\/fr\/wp-json\/wp\/v2\/comments?post=1992"}],"wp:featuredmedia":[{"embeddable":true,"href":"https:\/\/afrycom.com\/fr\/wp-json\/wp\/v2\/media\/1993"}],"wp:attachment":[{"href":"https:\/\/afrycom.com\/fr\/wp-json\/wp\/v2\/media?parent=1992"}],"wp:term":[{"taxonomy":"product_brand","embeddable":true,"href":"https:\/\/afrycom.com\/fr\/wp-json\/wp\/v2\/product_brand?post=1992"},{"taxonomy":"product_cat","embeddable":true,"href":"https:\/\/afrycom.com\/fr\/wp-json\/wp\/v2\/product_cat?post=1992"},{"taxonomy":"product_tag","embeddable":true,"href":"https:\/\/afrycom.com\/fr\/wp-json\/wp\/v2\/product_tag?post=1992"}],"curies":[{"name":"wp","href":"https:\/\/api.w.org\/{rel}","templated":true}]}}