{"id":19877,"date":"2025-05-04T14:46:13","date_gmt":"2025-05-04T14:46:13","guid":{"rendered":"https:\/\/afrycom.com\/product\/%e5%85%a8%e6%96%b0%e5%8d%87%e7%ba%a7%e8%83%b6%e5%b8%a6%e5%88%87%e5%89%b2%e5%99%a8%e6%89%93%e5%8c%85%e5%99%a8%e5%a4%a7%e5%8f%b7%e5%8a%a0%e5%8e%9a%e5%b0%81%e7%ae%b1%e6%9c%ba%e5%bf%ab%e9%80%92%e7%89%a9\/"},"modified":"2025-12-21T13:25:56","modified_gmt":"2025-12-21T13:25:56","slug":"decoupeur-de-ruban-adhesif-pro-grand-format-renforce-pour-colis-compatible-5-6-cm-ideal-livraison-logistique","status":"publish","type":"product","link":"https:\/\/afrycom.com\/fr\/produit\/decoupeur-de-ruban-adhesif-pro-grand-format-renforce-pour-colis-compatible-5-6-cm-ideal-livraison-logistique\/","title":{"rendered":"D\u00e9coupeur de Ruban Adh\u00e9sif Pro - Grand Format Renforc\u00e9 pour Colis, Compatible 5-6 cm, Id\u00e9al Livraison &amp; Logistique"},"content":{"rendered":"","protected":false},"excerpt":{"rendered":"","protected":false},"featured_media":19878,"comment_status":"open","ping_status":"closed","template":"","meta":[],"product_brand":[],"product_cat":[1768],"product_tag":[],"class_list":{"0":"post-19877","1":"product","2":"type-product","3":"status-publish","4":"has-post-thumbnail","6":"product_cat-machineries-and-tools","8":"first","9":"instock","10":"shipping-taxable","11":"purchasable","12":"product-type-variable"},"jetpack_sharing_enabled":true,"_links":{"self":[{"href":"https:\/\/afrycom.com\/fr\/wp-json\/wp\/v2\/product\/19877","targetHints":{"allow":["GET"]}}],"collection":[{"href":"https:\/\/afrycom.com\/fr\/wp-json\/wp\/v2\/product"}],"about":[{"href":"https:\/\/afrycom.com\/fr\/wp-json\/wp\/v2\/types\/product"}],"replies":[{"embeddable":true,"href":"https:\/\/afrycom.com\/fr\/wp-json\/wp\/v2\/comments?post=19877"}],"wp:featuredmedia":[{"embeddable":true,"href":"https:\/\/afrycom.com\/fr\/wp-json\/wp\/v2\/media\/19878"}],"wp:attachment":[{"href":"https:\/\/afrycom.com\/fr\/wp-json\/wp\/v2\/media?parent=19877"}],"wp:term":[{"taxonomy":"product_brand","embeddable":true,"href":"https:\/\/afrycom.com\/fr\/wp-json\/wp\/v2\/product_brand?post=19877"},{"taxonomy":"product_cat","embeddable":true,"href":"https:\/\/afrycom.com\/fr\/wp-json\/wp\/v2\/product_cat?post=19877"},{"taxonomy":"product_tag","embeddable":true,"href":"https:\/\/afrycom.com\/fr\/wp-json\/wp\/v2\/product_tag?post=19877"}],"curies":[{"name":"wp","href":"https:\/\/api.w.org\/{rel}","templated":true}]}}