{"id":1975,"date":"2025-03-08T05:38:23","date_gmt":"2025-03-08T05:38:23","guid":{"rendered":"https:\/\/afrycom.com\/product\/couteau-de-cuisine-en-acier-inoxydable-couperet-a-trancher-chef-japonais-coupe-de-poisson-legumes-viande-ensemble-de-couteaux-de-cuisine-outils-couteaux-de-cuisine\/"},"modified":"2025-07-30T16:19:23","modified_gmt":"2025-07-30T16:19:23","slug":"couteau-de-cuisine-en-acier-inoxydable-couperet-a-trancher-chef-japonais-coupe-de-poisson-legumes-viande-ensemble-de-couteaux-de-cuisine-outils-couteaux-de-cuisine","status":"publish","type":"product","link":"https:\/\/afrycom.com\/fr\/produit\/couteau-de-cuisine-en-acier-inoxydable-couperet-a-trancher-chef-japonais-coupe-de-poisson-legumes-viande-ensemble-de-couteaux-de-cuisine-outils-couteaux-de-cuisine\/","title":{"rendered":"Couteau de cuisine en acier inoxydable, couperet \u00e0 trancher, Chef japonais, coupe de poisson, l\u00e9gumes, viande, ensemble de couteaux de cuisine, outils, couteaux de cuisine"},"content":{"rendered":"<div class=\"product-specs-list-container\">\n<ul class=\"product-specs-list util-clearfix\">\n<li class=\"product-prop line-limit-length\"><span class=\"property-title\">Force du ressort:\u00a0<\/span><span class=\"property-desc line-limit-length\">non<\/span><\/li>\n<li class=\"product-prop line-limit-length\"><span class=\"property-title\">Serrure:\u00a0<\/span><span class=\"property-desc line-limit-length\">non<\/span><\/li>\n<li class=\"product-prop line-limit-length\"><span class=\"property-title\">Mat\u00e9riau de Lame :\u00a0<\/span><span class=\"property-desc line-limit-length\">Acier au Carbone<\/span><\/li>\n<li class=\"product-prop line-limit-length\"><span class=\"property-title\">Lame tranchante :\u00a0<\/span><span class=\"property-desc line-limit-length\">OUI<\/span><\/li>\n<li class=\"product-prop line-limit-length\"><span class=\"property-title\">Pleine Longueur:\u00a0<\/span><span class=\"property-desc line-limit-length\">20cm<\/span><\/li>\n<li class=\"product-prop line-limit-length\"><span class=\"property-title\">Longueur Du manche :\u00a0<\/span><span class=\"property-desc line-limit-length\">10cm<\/span><\/li>\n<li class=\"product-prop line-limit-length\"><span class=\"property-title\">Longueur de la lame:\u00a0<\/span><span class=\"property-desc line-limit-length\">12cm<\/span><\/li>\n<li class=\"product-prop line-limit-length\"><span class=\"property-title\">Angle de lame :\u00a0<\/span><span class=\"property-desc line-limit-length\">&gt; 60 \u00b0<\/span><\/li>\n<li class=\"product-prop line-limit-length\"><span class=\"property-title\">Certification :\u00a0<\/span><span class=\"property-desc line-limit-length\">CE \/ UE<\/span><\/li>\n<li class=\"product-prop line-limit-length\"><span class=\"property-title\">Caract\u00e9ristique :\u00a0<\/span><span class=\"property-desc line-limit-length\">\u00c9cologique,Stock\u00e9s<\/span><\/li>\n<li class=\"product-prop line-limit-length\"><span class=\"property-title\">Num\u00e9ro de Mod\u00e8le :\u00a0<\/span><span class=\"property-desc line-limit-length\">TWG-M21<\/span><\/li>\n<li class=\"product-prop line-limit-length\"><span class=\"property-title\">Emballage:\u00a0<\/span><span class=\"property-desc line-limit-length\">Ensemble quatre pi\u00e8ces<\/span><\/li>\n<li class=\"product-prop line-limit-length\"><span class=\"property-title\">Type de m\u00e9tal :\u00a0<\/span><span class=\"property-desc line-limit-length\">Acier au Carbone<\/span><\/li>\n<li class=\"product-prop line-limit-length\"><span class=\"property-title\">Mat\u00e9riau :\u00a0<\/span><span class=\"property-desc line-limit-length\">Acier inoxydable<\/span><\/li>\n<li class=\"product-prop line-limit-length\"><span class=\"property-title\">Type :\u00a0<\/span><span class=\"property-desc line-limit-length\">Ensembles de couteaux<\/span><\/li>\n<li class=\"product-prop line-limit-length\"><span class=\"property-title\">Origine :\u00a0<\/span><span class=\"property-desc line-limit-length\">CN (Origine)<\/span><\/li>\n<li class=\"product-prop line-limit-length\"><span class=\"property-title\">Full Length:\u00a0<\/span><span class=\"property-desc line-limit-length\">20.4 cm (8 inches)<\/span><\/li>\n<li class=\"product-prop line-limit-length\"><span class=\"property-title\">Blade length:\u00a0<\/span><span class=\"property-desc line-limit-length\">9.6 cm (4 inches)<\/span><\/li>\n<li class=\"product-prop line-limit-length\"><span class=\"property-title\">Handle Length:\u00a0<\/span><span class=\"property-desc line-limit-length\">10.8 cm (4.5 inches)<\/span><\/li>\n<li class=\"product-prop line-limit-length\"><span class=\"property-title\">Nom du produit :\u00a0<\/span><span class=\"property-desc line-limit-length\">Forging multi-purpose knife<\/span><\/li>\n<li class=\"product-prop line-limit-length\"><span class=\"property-title\">Mat\u00e9riau de la lame :\u00a0<\/span><span class=\"property-desc line-limit-length\">3Cr13mov<\/span><\/li>\n<li class=\"product-prop line-limit-length\"><span class=\"property-title\">Handle material:\u00a0<\/span><span class=\"property-desc line-limit-length\">PP material<\/span><\/li>\n<li class=\"product-prop line-limit-length\"><span class=\"property-title\">Product use:\u00a0<\/span><span class=\"property-desc line-limit-length\">cutting all kinds of meat, vegetables and fruits<\/span><\/li>\n<\/ul>\n<\/div>\n<div class=\"detailmodule_dynamic\"><\/div>\n<div class=\"detailmodule_html\">\n<div class=\"detail-desc-decorate-richtext\">\n<div class=\"detailmodule_dynamic\"><\/div>\n<div class=\"detailmodule_html\">\n<div class=\"detail-desc-decorate-richtext\">\n<div class=\"detailmodule_dynamic\" style=\"margin: 0px auto 0px auto; position: relative;\">\n<div style=\"margin: 0px; padding: 0px; overflow: hidden; height: 1px;\" title=\"Nouveau\">2380<\/div>\n<\/div>\n<h2><span style=\"font-family: 'Comic Sans MS';\">Couteaux de cuisine 4 pi\u00e8ces ensemble couteau de Chef couperet \u00e0 viande couteau \u00e0 d\u00e9couper forg\u00e9 couteaux \u00e0 fruits utilitaires avec bo\u00eete cadeau<\/span><\/h2>\n<div class=\"detailmodule_dynamic\" style=\"margin: 0px auto 0px auto; position: relative; top: -1px;\">\n<div style=\"margin: 0px; padding: 0px; overflow: hidden; height: 1px;\" title=\"Nouveau\">2487<\/div>\n<div style=\"position: relative; top: -1px;\">\n<div style=\"padding: 0px 5px 5px 0px; left: 0px; position: absolute; top: 0px;\">\n<h3><\/h3>\n<\/div>\n<\/div>\n<\/div>\n<hr \/>\n<div class=\"detailmodule_dynamic\"><\/div>\n<div class=\"detailmodule_dynamic\"><\/div>\n<h4 class=\"detailmodule_dynamic\"><span style=\"color: #000000;\"><span style=\"font-family: Tahoma;\"><span style=\"background-color: #ff9900;\">D\u00e9lai de livraison des couteaux de cuisine :<\/span><\/span><\/span><span style=\"color: #000000;\"><span style=\"font-family: Tahoma;\"><br \/>\nCameroun : environ 10-17 jours<br \/>\n<\/span><\/span><\/h4>\n<h4 class=\"detailmodule_dynamic\"><\/h4>\n<h4 class=\"detailmodule_dynamic\"><span style=\"color: #000000;\"><span style=\"font-family: Tahoma;\">\u00a0<\/span><\/span><\/h4>\n<h4 class=\"detailmodule_dynamic\"><span style=\"background-color: #ff9900; color: #000000;\"><span style=\"background-color: #ffffff;\">* Exp\u00e9dition vers d&#8217;autres pays : environ 7 \u00e0 20 jours<\/span><\/span><\/h4>\n<h4 class=\"detailmodule_dynamic\"><span class=\"src\" style=\"color: #333333; font-size: 14px;\">* Livraison sous 24 heures,<\/span><\/h4>\n<hr \/>\n<h5><span style=\"color: #222222; font-size: 16px;\">PARAM\u00c8TRES DU PRODUIT<br \/>\n<\/span><span style=\"color: #222222; font-size: 16px;\">Marque du produit: LISM<\/span><span style=\"color: #222222; font-size: 16px;\"><br \/>\n<\/span><span style=\"color: #222222; font-size: 16px;\">Mat\u00e9riau de la lame : acier inoxydable 3Cr13Mov<\/span><span style=\"color: #222222; font-size: 16px;\"><br \/>\n<\/span><span style=\"color: #222222; font-size: 16px;\">\u00c9paisseur de la lame : 2,0 mm<\/span><span style=\"color: #222222; font-size: 16px;\"><br \/>\n<\/span><span style=\"color: #222222; font-size: 16px;\">Duret\u00e9 de la lame : 56 \u00b1 2HRC<\/span><span style=\"color: #222222; font-size: 16px;\"><br \/>\n<\/span><span style=\"color: #222222; font-size: 16px;\">Finition de la lame : Polir<\/span><span style=\"color: #222222; font-size: 16px;\"><br \/>\n<\/span><span style=\"color: #222222; font-size: 16px;\">Manche : Bois<\/span><span style=\"color: #222222; font-size: 16px;\"><br \/>\n<\/span><span style=\"color: #222222; font-size: 16px;\">Autre : une bo\u00eete \u00e0 couteaux est disponible<\/span><span style=\"color: #222222; font-size: 16px;\"><br \/>\n<\/span><span style=\"color: #222222; font-size: 16px;\">Utilisation : ensemble de couteaux, couteau de cuisine, couteau de chef japonais, couteau \u00e0 viande, couteau \u00e0 couperet, couteau \u00e0 poisson, couteau \u00e0 boucher, coupe-l\u00e9gumes, couteau \u00e0 trancher<\/span><\/h5>\n<p><span style=\"color: #222222; font-size: 16px;\">Vous recevrez : (celle que vous choisissez)<br \/>\n<\/span><\/p>\n<hr \/>\n<div>\n<p><span style=\"color: #222222; font-size: 16px;\">Ensemble de couteaux de Chef, viande, poisson, tranchage, coupe-l\u00e9gumes, couteau \u00e0 boucher en acier inoxydable avec bo\u00eete<\/span><\/p>\n<\/div>\n<p><img decoding=\"async\" style=\"width: 790px;\" src=\"https:\/\/ae02.alicdn.com\/kf\/Sc8ffcbc601464afa9399f89bbb81a2d26.jpg\" width=\"790px\" \/><\/p>\n<p><img decoding=\"async\" style=\"width: 790px;\" src=\"https:\/\/ae02.alicdn.com\/kf\/Sfe7d75f34cd0406882ac2163460b505eK.jpg\" width=\"790px\" \/><\/p>\n<p><img decoding=\"async\" style=\"width: 800px;\" src=\"https:\/\/ae02.alicdn.com\/kf\/S961cf123b3ec40f9ba006e308686a6d4y.jpg\" width=\"800px\" \/><\/p>\n<p><img decoding=\"async\" style=\"width: 800px;\" src=\"https:\/\/ae02.alicdn.com\/kf\/S710faabcec794cbe90977fdcabe3da95D.jpg\" width=\"800px\" \/><\/p>\n<p><img decoding=\"async\" style=\"width: 790px;\" src=\"https:\/\/ae02.alicdn.com\/kf\/S94398088b50b424cbe07e580bbd215000.jpg\" width=\"790px\" \/><\/p>\n<p><img decoding=\"async\" style=\"width: 790px;\" src=\"https:\/\/ae02.alicdn.com\/kf\/S44b75ceaa15e43678bd68f331acded77T.jpg\" width=\"790px\" \/><\/p>\n<p><img decoding=\"async\" style=\"width: 790px;\" src=\"https:\/\/ae02.alicdn.com\/kf\/Se7cb10a938bc4444a7c70004ab57e2b1T.jpg\" width=\"790px\" \/><\/p>\n<p><img decoding=\"async\" style=\"width: 790px;\" src=\"https:\/\/ae02.alicdn.com\/kf\/S1d92cafd4a2a4a1ca4245a1836c34fd0x.jpg\" width=\"790px\" \/><\/p>\n<p><img decoding=\"async\" style=\"width: 790px;\" src=\"https:\/\/ae02.alicdn.com\/kf\/Sabf683e0046340b981cce5154ec57978Q.jpg\" width=\"790px\" \/><\/p>\n<div>\n<p><img decoding=\"async\" style=\"width: 800px;\" src=\"https:\/\/ae01.alicdn.com\/kf\/S71f43ddec8b54c27b9e3edcd41d65ae0w.jpg\" width=\"800px\" \/><\/p>\n<\/div>\n<div><\/div>\n<p><img decoding=\"async\" style=\"width: 790px;\" src=\"https:\/\/ae02.alicdn.com\/kf\/Sc5238e855ba4447eabb7af9d58cc4506H.jpg\" width=\"790px\" \/><\/p>\n<p><img decoding=\"async\" style=\"width: 790px;\" src=\"https:\/\/ae02.alicdn.com\/kf\/S929b2c7b88e34c1380da33a6375887e1j.jpg\" width=\"790px\" \/><\/p>\n<p><img decoding=\"async\" style=\"width: 790px;\" src=\"https:\/\/ae02.alicdn.com\/kf\/S50c7cd4e1a24411199176d42d575d0c41.jpg\" width=\"790px\" \/><\/p>\n<p><img decoding=\"async\" style=\"width: 790px;\" src=\"https:\/\/ae02.alicdn.com\/kf\/S788bd9d668624f19bb06d43bd56d3398j.jpg\" width=\"790px\" \/><\/p>\n<p><img decoding=\"async\" style=\"width: 790px;\" src=\"https:\/\/ae02.alicdn.com\/kf\/S4ebf5a8d99b141d0972e35783cd144fcA.jpg\" width=\"790px\" \/><\/p>\n<p><img decoding=\"async\" style=\"width: 790px;\" src=\"https:\/\/ae02.alicdn.com\/kf\/Sfbd848b6e45344c0ad5692fe6f687ad2a.jpg\" width=\"790px\" \/><\/p>\n<h3 style=\"text-align: center;\" align=\"center\"><\/h3>\n<h3 style=\"text-align: center;\" align=\"center\"><\/h3>\n<p style=\"text-align: center;\" align=\"center\"><img decoding=\"async\" style=\"width: 1000px;\" src=\"https:\/\/ae02.alicdn.com\/kf\/S8e11bf0d9d084f9da667c1dafbc36760R.jpg\" width=\"1000px\" \/><\/p>\n<p style=\"text-align: center;\" align=\"center\">\n<\/div>\n<\/div>\n<div class=\"detailmodule_dynamic\"><\/div>\n<\/div>\n<\/div>\n<div class=\"detailmodule_dynamic\"><\/div>","protected":false},"excerpt":{"rendered":"<p>Force du ressort:\u00a0no Serrure:\u00a0no Mat\u00e9riau de Lame:\u00a0Acier au Carbone Lame tranchante:\u00a0YES Pleine Longueur:\u00a020cm Longueur Du manche:\u00a010cm Longueur de la lame:\u00a012cm<\/p>","protected":false},"featured_media":1976,"comment_status":"open","ping_status":"closed","template":"","meta":[],"product_brand":[],"product_cat":[31],"product_tag":[],"class_list":{"0":"post-1975","1":"product","2":"type-product","3":"status-publish","4":"has-post-thumbnail","6":"product_cat-small-kitchen-appliances-appliances","8":"first","9":"instock","10":"sale","11":"shipping-taxable","12":"purchasable","13":"product-type-variable"},"jetpack_sharing_enabled":true,"_links":{"self":[{"href":"https:\/\/afrycom.com\/fr\/wp-json\/wp\/v2\/product\/1975","targetHints":{"allow":["GET"]}}],"collection":[{"href":"https:\/\/afrycom.com\/fr\/wp-json\/wp\/v2\/product"}],"about":[{"href":"https:\/\/afrycom.com\/fr\/wp-json\/wp\/v2\/types\/product"}],"replies":[{"embeddable":true,"href":"https:\/\/afrycom.com\/fr\/wp-json\/wp\/v2\/comments?post=1975"}],"wp:featuredmedia":[{"embeddable":true,"href":"https:\/\/afrycom.com\/fr\/wp-json\/wp\/v2\/media\/1976"}],"wp:attachment":[{"href":"https:\/\/afrycom.com\/fr\/wp-json\/wp\/v2\/media?parent=1975"}],"wp:term":[{"taxonomy":"product_brand","embeddable":true,"href":"https:\/\/afrycom.com\/fr\/wp-json\/wp\/v2\/product_brand?post=1975"},{"taxonomy":"product_cat","embeddable":true,"href":"https:\/\/afrycom.com\/fr\/wp-json\/wp\/v2\/product_cat?post=1975"},{"taxonomy":"product_tag","embeddable":true,"href":"https:\/\/afrycom.com\/fr\/wp-json\/wp\/v2\/product_tag?post=1975"}],"curies":[{"name":"wp","href":"https:\/\/api.w.org\/{rel}","templated":true}]}}