{"id":1963,"date":"2025-03-06T15:54:33","date_gmt":"2025-03-06T15:54:33","guid":{"rendered":"https:\/\/afrycom.com\/product\/vzonkit-trepied-de-telephone-portable-36-led-mini-iler-pour-diffusion-en-direct-video-tiktok-prometteur\/"},"modified":"2025-03-06T15:54:37","modified_gmt":"2025-03-06T15:54:37","slug":"vzonkit-trepied-de-telephone-portable-36-led-mini-iler-pour-diffusion-en-direct-video-tiktok-prometteur","status":"publish","type":"product","link":"https:\/\/afrycom.com\/fr\/produit\/vzonkit-trepied-de-telephone-portable-36-led-mini-iler-pour-diffusion-en-direct-video-tiktok-prometteur\/","title":{"rendered":"Vzonkit-tr\u00e9pied de t\u00e9l\u00e9phone portable 36 led, mini iler pour diffusion en direct, vid\u00e9o TikTok prometteur"},"content":{"rendered":"<div class=\"product-specs-list-container\">\n<ul class=\"product-specs-list util-clearfix\">\n<li class=\"product-prop line-limit-length\"><span\n                                        class=\"property-title\">Produits chimiques \u00e0 haute teneur en soufre :&nbsp;<\/span><span\n                                        class=\"property-desc line-limit-length\">Aucun<\/span>\n                            <\/li>\n<li class=\"product-prop line-limit-length\"><span\n                                        class=\"property-title\">Utilisation :&nbsp;<\/span><span\n                                        class=\"property-desc line-limit-length\">Diffusion en direct (Livestreaming)<\/span>\n                            <\/li>\n<li class=\"product-prop line-limit-length\"><span\n                                        class=\"property-title\">Type d'attente :&nbsp;<\/span><span\n                                        class=\"property-desc line-limit-length\">Lumi\u00e8re de remplissage<\/span>\n                            <\/li>\n<li class=\"product-prop line-limit-length\"><span\n                                        class=\"property-title\">Nom de marque :&nbsp;<\/span><span\n                                        class=\"property-desc line-limit-length\">AUKYGGUS<\/span>\n                            <\/li>\n<li class=\"product-prop line-limit-length\"><span\n                                        class=\"property-title\">Origine :&nbsp;<\/span><span\n                                        class=\"property-desc line-limit-length\">CN (Origine)<\/span>\n                            <\/li>\n<li class=\"product-prop line-limit-length\"><span\n                                        class=\"property-title\">Light source power:&nbsp;<\/span><span\n                                        class=\"property-desc line-limit-length\">7W<\/span>\n                            <\/li>\n<li class=\"product-prop line-limit-length\"><span\n                                        class=\"property-title\">Main scope of application:&nbsp;<\/span><span\n                                        class=\"property-desc line-limit-length\">Live Streaming<\/span>\n                            <\/li>\n<li class=\"product-prop line-limit-length\"><span\n                                        class=\"property-title\">Tension :&nbsp;<\/span><span\n                                        class=\"property-desc line-limit-length\">5v<\/span>\n                            <\/li>\n<li class=\"product-prop line-limit-length\"><span\n                                        class=\"property-title\">Type :&nbsp;<\/span><span\n                                        class=\"property-desc line-limit-length\">Mini fill light<\/span>\n                            <\/li>\n<\/ul><\/div>\n<div class=\"detailmodule_html\">\n<div class=\"detail-desc-decorate-richtext\">\n<div>\n<div>\n<div>\n<div>\n<p>&nbsp;<\/p>\n<p><strong id=\"tl_1\">Description du produit<\/strong><\/p>\n<ul>\n<li>\n<p id=\"tl_2\"><strong>Kit complet de vlogging<\/strong>: Ce kit comprend tous les &eacute;l&eacute;ments essentiels pour la cr&eacute;ation vid&eacute;o mobile, comprenant un tr&eacute;pied, 36 LED de lumi&egrave;re d&#8217;appoint et un mini microphone.<\/p>\n<\/li>\n<li>\n<p id=\"tl_3\"><strong>Tr&eacute;pied r&eacute;glable<\/strong>Le tr&eacute;pied robuste offre une hauteur et des angles r&eacute;glables, assurant stabilit&eacute; et flexibilit&eacute; pendant l&#8217;enregistrement vid&eacute;o et la diffusion en direct.<\/p>\n<\/li>\n<li>\n<p id=\"tl_4\"><strong>Lumi&egrave;re de remplissage 36 LED<\/strong>: Fournit un &eacute;clairage lumineux et uniforme pour am&eacute;liorer la qualit&eacute; vid&eacute;o, particuli&egrave;rement utile pour la prise de vue dans des conditions de faible luminosit&eacute;.<\/p>\n<\/li>\n<li>\n<p id=\"tl_5\"><strong>Ensemble mini microphone de haute qualit&eacute;<\/strong>: Le mini microphone inclus capture un son clair, am&eacute;liorant la qualit&eacute; sonore de vos vid&eacute;os pour TikTok, YouTube et la diffusion en direct.<\/p>\n<\/li>\n<li>\n<p id=\"tl_6\"><strong>Conception portable et flexible<\/strong>: Compact et l&eacute;ger, ce kit est facile &agrave; transporter et &agrave; installer, ce qui le rend adapt&eacute; aux cr&eacute;ateurs de contenu et aux vloggers en d&eacute;placement.<\/p>\n<\/li>\n<\/ul><\/div>\n<div>\n    <strong><img decoding=\"async\" height=\"665.575\" referrerpolicy=\"no-referrer\" src=\"https:\/\/ae01.alicdn.com\/kf\/S38dc72e429b6463384d30a8d68626053s.jpg\" width=\"790\" \/><\/strong>\n   <\/div><\/div>\n<p><span><strong><br \/><img decoding=\"async\" height=\"889.7375000000001\" referrerpolicy=\"no-referrer\" src=\"https:\/\/ae01.alicdn.com\/kf\/S5a5d2561f0754352a13df3fe16d8c86fr.jpg\" width=\"790\" \/><\/p>\n<p><img decoding=\"async\" height=\"808.7625\" referrerpolicy=\"no-referrer\" src=\"https:\/\/ae01.alicdn.com\/kf\/S7130a631136b4128b0a0c887e74689c0d.jpg\" width=\"790\" \/><\/p>\n<p><img decoding=\"async\" height=\"665.575\" referrerpolicy=\"no-referrer\" src=\"https:\/\/ae01.alicdn.com\/kf\/Sb1afda1b503440d8a44f42037e228f60i.jpg\" width=\"790\" \/><\/p>\n<p><img loading=\"lazy\" decoding=\"async\" height=\"790\" referrerpolicy=\"no-referrer\" src=\"https:\/\/ae01.alicdn.com\/kf\/S1fe8edec802f4cb0b41c2102e4b6eb829.jpg\" width=\"790\" \/><\/p>\n<p><img loading=\"lazy\" decoding=\"async\" height=\"790\" referrerpolicy=\"no-referrer\" src=\"https:\/\/ae01.alicdn.com\/kf\/S8421aa815f5948f284fe90486d9e2538W.jpg\" width=\"790\" \/><\/strong><\/span><\/p>\n<p>&nbsp;<\/p>\n<\/p><\/div>\n<\/div>\n<\/div>\n<\/div>","protected":false},"excerpt":{"rendered":"<p>Hign-concerned Chemical:&nbsp;Aucun Usage:&nbsp;Livestreaming Hold Type:&nbsp;Lumi\u00e8re de remplissage Brand Name:&nbsp;AUKYGGUS Origin:&nbsp;CN (Origine) Light source power:&nbsp;7W Main scope of application:&nbsp;Live Streaming Voltage:&nbsp;5v<\/p>","protected":false},"featured_media":1964,"comment_status":"open","ping_status":"closed","template":"","meta":[],"product_brand":[],"product_cat":[85],"product_tag":[],"class_list":{"0":"post-1963","1":"product","2":"type-product","3":"status-publish","4":"has-post-thumbnail","6":"product_cat-accessories","8":"first","9":"instock","10":"shipping-taxable","11":"purchasable","12":"product-type-variable"},"jetpack_sharing_enabled":true,"_links":{"self":[{"href":"https:\/\/afrycom.com\/fr\/wp-json\/wp\/v2\/product\/1963","targetHints":{"allow":["GET"]}}],"collection":[{"href":"https:\/\/afrycom.com\/fr\/wp-json\/wp\/v2\/product"}],"about":[{"href":"https:\/\/afrycom.com\/fr\/wp-json\/wp\/v2\/types\/product"}],"replies":[{"embeddable":true,"href":"https:\/\/afrycom.com\/fr\/wp-json\/wp\/v2\/comments?post=1963"}],"wp:featuredmedia":[{"embeddable":true,"href":"https:\/\/afrycom.com\/fr\/wp-json\/wp\/v2\/media\/1964"}],"wp:attachment":[{"href":"https:\/\/afrycom.com\/fr\/wp-json\/wp\/v2\/media?parent=1963"}],"wp:term":[{"taxonomy":"product_brand","embeddable":true,"href":"https:\/\/afrycom.com\/fr\/wp-json\/wp\/v2\/product_brand?post=1963"},{"taxonomy":"product_cat","embeddable":true,"href":"https:\/\/afrycom.com\/fr\/wp-json\/wp\/v2\/product_cat?post=1963"},{"taxonomy":"product_tag","embeddable":true,"href":"https:\/\/afrycom.com\/fr\/wp-json\/wp\/v2\/product_tag?post=1963"}],"curies":[{"name":"wp","href":"https:\/\/api.w.org\/{rel}","templated":true}]}}