{"id":19611,"date":"2025-05-04T14:37:42","date_gmt":"2025-05-04T14:37:42","guid":{"rendered":"https:\/\/afrycom.com\/product\/sport-rubber-band-for-fitness-equipment-resistance-bands-ela\/"},"modified":"2025-05-04T14:37:44","modified_gmt":"2025-05-04T14:37:44","slug":"sport-rubber-band-for-fitness-equipment-resistance-bands-ela","status":"publish","type":"product","link":"https:\/\/afrycom.com\/fr\/produit\/sport-rubber-band-for-fitness-equipment-resistance-bands-ela\/","title":{"rendered":"Bande \u00e9lastique de sport pour \u00e9quipement de fitness Bandes de r\u00e9sistance Ela"},"content":{"rendered":"","protected":false},"excerpt":{"rendered":"","protected":false},"featured_media":19612,"comment_status":"open","ping_status":"closed","template":"","meta":[],"product_brand":[],"product_cat":[84],"product_tag":[],"class_list":{"0":"post-19611","1":"product","2":"type-product","3":"status-publish","4":"has-post-thumbnail","6":"product_cat-sports-outdoors","8":"first","9":"instock","10":"shipping-taxable","11":"purchasable","12":"product-type-variable"},"jetpack_sharing_enabled":true,"_links":{"self":[{"href":"https:\/\/afrycom.com\/fr\/wp-json\/wp\/v2\/product\/19611","targetHints":{"allow":["GET"]}}],"collection":[{"href":"https:\/\/afrycom.com\/fr\/wp-json\/wp\/v2\/product"}],"about":[{"href":"https:\/\/afrycom.com\/fr\/wp-json\/wp\/v2\/types\/product"}],"replies":[{"embeddable":true,"href":"https:\/\/afrycom.com\/fr\/wp-json\/wp\/v2\/comments?post=19611"}],"wp:featuredmedia":[{"embeddable":true,"href":"https:\/\/afrycom.com\/fr\/wp-json\/wp\/v2\/media\/19612"}],"wp:attachment":[{"href":"https:\/\/afrycom.com\/fr\/wp-json\/wp\/v2\/media?parent=19611"}],"wp:term":[{"taxonomy":"product_brand","embeddable":true,"href":"https:\/\/afrycom.com\/fr\/wp-json\/wp\/v2\/product_brand?post=19611"},{"taxonomy":"product_cat","embeddable":true,"href":"https:\/\/afrycom.com\/fr\/wp-json\/wp\/v2\/product_cat?post=19611"},{"taxonomy":"product_tag","embeddable":true,"href":"https:\/\/afrycom.com\/fr\/wp-json\/wp\/v2\/product_tag?post=19611"}],"curies":[{"name":"wp","href":"https:\/\/api.w.org\/{rel}","templated":true}]}}