{"id":1950,"date":"2025-03-06T15:50:18","date_gmt":"2025-03-06T15:50:18","guid":{"rendered":"https:\/\/afrycom.com\/product\/jhk-bureau-debout-electrique-hauteur-reglable-40x24-pouces-debout-assis-bureau-dordinateur-poste-de-travail-table-de-travail-ergonomique\/"},"modified":"2025-03-06T15:57:56","modified_gmt":"2025-03-06T15:57:56","slug":"jhk-bureau-debout-electrique-hauteur-reglable-40x24-pouces-debout-assis-bureau-dordinateur-poste-de-travail-table-de-travail-ergonomique","status":"publish","type":"product","link":"https:\/\/afrycom.com\/fr\/produit\/jhk-bureau-debout-electrique-hauteur-reglable-40x24-pouces-debout-assis-bureau-dordinateur-poste-de-travail-table-de-travail-ergonomique\/","title":{"rendered":"JHK bureau debout \u00e9lectrique hauteur r\u00e9glable 40\u00d724 pouces debout assis bureau d'ordinateur poste de travail Table de travail ergonomique"},"content":{"rendered":"<div class=\"product-specs-list-container\">\n<ul class=\"product-specs-list util-clearfix\">\n<li class=\"product-prop line-limit-length\"><span class=\"property-title\">Produits chimiques \u00e0 haute teneur en soufre :\u00a0<\/span><span class=\"property-desc line-limit-length\">Aucun<\/span><\/li>\n<li class=\"product-prop line-limit-length\"><span class=\"property-title\">M\u00e9thode d'installation :\u00a0<\/span><span class=\"property-desc line-limit-length\">Assemblage<\/span><\/li>\n<li class=\"product-prop line-limit-length\"><span class=\"property-title\">Utilisation sp\u00e9cifique :\u00a0<\/span><span class=\"property-desc line-limit-length\">Bureaux<\/span><\/li>\n<li class=\"product-prop line-limit-length\"><span class=\"property-title\">Utilisation g\u00e9n\u00e9rale :\u00a0<\/span><span class=\"property-desc line-limit-length\">Meubles commerciaux<\/span><\/li>\n<li class=\"product-prop line-limit-length\"><span class=\"property-title\">Origine :\u00a0<\/span><span class=\"property-desc line-limit-length\">CN (Origine)<\/span><\/li>\n<li class=\"product-prop line-limit-length\"><span class=\"property-title\">Nom de marque :\u00a0<\/span><span class=\"property-desc line-limit-length\">JHK<\/span><\/li>\n<li class=\"product-prop line-limit-length\"><span class=\"property-title\">Type :\u00a0<\/span><span class=\"property-desc line-limit-length\">meubles de bureau<\/span><\/li>\n<\/ul>\n<\/div>\n<div class=\"detailmodule_html\">\n<div class=\"detail-desc-decorate-richtext\">\n<p><img decoding=\"async\" src=\"https:\/\/ae01.alicdn.com\/kf\/Sa67ebf55820b461392386159befd2796c.jpg\" \/><img decoding=\"async\" src=\"https:\/\/ae01.alicdn.com\/kf\/Sfde0a6f9a695482c9f3ba074790f97674.jpg\" \/><img decoding=\"async\" src=\"https:\/\/ae01.alicdn.com\/kf\/S1008fe4a1de0485a97820bc6467ae2e0v.jpg\" \/><img decoding=\"async\" src=\"https:\/\/ae01.alicdn.com\/kf\/S77f42219554b44859ab6bcbc6754a682k.jpg\" \/><img decoding=\"async\" src=\"https:\/\/ae01.alicdn.com\/kf\/S14e5904fef2a43aa8372be1f2285f230u.jpg\" \/><\/p>\n<p>\u00c0 propos de ce produit<\/p>\n<p>\u3010R\u00e9glage \u00e9lectrique de la hauteur\u3011 Notre bureau debout offre une hauteur r\u00e9glable allant de 28,35 et#39;&amp;#39; \u00e0 46.46&amp;#39;&amp;#39;, r\u00e9pondant \u00e0 vos pr\u00e9f\u00e9rences individuelles.Le distinguant des bureaux de bureau standard, notre bureau d&#8217;ordinateur r\u00e9glable en hauteur dispose de 3 boutons m\u00e9moire pour des r\u00e9glages personnalisables, vous permettant d&#8217;enregistrer et de rappeler sans effort votre hauteur pr\u00e9f\u00e9r\u00e9e en appuyant simplement sur &amp;#34;S&amp;#34;.<\/p>\n<p>\u3010Robuste et#38 ; Conception spacieuse : con\u00e7u pour accueillir facilement des ordinateurs portables et des moniteurs, notre bureau debout dispose d&#8217;un bureau en bois spacieux qui adh\u00e8re \u00e0 l&#8217;EPA et#38 ; Normes CARB.Soutenu par une structure robuste en forme de T, il assure stabilit\u00e9 et durabilit\u00e9, supportant jusqu&#8217;\u00e0 154 lb de poids.Veuillez noter que le plateau comprend 2 pi\u00e8ces n\u00e9cessitant un assemblage et une connexion.<\/p>\n<p>Moteur haute performance : \u00e9quip\u00e9 d&#8217;un moteur haut de gamme, notre bureau assis pour se tenir debout garantit une dur\u00e9e de vie plus longue.Son syst\u00e8me de levage \u00e9lectrique assure des r\u00e9glages de hauteur en douceur avec un bruit minimal (&lt; 55 dB), \u00e9liminant ainsi la nuisance des sons perturbateurs pendant le fonctionnement.<\/p>\n<p>\u3010Caract\u00e9ristiques de s\u00e9curit\u00e9 innovantes\u3011 Dot\u00e9e d&#8217;une technologie anti-collision avanc\u00e9e et d&#8217;une fonction de verrouillage de s\u00e9curit\u00e9, notre poste de travail pour ordinateur \u00e9lectrique est con\u00e7ue pour \u00e9viter les collisions ou les obstructions pendant le mouvement, garantissant une s\u00e9curit\u00e9 accrue.De plus, le plateau reste bien en place m\u00eame en cas de panne de courant pendant le fonctionnement.<\/p>\n<p>\u3010Installation sans effort\u3011 Notre forfait comprend le bureau \u00e0 hauteur r\u00e9glable, des instructions compl\u00e8tes et tous les outils d&#8217;installation n\u00e9cessaires. Gr\u00e2ce \u00e0 notre vid\u00e9o d&#8217;installation fournie, configurer votre bureau est un jeu d&#8217;enfant. Si vous rencontrez des d\u00e9fis lors de l&#8217;installation ou de l&#8217;utilisation, n&#8217;h\u00e9sitez pas \u00e0 nous contacter pour obtenir une assistance rapide.<\/p>\n<p><img decoding=\"async\" src=\"https:\/\/ae01.alicdn.com\/kf\/S324c43f540774a1b9c2aaed74a924e23a.jpg\" \/><img decoding=\"async\" src=\"https:\/\/ae01.alicdn.com\/kf\/Sd77704f3c4d34a0d9b95edf48ab558b6d.jpg\" \/><img decoding=\"async\" src=\"https:\/\/ae01.alicdn.com\/kf\/Sc964777da00442359d446f744355b1c9V.jpg\" \/><img decoding=\"async\" src=\"https:\/\/ae01.alicdn.com\/kf\/S9f4df00e692d478b896e85620d7983740.jpg\" \/><img decoding=\"async\" src=\"https:\/\/ae01.alicdn.com\/kf\/S0b0875a4c3b74166827cec0e17bfaa16f.jpg\" \/><img decoding=\"async\" src=\"https:\/\/ae01.alicdn.com\/kf\/Se5888ffa63d44ab889e969720337e480p.jpg\" \/><img decoding=\"async\" src=\"https:\/\/ae01.alicdn.com\/kf\/S13b303adc4654ae0b1e001d2bace228ag.jpg\" \/><\/p>\n<\/div>\n<\/div>","protected":false},"excerpt":{"rendered":"<p>Hign-concerned Chemical:\u00a0Aucun Installation Method:\u00a0Assemblage Specific Use:\u00a0Bureaux General Use:\u00a0Meubles commerciaux Origin:\u00a0CN (Origine) Brand Name:\u00a0JHK Type:\u00a0meubles de bureau \u00c0 propos de ce<\/p>","protected":false},"featured_media":1951,"comment_status":"open","ping_status":"closed","template":"","meta":[],"product_brand":[],"product_cat":[86],"product_tag":[],"class_list":{"0":"post-1950","1":"product","2":"type-product","3":"status-publish","4":"has-post-thumbnail","6":"product_cat-office-accessories","8":"first","9":"instock","10":"sale","11":"shipping-taxable","12":"purchasable","13":"product-type-variable"},"jetpack_sharing_enabled":true,"_links":{"self":[{"href":"https:\/\/afrycom.com\/fr\/wp-json\/wp\/v2\/product\/1950","targetHints":{"allow":["GET"]}}],"collection":[{"href":"https:\/\/afrycom.com\/fr\/wp-json\/wp\/v2\/product"}],"about":[{"href":"https:\/\/afrycom.com\/fr\/wp-json\/wp\/v2\/types\/product"}],"replies":[{"embeddable":true,"href":"https:\/\/afrycom.com\/fr\/wp-json\/wp\/v2\/comments?post=1950"}],"wp:featuredmedia":[{"embeddable":true,"href":"https:\/\/afrycom.com\/fr\/wp-json\/wp\/v2\/media\/1951"}],"wp:attachment":[{"href":"https:\/\/afrycom.com\/fr\/wp-json\/wp\/v2\/media?parent=1950"}],"wp:term":[{"taxonomy":"product_brand","embeddable":true,"href":"https:\/\/afrycom.com\/fr\/wp-json\/wp\/v2\/product_brand?post=1950"},{"taxonomy":"product_cat","embeddable":true,"href":"https:\/\/afrycom.com\/fr\/wp-json\/wp\/v2\/product_cat?post=1950"},{"taxonomy":"product_tag","embeddable":true,"href":"https:\/\/afrycom.com\/fr\/wp-json\/wp\/v2\/product_tag?post=1950"}],"curies":[{"name":"wp","href":"https:\/\/api.w.org\/{rel}","templated":true}]}}