{"id":19250,"date":"2025-05-04T14:34:59","date_gmt":"2025-05-04T14:34:59","guid":{"rendered":"https:\/\/afrycom.com\/product\/godox%e7%a5%9e%e7%89%9bsl150w-iii%e8%a1%a5%e5%85%89%e7%81%af%e4%b8%89%e4%bb%a3%e6%91%84%e5%bd%b1%e7%81%afled%e4%b8%93%e4%b8%9a%e7%9b%b4%e6%92%ad%e6%9c%8d%e8%a3%85sl200w%e7%bb%bf%e5%b9%95%e4%b8%bb\/"},"modified":"2025-07-04T12:16:56","modified_gmt":"2025-07-04T12:16:56","slug":"godox-sl150w-iii-3e-generation-pour-streaming-studio-fond-vert","status":"publish","type":"product","link":"https:\/\/afrycom.com\/fr\/produit\/godox-sl150w-iii-3e-generation-pour-streaming-studio-fond-vert\/","title":{"rendered":"Godox SL150W III 3e g\u00e9n\u00e9ration - Pour streaming, studio &amp; fond vert"},"content":{"rendered":"","protected":false},"excerpt":{"rendered":"<p>Puissante et polyvalente, la lampe vid\u00e9o <strong>Godox SL150W III 3e g\u00e9n\u00e9ration <\/strong>offre un \u00e9clairage professionnel pour le streaming, les vid\u00e9os mode, fond vert, interviews et shootings photo\/vid\u00e9o en studio ou sur le terrain. Avec sa <strong>temp\u00e9rature de couleur r\u00e9glable (2700K\u20136500K) <\/strong>, son <strong>design robuste <\/strong>et sa compatibilit\u00e9 avec les accessoires d\u2019\u00e9clairage, elle est id\u00e9ale pour vid\u00e9astes, influenceurs et photographes exigeants.<\/p>","protected":false},"featured_media":19251,"comment_status":"open","ping_status":"closed","template":"","meta":[],"product_brand":[],"product_cat":[5769,5771],"product_tag":[],"class_list":{"0":"post-19250","1":"product","2":"type-product","3":"status-publish","4":"has-post-thumbnail","6":"product_cat-photograhy-accessories","7":"product_cat-studio-lights-photograhy-accessories","9":"first","10":"instock","11":"shipping-taxable","12":"purchasable","13":"product-type-variable"},"jetpack_sharing_enabled":true,"_links":{"self":[{"href":"https:\/\/afrycom.com\/fr\/wp-json\/wp\/v2\/product\/19250","targetHints":{"allow":["GET"]}}],"collection":[{"href":"https:\/\/afrycom.com\/fr\/wp-json\/wp\/v2\/product"}],"about":[{"href":"https:\/\/afrycom.com\/fr\/wp-json\/wp\/v2\/types\/product"}],"replies":[{"embeddable":true,"href":"https:\/\/afrycom.com\/fr\/wp-json\/wp\/v2\/comments?post=19250"}],"wp:featuredmedia":[{"embeddable":true,"href":"https:\/\/afrycom.com\/fr\/wp-json\/wp\/v2\/media\/19251"}],"wp:attachment":[{"href":"https:\/\/afrycom.com\/fr\/wp-json\/wp\/v2\/media?parent=19250"}],"wp:term":[{"taxonomy":"product_brand","embeddable":true,"href":"https:\/\/afrycom.com\/fr\/wp-json\/wp\/v2\/product_brand?post=19250"},{"taxonomy":"product_cat","embeddable":true,"href":"https:\/\/afrycom.com\/fr\/wp-json\/wp\/v2\/product_cat?post=19250"},{"taxonomy":"product_tag","embeddable":true,"href":"https:\/\/afrycom.com\/fr\/wp-json\/wp\/v2\/product_tag?post=19250"}],"curies":[{"name":"wp","href":"https:\/\/api.w.org\/{rel}","templated":true}]}}