{"id":19116,"date":"2025-05-04T14:29:30","date_gmt":"2025-05-04T14:29:30","guid":{"rendered":"https:\/\/afrycom.com\/product\/%e6%96%b0%e5%a9%9a%e4%bc%b4%e6%89%8b%e7%a4%bc%e8%b4%a7%e6%ba%90ins%e9%a6%99%e6%b0%9b%e8%9c%a1%e7%83%9bcandle%e7%b2%be%e6%b2%b9%e9%a6%99%e8%96%b0%e8%9c%a1%e7%83%9b\/"},"modified":"2025-08-02T10:03:16","modified_gmt":"2025-08-02T10:03:16","slug":"bougie-parfumee-mariage-cadeau-invite-tendance-naturelle-et-elegante","status":"publish","type":"product","link":"https:\/\/afrycom.com\/fr\/produit\/bougie-parfumee-mariage-cadeau-invite-tendance-naturelle-et-elegante\/","title":{"rendered":"Bougie parfum\u00e9e mariage - Cadeau invit\u00e9 tendance, naturelle et \u00e9l\u00e9gante"},"content":{"rendered":"","protected":false},"excerpt":{"rendered":"","protected":false},"featured_media":19117,"comment_status":"open","ping_status":"closed","template":"","meta":[],"product_brand":[],"product_cat":[45],"product_tag":[],"class_list":{"0":"post-19116","1":"product","2":"type-product","3":"status-publish","4":"has-post-thumbnail","6":"product_cat-home-garden","8":"first","9":"instock","10":"shipping-taxable","11":"purchasable","12":"product-type-variable"},"jetpack_sharing_enabled":true,"_links":{"self":[{"href":"https:\/\/afrycom.com\/fr\/wp-json\/wp\/v2\/product\/19116","targetHints":{"allow":["GET"]}}],"collection":[{"href":"https:\/\/afrycom.com\/fr\/wp-json\/wp\/v2\/product"}],"about":[{"href":"https:\/\/afrycom.com\/fr\/wp-json\/wp\/v2\/types\/product"}],"replies":[{"embeddable":true,"href":"https:\/\/afrycom.com\/fr\/wp-json\/wp\/v2\/comments?post=19116"}],"wp:featuredmedia":[{"embeddable":true,"href":"https:\/\/afrycom.com\/fr\/wp-json\/wp\/v2\/media\/19117"}],"wp:attachment":[{"href":"https:\/\/afrycom.com\/fr\/wp-json\/wp\/v2\/media?parent=19116"}],"wp:term":[{"taxonomy":"product_brand","embeddable":true,"href":"https:\/\/afrycom.com\/fr\/wp-json\/wp\/v2\/product_brand?post=19116"},{"taxonomy":"product_cat","embeddable":true,"href":"https:\/\/afrycom.com\/fr\/wp-json\/wp\/v2\/product_cat?post=19116"},{"taxonomy":"product_tag","embeddable":true,"href":"https:\/\/afrycom.com\/fr\/wp-json\/wp\/v2\/product_tag?post=19116"}],"curies":[{"name":"wp","href":"https:\/\/api.w.org\/{rel}","templated":true}]}}