{"id":1906,"date":"2025-03-06T15:43:07","date_gmt":"2025-03-06T15:43:07","guid":{"rendered":"https:\/\/afrycom.com\/product\/bon-microphone-dynamique-usb-xlr-avec-bouton-de-sourdine-tactile-prise-casque-commandes-de-s-pour-pc-ps5-4-melangeur-micro-de-jeu-ampligame-am8\/"},"modified":"2025-10-26T13:42:36","modified_gmt":"2025-10-26T13:42:36","slug":"microphone-dynamique-usb-xlr-avec-bouton-de-sourdine-tactile-prise-casque-commandes-de-s-pour-pc-ps5-4-melangeur-micro-de-jeu-ampligame-am8","status":"publish","type":"product","link":"https:\/\/afrycom.com\/fr\/produit\/microphone-dynamique-usb-xlr-avec-bouton-de-sourdine-tactile-prise-casque-commandes-de-s-pour-pc-ps5-4-melangeur-micro-de-jeu-ampligame-am8\/","title":{"rendered":"Microphone dynamique USB\/XLR avec bouton de sourdine tactile, prise casque, commandes d&#8217;e\/s, pour PC PS5\/4, m\u00e9langeur, micro de jeu Ampligame AM8"},"content":{"rendered":"<div class=\"product-specs-list-container\">\n<ul class=\"product-specs-list util-clearfix\">\n<li class=\"product-prop line-limit-length\"><span class=\"property-title\">Chimique Hign-concern\u00e9 :\u00a0<\/span><span class=\"property-desc line-limit-length\">Aucun<\/span><\/li>\n<li class=\"product-prop line-limit-length\"><span class=\"property-title\">Diaphragme :\u00a0<\/span><span class=\"property-desc line-limit-length\">GRAND<\/span><\/li>\n<li class=\"product-prop line-limit-length\"><span class=\"property-title\">Motifs polaires :\u00a0<\/span><span class=\"property-desc line-limit-length\">Cardio\u00efde<\/span><\/li>\n<li class=\"product-prop line-limit-length\"><span class=\"property-title\">Paquet :\u00a0<\/span><span class=\"property-desc line-limit-length\">Oui<\/span><\/li>\n<li class=\"product-prop line-limit-length\"><span class=\"property-title\">Communication :\u00a0<\/span><span class=\"property-desc line-limit-length\">filaire<\/span><\/li>\n<li class=\"product-prop line-limit-length\"><span class=\"property-title\">Type D'ensemble :\u00a0<\/span><span class=\"property-desc line-limit-length\">Kits multi-microphones<\/span><\/li>\n<li class=\"product-prop line-limit-length\"><span class=\"property-title\">Transducteur :\u00a0<\/span><span class=\"property-desc line-limit-length\">Microphone dynamique<\/span><\/li>\n<li class=\"product-prop line-limit-length\"><span class=\"property-title\">Utiliser :\u00a0<\/span><span class=\"property-desc line-limit-length\">Home studio<\/span><\/li>\n<li class=\"product-prop line-limit-length\"><span class=\"property-title\">Style :\u00a0<\/span><span class=\"property-desc line-limit-length\">Tableau<\/span><\/li>\n<li class=\"product-prop line-limit-length\"><span class=\"property-title\">Nom de marque :\u00a0<\/span><span class=\"property-desc line-limit-length\">nom de marque<\/span><\/li>\n<li class=\"product-prop line-limit-length\"><span class=\"property-title\">Origine :\u00a0<\/span><span class=\"property-desc line-limit-length\">CN (Origine)<\/span><\/li>\n<li class=\"product-prop line-limit-length\"><span class=\"property-title\">Produits chimiques \u00e0 haute teneur en soufre :\u00a0<\/span><span class=\"property-desc line-limit-length\">Aucun<\/span><\/li>\n<li class=\"product-prop line-limit-length\"><span class=\"property-title\">FIFINE Mod\u00e8le :\u00a0<\/span><span class=\"property-desc line-limit-length\">AM8<\/span><\/li>\n<li class=\"product-prop line-limit-length\"><span class=\"property-title\">\u00c9l\u00e9ment :\u00a0<\/span><span class=\"property-desc line-limit-length\">Dynamique<\/span><\/li>\n<li class=\"product-prop line-limit-length\"><span class=\"property-title\">Mod\u00e8le polaire :\u00a0<\/span><span class=\"property-desc line-limit-length\">Cardio\u00efde<\/span><\/li>\n<li class=\"product-prop line-limit-length\"><span class=\"property-title\">Connecteur :\u00a0<\/span><span class=\"property-desc line-limit-length\">USB-C et XLR<\/span><\/li>\n<li class=\"product-prop line-limit-length\"><span class=\"property-title\">Gamme de fr\u00e9quences :\u00a0<\/span><span class=\"property-desc line-limit-length\">50Hz-16KHz<\/span><\/li>\n<li class=\"product-prop line-limit-length\"><span class=\"property-title\">Rapport S\/B :\u00a0<\/span><span class=\"property-desc line-limit-length\">&gt;80dB<\/span><\/li>\n<li class=\"product-prop line-limit-length\"><span class=\"property-title\">Sensibilit\u00e9 :\u00a0<\/span><span class=\"property-desc line-limit-length\">-50\u00b13dB<\/span><\/li>\n<li class=\"product-prop line-limit-length\"><span class=\"property-title\">SPL maximum :\u00a0<\/span><span class=\"property-desc line-limit-length\">120 dB<\/span><\/li>\n<li class=\"product-prop line-limit-length\"><span class=\"property-title\">Alimentation \u00e9lectrique :\u00a0<\/span><span class=\"property-desc line-limit-length\">5\u00b10.25V<\/span><\/li>\n<li class=\"product-prop line-limit-length\"><span class=\"property-title\">Le paquet comprend :\u00a0<\/span><span class=\"property-desc line-limit-length\">Microphone AM8*1, c\u00e2ble USB-C*1, support de microphone*1, manuel*1<\/span><\/li>\n<li class=\"product-prop line-limit-length\"><span class=\"property-title\">Nom du mod\u00e8le :\u00a0<\/span><span class=\"property-desc line-limit-length\">A8<\/span><\/li>\n<li class=\"product-prop line-limit-length\"><span class=\"property-title\">Courant de fonctionnement :\u00a0<\/span><span class=\"property-desc line-limit-length\">200mA<\/span><\/li>\n<li class=\"product-prop line-limit-length\"><span class=\"property-title\">Sortie :\u00a0<\/span><span class=\"property-desc line-limit-length\">USB<\/span><\/li>\n<li class=\"product-prop line-limit-length\"><span class=\"property-title\">R\u00e9ponse en fr\u00e9quence :\u00a0<\/span><span class=\"property-desc line-limit-length\">50Hz-20KHZ<\/span><\/li>\n<li class=\"product-prop line-limit-length\"><span class=\"property-title\">Mod\u00e8le :\u00a0<\/span><span class=\"property-desc line-limit-length\">Ampligame<\/span><\/li>\n<\/ul>\n<\/div>\n<div class=\"detailmodule_html\">\n<div class=\"detail-desc-decorate-richtext\">\n<div class=\"detailmodule_html\">\n<div class=\"detail-desc-decorate-richtext\">\n<p id=\"tl_1\">Mettez \u00e0 niveau la sortie XLR et la sortie USB pratique<\/p>\n<p id=\"tl_2\">Fourni avec des connexions USB et XLRSi vous utilisez le connecteur XLR.Mais en gros, ce n'est pas le type g\u00e9n\u00e9ral de micros dynamiques o\u00f9 les m\u00e9diums sont pro\u00e9minents lorsque la luminosit\u00e9 manque.H\u00e9ritant de la lign\u00e9e de FIFINE, les aigus sont quelque chose qui ne manquera pas mais ce n'est pas tellement d'assaquer votre oreille avec duret\u00e9.La connexion USB r\u00e9pond plus facilement \u00e0 vos besoins d'enregistrement quotidiens et \u00e9galement portable lorsque vous \u00eates au travail.S'il y en a un tel n\u00e9cessaire, ou peut-\u00eatre pour une configuration sp\u00e9ciale \u00e0 deux PC, vous pouvez m\u00eame envoyer le signal du micro \u00e0 deux endroits diff\u00e9rents, comme votre PC et une interface audio ou un PA lorsque vous l'utilisez \u00e0 l'ext\u00e9rieur.Remarque : les c\u00e2bles XLR ne sont pas inclus<\/p>\n<p id=\"tl_3\">10 modes RVB<\/p>\n<p id=\"tl_4\">Le flux RVB dynamique, gr\u00e2ce \u00e0 la superposition automatique des trois couleurs primaires rouge, bleu et vert, forme une couleur comme un streamer.D\u00e9grad\u00e9 de rupture : changements de couleur arc-en-ciel dans les cycles.Couleur unique statique : dans ce mode, vous avez le choix entre 8 couleurs.Vous pouvez choisir une couleur que vous aimez pour la rendre statique.<\/p>\n<p id=\"tl_5\">Prise casque de surveillance en temps r\u00e9el<\/p>\n<p id=\"tl_6\">Le microphone dynamique fifine Am Anwarame AM8 dispose d'une prise casque 3,5 mm, qui vous permet d'\u00e9couter tout ce que vous enregistrez ou sans aucun d\u00e9lai pour garantir une cr\u00e9ation fluide. Vous pouvez \u00e9galement converser avec votre partenaire sans d\u00e9lai dans le jeu.<\/p>\n<p id=\"tl_7\">Commandes fonctionnelles<\/p>\n<p id=\"tl_8\">Il y a deux cadrans pour le volume du microphone et du casque. Le bouton de volume est enti\u00e8rement<\/p>\n<p id=\"tl_9\">les param\u00e8tres humanis\u00e9s peuvent rendre le r\u00e9glage du volume plus pr\u00e9cis et r\u00e9pondre \u00e0 vos exigences pour<\/p>\n<p id=\"tl_10\">r\u00e9glage du niveau de volume au maximum. R\u00e9glage de l'effet de lumi\u00e8re, nous d\u00e9finissons son contr\u00f4le sur une touche<\/p>\n<p id=\"tl_11\">type, par rapport au bouton, il n'\u00e9mettra pas de bruit g\u00eanant.<\/p>\n<p id=\"tl_12\">Compatible avec deux tailles d'\u00e9crous<\/p>\n<p id=\"tl_13\">Nous d\u00e9finissons l'\u00e9crou du support de microphone pour qu'il soit compatible avec 3\/8 \"ou 5\/8\", afin que ce soit si<\/p>\n<p id=\"tl_14\">votre bras de perche est de 3\/8 \"ou 5\/8\", il peut \u00eatre parfaitement compatible avec le microphone, sans aucun<\/p>\n<p id=\"tl_15\">adaptateur.<\/p>\n<p>==========<\/p>\n<p id=\"tl_16\">Produits chimiques de haute qualit\u00e9 : Aucun<\/p>\n<p id=\"tl_17\">Diaphragme : S-Mall<\/p>\n<p id=\"tl_18\">Motifs polaires : Cardio\u00efde<\/p>\n<p id=\"tl_19\">Paquet : Oui<\/p>\n<p id=\"tl_20\">Communication : Filaire<\/p>\n<p id=\"tl_21\">Type d'ensemble : Kits multi-microphones<\/p>\n<p id=\"tl_22\">Transducteur : Microphone dynamique<\/p>\n<p id=\"tl_23\">Utilisation : Studio \u00e0 domicile<\/p>\n<p id=\"tl_24\">Style : Dessus de table<\/p>\n<p id=\"tl_25\">Mod\u00e8le FIFINE : AM8<\/p>\n<p id=\"tl_26\">Origine : Chine continentale<\/p>\n<p id=\"tl_27\">Certification : CE, FCC, KC<\/p>\n<p id=\"tl_28\">Num\u00e9ro de mod\u00e8le : AM8<\/p>\n<p id=\"tl_29\">\u00c9l\u00e9ment : Dynamique<\/p>\n<p id=\"tl_30\">Motif polaire : Cardio\u00efde<\/p>\n<p id=\"tl_31\">Connecteur : USB-C et XLR<\/p>\n<p id=\"tl_32\">Gamme de fr\u00e9quences : 50 Hz-16 KHz<\/p>\n<p id=\"tl_33\">Rapport S\/B : &gt;80 dB<\/p>\n<p id=\"tl_34\">Sensibilit\u00e9 : -50\u00b13dB<\/p>\n<p id=\"tl_35\">SPL maximum : 120 dB<\/p>\n<p id=\"tl_36\">Alimentation : 5\u00b10,25V<\/p>\n<p id=\"tl_37\">Le forfait comprend : microphone AM8*1, c\u00e2ble USB-C*1, support de microphone*1, manuel*1<\/p>\n<div><img decoding=\"async\" src=\"https:\/\/ae01.alicdn.com\/kf\/S8183f74f04c94b13865991cd4f41ee568.jpg\" \/><br \/>\n<img decoding=\"async\" src=\"https:\/\/ae01.alicdn.com\/kf\/S3c9f52fecfe34cc3af497523eca3cb52x.jpg\" \/><br \/>\n<img decoding=\"async\" src=\"https:\/\/ae01.alicdn.com\/kf\/S6abafbe2667c49edbeac8e257306484e6.jpg\" \/><br \/>\n<img decoding=\"async\" src=\"https:\/\/ae01.alicdn.com\/kf\/S997c95209d7c46bf913325dd20e440fcS.jpg\" \/><br \/>\n<img decoding=\"async\" src=\"https:\/\/ae01.alicdn.com\/kf\/S694670c1cb3a47b8a87935093affc7194.jpg\" \/><br \/>\n<img decoding=\"async\" src=\"https:\/\/ae01.alicdn.com\/kf\/S77b5e10c92224bf5a9ef4c5f163982f6N.jpg\" \/><br \/>\n<img decoding=\"async\" src=\"https:\/\/ae01.alicdn.com\/kf\/S10b2defd840c483293e31be50d62f8baQ.jpg\" \/><\/div>\n<\/div>\n<\/div>\n<\/div>\n<\/div>","protected":false},"excerpt":{"rendered":"<p>Chimique Hign-concern\u00e9:\u00a0Aucun Diaphragme:\u00a0LARGE Motifs polaires:\u00a0Cardio\u00efde Paquet:\u00a0Oui Communication:\u00a0filaire Type D&#8217;ensemble:\u00a0Kits multi-microphones Transducteur:\u00a0Microphone dynamique Utiliser:\u00a0Home studio Style:\u00a0Table Nom de marque:\u00a0brand name Origine:\u00a0CN<\/p>","protected":false},"featured_media":1907,"comment_status":"open","ping_status":"closed","template":"","meta":[],"product_brand":[],"product_cat":[5772,5769],"product_tag":[102],"class_list":{"0":"post-1906","1":"product","2":"type-product","3":"status-publish","4":"has-post-thumbnail","6":"product_cat-microphones-photograhy-accessories","7":"product_cat-photograhy-accessories","8":"product_tag-microphone","10":"first","11":"instock","12":"sale","13":"shipping-taxable","14":"purchasable","15":"product-type-variable"},"jetpack_sharing_enabled":true,"_links":{"self":[{"href":"https:\/\/afrycom.com\/fr\/wp-json\/wp\/v2\/product\/1906","targetHints":{"allow":["GET"]}}],"collection":[{"href":"https:\/\/afrycom.com\/fr\/wp-json\/wp\/v2\/product"}],"about":[{"href":"https:\/\/afrycom.com\/fr\/wp-json\/wp\/v2\/types\/product"}],"replies":[{"embeddable":true,"href":"https:\/\/afrycom.com\/fr\/wp-json\/wp\/v2\/comments?post=1906"}],"wp:featuredmedia":[{"embeddable":true,"href":"https:\/\/afrycom.com\/fr\/wp-json\/wp\/v2\/media\/1907"}],"wp:attachment":[{"href":"https:\/\/afrycom.com\/fr\/wp-json\/wp\/v2\/media?parent=1906"}],"wp:term":[{"taxonomy":"product_brand","embeddable":true,"href":"https:\/\/afrycom.com\/fr\/wp-json\/wp\/v2\/product_brand?post=1906"},{"taxonomy":"product_cat","embeddable":true,"href":"https:\/\/afrycom.com\/fr\/wp-json\/wp\/v2\/product_cat?post=1906"},{"taxonomy":"product_tag","embeddable":true,"href":"https:\/\/afrycom.com\/fr\/wp-json\/wp\/v2\/product_tag?post=1906"}],"curies":[{"name":"wp","href":"https:\/\/api.w.org\/{rel}","templated":true}]}}