{"id":19038,"date":"2025-05-04T14:05:42","date_gmt":"2025-05-04T14:05:42","guid":{"rendered":"https:\/\/afrycom.com\/product\/75l85l130l%e4%bf%9d%e6%b8%a9%e7%ae%b1%e5%a4%96%e5%8d%96%e9%80%81%e9%a4%90%e7%ae%b1%e9%a5%ad%e8%8f%9c%e4%bf%9d%e6%b8%a9%e4%bf%9d%e7%83%ad%e9%a3%9f%e5%93%81%e5%86%b7%e9%93%be%e6%b5%b7%e9%b2%9c%e5%86%b7\/"},"modified":"2025-07-10T16:43:21","modified_gmt":"2025-07-10T16:43:21","slug":"coffre-isotherme-75l-85l-130l-boite-de-livraison-thermique-pour-repas-aliments-fruits-de-mer-et-produits-surgeles-resistant-a-la-glace-et-a-la-chaleu","status":"publish","type":"product","link":"https:\/\/afrycom.com\/fr\/produit\/coffre-isotherme-75l-85l-130l-boite-de-livraison-thermique-pour-repas-aliments-fruits-de-mer-et-produits-surgeles-resistant-a-la-glace-et-a-la-chaleu\/","title":{"rendered":"Coffre Isotherme 75L \/ 85L \/ 130L - Bo\u00eete de Livraison Thermique pour Repas, Aliments, Fruits de Mer et Produits Surgel\u00e9s - R\u00e9sistant \u00e0 la Glace et \u00e0 la Chaleu"},"content":{"rendered":"","protected":false},"excerpt":{"rendered":"","protected":false},"featured_media":19039,"comment_status":"open","ping_status":"closed","template":"","meta":[],"product_brand":[],"product_cat":[31],"product_tag":[],"class_list":{"0":"post-19038","1":"product","2":"type-product","3":"status-publish","4":"has-post-thumbnail","6":"product_cat-small-kitchen-appliances-appliances","8":"first","9":"instock","10":"shipping-taxable","11":"purchasable","12":"product-type-variable"},"jetpack_sharing_enabled":true,"_links":{"self":[{"href":"https:\/\/afrycom.com\/fr\/wp-json\/wp\/v2\/product\/19038","targetHints":{"allow":["GET"]}}],"collection":[{"href":"https:\/\/afrycom.com\/fr\/wp-json\/wp\/v2\/product"}],"about":[{"href":"https:\/\/afrycom.com\/fr\/wp-json\/wp\/v2\/types\/product"}],"replies":[{"embeddable":true,"href":"https:\/\/afrycom.com\/fr\/wp-json\/wp\/v2\/comments?post=19038"}],"wp:featuredmedia":[{"embeddable":true,"href":"https:\/\/afrycom.com\/fr\/wp-json\/wp\/v2\/media\/19039"}],"wp:attachment":[{"href":"https:\/\/afrycom.com\/fr\/wp-json\/wp\/v2\/media?parent=19038"}],"wp:term":[{"taxonomy":"product_brand","embeddable":true,"href":"https:\/\/afrycom.com\/fr\/wp-json\/wp\/v2\/product_brand?post=19038"},{"taxonomy":"product_cat","embeddable":true,"href":"https:\/\/afrycom.com\/fr\/wp-json\/wp\/v2\/product_cat?post=19038"},{"taxonomy":"product_tag","embeddable":true,"href":"https:\/\/afrycom.com\/fr\/wp-json\/wp\/v2\/product_tag?post=19038"}],"curies":[{"name":"wp","href":"https:\/\/api.w.org\/{rel}","templated":true}]}}