{"id":1860,"date":"2025-03-05T13:50:00","date_gmt":"2025-03-05T13:50:00","guid":{"rendered":"https:\/\/afrycom.com\/product\/ensemble-de-mini-baume-a-levres-au-beurre-soin-hydratant-longue-duree-vanille-beige-vanille-cafe-glace-cassonade-format-voyage-4-pieces\/"},"modified":"2025-06-23T14:45:17","modified_gmt":"2025-06-23T14:45:17","slug":"ensemble-de-mini-baume-a-levres-au-beurre-soin-hydratant-longue-duree-vanille-beige-vanille-cafe-glace-cassonade-format-voyage-4-pieces","status":"publish","type":"product","link":"https:\/\/afrycom.com\/fr\/produit\/ensemble-de-mini-baume-a-levres-au-beurre-soin-hydratant-longue-duree-vanille-beige-vanille-cafe-glace-cassonade-format-voyage-4-pieces\/","title":{"rendered":"Ensemble de Mini baume \u00e0 l\u00e8vres au beurre, soin hydratant longue dur\u00e9e, vanille Beige vanille, caf\u00e9 glac\u00e9, cassonade, format voyage, 4 pi\u00e8ces"},"content":{"rendered":"<div class=\"product-specs-list-container\">\n<ul class=\"product-specs-list util-clearfix\">\n<li class=\"product-prop line-limit-length\"><span class=\"property-title\">Chimique Hign-concern\u00e9 :\u00a0<\/span><span class=\"property-desc line-limit-length\">Aucun<\/span><\/li>\n<li class=\"product-prop line-limit-length\"><span class=\"property-title\">Nombre de pi\u00e8ces :\u00a0<\/span><span class=\"property-desc line-limit-length\">Une Unit\u00e9<\/span><\/li>\n<li class=\"product-prop line-limit-length\"><span class=\"property-title\">Pays\/R\u00e9gion de Fabrication :\u00a0<\/span><span class=\"property-desc line-limit-length\">CHINE<\/span><\/li>\n<li class=\"product-prop line-limit-length\"><span class=\"property-title\">Taille :\u00a0<\/span><span class=\"property-desc line-limit-length\">taille r\u00e9elle<\/span><\/li>\n<li class=\"product-prop line-limit-length\"><span class=\"property-title\">Avantage :\u00a0<\/span><span class=\"property-desc line-limit-length\">Hydratant,LONGUE TENUE,Hydratant,Nutritifs,autre,Facile \u00e0 appliquer,Imperm\u00e9able<\/span><\/li>\n<li class=\"product-prop line-limit-length\"><span class=\"property-title\">Nom de marque :\u00a0<\/span><span class=\"property-desc line-limit-length\">ibcccndc<\/span><\/li>\n<li class=\"product-prop line-limit-length\"><span class=\"property-title\">Origine :\u00a0<\/span><span class=\"property-desc line-limit-length\">HK (Origine)<\/span><\/li>\n<li class=\"product-prop line-limit-length\"><span class=\"property-title\">Type :\u00a0<\/span><span class=\"property-desc line-limit-length\">Brillant \u00e0 l\u00e8vres<\/span><\/li>\n<\/ul>\n<\/div>\n<div class=\"detailmodule_html\">\n<div class=\"detail-desc-decorate-richtext\">\n<p><img decoding=\"async\" src=\"https:\/\/ae01.alicdn.com\/kf\/S6bf99ffdfc4b416e9cb39dda56eeb137X.jpg\" \/><img decoding=\"async\" src=\"https:\/\/ae01.alicdn.com\/kf\/Sd80e25abb3e948f8b5ef5e059b5fd2a36.jpg\" \/><img decoding=\"async\" src=\"https:\/\/ae01.alicdn.com\/kf\/S903a77b1c4d64d9682fe6a1d770e9da3A.jpg\" \/><img decoding=\"async\" src=\"https:\/\/ae01.alicdn.com\/kf\/S14b273df87104825be91645504e0235eu.jpg\" \/><img decoding=\"async\" src=\"https:\/\/ae01.alicdn.com\/kf\/S843244afb9634b17b0d9c2273cf1465eN.jpg\" \/><img decoding=\"async\" src=\"https:\/\/ae01.alicdn.com\/kf\/Sd307ed05fc2840a98a8ce9c3cd88f72aD.jpg\" \/><img decoding=\"async\" src=\"https:\/\/ae01.alicdn.com\/kf\/Sd4a8fe155a514b52826c82ba40f6121f9.jpg\" \/><img decoding=\"async\" src=\"https:\/\/ae01.alicdn.com\/kf\/Sc99fd6909e3b4f90a2a57c5445ea4843Z.jpg\" \/><img decoding=\"async\" src=\"https:\/\/ae01.alicdn.com\/kf\/Sf063118c8b124a0ab6a3f220d4b1eacdc.jpg\" \/><img decoding=\"async\" src=\"https:\/\/ae01.alicdn.com\/kf\/S3f6b3c3b8acf47648d9a60c11cfecf9eo.jpg\" \/><\/p>\n<\/div>\n<\/div>","protected":false},"excerpt":{"rendered":"<p>Chimique Hign-concern\u00e9:\u00a0Aucun Nombre de pi\u00e8ces:\u00a0Une Unit\u00e9 Pays\/R\u00e9gion de Fabrication:\u00a0CHINA Taille:\u00a0taille r\u00e9elle Avantage:\u00a0Hydratant,LONGUE TENUE,Hydratant,Nutritifs,other,Facile \u00e0 appliquer,Imperm\u00e9able Nom de marque:\u00a0ibcccndc Origine:\u00a0HK (Origine)<\/p>","protected":false},"featured_media":1861,"comment_status":"open","ping_status":"closed","template":"","meta":[],"product_brand":[],"product_cat":[34],"product_tag":[],"class_list":{"0":"post-1860","1":"product","2":"type-product","3":"status-publish","4":"has-post-thumbnail","6":"product_cat-beauty-care","8":"first","9":"instock","10":"sale","11":"shipping-taxable","12":"purchasable","13":"product-type-variable"},"jetpack_sharing_enabled":true,"_links":{"self":[{"href":"https:\/\/afrycom.com\/fr\/wp-json\/wp\/v2\/product\/1860","targetHints":{"allow":["GET"]}}],"collection":[{"href":"https:\/\/afrycom.com\/fr\/wp-json\/wp\/v2\/product"}],"about":[{"href":"https:\/\/afrycom.com\/fr\/wp-json\/wp\/v2\/types\/product"}],"replies":[{"embeddable":true,"href":"https:\/\/afrycom.com\/fr\/wp-json\/wp\/v2\/comments?post=1860"}],"wp:featuredmedia":[{"embeddable":true,"href":"https:\/\/afrycom.com\/fr\/wp-json\/wp\/v2\/media\/1861"}],"wp:attachment":[{"href":"https:\/\/afrycom.com\/fr\/wp-json\/wp\/v2\/media?parent=1860"}],"wp:term":[{"taxonomy":"product_brand","embeddable":true,"href":"https:\/\/afrycom.com\/fr\/wp-json\/wp\/v2\/product_brand?post=1860"},{"taxonomy":"product_cat","embeddable":true,"href":"https:\/\/afrycom.com\/fr\/wp-json\/wp\/v2\/product_cat?post=1860"},{"taxonomy":"product_tag","embeddable":true,"href":"https:\/\/afrycom.com\/fr\/wp-json\/wp\/v2\/product_tag?post=1860"}],"curies":[{"name":"wp","href":"https:\/\/api.w.org\/{rel}","templated":true}]}}