{"id":18574,"date":"2025-05-04T14:00:14","date_gmt":"2025-05-04T14:00:14","guid":{"rendered":"https:\/\/afrycom.com\/product\/%e5%b8%85%e4%bb%95304%e4%b8%8d%e9%94%88%e9%92%a2%e7%a2%97%e7%a2%9f%e6%94%b6%e7%ba%b3%e6%9e%b6%e5%8e%a8%e6%88%bf%e7%bd%ae%e7%89%a9%e6%9e%b6%e5%a4%9a%e5%8a%9f%e8%83%bd%e6%94%be%e7%a2%97%e7%ad%b7\/"},"modified":"2025-10-31T04:04:17","modified_gmt":"2025-10-31T04:04:17","slug":"rangement-cuisine-shuaishi-porte-vaisselle-multifonction-en-acier-inox-304-egouttoir-pour-bols-assiettes-et-couverts","status":"publish","type":"product","link":"https:\/\/afrycom.com\/fr\/produit\/rangement-cuisine-shuaishi-porte-vaisselle-multifonction-en-acier-inox-304-egouttoir-pour-bols-assiettes-et-couverts\/","title":{"rendered":"Rangement cuisine Shuaishi - porte-vaisselle multifonction en acier inox 304, \u00e9gouttoir pour bols, assiettes et couverts"},"content":{"rendered":"","protected":false},"excerpt":{"rendered":"<p>Fabriqu\u00e9 en v\u00e9ritable acier inoxydable 304 (v\u00e9rifiable au r\u00e9actif), ce porte-vaisselle allie robustesse, r\u00e9sistance \u00e0 la rouille et design \u00e9pur\u00e9. Dot\u00e9 d\u2019un syst\u00e8me d\u2019\u00e9gouttage efficace, il organise facilement bols, assiettes, verres et couverts. Id\u00e9al pour une cuisine ordonn\u00e9e et fonctionnelle \u2013 qualit\u00e9 certifi\u00e9e.<\/p>","protected":false},"featured_media":18575,"comment_status":"open","ping_status":"closed","template":"","meta":[],"product_brand":[],"product_cat":[4900,31],"product_tag":[],"class_list":{"0":"post-18574","1":"product","2":"type-product","3":"status-publish","4":"has-post-thumbnail","6":"product_cat-shelf-for-kitchen","7":"product_cat-small-kitchen-appliances-appliances","9":"first","10":"instock","11":"shipping-taxable","12":"purchasable","13":"product-type-variable"},"jetpack_sharing_enabled":true,"_links":{"self":[{"href":"https:\/\/afrycom.com\/fr\/wp-json\/wp\/v2\/product\/18574","targetHints":{"allow":["GET"]}}],"collection":[{"href":"https:\/\/afrycom.com\/fr\/wp-json\/wp\/v2\/product"}],"about":[{"href":"https:\/\/afrycom.com\/fr\/wp-json\/wp\/v2\/types\/product"}],"replies":[{"embeddable":true,"href":"https:\/\/afrycom.com\/fr\/wp-json\/wp\/v2\/comments?post=18574"}],"wp:featuredmedia":[{"embeddable":true,"href":"https:\/\/afrycom.com\/fr\/wp-json\/wp\/v2\/media\/18575"}],"wp:attachment":[{"href":"https:\/\/afrycom.com\/fr\/wp-json\/wp\/v2\/media?parent=18574"}],"wp:term":[{"taxonomy":"product_brand","embeddable":true,"href":"https:\/\/afrycom.com\/fr\/wp-json\/wp\/v2\/product_brand?post=18574"},{"taxonomy":"product_cat","embeddable":true,"href":"https:\/\/afrycom.com\/fr\/wp-json\/wp\/v2\/product_cat?post=18574"},{"taxonomy":"product_tag","embeddable":true,"href":"https:\/\/afrycom.com\/fr\/wp-json\/wp\/v2\/product_tag?post=18574"}],"curies":[{"name":"wp","href":"https:\/\/api.w.org\/{rel}","templated":true}]}}