{"id":18468,"date":"2025-05-04T13:58:07","date_gmt":"2025-05-04T13:58:07","guid":{"rendered":"https:\/\/afrycom.com\/product\/%e8%8d%a3%e4%ba%8b%e8%be%be%e5%8f%af%e8%a7%86%e7%a9%ba%e6%b0%94%e7%82%b8%e9%94%85%e6%96%b0%e6%ac%be%e5%ae%b6%e7%94%a8%e5%a4%a7%e5%ae%b9%e9%87%8f%e8%a7%a6%e5%b1%8f%e6%99%ba%e8%83%bd%e5%a4%9a%e5%8a%9f\/"},"modified":"2026-01-26T15:35:10","modified_gmt":"2026-01-26T15:35:10","slug":"friteuse-a-air-grande-capacite-ecran-tactile-multifonctionnelle-et-automatique","status":"publish","type":"product","link":"https:\/\/afrycom.com\/fr\/produit\/friteuse-a-air-grande-capacite-ecran-tactile-multifonctionnelle-et-automatique\/","title":{"rendered":"Friteuse \u00e0 air grande capacit\u00e9, \u00e9cran tactile, multifonctionnelle et automatique."},"content":{"rendered":"","protected":false},"excerpt":{"rendered":"","protected":false},"featured_media":29053,"comment_status":"open","ping_status":"closed","template":"","meta":[],"product_brand":[],"product_cat":[2955],"product_tag":[],"class_list":{"0":"post-18468","1":"product","2":"type-product","3":"status-publish","4":"has-post-thumbnail","6":"product_cat-air-fryer","8":"first","9":"instock","10":"shipping-taxable","11":"purchasable","12":"product-type-variable"},"jetpack_sharing_enabled":true,"_links":{"self":[{"href":"https:\/\/afrycom.com\/fr\/wp-json\/wp\/v2\/product\/18468","targetHints":{"allow":["GET"]}}],"collection":[{"href":"https:\/\/afrycom.com\/fr\/wp-json\/wp\/v2\/product"}],"about":[{"href":"https:\/\/afrycom.com\/fr\/wp-json\/wp\/v2\/types\/product"}],"replies":[{"embeddable":true,"href":"https:\/\/afrycom.com\/fr\/wp-json\/wp\/v2\/comments?post=18468"}],"wp:featuredmedia":[{"embeddable":true,"href":"https:\/\/afrycom.com\/fr\/wp-json\/wp\/v2\/media\/29053"}],"wp:attachment":[{"href":"https:\/\/afrycom.com\/fr\/wp-json\/wp\/v2\/media?parent=18468"}],"wp:term":[{"taxonomy":"product_brand","embeddable":true,"href":"https:\/\/afrycom.com\/fr\/wp-json\/wp\/v2\/product_brand?post=18468"},{"taxonomy":"product_cat","embeddable":true,"href":"https:\/\/afrycom.com\/fr\/wp-json\/wp\/v2\/product_cat?post=18468"},{"taxonomy":"product_tag","embeddable":true,"href":"https:\/\/afrycom.com\/fr\/wp-json\/wp\/v2\/product_tag?post=18468"}],"curies":[{"name":"wp","href":"https:\/\/api.w.org\/{rel}","templated":true}]}}