{"id":18458,"date":"2025-05-04T13:57:58","date_gmt":"2025-05-04T13:57:58","guid":{"rendered":"https:\/\/afrycom.com\/product\/%e5%88%a9%e4%bb%81%e5%ae%b6%e7%94%a8%e5%a4%9a%e5%8a%9f%e8%83%bd%e5%8f%af%e8%a7%86%e7%a9%ba%e6%b0%94%e7%82%b8%e9%94%85%e4%b8%8d%e7%b2%98%e5%86%85%e8%83%86%e7%85%8e%e7%82%b8%e7%83%a4%e7%ae%b1%e6%97%a0\/"},"modified":"2026-01-26T16:40:15","modified_gmt":"2026-01-26T16:40:15","slug":"friteuse-a-air-sans-huile-multifonctionnelle-avec-revetement-antiadhesif","status":"publish","type":"product","link":"https:\/\/afrycom.com\/fr\/produit\/friteuse-a-air-sans-huile-multifonctionnelle-avec-revetement-antiadhesif\/","title":{"rendered":"Friteuse \u00e0 air sans huile, multifonctionnelle avec rev\u00eatement antiadh\u00e9sif."},"content":{"rendered":"","protected":false},"excerpt":{"rendered":"","protected":false},"featured_media":29075,"comment_status":"open","ping_status":"closed","template":"","meta":[],"product_brand":[],"product_cat":[2955],"product_tag":[],"class_list":{"0":"post-18458","1":"product","2":"type-product","3":"status-publish","4":"has-post-thumbnail","6":"product_cat-air-fryer","8":"first","9":"instock","10":"shipping-taxable","11":"purchasable","12":"product-type-variable"},"jetpack_sharing_enabled":true,"_links":{"self":[{"href":"https:\/\/afrycom.com\/fr\/wp-json\/wp\/v2\/product\/18458","targetHints":{"allow":["GET"]}}],"collection":[{"href":"https:\/\/afrycom.com\/fr\/wp-json\/wp\/v2\/product"}],"about":[{"href":"https:\/\/afrycom.com\/fr\/wp-json\/wp\/v2\/types\/product"}],"replies":[{"embeddable":true,"href":"https:\/\/afrycom.com\/fr\/wp-json\/wp\/v2\/comments?post=18458"}],"wp:featuredmedia":[{"embeddable":true,"href":"https:\/\/afrycom.com\/fr\/wp-json\/wp\/v2\/media\/29075"}],"wp:attachment":[{"href":"https:\/\/afrycom.com\/fr\/wp-json\/wp\/v2\/media?parent=18458"}],"wp:term":[{"taxonomy":"product_brand","embeddable":true,"href":"https:\/\/afrycom.com\/fr\/wp-json\/wp\/v2\/product_brand?post=18458"},{"taxonomy":"product_cat","embeddable":true,"href":"https:\/\/afrycom.com\/fr\/wp-json\/wp\/v2\/product_cat?post=18458"},{"taxonomy":"product_tag","embeddable":true,"href":"https:\/\/afrycom.com\/fr\/wp-json\/wp\/v2\/product_tag?post=18458"}],"curies":[{"name":"wp","href":"https:\/\/api.w.org\/{rel}","templated":true}]}}