{"id":1842,"date":"2025-03-05T13:47:49","date_gmt":"2025-03-05T13:47:49","guid":{"rendered":"https:\/\/afrycom.com\/product\/lakerain-fard-a-joues-liquide-velours-orange-peche-pigment-pour-le-visage-beaute-durable-aspect-naturel-teinte-des-joues-creme-produit-de-maquillage\/"},"modified":"2025-03-05T13:47:57","modified_gmt":"2025-03-05T13:47:57","slug":"lakerain-fard-a-joues-liquide-velours-orange-peche-pigment-pour-le-visage-beaute-durable-aspect-naturel-teinte-des-joues-creme-produit-de-maquillage","status":"publish","type":"product","link":"https:\/\/afrycom.com\/fr\/produit\/lakerain-fard-a-joues-liquide-velours-orange-peche-pigment-pour-le-visage-beaute-durable-aspect-naturel-teinte-des-joues-creme-produit-de-maquillage\/","title":{"rendered":"Lakerain - fard \u00e0 joues liquide velours, Orange p\u00eache, Pigment pour le visage, beaut\u00e9 durable, aspect naturel, teinte des joues, cr\u00e8me, produit de maquillage"},"content":{"rendered":"<div class=\"product-specs-list-container\">\n<ul class=\"product-specs-list util-clearfix\">\n<li class=\"product-prop line-limit-length\"><span\n                                        class=\"property-title\">Chimique Hign-concern\u00e9 :&nbsp;<\/span><span\n                                        class=\"property-desc line-limit-length\">Aucun<\/span>\n                            <\/li>\n<li class=\"product-prop line-limit-length\"><span\n                                        class=\"property-title\">Nombre de pi\u00e8ces :&nbsp;<\/span><span\n                                        class=\"property-desc line-limit-length\">Une Unit\u00e9<\/span>\n                            <\/li>\n<li class=\"product-prop line-limit-length\"><span\n                                        class=\"property-title\">Pays\/R\u00e9gion de Fabrication :&nbsp;<\/span><span\n                                        class=\"property-desc line-limit-length\">CHINE<\/span>\n                            <\/li>\n<li class=\"product-prop line-limit-length\"><span\n                                        class=\"property-title\">Num\u00e9ro de Mod\u00e8le :&nbsp;<\/span><span\n                                        class=\"property-desc line-limit-length\">SZ01874<\/span>\n                            <\/li>\n<li class=\"product-prop line-limit-length\"><span\n                                        class=\"property-title\">Taille :&nbsp;<\/span><span\n                                        class=\"property-desc line-limit-length\">taille r\u00e9elle<\/span>\n                            <\/li>\n<li class=\"product-prop line-limit-length\"><span\n                                        class=\"property-title\">Avantage :&nbsp;<\/span><span\n                                        class=\"property-desc line-limit-length\">LONGUE TENUE,Facile \u00e0 porter<\/span>\n                            <\/li>\n<li class=\"product-prop line-limit-length\"><span\n                                        class=\"property-title\">Nom de marque :&nbsp;<\/span><span\n                                        class=\"property-desc line-limit-length\">ibcccndc<\/span>\n                            <\/li>\n<li class=\"product-prop line-limit-length\"><span\n                                        class=\"property-title\">Origine :&nbsp;<\/span><span\n                                        class=\"property-desc line-limit-length\">CN (Origine)<\/span>\n                            <\/li>\n<li class=\"product-prop line-limit-length\"><span\n                                        class=\"property-title\">Type :&nbsp;<\/span><span\n                                        class=\"property-desc line-limit-length\">BLOQUEUR<\/span>\n                            <\/li>\n<\/ul><\/div>\n<div class=\"detailmodule_html\">\n<div class=\"detail-desc-decorate-richtext\">\n<div class=\"detailmodule_dynamic\"><kse:widget data-widget-type=\"customText\" id=\"1005000017398003\" type=\"relation\"><\/kse:widget><\/div>\n<div class=\"detailmodule_html\">\n<div class=\"detail-desc-decorate-richtext\">\n<p><strong>Informations sur le produit<\/strong><\/p>\n<p><strong>Nom : Blush liquide velours<\/strong><\/p>\n<p><strong>Marque : ibcccndc<\/strong><\/p>\n<p><strong>Poids net : 37g<br \/>Couleurs : 5 couleurs au choix<\/strong><\/p>\n<p><strong>Dur\u00e9e de conservation : 3 ans<\/strong><\/p>\n<p><strong>Caract\u00e9ristiques : l\u00e9ger, durable, cr\u00e9e un maquillage naturel et vibrant.<\/strong><\/p>\n<p><strong>Origine : fabriqu\u00e9 en Chine.<\/strong><\/p>\n<p><\/p>\n<p><strong>Comment utiliser :<\/strong><\/p>\n<p><strong>1. \u00c0 l'aide de l'applicateur, appliquez 1 \u00e0 2 points sur chaque joue.<\/strong><\/p>\n<p><strong>2. Tapotez rapidement la peau du bout des doigts pour une finition parfaite.<\/strong><\/p>\n<p><strong>3. Le maquillage spiritueux et vibrant est complet.<\/strong><\/p>\n<p><img decoding=\"async\" src=\"https:\/\/ae01.alicdn.com\/kf\/Sf5dd2c4bb28c4cd88177645721537416g.jpg\" slate-data-type=\"image\"><img decoding=\"async\" src=\"https:\/\/ae01.alicdn.com\/kf\/S900f17fe152545099d8ba9cdddc905bah.jpg\" slate-data-type=\"image\"><img decoding=\"async\" src=\"https:\/\/ae01.alicdn.com\/kf\/Sd6a25a1179be47b48c8bff23c89a2e40f.jpg\" slate-data-type=\"image\"><img decoding=\"async\" src=\"https:\/\/ae01.alicdn.com\/kf\/S5fee4906d1724d8ca7999d72fc7181aeK.jpg\" slate-data-type=\"image\"><img decoding=\"async\" src=\"https:\/\/ae01.alicdn.com\/kf\/Se2bb01ca9046405fa1bd4bfc509ba1339.jpg\" slate-data-type=\"image\"><img decoding=\"async\" src=\"https:\/\/ae01.alicdn.com\/kf\/S0d5349b4aa714cefb16beb9456624d35J.jpg\" slate-data-type=\"image\"><img decoding=\"async\" src=\"https:\/\/ae01.alicdn.com\/kf\/S9223c0ae97b54b43ad3fc178e4632140s.jpg\" slate-data-type=\"image\"><img decoding=\"async\" src=\"https:\/\/ae01.alicdn.com\/kf\/Sa3116ed70a1d4624855baa3a0d42b3f42.jpg\" slate-data-type=\"image\"><img decoding=\"async\" src=\"https:\/\/ae01.alicdn.com\/kf\/S214274f0353d4f8c849718c3100aea64f.jpg\" slate-data-type=\"image\"><img decoding=\"async\" src=\"https:\/\/ae01.alicdn.com\/kf\/S70e814e085294c8c82a6fb1e4395e799v.jpg\" slate-data-type=\"image\"><img decoding=\"async\" src=\"https:\/\/ae01.alicdn.com\/kf\/S7f5511ef64494cd39c3357c72712f783o.jpg\" slate-data-type=\"image\"><img decoding=\"async\" src=\"https:\/\/ae01.alicdn.com\/kf\/S7532864f803b4d6ba37a77000b85125eg.jpg\" slate-data-type=\"image\"><img decoding=\"async\" src=\"https:\/\/ae01.alicdn.com\/kf\/Se50ba3aa9a8242fda8de0f1774f6f458Q.jpg\" slate-data-type=\"image\"><img decoding=\"async\" src=\"https:\/\/ae01.alicdn.com\/kf\/Sced96dcf31284c69bec1b78e9ccc1caeG.jpg\" slate-data-type=\"image\"><img decoding=\"async\" src=\"https:\/\/ae01.alicdn.com\/kf\/S83b99b79f3754232b8dcba24203705abM.jpg\" slate-data-type=\"image\"><img decoding=\"async\" src=\"https:\/\/ae01.alicdn.com\/kf\/S77c7611083184e1e8c9046a6c2bf16aaL.jpg\" slate-data-type=\"image\"><img decoding=\"async\" src=\"https:\/\/ae01.alicdn.com\/kf\/Sb16099c4494c4fd1864b6376c32d97ae5.jpg\" slate-data-type=\"image\"><img decoding=\"async\" src=\"https:\/\/ae01.alicdn.com\/kf\/Sb7bddbae241d456ca6d405b8b8563b32W.jpg\" slate-data-type=\"image\"><img decoding=\"async\" src=\"https:\/\/ae01.alicdn.com\/kf\/Sce6876edd3f84c65ba6a9fa0b8823fa7Q.jpg\" slate-data-type=\"image\"><\/p>\n<div><\/div>\n<\/div>\n<\/div>\n<p><\/p>\n<\/div>\n<\/div>","protected":false},"excerpt":{"rendered":"<p>Chimique Hign-concern\u00e9:&nbsp;Aucun Nombre de pi\u00e8ces:&nbsp;Une Unit\u00e9 Pays\/R\u00e9gion de Fabrication:&nbsp;CHINA Num\u00e9ro de Mod\u00e8le:&nbsp;SZ01874 Taille:&nbsp;taille r\u00e9elle Avantage:&nbsp;LONGUE TENUE,Facile \u00e0 porter Nom de<\/p>","protected":false},"featured_media":1843,"comment_status":"open","ping_status":"closed","template":"","meta":[],"product_brand":[],"product_cat":[34],"product_tag":[],"class_list":{"0":"post-1842","1":"product","2":"type-product","3":"status-publish","4":"has-post-thumbnail","6":"product_cat-beauty-care","8":"first","9":"instock","10":"sale","11":"shipping-taxable","12":"purchasable","13":"product-type-variable"},"jetpack_sharing_enabled":true,"_links":{"self":[{"href":"https:\/\/afrycom.com\/fr\/wp-json\/wp\/v2\/product\/1842","targetHints":{"allow":["GET"]}}],"collection":[{"href":"https:\/\/afrycom.com\/fr\/wp-json\/wp\/v2\/product"}],"about":[{"href":"https:\/\/afrycom.com\/fr\/wp-json\/wp\/v2\/types\/product"}],"replies":[{"embeddable":true,"href":"https:\/\/afrycom.com\/fr\/wp-json\/wp\/v2\/comments?post=1842"}],"wp:featuredmedia":[{"embeddable":true,"href":"https:\/\/afrycom.com\/fr\/wp-json\/wp\/v2\/media\/1843"}],"wp:attachment":[{"href":"https:\/\/afrycom.com\/fr\/wp-json\/wp\/v2\/media?parent=1842"}],"wp:term":[{"taxonomy":"product_brand","embeddable":true,"href":"https:\/\/afrycom.com\/fr\/wp-json\/wp\/v2\/product_brand?post=1842"},{"taxonomy":"product_cat","embeddable":true,"href":"https:\/\/afrycom.com\/fr\/wp-json\/wp\/v2\/product_cat?post=1842"},{"taxonomy":"product_tag","embeddable":true,"href":"https:\/\/afrycom.com\/fr\/wp-json\/wp\/v2\/product_tag?post=1842"}],"curies":[{"name":"wp","href":"https:\/\/api.w.org\/{rel}","templated":true}]}}