{"id":184,"date":"2025-01-03T12:18:01","date_gmt":"2025-01-03T12:18:01","guid":{"rendered":"https:\/\/dummy.xtemos.com\/woodmart2\/marketplace2\/?post_type=product&#038;p=184"},"modified":"2025-03-02T02:29:43","modified_gmt":"2025-03-02T02:29:43","slug":"bosch-ms64m6170","status":"publish","type":"product","link":"https:\/\/afrycom.com\/fr\/produit\/bosch-ms64m6170\/","title":{"rendered":"Bosch MS64M6170"},"content":{"rendered":"","protected":false},"excerpt":{"rendered":"<p>\u00c9conomisez de l'\u00e9nergie et de l'argent avec notre r\u00e9frig\u00e9rateur \u00e0 haut rendement \u00e9nerg\u00e9tique. La technologie de refroidissement avanc\u00e9e permet de conserver la fra\u00eecheur des aliments plus longtemps tout en r\u00e9duisant votre empreinte carbone. L'int\u00e9rieur spacieux et les \u00e9tag\u00e8res r\u00e9glables offrent de nombreuses possibilit\u00e9s de rangement.<\/p>","protected":false},"featured_media":283,"comment_status":"open","ping_status":"closed","template":"","meta":[],"product_brand":[65],"product_cat":[32],"product_tag":[],"class_list":{"0":"post-184","1":"product","2":"type-product","3":"status-publish","4":"has-post-thumbnail","6":"product_brand-bose","7":"product_cat-blenders-small-kitchen-appliances-appliances","9":"first","10":"instock","11":"shipping-taxable","12":"purchasable","13":"product-type-simple"},"jetpack_sharing_enabled":true,"_links":{"self":[{"href":"https:\/\/afrycom.com\/fr\/wp-json\/wp\/v2\/product\/184","targetHints":{"allow":["GET"]}}],"collection":[{"href":"https:\/\/afrycom.com\/fr\/wp-json\/wp\/v2\/product"}],"about":[{"href":"https:\/\/afrycom.com\/fr\/wp-json\/wp\/v2\/types\/product"}],"replies":[{"embeddable":true,"href":"https:\/\/afrycom.com\/fr\/wp-json\/wp\/v2\/comments?post=184"}],"wp:featuredmedia":[{"embeddable":true,"href":"https:\/\/afrycom.com\/fr\/wp-json\/wp\/v2\/media\/283"}],"wp:attachment":[{"href":"https:\/\/afrycom.com\/fr\/wp-json\/wp\/v2\/media?parent=184"}],"wp:term":[{"taxonomy":"product_brand","embeddable":true,"href":"https:\/\/afrycom.com\/fr\/wp-json\/wp\/v2\/product_brand?post=184"},{"taxonomy":"product_cat","embeddable":true,"href":"https:\/\/afrycom.com\/fr\/wp-json\/wp\/v2\/product_cat?post=184"},{"taxonomy":"product_tag","embeddable":true,"href":"https:\/\/afrycom.com\/fr\/wp-json\/wp\/v2\/product_tag?post=184"}],"curies":[{"name":"wp","href":"https:\/\/api.w.org\/{rel}","templated":true}]}}