{"id":17905,"date":"2025-05-04T13:39:40","date_gmt":"2025-05-04T13:39:40","guid":{"rendered":"https:\/\/afrycom.com\/product\/%e5%8f%af%e5%8d%87%e9%99%8d%e6%8a%98%e5%8f%a0%e5%ba%8a%e4%b8%8a%e5%b0%8f%e6%a1%8c%e5%ad%90%e5%ad%a6%e7%94%9f%e5%ba%8a%e4%b8%8a%e4%b9%a6%e6%a1%8c%e5%ad%a6%e4%b9%a0%e5%ae%b6%e7%94%a8%e7%ac%94%e8%ae%b0\/"},"modified":"2025-10-19T03:34:37","modified_gmt":"2025-10-19T03:34:37","slug":"plateau-de-lit-reglable-en-hauteur-et-pliable-bureau-pour-ordinateur-portable-etudes-et-teletravail-depuis-le-lit","status":"publish","type":"product","link":"https:\/\/afrycom.com\/fr\/produit\/plateau-de-lit-reglable-en-hauteur-et-pliable-bureau-pour-ordinateur-portable-etudes-et-teletravail-depuis-le-lit\/","title":{"rendered":"Plateau de lit r\u00e9glable en hauteur et pliable \u2013 Bureau pour ordinateur portable, \u00e9tudes et t\u00e9l\u00e9travail depuis le lit"},"content":{"rendered":"","protected":false},"excerpt":{"rendered":"","protected":false},"featured_media":17906,"comment_status":"open","ping_status":"closed","template":"","meta":[],"product_brand":[],"product_cat":[86],"product_tag":[],"class_list":{"0":"post-17905","1":"product","2":"type-product","3":"status-publish","4":"has-post-thumbnail","6":"product_cat-office-accessories","8":"first","9":"instock","10":"shipping-taxable","11":"purchasable","12":"product-type-variable"},"jetpack_sharing_enabled":true,"_links":{"self":[{"href":"https:\/\/afrycom.com\/fr\/wp-json\/wp\/v2\/product\/17905","targetHints":{"allow":["GET"]}}],"collection":[{"href":"https:\/\/afrycom.com\/fr\/wp-json\/wp\/v2\/product"}],"about":[{"href":"https:\/\/afrycom.com\/fr\/wp-json\/wp\/v2\/types\/product"}],"replies":[{"embeddable":true,"href":"https:\/\/afrycom.com\/fr\/wp-json\/wp\/v2\/comments?post=17905"}],"wp:featuredmedia":[{"embeddable":true,"href":"https:\/\/afrycom.com\/fr\/wp-json\/wp\/v2\/media\/17906"}],"wp:attachment":[{"href":"https:\/\/afrycom.com\/fr\/wp-json\/wp\/v2\/media?parent=17905"}],"wp:term":[{"taxonomy":"product_brand","embeddable":true,"href":"https:\/\/afrycom.com\/fr\/wp-json\/wp\/v2\/product_brand?post=17905"},{"taxonomy":"product_cat","embeddable":true,"href":"https:\/\/afrycom.com\/fr\/wp-json\/wp\/v2\/product_cat?post=17905"},{"taxonomy":"product_tag","embeddable":true,"href":"https:\/\/afrycom.com\/fr\/wp-json\/wp\/v2\/product_tag?post=17905"}],"curies":[{"name":"wp","href":"https:\/\/api.w.org\/{rel}","templated":true}]}}