{"id":17638,"date":"2025-05-04T13:22:48","date_gmt":"2025-05-04T13:22:48","guid":{"rendered":"https:\/\/afrycom.com\/product\/gas-stove-double-stove-household-hot-double-head-liquefied-gas-natural-gas-old-fashioned-double-eye-gas-stove-energy-saving-desktop-stove\/"},"modified":"2025-05-04T13:22:51","modified_gmt":"2025-05-04T13:22:51","slug":"gas-stove-double-stove-household-hot-double-head-liquefied-gas-natural-gas-old-fashioned-double-eye-gas-stove-energy-saving-desktop-stove","status":"publish","type":"product","link":"https:\/\/afrycom.com\/fr\/produit\/gas-stove-double-stove-household-hot-double-head-liquefied-gas-natural-gas-old-fashioned-double-eye-gas-stove-energy-saving-desktop-stove\/","title":{"rendered":"R\u00e9chaud \u00e0 gaz R\u00e9chaud double R\u00e9chaud domestique chaud \u00e0 double t\u00eate Gaz liqu\u00e9fi\u00e9 Gaz naturel R\u00e9chaud \u00e0 gaz double \u0153il \u00e0 l'ancienne R\u00e9chaud de bureau \u00e0 \u00e9conomie d'\u00e9nergie"},"content":{"rendered":"","protected":false},"excerpt":{"rendered":"","protected":false},"featured_media":17639,"comment_status":"open","ping_status":"closed","template":"","meta":[],"product_brand":[],"product_cat":[20],"product_tag":[],"class_list":{"0":"post-17638","1":"product","2":"type-product","3":"status-publish","4":"has-post-thumbnail","6":"product_cat-appliances","8":"first","9":"instock","10":"shipping-taxable","11":"purchasable","12":"product-type-variable"},"jetpack_sharing_enabled":true,"_links":{"self":[{"href":"https:\/\/afrycom.com\/fr\/wp-json\/wp\/v2\/product\/17638","targetHints":{"allow":["GET"]}}],"collection":[{"href":"https:\/\/afrycom.com\/fr\/wp-json\/wp\/v2\/product"}],"about":[{"href":"https:\/\/afrycom.com\/fr\/wp-json\/wp\/v2\/types\/product"}],"replies":[{"embeddable":true,"href":"https:\/\/afrycom.com\/fr\/wp-json\/wp\/v2\/comments?post=17638"}],"wp:featuredmedia":[{"embeddable":true,"href":"https:\/\/afrycom.com\/fr\/wp-json\/wp\/v2\/media\/17639"}],"wp:attachment":[{"href":"https:\/\/afrycom.com\/fr\/wp-json\/wp\/v2\/media?parent=17638"}],"wp:term":[{"taxonomy":"product_brand","embeddable":true,"href":"https:\/\/afrycom.com\/fr\/wp-json\/wp\/v2\/product_brand?post=17638"},{"taxonomy":"product_cat","embeddable":true,"href":"https:\/\/afrycom.com\/fr\/wp-json\/wp\/v2\/product_cat?post=17638"},{"taxonomy":"product_tag","embeddable":true,"href":"https:\/\/afrycom.com\/fr\/wp-json\/wp\/v2\/product_tag?post=17638"}],"curies":[{"name":"wp","href":"https:\/\/api.w.org\/{rel}","templated":true}]}}