{"id":17612,"date":"2025-05-04T13:22:18","date_gmt":"2025-05-04T13:22:18","guid":{"rendered":"https:\/\/afrycom.com\/product\/european-and-american-juice-cup-large-capacity-wireless-charging-portable-juicer-multi-function-fresh-juice-can-crush-ice\/"},"modified":"2025-10-07T09:53:55","modified_gmt":"2025-10-07T09:53:55","slug":"european-and-american-juice-cup-large-capacity-wireless-charging-portable-juicer-multi-function-fresh-juice-can-crush-ice","status":"publish","type":"product","link":"https:\/\/afrycom.com\/fr\/produit\/european-and-american-juice-cup-large-capacity-wireless-charging-portable-juicer-multi-function-fresh-juice-can-crush-ice\/","title":{"rendered":"Jus de fruits europ\u00e9en et am\u00e9ricain grande capacit\u00e9 chargeur sans fil presse-agrumes portable multifonction jus de fruits frais peut piler de la glace"},"content":{"rendered":"","protected":false},"excerpt":{"rendered":"","protected":false},"featured_media":17614,"comment_status":"open","ping_status":"closed","template":"","meta":[],"product_brand":[],"product_cat":[32,31],"product_tag":[],"class_list":{"0":"post-17612","1":"product","2":"type-product","3":"status-publish","4":"has-post-thumbnail","6":"product_cat-blenders-small-kitchen-appliances-appliances","7":"product_cat-small-kitchen-appliances-appliances","9":"first","10":"instock","11":"shipping-taxable","12":"purchasable","13":"product-type-variable"},"jetpack_sharing_enabled":true,"_links":{"self":[{"href":"https:\/\/afrycom.com\/fr\/wp-json\/wp\/v2\/product\/17612","targetHints":{"allow":["GET"]}}],"collection":[{"href":"https:\/\/afrycom.com\/fr\/wp-json\/wp\/v2\/product"}],"about":[{"href":"https:\/\/afrycom.com\/fr\/wp-json\/wp\/v2\/types\/product"}],"replies":[{"embeddable":true,"href":"https:\/\/afrycom.com\/fr\/wp-json\/wp\/v2\/comments?post=17612"}],"wp:featuredmedia":[{"embeddable":true,"href":"https:\/\/afrycom.com\/fr\/wp-json\/wp\/v2\/media\/17614"}],"wp:attachment":[{"href":"https:\/\/afrycom.com\/fr\/wp-json\/wp\/v2\/media?parent=17612"}],"wp:term":[{"taxonomy":"product_brand","embeddable":true,"href":"https:\/\/afrycom.com\/fr\/wp-json\/wp\/v2\/product_brand?post=17612"},{"taxonomy":"product_cat","embeddable":true,"href":"https:\/\/afrycom.com\/fr\/wp-json\/wp\/v2\/product_cat?post=17612"},{"taxonomy":"product_tag","embeddable":true,"href":"https:\/\/afrycom.com\/fr\/wp-json\/wp\/v2\/product_tag?post=17612"}],"curies":[{"name":"wp","href":"https:\/\/api.w.org\/{rel}","templated":true}]}}