{"id":17590,"date":"2025-05-04T13:22:07","date_gmt":"2025-05-04T13:22:07","guid":{"rendered":"https:\/\/afrycom.com\/product\/%e8%8d%a3%e4%ba%8b%e8%be%be%e8%92%9c%e6%b3%a5%e7%a5%9e%e5%99%a8%e7%94%b5%e5%8a%a8%e6%8d%a3%e8%92%9c%e5%99%a8%e5%b0%8f%e5%9e%8b%e6%90%85%e7%a2%8e%e5%ae%b6%e7%94%a8%e7%bb%9e%e8%82%89%e6%9c%ba%e5%a4%9a\/"},"modified":"2025-08-10T06:42:49","modified_gmt":"2025-08-10T06:42:49","slug":"rongshida-hachoir-electrique-300-ml-mini-robot-cuiseur-pour-ail-oignons-viande-legumes-aliments-bebe-4-lames-en-acier-inoxydable-puissant-moteur-facile-a-demonter-et-a-nettoyer-ideal-pou","status":"publish","type":"product","link":"https:\/\/afrycom.com\/fr\/produit\/rongshida-hachoir-electrique-300-ml-mini-robot-cuiseur-pour-ail-oignons-viande-legumes-aliments-bebe-4-lames-en-acier-inoxydable-puissant-moteur-facile-a-demonter-et-a-nettoyer-ideal-pou\/","title":{"rendered":"Rongshida Hachoir \u00c9lectrique 300 ml - Mini Robot Cuiseur pour Ail, Oignons, Viande, L\u00e9gumes, Aliments B\u00e9b\u00e9 | 4 Lames en Acier Inoxydable | Puissant Moteur | Facile \u00e0 D\u00e9monter et \u00e0 Nettoyer | Id\u00e9al pour la Cuisine Familiale (Noir)"},"content":{"rendered":"","protected":false},"excerpt":{"rendered":"<p>Le hachoir \u00e9lectrique Rongshida 300 ml est votre alli\u00e9 cuisine au quotidien. Parfait pour hacher finement ail, oignons, viande, l\u00e9gumes ou pr\u00e9parer des pur\u00e9es pour b\u00e9b\u00e9. Dot\u00e9 de 4 lames en acier inoxydable et d'un moteur puissant, il assure une d\u00e9coupe rapide et homog\u00e8ne. Compact, facile \u00e0 nettoyer et sans BPA, il s'int\u00e8gre parfaitement dans toutes les cuisines. Gain de temps garanti !<\/p>","protected":false},"featured_media":17591,"comment_status":"open","ping_status":"closed","template":"","meta":[],"product_brand":[],"product_cat":[32,31],"product_tag":[],"class_list":{"0":"post-17590","1":"product","2":"type-product","3":"status-publish","4":"has-post-thumbnail","6":"product_cat-blenders-small-kitchen-appliances-appliances","7":"product_cat-small-kitchen-appliances-appliances","9":"first","10":"instock","11":"shipping-taxable","12":"purchasable","13":"product-type-variable"},"jetpack_sharing_enabled":true,"_links":{"self":[{"href":"https:\/\/afrycom.com\/fr\/wp-json\/wp\/v2\/product\/17590","targetHints":{"allow":["GET"]}}],"collection":[{"href":"https:\/\/afrycom.com\/fr\/wp-json\/wp\/v2\/product"}],"about":[{"href":"https:\/\/afrycom.com\/fr\/wp-json\/wp\/v2\/types\/product"}],"replies":[{"embeddable":true,"href":"https:\/\/afrycom.com\/fr\/wp-json\/wp\/v2\/comments?post=17590"}],"wp:featuredmedia":[{"embeddable":true,"href":"https:\/\/afrycom.com\/fr\/wp-json\/wp\/v2\/media\/17591"}],"wp:attachment":[{"href":"https:\/\/afrycom.com\/fr\/wp-json\/wp\/v2\/media?parent=17590"}],"wp:term":[{"taxonomy":"product_brand","embeddable":true,"href":"https:\/\/afrycom.com\/fr\/wp-json\/wp\/v2\/product_brand?post=17590"},{"taxonomy":"product_cat","embeddable":true,"href":"https:\/\/afrycom.com\/fr\/wp-json\/wp\/v2\/product_cat?post=17590"},{"taxonomy":"product_tag","embeddable":true,"href":"https:\/\/afrycom.com\/fr\/wp-json\/wp\/v2\/product_tag?post=17590"}],"curies":[{"name":"wp","href":"https:\/\/api.w.org\/{rel}","templated":true}]}}