{"id":17136,"date":"2025-04-16T03:04:55","date_gmt":"2025-04-16T03:04:55","guid":{"rendered":"https:\/\/afrycom.com\/product\/fma%e5%88%86%e4%bd%93%e5%bc%8f%e5%8d%8a%e8%84%b8%e9%9d%a2%e5%85%b7%e6%88%98%e6%9c%af%e5%a4%b4%e7%9b%94%e6%9a%97%e5%8c%ba%e7%aa%81%e5%9b%b4%e6%8a%a4%e8%84%b8%e5%b0%bc%e9%be%99%e6%88%98%e7%a5%9e\/"},"modified":"2025-06-20T10:00:02","modified_gmt":"2025-06-20T10:00:02","slug":"masque-tactique-fma-airsoft-casque-protection-faciale-pro","status":"publish","type":"product","link":"https:\/\/afrycom.com\/fr\/produit\/masque-tactique-fma-airsoft-casque-protection-faciale-pro\/","title":{"rendered":"Masque Tactique FMA Airsoft - Casque &amp; Protection Faciale Pro"},"content":{"rendered":"<p>Kit complet\u00a0<strong>masque fractionn\u00e9 FMA + casque tactique<\/strong>\u00a0en nylon renforc\u00e9. Protection faciale\u00a0<strong>anti-impact<\/strong>\u00a0et design ergonomique pour l'airsoft, le milsim et les jeux tactiques.\u00a0<strong>Ventilation optimale<\/strong>, ajustement personnalisable et compatibilit\u00e9 avec la plupart des \u00e9quipements. Id\u00e9al pour les\u00a0<strong>sc\u00e9narios de combat r\u00e9alistes<\/strong>\u00a0en zone sombre ou ext\u00e9rieure.<\/p>","protected":false},"excerpt":{"rendered":"<p>Kit complet\u00a0masque fractionn\u00e9 FMA + casque tactique\u00a0en nylon renforc\u00e9. Protection faciale\u00a0anti-impact\u00a0et design ergonomique pour l&#8217;airsoft, le milsim et les jeux<\/p>","protected":false},"featured_media":17137,"comment_status":"open","ping_status":"closed","template":"","meta":[],"product_brand":[],"product_cat":[84,1737],"product_tag":[],"class_list":{"0":"post-17136","1":"product","2":"type-product","3":"status-publish","4":"has-post-thumbnail","6":"product_cat-sports-outdoors","7":"product_cat-toys","9":"first","10":"instock","11":"shipping-taxable","12":"purchasable","13":"product-type-variable"},"jetpack_sharing_enabled":true,"_links":{"self":[{"href":"https:\/\/afrycom.com\/fr\/wp-json\/wp\/v2\/product\/17136","targetHints":{"allow":["GET"]}}],"collection":[{"href":"https:\/\/afrycom.com\/fr\/wp-json\/wp\/v2\/product"}],"about":[{"href":"https:\/\/afrycom.com\/fr\/wp-json\/wp\/v2\/types\/product"}],"replies":[{"embeddable":true,"href":"https:\/\/afrycom.com\/fr\/wp-json\/wp\/v2\/comments?post=17136"}],"wp:featuredmedia":[{"embeddable":true,"href":"https:\/\/afrycom.com\/fr\/wp-json\/wp\/v2\/media\/17137"}],"wp:attachment":[{"href":"https:\/\/afrycom.com\/fr\/wp-json\/wp\/v2\/media?parent=17136"}],"wp:term":[{"taxonomy":"product_brand","embeddable":true,"href":"https:\/\/afrycom.com\/fr\/wp-json\/wp\/v2\/product_brand?post=17136"},{"taxonomy":"product_cat","embeddable":true,"href":"https:\/\/afrycom.com\/fr\/wp-json\/wp\/v2\/product_cat?post=17136"},{"taxonomy":"product_tag","embeddable":true,"href":"https:\/\/afrycom.com\/fr\/wp-json\/wp\/v2\/product_tag?post=17136"}],"curies":[{"name":"wp","href":"https:\/\/api.w.org\/{rel}","templated":true}]}}