{"id":15136,"date":"2025-04-13T13:46:29","date_gmt":"2025-04-13T13:46:29","guid":{"rendered":"https:\/\/afrycom.com\/product\/%e8%87%aa%e5%be%8b%e5%86%9c%e5%9c%ba%e7%be%bd%e8%a1%a3%e7%94%98%e8%93%9d%e6%9e%9c%e8%94%ac%e7%b2%89%e9%ab%98%e8%86%b3%e9%a3%9f%e7%ba%a4%e7%bb%b4%e8%94%ac%e8%8f%9c%e9%9d%9e%e6%8e%92%e9%9d%92%e6%b1%81\/"},"modified":"2025-04-17T07:09:22","modified_gmt":"2025-04-17T07:09:22","slug":"poudre-de-chou-frise-et-fruits-et-legumes-de-la-ferme-autodisciplinee-riche-en-fibres-alimentaires-non-laxatif","status":"publish","type":"product","link":"https:\/\/afrycom.com\/fr\/produit\/poudre-de-chou-frise-et-fruits-et-legumes-de-la-ferme-autodisciplinee-riche-en-fibres-alimentaires-non-laxatif\/","title":{"rendered":"Poudre de chou fris\u00e9 et fruits et l\u00e9gumes de la ferme autodisciplin\u00e9e, riche en fibres alimentaires, non laxatif, poudre d'a\u00e7a\u00ed br\u00e9silien, salade liquide"},"content":{"rendered":"","protected":false},"excerpt":{"rendered":"","protected":false},"featured_media":15137,"comment_status":"open","ping_status":"closed","template":"","meta":[],"product_brand":[],"product_cat":[1839],"product_tag":[],"class_list":{"0":"post-15136","1":"product","2":"type-product","3":"status-publish","4":"has-post-thumbnail","6":"product_cat-tea-coffee","8":"first","9":"instock","10":"shipping-taxable","11":"purchasable","12":"product-type-variable"},"jetpack_sharing_enabled":true,"_links":{"self":[{"href":"https:\/\/afrycom.com\/fr\/wp-json\/wp\/v2\/product\/15136","targetHints":{"allow":["GET"]}}],"collection":[{"href":"https:\/\/afrycom.com\/fr\/wp-json\/wp\/v2\/product"}],"about":[{"href":"https:\/\/afrycom.com\/fr\/wp-json\/wp\/v2\/types\/product"}],"replies":[{"embeddable":true,"href":"https:\/\/afrycom.com\/fr\/wp-json\/wp\/v2\/comments?post=15136"}],"wp:featuredmedia":[{"embeddable":true,"href":"https:\/\/afrycom.com\/fr\/wp-json\/wp\/v2\/media\/15137"}],"wp:attachment":[{"href":"https:\/\/afrycom.com\/fr\/wp-json\/wp\/v2\/media?parent=15136"}],"wp:term":[{"taxonomy":"product_brand","embeddable":true,"href":"https:\/\/afrycom.com\/fr\/wp-json\/wp\/v2\/product_brand?post=15136"},{"taxonomy":"product_cat","embeddable":true,"href":"https:\/\/afrycom.com\/fr\/wp-json\/wp\/v2\/product_cat?post=15136"},{"taxonomy":"product_tag","embeddable":true,"href":"https:\/\/afrycom.com\/fr\/wp-json\/wp\/v2\/product_tag?post=15136"}],"curies":[{"name":"wp","href":"https:\/\/api.w.org\/{rel}","templated":true}]}}