{"id":15124,"date":"2025-04-13T13:46:16","date_gmt":"2025-04-13T13:46:16","guid":{"rendered":"https:\/\/afrycom.com\/product\/600%e6%9d%a1%e9%bb%91%e5%92%96%e5%95%a1%e6%97%a0%e8%94%97%e7%b3%96%e7%b2%be0%e8%84%82%e8%82%a5%e5%87%8f%e7%87%83%e6%ad%a3%e5%93%81%e6%97%97%e8%88%b0%e5%ba%97%e5%86%bb%e5%b9%b2%e7%be%8e%e5%bc%8f\/"},"modified":"2025-05-03T08:58:38","modified_gmt":"2025-05-03T08:58:38","slug":"600-sachets-de-cafe-noir-sans-sucre-sans-edulcorant-0-de-graisse-pour-la-perte-de-poids-cafe-pur-instantane-deshydrate-de-marque-officielle","status":"publish","type":"product","link":"https:\/\/afrycom.com\/fr\/produit\/600-sachets-de-cafe-noir-sans-sucre-sans-edulcorant-0-de-graisse-pour-la-perte-de-poids-cafe-pur-instantane-deshydrate-de-marque-officielle\/","title":{"rendered":"600 sachets de caf\u00e9 noir sans sucre, sans \u00e9dulcorant, 0% de graisse, pour la perte de poids, caf\u00e9 pur instantan\u00e9 d\u00e9shydrat\u00e9 de marque officielle"},"content":{"rendered":"<p class=\"\" data-start=\"51\" data-end=\"132\"><strong data-start=\"51\" data-end=\"132\">600 Sachets de Caf\u00e9 Noir Instantan\u00e9 - Sans Sucre, Sans \u00c9dulcorant, 0% Graisse<\/strong><\/p>\n<p class=\"\" data-start=\"134\" data-end=\"537\">D\u00e9couvrez le plaisir du caf\u00e9 noir pur avec nos 600 sachets de caf\u00e9 instantan\u00e9 d\u00e9shydrat\u00e9. Sp\u00e9cialement con\u00e7u pour les amateurs de caf\u00e9 qui recherchent un go\u00fbt riche sans compromis sur la sant\u00e9, ce caf\u00e9 ne contient ni sucre ni \u00e9dulcorant, et est totalement exempt de graisses, ce qui en fait une option id\u00e9ale pour ceux qui cherchent \u00e0 contr\u00f4ler leur apport calorique tout en savourant un d\u00e9licieux caf\u00e9.<\/p>\n<p class=\"\" data-start=\"539\" data-end=\"561\"><strong data-start=\"539\" data-end=\"559\">Caract\u00e9ristiques<\/strong> :<\/p>\n<ul data-start=\"562\" data-end=\"1247\">\n<li class=\"\" data-start=\"562\" data-end=\"685\">\n<p class=\"\" data-start=\"564\" data-end=\"685\"><strong data-start=\"564\" data-end=\"576\">Caf\u00e9 pur<\/strong> : Fabriqu\u00e9 \u00e0 partir de grains de caf\u00e9 de qualit\u00e9 sup\u00e9rieure pour une saveur authentique et un ar\u00f4me intense.<\/p>\n<\/li>\n<li class=\"\" data-start=\"686\" data-end=\"820\">\n<p class=\"\" data-start=\"688\" data-end=\"820\"><strong data-start=\"688\" data-end=\"721\">Sans sucre et sans \u00e9dulcorant<\/strong> : Aucun ajout de sucre ni d'\u00e9dulcorant artificiel, parfait pour une consommation sans culpabilit\u00e9.<\/p>\n<\/li>\n<li class=\"\" data-start=\"821\" data-end=\"932\">\n<p class=\"\" data-start=\"823\" data-end=\"932\"><strong data-start=\"823\" data-end=\"840\">0% de graisse<\/strong> : Aide \u00e0 maintenir un r\u00e9gime alimentaire \u00e9quilibr\u00e9 tout en satisfaisant vos envies de caf\u00e9.<\/p>\n<\/li>\n<li class=\"\" data-start=\"933\" data-end=\"1102\">\n<p class=\"\" data-start=\"935\" data-end=\"1102\"><strong data-start=\"935\" data-end=\"955\">Facile et rapide<\/strong> : Le format instantan\u00e9 permet une pr\u00e9paration en quelques secondes. Il suffit d'ajouter de l'eau chaude pour obtenir une tasse de caf\u00e9 savoureuse.<\/p>\n<\/li>\n<li class=\"\" data-start=\"1103\" data-end=\"1247\">\n<p class=\"\" data-start=\"1105\" data-end=\"1247\"><strong data-start=\"1105\" data-end=\"1131\">D\u00e9shydrat\u00e9 et pratique<\/strong> : Ce caf\u00e9 lyophilis\u00e9 garantit une longue conservation tout en pr\u00e9servant ses ar\u00f4mes et sa fra\u00eecheur.<\/p>\n<\/li>\n<\/ul>\n<p class=\"\" data-start=\"1249\" data-end=\"1413\">Parfait pour un boost d'\u00e9nergie au matin ou une pause caf\u00e9 \u00e0 tout moment de la journ\u00e9e. Profitez de votre caf\u00e9 sans sucre ajout\u00e9 tout en favorisant votre bien-\u00eatre.<\/p>","protected":false},"excerpt":{"rendered":"<p>D\u00e9couvrez le plaisir du caf\u00e9 noir pur avec nos 600 sachets de caf\u00e9 instantan\u00e9 d\u00e9shydrat\u00e9. Sp\u00e9cialement con\u00e7u pour les amateurs de caf\u00e9 qui recherchent un go\u00fbt riche sans compromis sur la sant\u00e9, ce caf\u00e9 ne contient ni sucre ni \u00e9dulcorant, et est totalement exempt de graisses, ce qui en fait une option id\u00e9ale pour ceux qui cherchent \u00e0 contr\u00f4ler leur apport calorique tout en savourant un d\u00e9licieux caf\u00e9.<\/p>","protected":false},"featured_media":17412,"comment_status":"open","ping_status":"closed","template":"","meta":[],"product_brand":[],"product_cat":[1839],"product_tag":[],"class_list":{"0":"post-15124","1":"product","2":"type-product","3":"status-publish","4":"has-post-thumbnail","6":"product_cat-tea-coffee","8":"first","9":"instock","10":"shipping-taxable","11":"purchasable","12":"product-type-variable"},"jetpack_sharing_enabled":true,"_links":{"self":[{"href":"https:\/\/afrycom.com\/fr\/wp-json\/wp\/v2\/product\/15124","targetHints":{"allow":["GET"]}}],"collection":[{"href":"https:\/\/afrycom.com\/fr\/wp-json\/wp\/v2\/product"}],"about":[{"href":"https:\/\/afrycom.com\/fr\/wp-json\/wp\/v2\/types\/product"}],"replies":[{"embeddable":true,"href":"https:\/\/afrycom.com\/fr\/wp-json\/wp\/v2\/comments?post=15124"}],"wp:featuredmedia":[{"embeddable":true,"href":"https:\/\/afrycom.com\/fr\/wp-json\/wp\/v2\/media\/17412"}],"wp:attachment":[{"href":"https:\/\/afrycom.com\/fr\/wp-json\/wp\/v2\/media?parent=15124"}],"wp:term":[{"taxonomy":"product_brand","embeddable":true,"href":"https:\/\/afrycom.com\/fr\/wp-json\/wp\/v2\/product_brand?post=15124"},{"taxonomy":"product_cat","embeddable":true,"href":"https:\/\/afrycom.com\/fr\/wp-json\/wp\/v2\/product_cat?post=15124"},{"taxonomy":"product_tag","embeddable":true,"href":"https:\/\/afrycom.com\/fr\/wp-json\/wp\/v2\/product_tag?post=15124"}],"curies":[{"name":"wp","href":"https:\/\/api.w.org\/{rel}","templated":true}]}}