{"id":14534,"date":"2025-04-13T13:16:52","date_gmt":"2025-04-13T13:16:52","guid":{"rendered":"https:\/\/afrycom.com\/product\/%e9%98%bf%e8%bf%88%e9%80%82%e7%94%a8dji%e5%a4%a7%e7%96%86osmo-pocket3%e7%a1%85%e8%83%b6%e5%a5%97%e4%bf%9d%e6%8a%a4%e5%a5%97%e4%bf%9d%e6%8a%a4%e5%a3%b3%e9%98%b2%e5%88%ae%e9%98%b2%e6%8a%a4%e9%85%8d\/"},"modified":"2025-08-14T03:48:44","modified_gmt":"2025-08-14T03:48:44","slug":"coque-de-protection-en-silicone-premium-compatible-avec-dji-osmo-pocket-3","status":"publish","type":"product","link":"https:\/\/afrycom.com\/fr\/produit\/coque-de-protection-en-silicone-premium-compatible-avec-dji-osmo-pocket-3\/","title":{"rendered":"Coque de Protection en Silicone Premium Compatible avec DJI Osmo Pocket 3"},"content":{"rendered":"","protected":false},"excerpt":{"rendered":"<p>Prot\u00e9gez votre DJI Osmo Pocket 3 avec style gr\u00e2ce \u00e0 cette coque de protection en silicone de haute qualit\u00e9. Parfaitement ajust\u00e9e, elle \u00e9pouse fid\u00e8lement les contours de votre appareil pour une protection optimale contre les chocs, les rayures et la poussi\u00e8re, sans compromettre l&#8217;acc\u00e8s aux boutons, ports ni \u00e0 la rotation du stabilisateur.<\/p>","protected":false},"featured_media":14535,"comment_status":"open","ping_status":"closed","template":"","meta":[],"product_brand":[],"product_cat":[85,5770,35,5769],"product_tag":[],"class_list":{"0":"post-14534","1":"product","2":"type-product","3":"status-publish","4":"has-post-thumbnail","6":"product_cat-accessories","7":"product_cat-cameras","8":"product_cat-electronics","9":"product_cat-photograhy-accessories","11":"first","12":"instock","13":"shipping-taxable","14":"purchasable","15":"product-type-variable"},"jetpack_sharing_enabled":true,"_links":{"self":[{"href":"https:\/\/afrycom.com\/fr\/wp-json\/wp\/v2\/product\/14534","targetHints":{"allow":["GET"]}}],"collection":[{"href":"https:\/\/afrycom.com\/fr\/wp-json\/wp\/v2\/product"}],"about":[{"href":"https:\/\/afrycom.com\/fr\/wp-json\/wp\/v2\/types\/product"}],"replies":[{"embeddable":true,"href":"https:\/\/afrycom.com\/fr\/wp-json\/wp\/v2\/comments?post=14534"}],"wp:featuredmedia":[{"embeddable":true,"href":"https:\/\/afrycom.com\/fr\/wp-json\/wp\/v2\/media\/14535"}],"wp:attachment":[{"href":"https:\/\/afrycom.com\/fr\/wp-json\/wp\/v2\/media?parent=14534"}],"wp:term":[{"taxonomy":"product_brand","embeddable":true,"href":"https:\/\/afrycom.com\/fr\/wp-json\/wp\/v2\/product_brand?post=14534"},{"taxonomy":"product_cat","embeddable":true,"href":"https:\/\/afrycom.com\/fr\/wp-json\/wp\/v2\/product_cat?post=14534"},{"taxonomy":"product_tag","embeddable":true,"href":"https:\/\/afrycom.com\/fr\/wp-json\/wp\/v2\/product_tag?post=14534"}],"curies":[{"name":"wp","href":"https:\/\/api.w.org\/{rel}","templated":true}]}}