{"id":14248,"date":"2025-04-11T09:51:19","date_gmt":"2025-04-11T09:51:19","guid":{"rendered":"https:\/\/afrycom.com\/product\/%e5%ba%b7%e4%bd%b3%e7%ad%8b%e8%86%9c%e6%9e%aa%e8%82%8c%e8%82%89%e6%94%be%e6%9d%be%e6%8c%89%e6%91%a9%e5%99%a8%e5%a5%b3%e7%94%a8%e8%bf%b7%e4%bd%a0%e6%ac%be%e5%b0%8f%e5%9e%8b%e4%b8%93%e4%b8%9a%e9%a2%88\/"},"modified":"2025-04-29T10:22:26","modified_gmt":"2025-04-29T10:22:26","slug":"mini-massager-electrique-silencieux-pour-femme-pistolet-a-fascias-compact-puissant-relaxation-musculaire-professionnelle-konka","status":"publish","type":"product","link":"https:\/\/afrycom.com\/fr\/produit\/mini-massager-electrique-silencieux-pour-femme-pistolet-a-fascias-compact-puissant-relaxation-musculaire-professionnelle-konka\/","title":{"rendered":"Mini Massager \u00c9lectrique Silencieux pour Femme - Pistolet \u00e0 Fascias Compact &amp; Puissant | Relaxation Musculaire Professionnelle - Konka"},"content":{"rendered":"","protected":false},"excerpt":{"rendered":"<p>D\u00e9couvrez le mini massager \u00e9lectrique Konka - un pistolet \u00e0 fascias compact, silencieux et puissant, sp\u00e9cialement con\u00e7u pour les femmes. Id\u00e9al pour la relaxation musculaire, les tensions cervicales et une r\u00e9cup\u00e9ration rapide apr\u00e8s l'entra\u00eenement. Technologie silencieuse, design ergonomique et portabilit\u00e9 maximale.<\/p>","protected":false},"featured_media":14249,"comment_status":"open","ping_status":"closed","template":"","meta":[],"product_brand":[],"product_cat":[1508,84],"product_tag":[],"class_list":{"0":"post-14248","1":"product","2":"type-product","3":"status-publish","4":"has-post-thumbnail","6":"product_cat-massage-gun","7":"product_cat-sports-outdoors","9":"first","10":"instock","11":"shipping-taxable","12":"purchasable","13":"product-type-variable"},"jetpack_sharing_enabled":true,"_links":{"self":[{"href":"https:\/\/afrycom.com\/fr\/wp-json\/wp\/v2\/product\/14248","targetHints":{"allow":["GET"]}}],"collection":[{"href":"https:\/\/afrycom.com\/fr\/wp-json\/wp\/v2\/product"}],"about":[{"href":"https:\/\/afrycom.com\/fr\/wp-json\/wp\/v2\/types\/product"}],"replies":[{"embeddable":true,"href":"https:\/\/afrycom.com\/fr\/wp-json\/wp\/v2\/comments?post=14248"}],"wp:featuredmedia":[{"embeddable":true,"href":"https:\/\/afrycom.com\/fr\/wp-json\/wp\/v2\/media\/14249"}],"wp:attachment":[{"href":"https:\/\/afrycom.com\/fr\/wp-json\/wp\/v2\/media?parent=14248"}],"wp:term":[{"taxonomy":"product_brand","embeddable":true,"href":"https:\/\/afrycom.com\/fr\/wp-json\/wp\/v2\/product_brand?post=14248"},{"taxonomy":"product_cat","embeddable":true,"href":"https:\/\/afrycom.com\/fr\/wp-json\/wp\/v2\/product_cat?post=14248"},{"taxonomy":"product_tag","embeddable":true,"href":"https:\/\/afrycom.com\/fr\/wp-json\/wp\/v2\/product_tag?post=14248"}],"curies":[{"name":"wp","href":"https:\/\/api.w.org\/{rel}","templated":true}]}}