{"id":1423,"date":"2025-01-09T08:50:06","date_gmt":"2025-01-09T08:50:06","guid":{"rendered":"https:\/\/dummy.xtemos.com\/woodmart2\/marketplace2\/?post_type=product&#038;p=1423"},"modified":"2025-03-02T02:28:27","modified_gmt":"2025-03-02T02:28:27","slug":"pure-volume-mascara","status":"publish","type":"product","link":"https:\/\/afrycom.com\/fr\/produit\/pure-volume-mascara\/","title":{"rendered":"Mascara Pure Volume"},"content":{"rendered":"<div class=\"wpb-content-wrapper\"><div class=\"vc_row wpb_row vc_row-fluid vc_custom_1736412800076 wd-rs-677f8e7a9c9e9\"><div class=\"wpb_column vc_column_container vc_col-sm-12\"><div class=\"vc_column-inner\"><div class=\"wpb_wrapper\">\n\t\t<div id=\"wd-677f8e112285b\" class=\"title-wrapper wd-wpb wd-set-mb reset-last-child  wd-rs-677f8e112285b wd-title-color-default wd-title-style-default text-center vc_custom_1736412707038 wd-underline-colored\">\n\t\t\t\n\t\t\t<div class=\"liner-continer\">\n\t\t\t\t<h4 class=\"woodmart-title-container title  wd-font-weight- wd-fontsize-l\" >COCOSOLIS SPF50<\/h4>\n\t\t\t\t\t\t\t<\/div>\n\t\t\t\n\t\t\t\n\t\t\t\n\t\t<\/div>\n\t\t\n\t\t\n\t\t<div id=\"wd-677f8e27af293\" class=\"title-wrapper wd-wpb wd-set-mb reset-last-child  wd-rs-677f8e27af293 wd-title-color-default wd-title-style-default text-center  wd-underline-colored\">\n\t\t\t\n\t\t\t<div class=\"liner-continer\">\n\t\t\t\t<h4 class=\"woodmart-title-container title  wd-font-weight-700 wd-fontsize-l\" >Lotion solaire naturelle<\/h4>\n\t\t\t\t\t\t\t<\/div>\n\t\t\t\n\t\t\t\n\t\t\t\n\t\t<\/div>\n\t\t\n\t\t\t\t<div id=\"wd-677f8e545ddea\" class=\"wd-image wd-wpb wd-rs-677f8e545ddea text-center vc_custom_1736412779375\">\n\t\t\t\n\t\t\t<img loading=\"lazy\" decoding=\"async\" width=\"384\" height=\"201\" src=\"https:\/\/afrycom.com\/wp-content\/uploads\/2025\/01\/pic-1-1.jpg\" class=\"attachment-full size-full\" alt=\"\" srcset=\"https:\/\/afrycom.com\/wp-content\/uploads\/2025\/01\/pic-1-1.jpg 384w, https:\/\/afrycom.com\/wp-content\/uploads\/2025\/01\/pic-1-1-150x79.jpg 150w\" sizes=\"auto, (max-width: 384px) 100vw, 384px\" \/>\n\t\t\t\t\t<\/div>\n\t\t\t\t<div id=\"wd-677f8e6fef5e6\" class=\"wd-text-block wd-wpb reset-last-child wd-rs-677f8e6fef5e6 text-center\">\n\t\t\t<p>En outre, ils contribuent \u00e0 att\u00e9nuer la pigmentation, ce qui stimule la formation de collag\u00e8ne.<\/p>\n\t\t<\/div>\n\t\t<\/div><\/div><\/div><\/div><div class=\"vc_row wpb_row vc_row-fluid vc_custom_1736413086426 vc_row-o-content-middle vc_row-flex wd-rs-677f8f9b64cca\"><div class=\"wpb_column vc_column_container vc_col-sm-6\"><div class=\"vc_column-inner\"><div class=\"wpb_wrapper\">\t\t<div id=\"wd-677f8e9d9e0a0\" class=\"wd-image wd-wpb wd-rs-677f8e9d9e0a0 text-left\">\n\t\t\t\n\t\t\t<img loading=\"lazy\" decoding=\"async\" width=\"460\" height=\"510\" src=\"https:\/\/afrycom.com\/wp-content\/uploads\/2025\/01\/pic-2-2.jpg\" class=\"attachment-full size-full\" alt=\"\" srcset=\"https:\/\/afrycom.com\/wp-content\/uploads\/2025\/01\/pic-2-2.jpg 460w, https:\/\/afrycom.com\/wp-content\/uploads\/2025\/01\/pic-2-2-150x166.jpg 150w\" sizes=\"auto, (max-width: 460px) 100vw, 460px\" \/>\n\t\t\t\t\t<\/div>\n\t\t<\/div><\/div><\/div><div class=\"wpb_column vc_column_container vc_col-sm-6\"><div class=\"vc_column-inner\"><div class=\"wpb_wrapper\"><div class=\"vc_row wpb_row vc_inner vc_row-fluid vc_custom_1736412954652 vc_row-has-fill wd-rs-677f8f166dc25\"><div class=\"wpb_column vc_column_container vc_col-sm-12 wd-rs-677f8f1254a3f\"><div class=\"vc_column-inner vc_custom_1736412948981\"><div class=\"wpb_wrapper\">\t\t\t<div class=\"info-box-wrapper\">\n\t\t\t\t<div id=\"wd-677f8f230e8fa\" class=\"wd-rs-677f8f230e8fa wd-info-box wd-wpb text-left box-icon-align-left box-style- color-scheme- wd-bg-none wd-items-middle vc_custom_1736412968076\">\n\t\t\t\t\t\t\t\t\t\t\t<div class=\"box-icon-wrapper  box-with-icon box-icon-simple\">\n\t\t\t\t\t\t\t<div class=\"info-box-icon\">\n\n\t\t\t\t\t\t\t\n\t\t\t\t\t\t\t\t\t\t\t\t\t\t\t\t\t<div class=\"info-svg-wrapper\" style=\"width: 40px;height: 40px;\"><img decoding=\"async\"  src=\"https:\/\/afrycom.com\/wp-content\/uploads\/2025\/01\/protection.svg\" title=\"protection\" loading=\"lazy\" width=\"40\" height=\"40\"><\/div>\t\t\t\t\t\t\t\t\t\t\t\t\t\t\t\n\t\t\t\t\t\t\t<\/div>\n\t\t\t\t\t\t<\/div>\n\t\t\t\t\t\t\t\t\t\t<div class=\"info-box-content\">\n\t\t\t\t\t\t<h4 class=\"info-box-title title box-title-style-default wd-fontsize-m\">Protection de l'environnement<\/h4>\t\t\t\t\t\t<div class=\"info-box-inner reset-last-child\"><\/div>\n\n\t\t\t\t\t\t\t\t\t\t\t<\/div>\n\n\t\t\t\t\t\n\t\t\t\t\t\t\t\t\t<\/div>\n\t\t\t<\/div>\n\t\t\t\t<div id=\"wd-677f8ef1d3f84\" class=\"wd-text-block wd-wpb reset-last-child wd-rs-677f8ef1d3f84 text-left vc_custom_1736412921272\">\n\t\t\t<p>De m\u00eame, les taches brunes sont plus faciles \u00e0 \u00e9viter gr\u00e2ce \u00e0 cette protection solaire.<\/p>\n\t\t<\/div>\n\t\t<\/div><\/div><\/div><\/div><div class=\"vc_row wpb_row vc_inner vc_row-fluid vc_custom_1736412954652 vc_row-has-fill wd-rs-677f8f166dc25\"><div class=\"wpb_column vc_column_container vc_col-sm-12 wd-rs-677f8f1254a3f\"><div class=\"vc_column-inner vc_custom_1736412948981\"><div class=\"wpb_wrapper\">\t\t\t<div class=\"info-box-wrapper\">\n\t\t\t\t<div id=\"wd-677f8f415d4e4\" class=\"wd-rs-677f8f415d4e4 wd-info-box wd-wpb text-left box-icon-align-left box-style- color-scheme- wd-bg-none wd-items-middle vc_custom_1736413005528\">\n\t\t\t\t\t\t\t\t\t\t\t<div class=\"box-icon-wrapper  box-with-icon box-icon-simple\">\n\t\t\t\t\t\t\t<div class=\"info-box-icon\">\n\n\t\t\t\t\t\t\t\n\t\t\t\t\t\t\t\t\t\t\t\t\t\t\t\t\t<div class=\"info-svg-wrapper\" style=\"width: 40px;height: 40px;\"><img decoding=\"async\"  src=\"https:\/\/afrycom.com\/wp-content\/uploads\/2025\/01\/formula.svg\" title=\"formule\" loading=\"lazy\" width=\"40\" height=\"40\"><\/div>\t\t\t\t\t\t\t\t\t\t\t\t\t\t\t\n\t\t\t\t\t\t\t<\/div>\n\t\t\t\t\t\t<\/div>\n\t\t\t\t\t\t\t\t\t\t<div class=\"info-box-content\">\n\t\t\t\t\t\t<h4 class=\"info-box-title title box-title-style-default wd-fontsize-m\">Formule naturelle<\/h4>\t\t\t\t\t\t<div class=\"info-box-inner reset-last-child\"><\/div>\n\n\t\t\t\t\t\t\t\t\t\t\t<\/div>\n\n\t\t\t\t\t\n\t\t\t\t\t\t\t\t\t<\/div>\n\t\t\t<\/div>\n\t\t\t\t<div id=\"wd-677f8f518dea0\" class=\"wd-text-block wd-wpb reset-last-child wd-rs-677f8f518dea0 text-left vc_custom_1736413011953\">\n\t\t\t<p>En plus de contenir de la vitamine E, cette huile concentre des niveaux \u00e9lev\u00e9s.<\/p>\n\t\t<\/div>\n\t\t<\/div><\/div><\/div><\/div><div class=\"vc_row wpb_row vc_inner vc_row-fluid vc_custom_1736413101739 vc_row-has-fill wd-rs-677f8faa95125\"><div class=\"wpb_column vc_column_container vc_col-sm-12 wd-rs-677f8f1254a3f\"><div class=\"vc_column-inner vc_custom_1736412948981\"><div class=\"wpb_wrapper\">\t\t\t<div class=\"info-box-wrapper\">\n\t\t\t\t<div id=\"wd-677f8f59f1221\" class=\"wd-rs-677f8f59f1221 wd-info-box wd-wpb text-left box-icon-align-left box-style- color-scheme- wd-bg-none wd-items-middle vc_custom_1736413028769\">\n\t\t\t\t\t\t\t\t\t\t\t<div class=\"box-icon-wrapper  box-with-icon box-icon-simple\">\n\t\t\t\t\t\t\t<div class=\"info-box-icon\">\n\n\t\t\t\t\t\t\t\n\t\t\t\t\t\t\t\t\t\t\t\t\t\t\t\t\t<div class=\"info-svg-wrapper\" style=\"width: 40px;height: 40px;\"><img decoding=\"async\"  src=\"https:\/\/afrycom.com\/wp-content\/uploads\/2025\/01\/easy-to-use.svg\" title=\"facile \u00e0 utiliser\" loading=\"lazy\" width=\"40\" height=\"40\"><\/div>\t\t\t\t\t\t\t\t\t\t\t\t\t\t\t\n\t\t\t\t\t\t\t<\/div>\n\t\t\t\t\t\t<\/div>\n\t\t\t\t\t\t\t\t\t\t<div class=\"info-box-content\">\n\t\t\t\t\t\t<h4 class=\"info-box-title title box-title-style-default wd-fontsize-m\">Facile \u00e0 utiliser<\/h4>\t\t\t\t\t\t<div class=\"info-box-inner reset-last-child\"><\/div>\n\n\t\t\t\t\t\t\t\t\t\t\t<\/div>\n\n\t\t\t\t\t\n\t\t\t\t\t\t\t\t\t<\/div>\n\t\t\t<\/div>\n\t\t\t\t<div id=\"wd-677f8f6823ac0\" class=\"wd-text-block wd-wpb reset-last-child wd-rs-677f8f6823ac0 text-left vc_custom_1736413034934\">\n\t\t\t<p>De l'am\u00e9lioration de la r\u00e9sistance de la peau \u00e0 la p\u00e9n\u00e9tration d'autres ingr\u00e9dients.<\/p>\n\t\t<\/div>\n\t\t<\/div><\/div><\/div><\/div><\/div><\/div><\/div><\/div><div class=\"vc_row wpb_row vc_row-fluid\"><div class=\"wpb_column vc_column_container vc_col-sm-12\"><div class=\"vc_column-inner\"><div class=\"wpb_wrapper\">\t\t<div id=\"wd-677f8f7f2d9c5\" class=\"wd-text-block wd-wpb reset-last-child wd-rs-677f8f7f2d9c5 text-center vc_custom_1736413063385\">\n\t\t\t<p>Les cellules souches de la t\u00eate de dragon du Nord luttent avec succ\u00e8s contre les dommages solaires, en inhibant la propagation des radicaux libres. En outre, elles contribuent \u00e0 r\u00e9duire la pigmentation, ce qui stimule la formation de collag\u00e8ne.<\/p>\n\t\t<\/div>\n\t\t\t\t<div id=\"wd-677f8f8c9099a\" class=\"wd-image wd-wpb wd-rs-677f8f8c9099a text-left vc_custom_1736413079979\">\n\t\t\t\n\t\t\t<img loading=\"lazy\" decoding=\"async\" width=\"940\" height=\"580\" src=\"https:\/\/afrycom.com\/wp-content\/uploads\/2025\/01\/pic-3-1.jpg\" class=\"attachment-full size-full\" alt=\"\" srcset=\"https:\/\/afrycom.com\/wp-content\/uploads\/2025\/01\/pic-3-1.jpg 940w, https:\/\/afrycom.com\/wp-content\/uploads\/2025\/01\/pic-3-1-150x93.jpg 150w\" sizes=\"auto, (max-width: 940px) 100vw, 940px\" \/>\n\t\t\t\t\t<\/div>\n\t\t<\/div><\/div><\/div><\/div>\n<\/div>","protected":false},"excerpt":{"rendered":"<p>Sa structure modulaire, bas\u00e9e sur la combinaison de six polygones de forme irr\u00e9guli\u00e8re, permet une infinit\u00e9 de combinaisons de couleurs et de formes qui peuvent \u00eatre configur\u00e9es sur une plateforme num\u00e9rique d\u00e9di\u00e9e.<\/p>","protected":false},"featured_media":1424,"comment_status":"open","ping_status":"closed","template":"","meta":[],"product_brand":[64],"product_cat":[34],"product_tag":[],"class_list":{"0":"post-1423","1":"product","2":"type-product","3":"status-publish","4":"has-post-thumbnail","6":"product_brand-benq","7":"product_cat-beauty-care","9":"first","10":"instock","11":"shipping-taxable","12":"purchasable","13":"product-type-simple"},"jetpack_sharing_enabled":true,"_links":{"self":[{"href":"https:\/\/afrycom.com\/fr\/wp-json\/wp\/v2\/product\/1423","targetHints":{"allow":["GET"]}}],"collection":[{"href":"https:\/\/afrycom.com\/fr\/wp-json\/wp\/v2\/product"}],"about":[{"href":"https:\/\/afrycom.com\/fr\/wp-json\/wp\/v2\/types\/product"}],"replies":[{"embeddable":true,"href":"https:\/\/afrycom.com\/fr\/wp-json\/wp\/v2\/comments?post=1423"}],"wp:featuredmedia":[{"embeddable":true,"href":"https:\/\/afrycom.com\/fr\/wp-json\/wp\/v2\/media\/1424"}],"wp:attachment":[{"href":"https:\/\/afrycom.com\/fr\/wp-json\/wp\/v2\/media?parent=1423"}],"wp:term":[{"taxonomy":"product_brand","embeddable":true,"href":"https:\/\/afrycom.com\/fr\/wp-json\/wp\/v2\/product_brand?post=1423"},{"taxonomy":"product_cat","embeddable":true,"href":"https:\/\/afrycom.com\/fr\/wp-json\/wp\/v2\/product_cat?post=1423"},{"taxonomy":"product_tag","embeddable":true,"href":"https:\/\/afrycom.com\/fr\/wp-json\/wp\/v2\/product_tag?post=1423"}],"curies":[{"name":"wp","href":"https:\/\/api.w.org\/{rel}","templated":true}]}}