{"id":13912,"date":"2025-04-09T15:18:40","date_gmt":"2025-04-09T15:18:40","guid":{"rendered":"https:\/\/afrycom.com\/product\/mixeur-multifonction-moderne-ideal-pour-la-cuisine-les-jus-les-smoothies\/"},"modified":"2025-04-09T15:38:38","modified_gmt":"2025-04-09T15:38:38","slug":"mixeur-multifonction-moderne-ideal-pour-la-cuisine-les-jus-les-smoothies","status":"publish","type":"product","link":"https:\/\/afrycom.com\/fr\/produit\/mixeur-multifonction-moderne-ideal-pour-la-cuisine-les-jus-les-smoothies\/","title":{"rendered":"Mixeur multifonction moderne - Id\u00e9al pour la cuisine, les jus, les smoothies"},"content":{"rendered":"<p class=\"\" data-start=\"450\" data-end=\"545\"><strong data-start=\"450\" data-end=\"545\">Mixeur multifonction moderne \u2013 Id\u00e9al pour la cuisine, les jus, les smoothies et plus encore<\/strong><\/p>\n<p class=\"\" data-start=\"547\" data-end=\"929\">D\u00e9couvrez notre <strong data-start=\"563\" data-end=\"606\">mixeur de cuisine moderne multifonction<\/strong> con\u00e7u pour offrir des performances exceptionnelles \u00e0 la maison et dans les \u00e9tablissements commerciaux. Avec une <strong data-start=\"719\" data-end=\"753\">capacit\u00e9 de broyage ultra-fine<\/strong> et une <strong data-start=\"761\" data-end=\"791\">puissance de moteur \u00e9lev\u00e9e<\/strong>, cet appareil est parfait pour pr\u00e9parer <strong data-start=\"832\" data-end=\"849\">des jus frais<\/strong>, <strong data-start=\"851\" data-end=\"868\">des smoothies<\/strong>, <strong data-start=\"870\" data-end=\"898\">des laits de soja maison<\/strong> et m\u00eame des <strong data-start=\"911\" data-end=\"928\">glaces pil\u00e9es<\/strong>.<\/p>\n<h3 class=\"\" data-start=\"931\" data-end=\"969\"><strong data-start=\"935\" data-end=\"969\">Caract\u00e9ristiques principales :<\/strong><\/h3>\n<ul data-start=\"970\" data-end=\"1749\">\n<li class=\"\" data-start=\"970\" data-end=\"1164\">\n<p class=\"\" data-start=\"972\" data-end=\"1164\"><strong data-start=\"972\" data-end=\"995\">Broyage ultra-fin :<\/strong> Gr\u00e2ce \u00e0 sa technologie de <strong data-start=\"1022\" data-end=\"1051\">broyage \u00e0 haute puissance<\/strong>, il vous garantit une texture lisse et sans morceaux, id\u00e9ale pour les jus de fruits, les sauces, et plus encore.<\/p>\n<\/li>\n<li class=\"\" data-start=\"1165\" data-end=\"1370\">\n<p class=\"\" data-start=\"1167\" data-end=\"1370\"><strong data-start=\"1167\" data-end=\"1184\">Polyvalence :<\/strong> Ce mixeur est con\u00e7u pour <strong data-start=\"1210\" data-end=\"1228\">presse-agrumes<\/strong>, <strong data-start=\"1230\" data-end=\"1246\">lait de soja<\/strong>, <strong data-start=\"1248\" data-end=\"1261\">smoothies<\/strong>, et m\u00eame pour la pr\u00e9paration de <strong data-start=\"1294\" data-end=\"1311\">glaces pil\u00e9es<\/strong> pour des cocktails rafra\u00eechissants ou des desserts glac\u00e9s.<\/p>\n<\/li>\n<li class=\"\" data-start=\"1371\" data-end=\"1464\">\n<p class=\"\" data-start=\"1373\" data-end=\"1464\"><strong data-start=\"1373\" data-end=\"1401\">Capacit\u00e9 g\u00e9n\u00e9reuse de 2L<\/strong> pour des portions familiales ou des pr\u00e9parations commerciales.<\/p>\n<\/li>\n<li class=\"\" data-start=\"1465\" data-end=\"1616\">\n<p class=\"\" data-start=\"1467\" data-end=\"1616\"><strong data-start=\"1467\" data-end=\"1510\">Utilisation domestique et commerciale :<\/strong> Parfait pour la cuisine quotidienne \u00e0 la maison ou pour les professionnels dans les restaurants et caf\u00e9s.<\/p>\n<\/li>\n<li class=\"\" data-start=\"1617\" data-end=\"1749\">\n<p class=\"\" data-start=\"1619\" data-end=\"1749\"><strong data-start=\"1619\" data-end=\"1656\">Facile \u00e0 utiliser et \u00e0 nettoyer :<\/strong> Son design moderne et ses fonctions intuitives le rendent simple \u00e0 utiliser et \u00e0 entretenir.<\/p>\n<\/li>\n<\/ul>\n<h3 class=\"\" data-start=\"1751\" data-end=\"1770\"><strong data-start=\"1755\" data-end=\"1770\">Avantages :<\/strong><\/h3>\n<ul data-start=\"1771\" data-end=\"2078\">\n<li class=\"\" data-start=\"1771\" data-end=\"1899\">\n<p class=\"\" data-start=\"1773\" data-end=\"1899\"><strong data-start=\"1773\" data-end=\"1792\">Gain de temps :<\/strong> Pr\u00e9parez vos recettes en quelques minutes avec un moteur puissant et des lames de qualit\u00e9 professionnelle.<\/p>\n<\/li>\n<li class=\"\" data-start=\"1900\" data-end=\"2078\">\n<p class=\"\" data-start=\"1902\" data-end=\"2078\"><strong data-start=\"1902\" data-end=\"1929\">Gagnant en efficacit\u00e9 :<\/strong> Pr\u00e9parez des boissons saines pour toute la famille, des smoothies \u00e9nerg\u00e9tiques aux laits de soja frais, tout en r\u00e9duisant le gaspillage alimentaire.<\/p>\n<\/li>\n<\/ul>\n<h3 class=\"\" data-start=\"2080\" data-end=\"2130\"><strong data-start=\"2084\" data-end=\"2130\">Pourquoi choisir ce mixeur multifonction ?<\/strong><\/h3>\n<p class=\"\" data-start=\"2131\" data-end=\"2472\">Ce mixeur est plus qu&#8217;un simple <strong data-start=\"2163\" data-end=\"2174\">blender<\/strong>. Il repr\u00e9sente une <strong data-start=\"2194\" data-end=\"2215\">solution compl\u00e8te<\/strong> pour ceux qui cherchent \u00e0 int\u00e9grer des boissons saines et savoureuses dans leur routine quotidienne. Il combine puissance, flexibilit\u00e9, et design moderne pour <strong data-start=\"2375\" data-end=\"2416\">faciliter la pr\u00e9paration de vos repas<\/strong> et de vos boissons pr\u00e9f\u00e9r\u00e9es \u00e0 la maison ou au travail.<\/p>\n<p class=\"\" data-start=\"2474\" data-end=\"2565\">Optez pour ce <strong data-start=\"2488\" data-end=\"2512\">mixeur haut de gamme<\/strong> et transformez votre fa\u00e7on de cuisiner et de boire !<\/p>","protected":false},"excerpt":{"rendered":"<p>Mixeur multifonction moderne \u2013 Id\u00e9al pour la cuisine, les jus, les smoothies et plus encore D\u00e9couvrez notre mixeur de cuisine<\/p>","protected":false},"featured_media":13930,"comment_status":"open","ping_status":"closed","template":"","meta":[],"product_brand":[],"product_cat":[32],"product_tag":[],"class_list":{"0":"post-13912","1":"product","2":"type-product","3":"status-publish","4":"has-post-thumbnail","6":"product_cat-blenders-small-kitchen-appliances-appliances","8":"first","9":"instock","10":"shipping-taxable","11":"purchasable","12":"product-type-variable"},"jetpack_sharing_enabled":true,"_links":{"self":[{"href":"https:\/\/afrycom.com\/fr\/wp-json\/wp\/v2\/product\/13912","targetHints":{"allow":["GET"]}}],"collection":[{"href":"https:\/\/afrycom.com\/fr\/wp-json\/wp\/v2\/product"}],"about":[{"href":"https:\/\/afrycom.com\/fr\/wp-json\/wp\/v2\/types\/product"}],"replies":[{"embeddable":true,"href":"https:\/\/afrycom.com\/fr\/wp-json\/wp\/v2\/comments?post=13912"}],"wp:featuredmedia":[{"embeddable":true,"href":"https:\/\/afrycom.com\/fr\/wp-json\/wp\/v2\/media\/13930"}],"wp:attachment":[{"href":"https:\/\/afrycom.com\/fr\/wp-json\/wp\/v2\/media?parent=13912"}],"wp:term":[{"taxonomy":"product_brand","embeddable":true,"href":"https:\/\/afrycom.com\/fr\/wp-json\/wp\/v2\/product_brand?post=13912"},{"taxonomy":"product_cat","embeddable":true,"href":"https:\/\/afrycom.com\/fr\/wp-json\/wp\/v2\/product_cat?post=13912"},{"taxonomy":"product_tag","embeddable":true,"href":"https:\/\/afrycom.com\/fr\/wp-json\/wp\/v2\/product_tag?post=13912"}],"curies":[{"name":"wp","href":"https:\/\/api.w.org\/{rel}","templated":true}]}}