{"id":13904,"date":"2025-04-09T15:14:18","date_gmt":"2025-04-09T15:14:18","guid":{"rendered":"https:\/\/afrycom.com\/product\/%e6%96%b0%e6%ac%be%e7%a0%b4%e5%a3%81%e6%9c%bae%e5%ae%b6%e7%94%a8%e5%b0%8f%e5%9e%8b%e6%96%99%e7%90%86%e6%9c%ba%e5%a4%9a%e5%8a%9f%e8%83%bd%e5%95%86%e7%94%a8%e8%b1%86%e6%b5%86%e6%9c%ba%e6%9e%9c%e6%b1%81\/"},"modified":"2026-02-02T03:29:15","modified_gmt":"2026-02-02T03:29:15","slug":"nouveau-blender-haute-puissance-multifonctionnel-mini-robot-de-cuisine-domestique-et-professionnel-pour-lait-de-soja-jus-de-fruits-hachage-de-viande-melanges-et-glace-pilee","status":"publish","type":"product","link":"https:\/\/afrycom.com\/fr\/produit\/nouveau-blender-haute-puissance-multifonctionnel-mini-robot-de-cuisine-domestique-et-professionnel-pour-lait-de-soja-jus-de-fruits-hachage-de-viande-melanges-et-glace-pilee\/","title":{"rendered":"Nouveau blender haute puissance multifonctionnel \u2013 mini robot de cuisine domestique et professionnel pour lait de soja, jus de fruits, hachage de viande, m\u00e9langes et glace pil\u00e9e"},"content":{"rendered":"<div class=\"qwen-markdown-paragraph\"><span class=\"qwen-markdown-text\" data-spm-anchor-id=\"a2ty_o01.29997173.0.i7.5a855171ZOkRdW\">D\u00e9couvrez le <\/span><strong class=\"qwen-markdown-strong\"><span class=\"qwen-markdown-text\">Nouveau Blender Haute Puissance Multifonctionnel<\/span><\/strong><span class=\"qwen-markdown-text\">, l\u2019assistant culinaire id\u00e9al pour r\u00e9pondre \u00e0 tous vos besoins, qu\u2019il s\u2019agisse de pr\u00e9parations familiales ou professionnelles. Con\u00e7u avec un moteur puissant et un design compact, cet appareil allie performance et polyvalence pour transformer vos ingr\u00e9dients en d\u00e9lices savoureux en un clin d\u2019\u0153il.<\/span><\/div>\n<div class=\"qwen-markdown-space\"><\/div>\n<div class=\"qwen-markdown-paragraph\"><strong class=\"qwen-markdown-strong\"><span class=\"qwen-markdown-text\">Polyvalence \u00e0 toute \u00e9preuve<\/span><\/strong><span class=\"qwen-markdown-text\"> :<\/span><br \/>\n<span class=\"qwen-markdown-text\">Gr\u00e2ce \u00e0 ses lames en acier inoxydable et \u00e0 son r\u00e9glage de vitesse intuitif, ce blender s\u2019adapte \u00e0 toutes les textures :<\/span><\/div>\n<ul class=\"qwen-markdown-list\" dir=\"auto\">\n<li><span class=\"qwen-markdown-text\">Cr\u00e9ez des <\/span><strong class=\"qwen-markdown-strong\"><span class=\"qwen-markdown-text\">jus de fruits frais<\/span><\/strong><span class=\"qwen-markdown-text\"> et des <\/span><strong class=\"qwen-markdown-strong\"><span class=\"qwen-markdown-text\">smoothies onctueux<\/span><\/strong><span class=\"qwen-markdown-text\"> en quelques secondes.<\/span><\/li>\n<li><span class=\"qwen-markdown-text\">Pr\u00e9parez du <\/span><strong class=\"qwen-markdown-strong\"><span class=\"qwen-markdown-text\">lait de soja<\/span><\/strong><span class=\"qwen-markdown-text\"> cr\u00e9meux, des <\/span><strong class=\"qwen-markdown-strong\"><span class=\"qwen-markdown-text\">pur\u00e9es pour b\u00e9b\u00e9<\/span><\/strong><span class=\"qwen-markdown-text\">\u00a0ou des <\/span><strong class=\"qwen-markdown-strong\"><span class=\"qwen-markdown-text\">sauces \u00e9pic\u00e9es<\/span><\/strong><span class=\"qwen-markdown-text\"> avec pr\u00e9cision.<\/span><\/li>\n<li><span class=\"qwen-markdown-text\">Hachez efficacement la <\/span><strong class=\"qwen-markdown-strong\"><span class=\"qwen-markdown-text\">viande<\/span><\/strong><span class=\"qwen-markdown-text\">, les <\/span><strong class=\"qwen-markdown-strong\"><span class=\"qwen-markdown-text\">noix<\/span><\/strong><span class=\"qwen-markdown-text\">\u00a0ou les <\/span><strong class=\"qwen-markdown-strong\"><span class=\"qwen-markdown-text\">\u00e9pices<\/span><\/strong><span class=\"qwen-markdown-text\"> pour des recettes gourmandes.<\/span><\/li>\n<li><span class=\"qwen-markdown-text\">R\u00e9alisez des <\/span><strong class=\"qwen-markdown-strong\"><span class=\"qwen-markdown-text\">mets pour b\u00e9b\u00e9<\/span><\/strong><span class=\"qwen-markdown-text\">, des <\/span><strong class=\"qwen-markdown-strong\"><span class=\"qwen-markdown-text\">c\u00e9r\u00e9ales nutritives<\/span><\/strong><span class=\"qwen-markdown-text\">, ou m\u00eame de la <\/span><strong class=\"qwen-markdown-strong\"><span class=\"qwen-markdown-text\">glace pil\u00e9e<\/span><\/strong><span class=\"qwen-markdown-text\"> gr\u00e2ce \u00e0 sa capacit\u00e9 \u00e0 broyer les gla\u00e7ons.<\/span><\/li>\n<\/ul>\n<div class=\"qwen-markdown-space\"><\/div>\n<div class=\"qwen-markdown-paragraph\"><strong class=\"qwen-markdown-strong\"><span class=\"qwen-markdown-text\">Design pens\u00e9 pour vous<\/span><\/strong><span class=\"qwen-markdown-text\"> :<\/span><\/div>\n<ul class=\"qwen-markdown-list\" dir=\"auto\">\n<li><strong class=\"qwen-markdown-strong\"><span class=\"qwen-markdown-text\">R\u00e9cipient transparent<\/span><\/strong><span class=\"qwen-markdown-text\"> de grande capacit\u00e9 pour contr\u00f4ler facilement la pr\u00e9paration.<\/span><\/li>\n<li><strong class=\"qwen-markdown-strong\"><span class=\"qwen-markdown-text\">Interface ergonomique<\/span><\/strong><span class=\"qwen-markdown-text\"> avec boutons et cadran de r\u00e9glage pour un usage simplifi\u00e9.<\/span><\/li>\n<li><strong class=\"qwen-markdown-strong\"><span class=\"qwen-markdown-text\">Structure robuste<\/span><\/strong><span class=\"qwen-markdown-text\"> et compacte, id\u00e9ale pour les cuisines domestiques comme les espaces professionnels.<\/span><\/li>\n<\/ul>\n<div class=\"qwen-markdown-space\"><\/div>\n<div class=\"qwen-markdown-paragraph\"><span class=\"qwen-markdown-text\">Que vous souhaitiez pr\u00e9parer des repas sains pour votre famille, des boissons rafra\u00eechissantes ou des pr\u00e9parations professionnelles, ce blender est votre alli\u00e9 incontournable. <\/span><strong class=\"qwen-markdown-strong\"><span class=\"qwen-markdown-text\">Une seule machine, une infinit\u00e9 de possibilit\u00e9s<\/span><\/strong><span class=\"qwen-markdown-text\"> pour sublimer chaque ingr\u00e9dient avec rapidit\u00e9 et pr\u00e9cision !<\/span><\/div>\n<div class=\"qwen-markdown-space\"><\/div>\n<div class=\"qwen-markdown-paragraph\"><em><span class=\"qwen-markdown-text\">Inclus : R\u00e9cipient principal, couvercle, guide d\u2019utilisation et accessoires pratiques pour une utilisation optimale.<\/span><\/em><\/div>\n<div><\/div>\n<div><img loading=\"lazy\" decoding=\"async\" class=\"alignnone size-medium wp-image-29138\" src=\"https:\/\/afrycom.com\/wp-content\/uploads\/2025\/04\/jimeng-2026-02-01-8421-\u65b0\u6b3e\u7834\u58c1\u673ae\u5bb6\u7528\u5c0f\u578b\u6599\u7406\u673a\u591a\u529f\u80fd\u5546\u7528\u8c46\u6d46\u673a\u679c\u6c41\u673a\u788e\u8089\u6405\u62cc\u6c99\u51b0.-Make-pro-225x300.png\" alt=\"\" width=\"225\" height=\"300\" srcset=\"https:\/\/afrycom.com\/wp-content\/uploads\/2025\/04\/jimeng-2026-02-01-8421-\u65b0\u6b3e\u7834\u58c1\u673ae\u5bb6\u7528\u5c0f\u578b\u6599\u7406\u673a\u591a\u529f\u80fd\u5546\u7528\u8c46\u6d46\u673a\u679c\u6c41\u673a\u788e\u8089\u6405\u62cc\u6c99\u51b0.-Make-pro-225x300.png 225w, https:\/\/afrycom.com\/wp-content\/uploads\/2025\/04\/jimeng-2026-02-01-8421-\u65b0\u6b3e\u7834\u58c1\u673ae\u5bb6\u7528\u5c0f\u578b\u6599\u7406\u673a\u591a\u529f\u80fd\u5546\u7528\u8c46\u6d46\u673a\u679c\u6c41\u673a\u788e\u8089\u6405\u62cc\u6c99\u51b0.-Make-pro-768x1024.png 768w, https:\/\/afrycom.com\/wp-content\/uploads\/2025\/04\/jimeng-2026-02-01-8421-\u65b0\u6b3e\u7834\u58c1\u673ae\u5bb6\u7528\u5c0f\u578b\u6599\u7406\u673a\u591a\u529f\u80fd\u5546\u7528\u8c46\u6d46\u673a\u679c\u6c41\u673a\u788e\u8089\u6405\u62cc\u6c99\u51b0.-Make-pro-1152x1536.png 1152w, https:\/\/afrycom.com\/wp-content\/uploads\/2025\/04\/jimeng-2026-02-01-8421-\u65b0\u6b3e\u7834\u58c1\u673ae\u5bb6\u7528\u5c0f\u578b\u6599\u7406\u673a\u591a\u529f\u80fd\u5546\u7528\u8c46\u6d46\u673a\u679c\u6c41\u673a\u788e\u8089\u6405\u62cc\u6c99\u51b0.-Make-pro-1536x2048.png 1536w, https:\/\/afrycom.com\/wp-content\/uploads\/2025\/04\/jimeng-2026-02-01-8421-\u65b0\u6b3e\u7834\u58c1\u673ae\u5bb6\u7528\u5c0f\u578b\u6599\u7406\u673a\u591a\u529f\u80fd\u5546\u7528\u8c46\u6d46\u673a\u679c\u6c41\u673a\u788e\u8089\u6405\u62cc\u6c99\u51b0.-Make-pro-9x12.png 9w, https:\/\/afrycom.com\/wp-content\/uploads\/2025\/04\/jimeng-2026-02-01-8421-\u65b0\u6b3e\u7834\u58c1\u673ae\u5bb6\u7528\u5c0f\u578b\u6599\u7406\u673a\u591a\u529f\u80fd\u5546\u7528\u8c46\u6d46\u673a\u679c\u6c41\u673a\u788e\u8089\u6405\u62cc\u6c99\u51b0.-Make-pro-1320x1760.png 1320w, https:\/\/afrycom.com\/wp-content\/uploads\/2025\/04\/jimeng-2026-02-01-8421-\u65b0\u6b3e\u7834\u58c1\u673ae\u5bb6\u7528\u5c0f\u578b\u6599\u7406\u673a\u591a\u529f\u80fd\u5546\u7528\u8c46\u6d46\u673a\u679c\u6c41\u673a\u788e\u8089\u6405\u62cc\u6c99\u51b0.-Make-pro-1200x1600.png 1200w, https:\/\/afrycom.com\/wp-content\/uploads\/2025\/04\/jimeng-2026-02-01-8421-\u65b0\u6b3e\u7834\u58c1\u673ae\u5bb6\u7528\u5c0f\u578b\u6599\u7406\u673a\u591a\u529f\u80fd\u5546\u7528\u8c46\u6d46\u673a\u679c\u6c41\u673a\u788e\u8089\u6405\u62cc\u6c99\u51b0.-Make-pro-150x200.png 150w, https:\/\/afrycom.com\/wp-content\/uploads\/2025\/04\/jimeng-2026-02-01-8421-\u65b0\u6b3e\u7834\u58c1\u673ae\u5bb6\u7528\u5c0f\u578b\u6599\u7406\u673a\u591a\u529f\u80fd\u5546\u7528\u8c46\u6d46\u673a\u679c\u6c41\u673a\u788e\u8089\u6405\u62cc\u6c99\u51b0.-Make-pro.png 1728w\" sizes=\"auto, (max-width: 225px) 100vw, 225px\" \/><img loading=\"lazy\" decoding=\"async\" class=\"alignnone size-medium wp-image-29137\" src=\"https:\/\/afrycom.com\/wp-content\/uploads\/2025\/04\/jimeng-2026-02-01-3934-\u65b0\u6b3e\u7834\u58c1\u673ae\u5bb6\u7528\u5c0f\u578b\u6599\u7406\u673a\u591a\u529f\u80fd\u5546\u7528\u8c46\u6d46\u673a\u679c\u6c41\u673a\u788e\u8089\u6405\u62cc\u6c99\u51b0.-Make-pro-225x300.png\" alt=\"\" width=\"225\" height=\"300\" srcset=\"https:\/\/afrycom.com\/wp-content\/uploads\/2025\/04\/jimeng-2026-02-01-3934-\u65b0\u6b3e\u7834\u58c1\u673ae\u5bb6\u7528\u5c0f\u578b\u6599\u7406\u673a\u591a\u529f\u80fd\u5546\u7528\u8c46\u6d46\u673a\u679c\u6c41\u673a\u788e\u8089\u6405\u62cc\u6c99\u51b0.-Make-pro-225x300.png 225w, https:\/\/afrycom.com\/wp-content\/uploads\/2025\/04\/jimeng-2026-02-01-3934-\u65b0\u6b3e\u7834\u58c1\u673ae\u5bb6\u7528\u5c0f\u578b\u6599\u7406\u673a\u591a\u529f\u80fd\u5546\u7528\u8c46\u6d46\u673a\u679c\u6c41\u673a\u788e\u8089\u6405\u62cc\u6c99\u51b0.-Make-pro-768x1024.png 768w, https:\/\/afrycom.com\/wp-content\/uploads\/2025\/04\/jimeng-2026-02-01-3934-\u65b0\u6b3e\u7834\u58c1\u673ae\u5bb6\u7528\u5c0f\u578b\u6599\u7406\u673a\u591a\u529f\u80fd\u5546\u7528\u8c46\u6d46\u673a\u679c\u6c41\u673a\u788e\u8089\u6405\u62cc\u6c99\u51b0.-Make-pro-1152x1536.png 1152w, https:\/\/afrycom.com\/wp-content\/uploads\/2025\/04\/jimeng-2026-02-01-3934-\u65b0\u6b3e\u7834\u58c1\u673ae\u5bb6\u7528\u5c0f\u578b\u6599\u7406\u673a\u591a\u529f\u80fd\u5546\u7528\u8c46\u6d46\u673a\u679c\u6c41\u673a\u788e\u8089\u6405\u62cc\u6c99\u51b0.-Make-pro-1536x2048.png 1536w, https:\/\/afrycom.com\/wp-content\/uploads\/2025\/04\/jimeng-2026-02-01-3934-\u65b0\u6b3e\u7834\u58c1\u673ae\u5bb6\u7528\u5c0f\u578b\u6599\u7406\u673a\u591a\u529f\u80fd\u5546\u7528\u8c46\u6d46\u673a\u679c\u6c41\u673a\u788e\u8089\u6405\u62cc\u6c99\u51b0.-Make-pro-9x12.png 9w, https:\/\/afrycom.com\/wp-content\/uploads\/2025\/04\/jimeng-2026-02-01-3934-\u65b0\u6b3e\u7834\u58c1\u673ae\u5bb6\u7528\u5c0f\u578b\u6599\u7406\u673a\u591a\u529f\u80fd\u5546\u7528\u8c46\u6d46\u673a\u679c\u6c41\u673a\u788e\u8089\u6405\u62cc\u6c99\u51b0.-Make-pro-1320x1760.png 1320w, https:\/\/afrycom.com\/wp-content\/uploads\/2025\/04\/jimeng-2026-02-01-3934-\u65b0\u6b3e\u7834\u58c1\u673ae\u5bb6\u7528\u5c0f\u578b\u6599\u7406\u673a\u591a\u529f\u80fd\u5546\u7528\u8c46\u6d46\u673a\u679c\u6c41\u673a\u788e\u8089\u6405\u62cc\u6c99\u51b0.-Make-pro-1200x1600.png 1200w, https:\/\/afrycom.com\/wp-content\/uploads\/2025\/04\/jimeng-2026-02-01-3934-\u65b0\u6b3e\u7834\u58c1\u673ae\u5bb6\u7528\u5c0f\u578b\u6599\u7406\u673a\u591a\u529f\u80fd\u5546\u7528\u8c46\u6d46\u673a\u679c\u6c41\u673a\u788e\u8089\u6405\u62cc\u6c99\u51b0.-Make-pro-150x200.png 150w, https:\/\/afrycom.com\/wp-content\/uploads\/2025\/04\/jimeng-2026-02-01-3934-\u65b0\u6b3e\u7834\u58c1\u673ae\u5bb6\u7528\u5c0f\u578b\u6599\u7406\u673a\u591a\u529f\u80fd\u5546\u7528\u8c46\u6d46\u673a\u679c\u6c41\u673a\u788e\u8089\u6405\u62cc\u6c99\u51b0.-Make-pro.png 1728w\" sizes=\"auto, (max-width: 225px) 100vw, 225px\" \/><\/div>","protected":false},"excerpt":{"rendered":"<div class=\"qwen-markdown-paragraph\"><strong class=\"qwen-markdown-strong\"><span class=\"qwen-markdown-text\" data-spm-anchor-id=\"a2ty_o01.29997173.0.i9.5a855171ZOkRdW\">Blender Multifonctionnel<\/span><\/strong><\/div>\n<div class=\"qwen-markdown-paragraph\"><span class=\"qwen-markdown-text\" data-spm-anchor-id=\"a2ty_o01.29997173.0.i8.5a855171ZOkRdW\">Blender compact et puissant pour usage domestique ou professionnel. Pr\u00e9parez facilement du lait de soja, du jus, des smoothies, de la viande hach\u00e9e et de la glace pil\u00e9e. Design pratique, lames en acier inoxydable, r\u00e9sultats rapides et homog\u00e8nes.<\/span><\/div>","protected":false},"featured_media":29139,"comment_status":"open","ping_status":"closed","template":"","meta":[],"product_brand":[],"product_cat":[32],"product_tag":[],"class_list":{"0":"post-13904","1":"product","2":"type-product","3":"status-publish","4":"has-post-thumbnail","6":"product_cat-blenders-small-kitchen-appliances-appliances","8":"first","9":"instock","10":"shipping-taxable","11":"purchasable","12":"product-type-simple"},"jetpack_sharing_enabled":true,"_links":{"self":[{"href":"https:\/\/afrycom.com\/fr\/wp-json\/wp\/v2\/product\/13904","targetHints":{"allow":["GET"]}}],"collection":[{"href":"https:\/\/afrycom.com\/fr\/wp-json\/wp\/v2\/product"}],"about":[{"href":"https:\/\/afrycom.com\/fr\/wp-json\/wp\/v2\/types\/product"}],"replies":[{"embeddable":true,"href":"https:\/\/afrycom.com\/fr\/wp-json\/wp\/v2\/comments?post=13904"}],"wp:featuredmedia":[{"embeddable":true,"href":"https:\/\/afrycom.com\/fr\/wp-json\/wp\/v2\/media\/29139"}],"wp:attachment":[{"href":"https:\/\/afrycom.com\/fr\/wp-json\/wp\/v2\/media?parent=13904"}],"wp:term":[{"taxonomy":"product_brand","embeddable":true,"href":"https:\/\/afrycom.com\/fr\/wp-json\/wp\/v2\/product_brand?post=13904"},{"taxonomy":"product_cat","embeddable":true,"href":"https:\/\/afrycom.com\/fr\/wp-json\/wp\/v2\/product_cat?post=13904"},{"taxonomy":"product_tag","embeddable":true,"href":"https:\/\/afrycom.com\/fr\/wp-json\/wp\/v2\/product_tag?post=13904"}],"curies":[{"name":"wp","href":"https:\/\/api.w.org\/{rel}","templated":true}]}}