{"id":13812,"date":"2025-04-08T15:18:05","date_gmt":"2025-04-08T15:18:05","guid":{"rendered":"https:\/\/afrycom.com\/product\/%e6%8d%8f%e6%8d%8f%e5%86%b0%e5%86%b0%e6%a0%bc%e5%86%b0%e5%9d%97%e6%a8%a1%e5%85%b7%e9%80%9f%e5%86%bb%e5%99%a8%e5%88%b6%e5%86%b0%e6%9d%af%e5%88%b6%e5%86%b0%e5%86%b0%e7%9b%92%e5%ae%b6%e7%94%a8%e5%86%b0\/"},"modified":"2025-04-08T15:25:58","modified_gmt":"2025-04-08T15:25:58","slug":"moule-a-glacons-silicone-cube-de-glace-pratique-pour-congelateur","status":"publish","type":"product","link":"https:\/\/afrycom.com\/fr\/produit\/moule-a-glacons-silicone-cube-de-glace-pratique-pour-congelateur\/","title":{"rendered":"Moule \u00e0 Gla\u00e7ons Silicone - Cube de Glace Pratique pour Cong\u00e9lateur"},"content":{"rendered":"<h3 class=\"\" data-start=\"77\" data-end=\"151\"><strong data-start=\"81\" data-end=\"151\">Moule \u00e0 Gla\u00e7ons Silicone - Cube de Glace Pratique pour Cong\u00e9lateur<\/strong><\/h3>\n<p class=\"\" data-start=\"153\" data-end=\"614\"><strong data-start=\"153\" data-end=\"181\">Description du produit :<\/strong><br data-start=\"181\" data-end=\"184\" \/>Profitez de gla\u00e7ons parfaitement form\u00e9s \u00e0 chaque fois avec ce moule \u00e0 gla\u00e7ons pratique et efficace. Con\u00e7u en silicone de haute qualit\u00e9, ce mod\u00e8le permet de produire rapidement des cubes de glace de taille parfaite, id\u00e9als pour les boissons rafra\u00eechissantes, les cocktails ou pour toute utilisation estivale. Sa forme cylindrique unique facilite le d\u00e9moulage des gla\u00e7ons en quelques secondes, pour un confort d&#8217;utilisation optimal.<\/p>\n<p class=\"\" data-start=\"616\" data-end=\"652\"><strong data-start=\"616\" data-end=\"650\">Caract\u00e9ristiques principales :<\/strong><\/p>\n<ul data-start=\"653\" data-end=\"1381\">\n<li class=\"\" data-start=\"653\" data-end=\"772\">\n<p class=\"\" data-start=\"655\" data-end=\"772\"><strong data-start=\"655\" data-end=\"695\">Moule en silicone de haute qualit\u00e9 :<\/strong> Flexible, il permet un d\u00e9moulage facile et rapide des gla\u00e7ons sans effort.<\/p>\n<\/li>\n<li class=\"\" data-start=\"773\" data-end=\"897\">\n<p class=\"\" data-start=\"775\" data-end=\"897\"><strong data-start=\"775\" data-end=\"807\">Design pratique et compact :<\/strong> Ce moule \u00e0 gla\u00e7ons dispose d\u2019un design moderne avec une capacit\u00e9 de rangement optimale.<\/p>\n<\/li>\n<li class=\"\" data-start=\"898\" data-end=\"1029\">\n<p class=\"\" data-start=\"900\" data-end=\"1029\"><strong data-start=\"900\" data-end=\"923\">Facile \u00e0 utiliser :<\/strong> Remplissez-le d\u2019eau, placez-le dans le cong\u00e9lateur et obtenez des gla\u00e7ons parfaits en un rien de temps.<\/p>\n<\/li>\n<li class=\"\" data-start=\"1030\" data-end=\"1151\">\n<p class=\"\" data-start=\"1032\" data-end=\"1151\"><strong data-start=\"1032\" data-end=\"1063\">Polyvalence d&#8217;utilisation :<\/strong> Id\u00e9al pour les boissons fra\u00eeches, les cocktails, ou m\u00eame pour conserver des aliments.<\/p>\n<\/li>\n<li class=\"\" data-start=\"1152\" data-end=\"1214\">\n<p class=\"\" data-start=\"1154\" data-end=\"1214\"><strong data-start=\"1154\" data-end=\"1170\">Dimensions :<\/strong> (8,0 cm de hauteur et 7,5 cm de diam\u00e8tre)<\/p>\n<\/li>\n<li class=\"\" data-start=\"1215\" data-end=\"1381\">\n<p class=\"\" data-start=\"1217\" data-end=\"1381\"><strong data-start=\"1217\" data-end=\"1252\">Mat\u00e9riau durable et r\u00e9sistant :<\/strong> Fabriqu\u00e9 \u00e0 partir de silicone de qualit\u00e9 alimentaire, ce moule est con\u00e7u pour durer et r\u00e9sister \u00e0 des temp\u00e9ratures tr\u00e8s froides.<\/p>\n<\/li>\n<\/ul>\n<p class=\"\" data-start=\"1383\" data-end=\"1653\"><strong data-start=\"1383\" data-end=\"1400\">Utilisation :<\/strong><br data-start=\"1400\" data-end=\"1403\" \/>Parfait pour une utilisation domestique, ce moule \u00e0 gla\u00e7ons est un accessoire indispensable dans la cuisine, surtout durant les mois d&#8217;\u00e9t\u00e9. Il permet de produire rapidement de nombreux gla\u00e7ons sans n\u00e9cessiter d&#8217;effort ni de manipulation compliqu\u00e9e.<\/p>\n<p class=\"\" data-start=\"1655\" data-end=\"1672\"><strong data-start=\"1655\" data-end=\"1670\"><img loading=\"lazy\" decoding=\"async\" class=\"alignnone size-medium wp-image-13832\" src=\"https:\/\/afrycom.com\/wp-content\/uploads\/2025\/04\/Weixin-Screenshot_20250408081300-300x300.jpg\" alt=\"\" width=\"300\" height=\"300\" srcset=\"https:\/\/afrycom.com\/wp-content\/uploads\/2025\/04\/Weixin-Screenshot_20250408081300-300x300.jpg 300w, https:\/\/afrycom.com\/wp-content\/uploads\/2025\/04\/Weixin-Screenshot_20250408081300-150x150.jpg 150w, https:\/\/afrycom.com\/wp-content\/uploads\/2025\/04\/Weixin-Screenshot_20250408081300-600x600.jpg 600w, https:\/\/afrycom.com\/wp-content\/uploads\/2025\/04\/Weixin-Screenshot_20250408081300.jpg 629w\" sizes=\"auto, (max-width: 300px) 100vw, 300px\" \/><img loading=\"lazy\" decoding=\"async\" class=\"alignnone size-medium wp-image-13829\" src=\"https:\/\/afrycom.com\/wp-content\/uploads\/2025\/04\/Weixin-Screenshot_20250408081353-295x300.jpg\" alt=\"\" width=\"295\" height=\"300\" srcset=\"https:\/\/afrycom.com\/wp-content\/uploads\/2025\/04\/Weixin-Screenshot_20250408081353-295x300.jpg 295w, https:\/\/afrycom.com\/wp-content\/uploads\/2025\/04\/Weixin-Screenshot_20250408081353-150x152.jpg 150w, https:\/\/afrycom.com\/wp-content\/uploads\/2025\/04\/Weixin-Screenshot_20250408081353.jpg 582w\" sizes=\"auto, (max-width: 295px) 100vw, 295px\" \/><img loading=\"lazy\" decoding=\"async\" class=\"alignnone size-medium wp-image-13834\" src=\"https:\/\/afrycom.com\/wp-content\/uploads\/2025\/04\/ChatGPT-Image-2025\u5e744\u67088\u65e5-08_06_01-200x300.png\" alt=\"\" width=\"200\" height=\"300\" srcset=\"https:\/\/afrycom.com\/wp-content\/uploads\/2025\/04\/ChatGPT-Image-2025\u5e744\u67088\u65e5-08_06_01-200x300.png 200w, https:\/\/afrycom.com\/wp-content\/uploads\/2025\/04\/ChatGPT-Image-2025\u5e744\u67088\u65e5-08_06_01-683x1024.png 683w, https:\/\/afrycom.com\/wp-content\/uploads\/2025\/04\/ChatGPT-Image-2025\u5e744\u67088\u65e5-08_06_01-768x1152.png 768w, https:\/\/afrycom.com\/wp-content\/uploads\/2025\/04\/ChatGPT-Image-2025\u5e744\u67088\u65e5-08_06_01-150x225.png 150w, https:\/\/afrycom.com\/wp-content\/uploads\/2025\/04\/ChatGPT-Image-2025\u5e744\u67088\u65e5-08_06_01.png 1024w\" sizes=\"auto, (max-width: 200px) 100vw, 200px\" \/>\u00a0 \u00a0 \u00a0 \u00a0 \u00a0 \u00a0 \u00a0 \u00a0 \u00a0 \u00a0 \u00a0 \u00a0 \u00a0 \u00a0<\/strong><\/p>\n<p data-start=\"1655\" data-end=\"1672\">\n<p class=\"\" data-start=\"1655\" data-end=\"1672\"><strong data-start=\"1655\" data-end=\"1670\">Avantages :<\/strong><\/p>\n<ul data-start=\"1673\" data-end=\"1881\">\n<li class=\"\" data-start=\"1673\" data-end=\"1703\">\n<p class=\"\" data-start=\"1675\" data-end=\"1703\">D\u00e9moulage rapide et facile<\/p>\n<\/li>\n<li class=\"\" data-start=\"1704\" data-end=\"1766\">\n<p class=\"\" data-start=\"1706\" data-end=\"1766\">Fabriqu\u00e9 en silicone flexible pour une longue dur\u00e9e de vie<\/p>\n<\/li>\n<li class=\"\" data-start=\"1767\" data-end=\"1822\">\n<p class=\"\" data-start=\"1769\" data-end=\"1822\">Design moderne et pratique pour un rangement facile<\/p>\n<\/li>\n<li class=\"\" data-start=\"1823\" data-end=\"1881\">\n<p class=\"\" data-start=\"1825\" data-end=\"1881\">Id\u00e9al pour rafra\u00eechir vos boissons en toute simplicit\u00e9<\/p>\n<\/li>\n<\/ul>\n<p class=\"\" data-start=\"1883\" data-end=\"2014\">Ajoutez ce moule \u00e0 gla\u00e7ons \u00e0 votre collection d&#8217;accessoires de cuisine pour profiter de boissons fra\u00eeches tout au long de l&#8217;ann\u00e9e !<\/p>","protected":false},"excerpt":{"rendered":"<h3 class=\"\" data-start=\"79\" data-end=\"142\"><strong data-start=\"83\" data-end=\"142\">Moule \u00e0 Gla\u00e7ons Silicone \u2013 Gla\u00e7ons Pratiques et Rapides<\/strong><\/h3>\n<p class=\"\" data-start=\"144\" data-end=\"398\">Cr\u00e9ez des gla\u00e7ons parfaits en un clin d&#8217;\u0153il avec ce moule \u00e0 gla\u00e7ons en silicone. Facile \u00e0 remplir et \u00e0 d\u00e9mouler, il offre des cubes de glace parfaits pour vos boissons, cocktails et plus encore. Compact et pratique, il est id\u00e9al pour un usage domestique.<\/p>","protected":false},"featured_media":13835,"comment_status":"open","ping_status":"closed","template":"","meta":[],"product_brand":[],"product_cat":[31],"product_tag":[],"class_list":{"0":"post-13812","1":"product","2":"type-product","3":"status-publish","4":"has-post-thumbnail","6":"product_cat-small-kitchen-appliances-appliances","8":"first","9":"instock","10":"sale","11":"shipping-taxable","12":"purchasable","13":"product-type-variable"},"jetpack_sharing_enabled":true,"_links":{"self":[{"href":"https:\/\/afrycom.com\/fr\/wp-json\/wp\/v2\/product\/13812","targetHints":{"allow":["GET"]}}],"collection":[{"href":"https:\/\/afrycom.com\/fr\/wp-json\/wp\/v2\/product"}],"about":[{"href":"https:\/\/afrycom.com\/fr\/wp-json\/wp\/v2\/types\/product"}],"replies":[{"embeddable":true,"href":"https:\/\/afrycom.com\/fr\/wp-json\/wp\/v2\/comments?post=13812"}],"wp:featuredmedia":[{"embeddable":true,"href":"https:\/\/afrycom.com\/fr\/wp-json\/wp\/v2\/media\/13835"}],"wp:attachment":[{"href":"https:\/\/afrycom.com\/fr\/wp-json\/wp\/v2\/media?parent=13812"}],"wp:term":[{"taxonomy":"product_brand","embeddable":true,"href":"https:\/\/afrycom.com\/fr\/wp-json\/wp\/v2\/product_brand?post=13812"},{"taxonomy":"product_cat","embeddable":true,"href":"https:\/\/afrycom.com\/fr\/wp-json\/wp\/v2\/product_cat?post=13812"},{"taxonomy":"product_tag","embeddable":true,"href":"https:\/\/afrycom.com\/fr\/wp-json\/wp\/v2\/product_tag?post=13812"}],"curies":[{"name":"wp","href":"https:\/\/api.w.org\/{rel}","templated":true}]}}