{"id":13790,"date":"2025-04-08T14:43:29","date_gmt":"2025-04-08T14:43:29","guid":{"rendered":"https:\/\/afrycom.com\/product\/mens-cycling-sunglasses-uv-protection-anti-glare-sports-glasses\/"},"modified":"2025-04-08T14:48:27","modified_gmt":"2025-04-08T14:48:27","slug":"mens-cycling-sunglasses-uv-protection-anti-glare-sports-glasses","status":"publish","type":"product","link":"https:\/\/afrycom.com\/fr\/produit\/mens-cycling-sunglasses-uv-protection-anti-glare-sports-glasses\/","title":{"rendered":"Lunettes de soleil de cyclisme pour hommes - Lunettes de sport anti-UV et anti-\u00e9blouissement"},"content":{"rendered":"<h3 class=\"\" data-start=\"90\" data-end=\"183\"><strong data-start=\"94\" data-end=\"183\">Lunettes de soleil de cyclisme pour hommes - Lunettes de sport haute performance avec protection UV et anti-\u00e9blouissement<\/strong><\/h3>\n<p class=\"\" data-start=\"185\" data-end=\"316\"><strong data-start=\"185\" data-end=\"201\">Nom du produit<\/strong>: Lunettes de soleil de cyclisme pour hommes | Protection UV | Anti-\u00e9blouissement | Lunettes de sport pour le cyclisme, la course \u00e0 pied et les activit\u00e9s de plein air<\/p>\n<p class=\"\" data-start=\"318\" data-end=\"744\"><strong data-start=\"318\" data-end=\"339\">Aper\u00e7u du produit :<\/strong> D\u00e9couvrez les meilleures lunettes de soleil pour cyclistes, con\u00e7ues pour les athl\u00e8tes, les amateurs d'activit\u00e9s de plein air et les cyclistes. Ces lunettes de soleil haute performance offrent une protection UV sup\u00e9rieure et un verre antireflet, offrant un confort et une clart\u00e9 in\u00e9gal\u00e9s pour vos activit\u00e9s de plein air. Que vous fassiez du v\u00e9lo par temps ensoleill\u00e9 ou que vous couriez dans la chaleur, ces lunettes de soleil vous permettront de prot\u00e9ger vos yeux, de les rendre plus confortables et plus nets.<\/p>\n<p class=\"\" data-start=\"746\" data-end=\"763\"><strong data-start=\"746\" data-end=\"763\">Caract\u00e9ristiques principales :<\/strong><\/p>\n<ul data-start=\"764\" data-end=\"1785\">\n<li class=\"\" data-start=\"764\" data-end=\"975\">\n<p class=\"\" data-start=\"766\" data-end=\"975\"><strong data-start=\"766\" data-end=\"787\">Protection UV400 :<\/strong> Nos lunettes de soleil pour cyclistes offrent une protection UV400, bloquant 100% des rayons UVA et UVB nocifs. Cela garantit une protection maximale de vos yeux lorsque vous roulez, courez ou pratiquez des sports de plein air.<\/p>\n<\/li>\n<li class=\"\" data-start=\"976\" data-end=\"1181\">\n<p class=\"\" data-start=\"978\" data-end=\"1181\"><strong data-start=\"978\" data-end=\"998\">Lentille antireflet :<\/strong> Les lentilles r\u00e9fl\u00e9chissantes r\u00e9duisent l'\u00e9blouissement d\u00fb \u00e0 la lumi\u00e8re vive et aux reflets, pour une vision plus claire et plus nette. Parfaites pour faire du v\u00e9lo les jours ensoleill\u00e9s ou pour courir dans des conditions tr\u00e8s \u00e9blouissantes.<\/p>\n<\/li>\n<li class=\"\" data-start=\"1182\" data-end=\"1384\">\n<p class=\"\" data-start=\"1184\" data-end=\"1384\"><strong data-start=\"1184\" data-end=\"1216\">L\u00e9ger et confortable :<\/strong> La monture durable et l\u00e9g\u00e8re est con\u00e7ue pour offrir un ajustement ergonomique pour un confort tout au long de la journ\u00e9e. Les plaquettes de nez r\u00e9glables garantissent un ajustement personnalis\u00e9, id\u00e9al pour les hommes et les femmes.<\/p>\n<\/li>\n<li class=\"\" data-start=\"1385\" data-end=\"1604\">\n<p class=\"\" data-start=\"1387\" data-end=\"1604\"><strong data-start=\"1387\" data-end=\"1419\">Design \u00e9l\u00e9gant et fonctionnel :<\/strong> Le look \u00e9l\u00e9gant et sportif de ces lunettes de soleil est con\u00e7u pour convenir \u00e0 tous les amateurs de sports de plein air. Avec une monture noire mate et des verres multicolores, elles offrent \u00e0 la fois style et performance.<\/p>\n<\/li>\n<li class=\"\" data-start=\"1605\" data-end=\"1785\">\n<p class=\"\" data-start=\"1607\" data-end=\"1785\"><strong data-start=\"1607\" data-end=\"1638\">Parfait pour les sports de plein air :<\/strong> Ces lunettes de soleil sont id\u00e9ales pour le cyclisme, la course \u00e0 pied, la randonn\u00e9e, la p\u00eache et toute autre activit\u00e9 de plein air o\u00f9 la protection des yeux et le confort sont essentiels.<\/p>\n<\/li>\n<\/ul>\n<p class=\"\" data-start=\"1787\" data-end=\"1819\"><strong data-start=\"1787\" data-end=\"1819\">Pourquoi choisir ces lunettes de soleil ?<\/strong><\/p>\n<ul data-start=\"1820\" data-end=\"2347\">\n<li class=\"\" data-start=\"1820\" data-end=\"1930\">\n<p class=\"\" data-start=\"1822\" data-end=\"1930\"><strong data-start=\"1822\" data-end=\"1844\">Prot\u00e9gez vos yeux :<\/strong> Nos lunettes de soleil offrent une protection UV compl\u00e8te, prot\u00e9geant vos yeux des rayons nocifs.<\/p>\n<\/li>\n<li class=\"\" data-start=\"1931\" data-end=\"2075\">\n<p class=\"\" data-start=\"1933\" data-end=\"2075\"><strong data-start=\"1933\" data-end=\"1958\">Am\u00e9lioration des performances :<\/strong> Les lentilles antireflets contribuent \u00e0 am\u00e9liorer vos performances en offrant une clart\u00e9 optimale, m\u00eame dans des conditions de forte luminosit\u00e9.<\/p>\n<\/li>\n<li class=\"\" data-start=\"2076\" data-end=\"2213\">\n<p class=\"\" data-start=\"2078\" data-end=\"2213\"><strong data-start=\"2078\" data-end=\"2097\">Conception durable :<\/strong> Construites pour durer avec des mat\u00e9riaux de haute qualit\u00e9, ces lunettes de soleil sont con\u00e7ues pour r\u00e9sister aux rigueurs des sports de plein air.<\/p>\n<\/li>\n<li class=\"\" data-start=\"2214\" data-end=\"2347\">\n<p class=\"\" data-start=\"2216\" data-end=\"2347\"><strong data-start=\"2216\" data-end=\"2234\">Utilisation polyvalente :<\/strong> Que vous fassiez du v\u00e9lo, de la course \u00e0 pied ou de la randonn\u00e9e, ces lunettes de soleil sont le compagnon id\u00e9al de toute activit\u00e9 de plein air.<\/p>\n<\/li>\n<\/ul>\n<p class=\"\" data-start=\"2349\" data-end=\"2363\"><strong data-start=\"2349\" data-end=\"2363\">Id\u00e9al pour :<\/strong><\/p>\n<ul data-start=\"2364\" data-end=\"2457\">\n<li class=\"\" data-start=\"2364\" data-end=\"2383\">\n<p class=\"\" data-start=\"2366\" data-end=\"2383\">Cyclistes et motards<\/p>\n<\/li>\n<li class=\"\" data-start=\"2384\" data-end=\"2404\">\n<p class=\"\" data-start=\"2386\" data-end=\"2404\">Coureurs et athl\u00e8tes<\/p>\n<\/li>\n<li class=\"\" data-start=\"2405\" data-end=\"2433\">\n<p class=\"\" data-start=\"2407\" data-end=\"2433\">Les amateurs de sports de plein air<\/p>\n<\/li>\n<li class=\"\" data-start=\"2434\" data-end=\"2457\">\n<p class=\"\" data-start=\"2436\" data-end=\"2457\">Protection solaire occasionnelle<\/p>\n<\/li>\n<\/ul>\n<p class=\"\" data-start=\"2459\" data-end=\"2480\"><strong data-start=\"2459\" data-end=\"2480\">D\u00e9tails des mat\u00e9riaux :<\/strong><\/p>\n<ul data-start=\"2481\" data-end=\"2686\">\n<li class=\"\" data-start=\"2481\" data-end=\"2557\">\n<p class=\"\" data-start=\"2483\" data-end=\"2557\"><strong data-start=\"2483\" data-end=\"2502\">Mat\u00e9riau du cadre :<\/strong> Plastique l\u00e9ger et durable pour un confort durable.<\/p>\n<\/li>\n<li class=\"\" data-start=\"2558\" data-end=\"2635\">\n<p class=\"\" data-start=\"2560\" data-end=\"2635\"><strong data-start=\"2560\" data-end=\"2578\">Mat\u00e9riau de la lentille :<\/strong> Polycarbonate avec rev\u00eatement antireflet et protection UV.<\/p>\n<\/li>\n<li class=\"\" data-start=\"2636\" data-end=\"2686\">\n<p class=\"\" data-start=\"2638\" data-end=\"2686\"><strong data-start=\"2638\" data-end=\"2651\">Coussinet nasal :<\/strong> R\u00e9glable pour un ajustement personnalis\u00e9.<\/p>\n<\/li>\n<\/ul>\n<p class=\"\" data-start=\"2688\" data-end=\"3064\"><strong data-start=\"2688\" data-end=\"2726\">Pr\u00e9parez-vous pour votre prochaine aventure :<\/strong> Mettez votre \u00e9quipement cycliste \u00e0 niveau avec ces lunettes de sport haut de gamme. Con\u00e7ues pour allier fonction, confort et style, elles sont le compagnon id\u00e9al des journ\u00e9es ensoleill\u00e9es et des activit\u00e9s de haut niveau. Que vous fassiez du v\u00e9lo sur un sentier de montagne ou de la course \u00e0 pied dans un parc, faites confiance \u00e0 ces lunettes de soleil pour garder vos yeux en s\u00e9curit\u00e9 et votre vision claire.<\/p>\n<p class=\"\" data-start=\"3066\" data-end=\"3092\"><strong data-start=\"3066\" data-end=\"3092\">Commandez votre paire d\u00e8s aujourd'hui !<\/strong><\/p>","protected":false},"excerpt":{"rendered":"<h4 data-start=\"95\" data-end=\"167\"><strong data-start=\"95\" data-end=\"167\">Lunettes de soleil de cyclisme pour hommes - Lunettes de sport anti-UV et anti-\u00e9blouissement<\/strong><\/h4>\n<p class=\"\" data-start=\"169\" data-end=\"548\">Prot\u00e9gez vos yeux tout en am\u00e9liorant vos performances en plein air gr\u00e2ce \u00e0 ces lunettes de soleil de cyclisme pour homme de haute qualit\u00e9. Con\u00e7ues pour les athl\u00e8tes et les amateurs de plein air, ces lunettes de soleil sont dot\u00e9es d'une protection UV400, de verres antireflets et d'une monture l\u00e9g\u00e8re et confortable pour un port tout au long de la journ\u00e9e. Id\u00e9ales pour le cyclisme, la course \u00e0 pied et d'autres sports de plein air, elles offrent une clart\u00e9 et un style sup\u00e9rieurs lors des journ\u00e9es ensoleill\u00e9es.<\/p>","protected":false},"featured_media":13811,"comment_status":"open","ping_status":"closed","template":"","meta":[],"product_brand":[],"product_cat":[84],"product_tag":[],"class_list":{"0":"post-13790","1":"product","2":"type-product","3":"status-publish","4":"has-post-thumbnail","6":"product_cat-sports-outdoors","8":"first","9":"instock","10":"sale","11":"shipping-taxable","12":"purchasable","13":"product-type-variable"},"jetpack_sharing_enabled":true,"_links":{"self":[{"href":"https:\/\/afrycom.com\/fr\/wp-json\/wp\/v2\/product\/13790","targetHints":{"allow":["GET"]}}],"collection":[{"href":"https:\/\/afrycom.com\/fr\/wp-json\/wp\/v2\/product"}],"about":[{"href":"https:\/\/afrycom.com\/fr\/wp-json\/wp\/v2\/types\/product"}],"replies":[{"embeddable":true,"href":"https:\/\/afrycom.com\/fr\/wp-json\/wp\/v2\/comments?post=13790"}],"wp:featuredmedia":[{"embeddable":true,"href":"https:\/\/afrycom.com\/fr\/wp-json\/wp\/v2\/media\/13811"}],"wp:attachment":[{"href":"https:\/\/afrycom.com\/fr\/wp-json\/wp\/v2\/media?parent=13790"}],"wp:term":[{"taxonomy":"product_brand","embeddable":true,"href":"https:\/\/afrycom.com\/fr\/wp-json\/wp\/v2\/product_brand?post=13790"},{"taxonomy":"product_cat","embeddable":true,"href":"https:\/\/afrycom.com\/fr\/wp-json\/wp\/v2\/product_cat?post=13790"},{"taxonomy":"product_tag","embeddable":true,"href":"https:\/\/afrycom.com\/fr\/wp-json\/wp\/v2\/product_tag?post=13790"}],"curies":[{"name":"wp","href":"https:\/\/api.w.org\/{rel}","templated":true}]}}