{"id":13443,"date":"2025-03-30T06:17:16","date_gmt":"2025-03-30T06:17:16","guid":{"rendered":"https:\/\/afrycom.com\/product\/dell-second-hand\/"},"modified":"2025-03-30T06:40:22","modified_gmt":"2025-03-30T06:40:22","slug":"dell-second-hand","status":"publish","type":"product","link":"https:\/\/afrycom.com\/fr\/produit\/dell-second-hand\/","title":{"rendered":"DELL d'occasion"},"content":{"rendered":"<p class=\"\" data-start=\"0\" data-end=\"52\"><strong data-start=\"0\" data-end=\"52\">Description du produit Ordinateur portable Dell d'occasion :<\/strong><\/p>\n<p class=\"\" data-start=\"54\" data-end=\"371\">Vous recherchez un ordinateur portable fiable et performant sans le prix du neuf ? Nos ordinateurs portables Dell d'occasion offrent une valeur exceptionnelle et sont parfaits pour le travail, l'\u00e9tude et les loisirs. Dell est r\u00e9put\u00e9 pour produire des ordinateurs portables durables et de haut niveau, et vous pouvez d\u00e9sormais profiter de toute cette puissance et de toutes ces performances pour une fraction du prix.<\/p>\n<p class=\"\" data-start=\"373\" data-end=\"390\"><strong data-start=\"373\" data-end=\"390\">Caract\u00e9ristiques principales :<\/strong><\/p>\n<ul data-start=\"392\" data-end=\"1319\">\n<li class=\"\" data-start=\"392\" data-end=\"555\">\n<p class=\"\" data-start=\"394\" data-end=\"555\"><strong data-start=\"394\" data-end=\"425\">Processeur haute performance :<\/strong> \u00c9quip\u00e9 d'un processeur Intel Core i5\/i7 (ou de mod\u00e8les similaires, en fonction de la disponibilit\u00e9) pour un fonctionnement multit\u00e2che fluide et des performances efficaces.<\/p>\n<\/li>\n<li class=\"\" data-start=\"556\" data-end=\"674\">\n<p class=\"\" data-start=\"558\" data-end=\"674\"><strong data-start=\"558\" data-end=\"586\">Disque dur (SSD) :<\/strong> D\u00e9marrage rapide et acc\u00e8s rapide aux fichiers gr\u00e2ce \u00e0 un disque SSD de 256 Go\/512 Go pour une productivit\u00e9 accrue.<\/p>\n<\/li>\n<li class=\"\" data-start=\"675\" data-end=\"820\">\n<p class=\"\" data-start=\"677\" data-end=\"820\"><strong data-start=\"677\" data-end=\"697\">Affichage Full HD :<\/strong> Profitez d'images nettes et \u00e9clatantes sur un \u00e9cran Full HD de 15,6 pouces, id\u00e9al pour regarder des vid\u00e9os, travailler sur des projets et jouer occasionnellement.<\/p>\n<\/li>\n<li class=\"\" data-start=\"821\" data-end=\"942\">\n<p class=\"\" data-start=\"823\" data-end=\"942\"><strong data-start=\"823\" data-end=\"845\">Longue dur\u00e9e de vie de la batterie :<\/strong> Restez aliment\u00e9 tout au long de la journ\u00e9e gr\u00e2ce \u00e0 une batterie longue dur\u00e9e qui vous permet de rester productif en d\u00e9placement.<\/p>\n<\/li>\n<li class=\"\" data-start=\"943\" data-end=\"1079\">\n<p class=\"\" data-start=\"945\" data-end=\"1079\"><strong data-start=\"945\" data-end=\"972\">Qualit\u00e9 de construction fiable :<\/strong> Construction durable pour r\u00e9sister aux rigueurs d'une utilisation quotidienne, ce qui en fait un outil id\u00e9al pour le travail et les loisirs.<\/p>\n<\/li>\n<li class=\"\" data-start=\"1080\" data-end=\"1230\">\n<p class=\"\" data-start=\"1082\" data-end=\"1230\"><strong data-start=\"1082\" data-end=\"1103\">Windows 10\/11 OS :<\/strong> Pr\u00eat \u00e0 l'emploi avec le dernier syst\u00e8me d'exploitation install\u00e9, ce qui vous garantit l'acc\u00e8s aux fonctionnalit\u00e9s les plus r\u00e9centes et aux mises \u00e0 jour de s\u00e9curit\u00e9.<\/p>\n<\/li>\n<li class=\"\" data-start=\"1231\" data-end=\"1319\">\n<p class=\"\" data-start=\"1233\" data-end=\"1319\"><strong data-start=\"1233\" data-end=\"1260\">Logiciel pr\u00e9install\u00e9 :<\/strong> Comprend les logiciels et les pilotes essentiels pour une utilisation imm\u00e9diate.<\/p>\n<\/li>\n<\/ul>\n<p class=\"\" data-start=\"1321\" data-end=\"1523\"><strong data-start=\"1321\" data-end=\"1335\">\u00c9tat :<\/strong><br data-start=\"1335\" data-end=\"1338\" \/>Ces ordinateurs portables Dell d'occasion ont fait l'objet d'une inspection et d'un test de qualit\u00e9 approfondis. Vous pouvez vous attendre \u00e0 des performances fiables et \u00e0 une qualit\u00e9 esth\u00e9tique, avec seulement des signes minimes d'utilisation ant\u00e9rieure.<\/p>\n<p class=\"\" data-start=\"1525\" data-end=\"1842\"><strong data-start=\"1525\" data-end=\"1566\">Pourquoi choisir un ordinateur portable Dell d'occasion ?<\/strong><br data-start=\"1566\" data-end=\"1569\" \/>Les ordinateurs portables Dell sont con\u00e7us pour durer. Dot\u00e9s de processeurs haut de gamme, d'une capacit\u00e9 de stockage importante et d'une autonomie de batterie fiable, ces mod\u00e8les d'occasion offrent des fonctionnalit\u00e9s haut de gamme \u00e0 un prix abordable. Ils sont parfaits pour les \u00e9tudiants, les professionnels et tous ceux qui ont besoin d'un ordinateur portable abordable mais puissant.<\/p>","protected":false},"excerpt":{"rendered":"<p class=\"\" data-start=\"0\" data-end=\"52\"><strong data-start=\"0\" data-end=\"52\">Description du produit Ordinateur portable Dell d'occasion :<\/strong><\/p>\n<p class=\"\" data-start=\"54\" data-end=\"371\">Vous recherchez un ordinateur portable fiable et performant sans le prix du neuf ? Nos ordinateurs portables Dell d'occasion offrent une valeur exceptionnelle et sont parfaits pour le travail, l'\u00e9tude et les loisirs. Dell est r\u00e9put\u00e9 pour produire des ordinateurs portables durables et de haut niveau, et vous pouvez d\u00e9sormais profiter de toute cette puissance et de toutes ces performances pour une fraction du prix.<\/p>","protected":false},"featured_media":13486,"comment_status":"open","ping_status":"closed","template":"","meta":[],"product_brand":[],"product_cat":[1509,37],"product_tag":[],"class_list":{"0":"post-13443","1":"product","2":"type-product","3":"status-publish","4":"has-post-thumbnail","6":"product_cat-dell-laptops","7":"product_cat-laptops-computer-electronics","9":"first","10":"instock","11":"shipping-taxable","12":"purchasable","13":"product-type-variable"},"jetpack_sharing_enabled":true,"_links":{"self":[{"href":"https:\/\/afrycom.com\/fr\/wp-json\/wp\/v2\/product\/13443","targetHints":{"allow":["GET"]}}],"collection":[{"href":"https:\/\/afrycom.com\/fr\/wp-json\/wp\/v2\/product"}],"about":[{"href":"https:\/\/afrycom.com\/fr\/wp-json\/wp\/v2\/types\/product"}],"replies":[{"embeddable":true,"href":"https:\/\/afrycom.com\/fr\/wp-json\/wp\/v2\/comments?post=13443"}],"wp:featuredmedia":[{"embeddable":true,"href":"https:\/\/afrycom.com\/fr\/wp-json\/wp\/v2\/media\/13486"}],"wp:attachment":[{"href":"https:\/\/afrycom.com\/fr\/wp-json\/wp\/v2\/media?parent=13443"}],"wp:term":[{"taxonomy":"product_brand","embeddable":true,"href":"https:\/\/afrycom.com\/fr\/wp-json\/wp\/v2\/product_brand?post=13443"},{"taxonomy":"product_cat","embeddable":true,"href":"https:\/\/afrycom.com\/fr\/wp-json\/wp\/v2\/product_cat?post=13443"},{"taxonomy":"product_tag","embeddable":true,"href":"https:\/\/afrycom.com\/fr\/wp-json\/wp\/v2\/product_tag?post=13443"}],"curies":[{"name":"wp","href":"https:\/\/api.w.org\/{rel}","templated":true}]}}