{"id":13380,"date":"2025-03-24T14:23:17","date_gmt":"2025-03-24T14:23:17","guid":{"rendered":"https:\/\/afrycom.com\/product\/pistolet-a-bille-a-eau-7-8mm-balle-pour-enfants-balster-a-air-doux-bb-boule-de-gel-armes-fusil-jeux-cs-haricots-en-croissance-pour-garcons\/"},"modified":"2025-03-24T14:23:28","modified_gmt":"2025-03-24T14:23:28","slug":"pistolet-a-bille-a-eau-7-8mm-balle-pour-enfants-balster-a-air-doux-bb-boule-de-gel-armes-fusil-jeux-cs-haricots-en-croissance-pour-garcons","status":"publish","type":"product","link":"https:\/\/afrycom.com\/fr\/produit\/pistolet-a-bille-a-eau-7-8mm-balle-pour-enfants-balster-a-air-doux-bb-boule-de-gel-armes-fusil-jeux-cs-haricots-en-croissance-pour-garcons\/","title":{"rendered":"Pistolet \u00e0 bille \u00e0 eau 7-8mm, balle pour enfants, Balster \u00e0 Air doux BB, boule de Gel, armes, fusil, jeux CS, haricots en croissance pour gar\u00e7ons"},"content":{"rendered":"<div class=\"product-specs-list-container\">\n<ul class=\"product-specs-list util-clearfix\">\n<li class=\"product-prop line-limit-length\"><span\n                                        class=\"property-title\">Certification :&nbsp;<\/span><span\n                                        class=\"property-desc line-limit-length\">3C<\/span>\n                            <\/li>\n<li class=\"product-prop line-limit-length\"><span\n                                        class=\"property-title\">Num\u00e9ro de Mod\u00e8le :&nbsp;<\/span><span\n                                        class=\"property-desc line-limit-length\">boule de cristal d'eau<\/span>\n                            <\/li>\n<li class=\"product-prop line-limit-length\"><span\n                                        class=\"property-title\">Avertissement :&nbsp;<\/span><span\n                                        class=\"property-desc line-limit-length\">ne l'avalez pas<\/span>\n                            <\/li>\n<li class=\"product-prop line-limit-length\"><span\n                                        class=\"property-title\">Sexe :&nbsp;<\/span><span\n                                        class=\"property-desc line-limit-length\">Unisexe<\/span>\n                            <\/li>\n<li class=\"product-prop line-limit-length\"><span\n                                        class=\"property-title\">Caract\u00e9ristiques :&nbsp;<\/span><span\n                                        class=\"property-desc line-limit-length\">Moulage \u00e0 l'unit\u00e9<\/span>\n                            <\/li>\n<li class=\"product-prop line-limit-length\"><span\n                                        class=\"property-title\">Type :&nbsp;<\/span><span\n                                        class=\"property-desc line-limit-length\">Accessoires de pistolet de jouet<\/span>\n                            <\/li>\n<li class=\"product-prop line-limit-length\"><span\n                                        class=\"property-title\">Mat\u00e9riau :&nbsp;<\/span><span\n                                        class=\"property-desc line-limit-length\">plastique<\/span>\n                            <\/li>\n<li class=\"product-prop line-limit-length\"><span\n                                        class=\"property-title\">Nom de marque :&nbsp;<\/span><span\n                                        class=\"property-desc line-limit-length\">SYSTECH<\/span>\n                            <\/li>\n<li class=\"product-prop line-limit-length\"><span\n                                        class=\"property-title\">Recommande L'\u00e2ge :&nbsp;<\/span><span\n                                        class=\"property-desc line-limit-length\">14 + y<\/span>\n                            <\/li>\n<li class=\"product-prop line-limit-length\"><span\n                                        class=\"property-title\">Origine :&nbsp;<\/span><span\n                                        class=\"property-desc line-limit-length\">CN (Origine)<\/span>\n                            <\/li>\n<li class=\"product-prop line-limit-length\"><span\n                                        class=\"property-title\">Non :&nbsp;<\/span><span\n                                        class=\"property-desc line-limit-length\">SD001<\/span>\n                            <\/li>\n<li class=\"product-prop line-limit-length\"><span\n                                        class=\"property-title\">D\u00e9veloppement des capacit\u00e9s :&nbsp;<\/span><span\n                                        class=\"property-desc line-limit-length\">pr\u00e9hension, sens, coordination main-\u0153il, jouets interactifs,<\/span>\n                            <\/li>\n<li class=\"product-prop line-limit-length\"><span\n                                        class=\"property-title\">couleur :&nbsp;<\/span><span\n                                        class=\"property-desc line-limit-length\">orange, bleu, vert, transparent, jaune, mixte<\/span>\n                            <\/li>\n<li class=\"product-prop line-limit-length\"><span\n                                        class=\"property-title\">destin\u00e9 \u00e0 :&nbsp;<\/span><span\n                                        class=\"property-desc line-limit-length\">Ouvert - termin\u00e9<\/span>\n                            <\/li>\n<li class=\"product-prop line-limit-length\"><span\n                                        class=\"property-title\">Fonction caract\u00e9ristique :&nbsp;<\/span><span\n                                        class=\"property-desc line-limit-length\">L'absorption d'eau devient plus importante<\/span>\n                            <\/li>\n<li class=\"product-prop line-limit-length\"><span\n                                        class=\"property-title\">l'emballage :&nbsp;<\/span><span\n                                        class=\"property-desc line-limit-length\">bouteille<\/span>\n                            <\/li>\n<li class=\"product-prop line-limit-length\"><span\n                                        class=\"property-title\">\u00c2ge d'application :&nbsp;<\/span><span\n                                        class=\"property-desc line-limit-length\">Jeunes (15-35 ans)<\/span>\n                            <\/li>\n<li class=\"product-prop line-limit-length\"><span\n                                        class=\"property-title\">Mat\u00e9riau du jouet :&nbsp;<\/span><span\n                                        class=\"property-desc line-limit-length\">Plastique<\/span>\n                            <\/li>\n<\/ul><\/div>\n<div class=\"detailmodule_html\">\n<div class=\"detail-desc-decorate-richtext\">\n<div class=\"detailmodule_html\">\n<div class=\"detail-desc-decorate-richtext\">\n<div id=\"offer-template-0\">\n <span style=\"background-color:rgb(255, 255, 255);font-size:14px;font-family:OpenSans\">1. Quantit\u00e9 : environ 20 000 pi\u00e8ces 2. M\u00e9langer les couleurs : m\u00e9lang\u00e9 \u00e0 au moins 4 couleurs. 3. Couleur : vert, rouge, orange, bleu, transparent et m\u00e9lange de couleurs 4. Apr\u00e8s avoir \u00e9t\u00e9 tremp\u00e9 dans l'eau pendant 3 \u00e0 5 heures, son diam\u00e8tre sera : 9 ~ 11 mm 5. Caract\u00e9ristique : ne se d\u00e9colore pas, non toxique, 100 % biod\u00e9gradable, non inflammable. Un excellent outil d'apprentissage, les enfants sont occup\u00e9s pendant des heures et s'amusent en exp\u00e9rimentant De nombreuses utilisations pour la d\u00e9coration des mariages, des douches, des centres de table Id\u00e9al pour la d\u00e9coration de la maison, l'artisanat, les d\u00e9partements floraux et plus encore ! Notes : 1. Mesure manuelle, veuillez permettre une erreur de 1 \u00e0 2 cm, merci. 2. Veuillez nous laisser un message sur votre couleur pr\u00e9f\u00e9r\u00e9e, ou nous l'enverrons au hasard. 3. \u00c9tant donn\u00e9 que la quantit\u00e9 est d\u00e9termin\u00e9e par une pes\u00e9e d'instrument de pr\u00e9cision, veuillez pr\u00e9voir environ 0,1 % de l'erreur num\u00e9rique, veuillez comprendre, merci ! 4. En raison de la diff\u00e9rence entre les diff\u00e9rents moniteurs, l'image peut ne pas refl\u00e9ter la couleur r\u00e9elle de l'article. Nous garantissons que le style est le m\u00eame que celui indiqu\u00e9 sur les images. Veuillez comprendre, merci !<\/span>\n<\/div>\n<p><img loading=\"lazy\" decoding=\"async\" width=\"790\" height=\"790\" src=\"https:\/\/ae03.alicdn.com\/kf\/H1f13183f50a94870aa99f966a66a7310g.jpeg\" slate-data-type=\"image\"><\/p>\n<p><img loading=\"lazy\" decoding=\"async\" width=\"790\" height=\"790\" src=\"https:\/\/ae03.alicdn.com\/kf\/Hfc83a46003034265bfeb5de3bd96a19f0.jpeg\" slate-data-type=\"image\"><\/p>\n<p><img loading=\"lazy\" decoding=\"async\" width=\"790\" height=\"790\" src=\"https:\/\/ae03.alicdn.com\/kf\/H9f63261959a84e3a98f1a6f20e5aac8a8.jpeg\" slate-data-type=\"image\"><\/p>\n<p><img loading=\"lazy\" decoding=\"async\" width=\"790\" height=\"790\" src=\"https:\/\/ae03.alicdn.com\/kf\/H28e496d1b98d4238ae881863493979fbW.jpeg\" slate-data-type=\"image\"><\/p>\n<p><img loading=\"lazy\" decoding=\"async\" width=\"790\" height=\"790\" src=\"https:\/\/ae03.alicdn.com\/kf\/H407303ca35084577a08cca64d2e84131Y.jpeg\" slate-data-type=\"image\"><\/p>\n<p><img loading=\"lazy\" decoding=\"async\" width=\"790\" height=\"790\" src=\"https:\/\/ae03.alicdn.com\/kf\/Hf85a2593251841e783adb82041c275658.jpg\" slate-data-type=\"image\"><br \/><img decoding=\"async\" src=\"https:\/\/ae03.alicdn.com\/kf\/Hb9523a9e8c60470887d0e4d54e1af494Z.jpeg\" slate-data-type=\"image\"><img decoding=\"async\" src=\"https:\/\/ae03.alicdn.com\/kf\/Hd5b20078423941f2b63946dbca6d1e1ai.jpg\" slate-data-type=\"image\"><img decoding=\"async\" src=\"https:\/\/ae03.alicdn.com\/kf\/H6cf3a25da4624b6a8c93acdc7f1c7aca1.jpeg\" slate-data-type=\"image\"><img decoding=\"async\" src=\"https:\/\/ae03.alicdn.com\/kf\/H7b525617927e4953a61ca2a067bf22d5Y.jpeg\" slate-data-type=\"image\"><img decoding=\"async\" src=\"https:\/\/ae03.alicdn.com\/kf\/H90f1346827b74f86a45f41676ad188e0l.jpeg\" slate-data-type=\"image\"><\/p>\n<p><\/p>\n<\/div>\n<\/div>\n<\/div>\n<\/div>","protected":false},"excerpt":{"rendered":"<p>Certification:&nbsp;3C Num\u00e9ro de Mod\u00e8le:&nbsp;water ball crystal Avertissement:&nbsp;don&#039;t swallow it Sexe:&nbsp;Unisexe Caract\u00e9ristiques:&nbsp;Diecast Type:&nbsp;Accessoires de pistolet de jouet Mat\u00e9riau:&nbsp;plastique Nom de marque:&nbsp;SYSTECH<\/p>","protected":false},"featured_media":13381,"comment_status":"open","ping_status":"closed","template":"","meta":[],"product_brand":[],"product_cat":[1737],"product_tag":[],"class_list":{"0":"post-13380","1":"product","2":"type-product","3":"status-publish","4":"has-post-thumbnail","6":"product_cat-toys","8":"first","9":"instock","10":"sale","11":"shipping-taxable","12":"purchasable","13":"product-type-variable"},"jetpack_sharing_enabled":true,"_links":{"self":[{"href":"https:\/\/afrycom.com\/fr\/wp-json\/wp\/v2\/product\/13380","targetHints":{"allow":["GET"]}}],"collection":[{"href":"https:\/\/afrycom.com\/fr\/wp-json\/wp\/v2\/product"}],"about":[{"href":"https:\/\/afrycom.com\/fr\/wp-json\/wp\/v2\/types\/product"}],"replies":[{"embeddable":true,"href":"https:\/\/afrycom.com\/fr\/wp-json\/wp\/v2\/comments?post=13380"}],"wp:featuredmedia":[{"embeddable":true,"href":"https:\/\/afrycom.com\/fr\/wp-json\/wp\/v2\/media\/13381"}],"wp:attachment":[{"href":"https:\/\/afrycom.com\/fr\/wp-json\/wp\/v2\/media?parent=13380"}],"wp:term":[{"taxonomy":"product_brand","embeddable":true,"href":"https:\/\/afrycom.com\/fr\/wp-json\/wp\/v2\/product_brand?post=13380"},{"taxonomy":"product_cat","embeddable":true,"href":"https:\/\/afrycom.com\/fr\/wp-json\/wp\/v2\/product_cat?post=13380"},{"taxonomy":"product_tag","embeddable":true,"href":"https:\/\/afrycom.com\/fr\/wp-json\/wp\/v2\/product_tag?post=13380"}],"curies":[{"name":"wp","href":"https:\/\/api.w.org\/{rel}","templated":true}]}}