{"id":13374,"date":"2025-03-24T14:22:25","date_gmt":"2025-03-24T14:22:25","guid":{"rendered":"https:\/\/afrycom.com\/product\/m416-pistolet-jouet-pistolet-manuel-arme-realiste-fusil-sniper-flechettes-souples-blaster-lanceur-modele-airsoft-jouets-pour-garcons-adultes-cs-combat\/"},"modified":"2025-03-24T14:22:28","modified_gmt":"2025-03-24T14:22:28","slug":"m416-pistolet-jouet-pistolet-manuel-arme-realiste-fusil-sniper-flechettes-souples-blaster-lanceur-modele-airsoft-jouets-pour-garcons-adultes-cs-combat","status":"publish","type":"product","link":"https:\/\/afrycom.com\/fr\/produit\/m416-pistolet-jouet-pistolet-manuel-arme-realiste-fusil-sniper-flechettes-souples-blaster-lanceur-modele-airsoft-jouets-pour-garcons-adultes-cs-combat\/","title":{"rendered":"M416 pistolet jouet pistolet manuel arme r\u00e9aliste fusil Sniper fl\u00e9chettes souples Blaster lanceur mod\u00e8le Airsoft jouets pour gar\u00e7ons adultes CS combat"},"content":{"rendered":"<div class=\"product-specs-list-container\">\n<ul class=\"product-specs-list util-clearfix\">\n<li class=\"product-prop line-limit-length\"><span class=\"property-title\">CE :\u00a0<\/span><span class=\"property-desc line-limit-length\">Certificat<\/span><\/li>\n<li class=\"product-prop line-limit-length\"><span class=\"property-title\">Est \u00e9lectrique :\u00a0<\/span><span class=\"property-desc line-limit-length\">Pas de batterie<\/span><\/li>\n<li class=\"product-prop line-limit-length\"><span class=\"property-title\">Certification :\u00a0<\/span><span class=\"property-desc line-limit-length\">CE<\/span><\/li>\n<li class=\"product-prop line-limit-length\"><span class=\"property-title\">Num\u00e9ro de Mod\u00e8le :\u00a0<\/span><span class=\"property-desc line-limit-length\">M416<\/span><\/li>\n<li class=\"product-prop line-limit-length\"><span class=\"property-title\">Avertissement :\u00a0<\/span><span class=\"property-desc line-limit-length\">ne tirez pas sur les gens<\/span><\/li>\n<li class=\"product-prop line-limit-length\"><span class=\"property-title\">Sexe :\u00a0<\/span><span class=\"property-desc line-limit-length\">GAR\u00c7ONS<\/span><\/li>\n<li class=\"product-prop line-limit-length\"><span class=\"property-title\">Type de plastique :\u00a0<\/span><span class=\"property-desc line-limit-length\">ABS<\/span><\/li>\n<li class=\"product-prop line-limit-length\"><span class=\"property-title\">Type :\u00a0<\/span><span class=\"property-desc line-limit-length\">Pistolet de fusil de jouet<\/span><\/li>\n<li class=\"product-prop line-limit-length\"><span class=\"property-title\">Mat\u00e9riau :\u00a0<\/span><span class=\"property-desc line-limit-length\">plastique<\/span><\/li>\n<li class=\"product-prop line-limit-length\"><span class=\"property-title\">Recommande L'\u00e2ge :\u00a0<\/span><span class=\"property-desc line-limit-length\">6-12y,14 + y<\/span><\/li>\n<li class=\"product-prop line-limit-length\"><span class=\"property-title\">Origine :\u00a0<\/span><span class=\"property-desc line-limit-length\">CN (Origine)<\/span><\/li>\n<\/ul>\n<\/div>\n<div class=\"detailmodule_dynamic\">\u00a0<\/div>\n<div class=\"detailmodule_html\">\n<div class=\"detail-desc-decorate-richtext\">\n<div class=\"detailmodule_dynamic\">\u00a0<\/div>\n<div class=\"detailmodule_html\">\n<div class=\"detail-desc-decorate-richtext\">\n<div class=\"detailmodule_dynamic\">\u00a0<\/div>\n<div class=\"detailmodule_dynamic\">\u00a0<\/div>\n<div class=\"detailmodule_text\">\n<p class=\"detail-desc-decorate-title\" style=\"font-family: OpenSans; font-size: 20px; font-weight: 900; line-height: 28px; white-space: pre-wrap; color: #000000; margin-bottom: 12px;\">Description du produit<\/p>\n<p class=\"detail-desc-decorate-content\" style=\"font-family: OpenSans; font-size: 14px; font-weight: 300; line-height: 20px; white-space: pre-wrap; color: #000000; margin-bottom: 12px;\">1. Mat\u00e9riau : plastique.<br \/>2. Taille : 100 cm de longueur.<br \/>3. Port\u00e9e de tir : 5-10 m<br \/>4. Mode : manuel<br \/>5. Caract\u00e9ristique : r\u00e9plique r\u00e9aliste pour les fans du jeu vid\u00e9o populaire.<\/p>\n<\/div>\n<div class=\"detailmodule_image\"><img decoding=\"async\" class=\"detail-desc-decorate-image\" src=\"https:\/\/ae01.alicdn.com\/kf\/Sed870fe25fa5450ca8833ddd3894b666q.jpg\" \/><br \/><img decoding=\"async\" class=\"detail-desc-decorate-image\" src=\"https:\/\/ae01.alicdn.com\/kf\/S74dac8d93d8f40d2956146b9c248fd05Y.jpg\" \/><br \/><img decoding=\"async\" class=\"detail-desc-decorate-image\" src=\"https:\/\/ae01.alicdn.com\/kf\/S234a5563952b402884f0fc6aaad9321aq.jpg\" \/><br \/><img decoding=\"async\" class=\"detail-desc-decorate-image\" src=\"https:\/\/ae01.alicdn.com\/kf\/See99c2e8827443b8a8084c5986c84eaeF.jpg\" \/><br \/><img decoding=\"async\" class=\"detail-desc-decorate-image\" src=\"https:\/\/ae01.alicdn.com\/kf\/S6d50fd12f08e437ba3e5cc9ae2b7fcf19.jpg\" \/><br \/><img decoding=\"async\" class=\"detail-desc-decorate-image\" src=\"https:\/\/ae01.alicdn.com\/kf\/S826137942cbb447dae777db2567c89278.jpg\" \/><br \/><img decoding=\"async\" class=\"detail-desc-decorate-image\" src=\"https:\/\/ae01.alicdn.com\/kf\/Se6bb8a8761dc460bb3debe6038210b421.jpg\" \/><\/div>\n<p>\u00a0<\/p>\n<\/div>\n<\/div>\n<\/div>\n<\/div>","protected":false},"excerpt":{"rendered":"<p>CE:\u00a0Certificat Est \u00e9lectrique:\u00a0Pas de batterie Certification:\u00a0CE Num\u00e9ro de Mod\u00e8le:\u00a0M416 Avertissement:\u00a0don&#8217;t shoot at people Sexe:\u00a0BOYS Type de plastique:\u00a0ABS Type:\u00a0Pistolet de fusil<\/p>","protected":false},"featured_media":13375,"comment_status":"open","ping_status":"closed","template":"","meta":[],"product_brand":[],"product_cat":[1737],"product_tag":[],"class_list":{"0":"post-13374","1":"product","2":"type-product","3":"status-publish","4":"has-post-thumbnail","6":"product_cat-toys","8":"first","9":"instock","10":"sale","11":"shipping-taxable","12":"purchasable","13":"product-type-variable"},"jetpack_sharing_enabled":true,"_links":{"self":[{"href":"https:\/\/afrycom.com\/fr\/wp-json\/wp\/v2\/product\/13374","targetHints":{"allow":["GET"]}}],"collection":[{"href":"https:\/\/afrycom.com\/fr\/wp-json\/wp\/v2\/product"}],"about":[{"href":"https:\/\/afrycom.com\/fr\/wp-json\/wp\/v2\/types\/product"}],"replies":[{"embeddable":true,"href":"https:\/\/afrycom.com\/fr\/wp-json\/wp\/v2\/comments?post=13374"}],"wp:featuredmedia":[{"embeddable":true,"href":"https:\/\/afrycom.com\/fr\/wp-json\/wp\/v2\/media\/13375"}],"wp:attachment":[{"href":"https:\/\/afrycom.com\/fr\/wp-json\/wp\/v2\/media?parent=13374"}],"wp:term":[{"taxonomy":"product_brand","embeddable":true,"href":"https:\/\/afrycom.com\/fr\/wp-json\/wp\/v2\/product_brand?post=13374"},{"taxonomy":"product_cat","embeddable":true,"href":"https:\/\/afrycom.com\/fr\/wp-json\/wp\/v2\/product_cat?post=13374"},{"taxonomy":"product_tag","embeddable":true,"href":"https:\/\/afrycom.com\/fr\/wp-json\/wp\/v2\/product_tag?post=13374"}],"curies":[{"name":"wp","href":"https:\/\/api.w.org\/{rel}","templated":true}]}}