{"id":1335,"date":"2025-01-06T13:56:06","date_gmt":"2025-01-06T13:56:06","guid":{"rendered":"https:\/\/dummy.xtemos.com\/woodmart2\/marketplace2\/?post_type=product&#038;p=1335"},"modified":"2025-03-02T02:28:27","modified_gmt":"2025-03-02T02:28:27","slug":"cat-teetee-tent","status":"publish","type":"product","link":"https:\/\/afrycom.com\/fr\/produit\/cat-teetee-tent\/","title":{"rendered":"Tente \u00e0 teete pour chat"},"content":{"rendered":"<div class=\"wpb-content-wrapper\"><div class=\"vc_row wpb_row vc_row-fluid vc_custom_1736411648559 wd-rs-677f89faeaa38\"><div class=\"wpb_column vc_column_container vc_col-sm-12\"><div class=\"vc_column-inner\"><div class=\"wpb_wrapper\">\n\t\t<div id=\"wd-677f8992bb7f4\" class=\"title-wrapper wd-wpb wd-set-mb reset-last-child  wd-rs-677f8992bb7f4 wd-title-color-default wd-title-style-default text-center vc_custom_1736411550277 wd-underline-colored\">\n\t\t\t\n\t\t\t<div class=\"liner-continer\">\n\t\t\t\t<h4 class=\"woodmart-title-container title  wd-font-weight- wd-fontsize-l\" >Amsterdam<\/h4>\n\t\t\t\t\t\t\t<\/div>\n\t\t\t\n\t\t\t\n\t\t\t\n\t\t<\/div>\n\t\t\n\t\t\n\t\t<div id=\"wd-677f89c2314f8\" class=\"title-wrapper wd-wpb wd-set-mb reset-last-child  wd-rs-677f89c2314f8 wd-title-color-default wd-title-style-default text-center  wd-underline-colored\">\n\t\t\t\n\t\t\t<div class=\"liner-continer\">\n\t\t\t\t<h4 class=\"woodmart-title-container title  wd-font-weight-700 wd-fontsize-l\" >Une d\u00e9claration dans votre salon<\/h4>\n\t\t\t\t\t\t\t<\/div>\n\t\t\t\n\t\t\t\n\t\t\t\n\t\t<\/div>\n\t\t\n\t\t\t\t<div id=\"wd-677f89cab4d45\" class=\"wd-image wd-wpb wd-rs-677f89cab4d45 text-center\">\n\t\t\t\n\t\t\t<img loading=\"lazy\" decoding=\"async\" width=\"940\" height=\"325\" src=\"https:\/\/afrycom.com\/wp-content\/uploads\/2025\/01\/pic-1-opt.jpg\" class=\"attachment-full size-full\" alt=\"\" srcset=\"https:\/\/afrycom.com\/wp-content\/uploads\/2025\/01\/pic-1-opt.jpg 940w, https:\/\/afrycom.com\/wp-content\/uploads\/2025\/01\/pic-1-opt-150x52.jpg 150w\" sizes=\"auto, (max-width: 940px) 100vw, 940px\" \/>\n\t\t\t\t\t<\/div>\n\t\t\t\t<div id=\"wd-677f89e5cd783\" class=\"wd-text-block wd-wpb reset-last-child wd-rs-677f89e5cd783 text-center\">\n\t\t\t<p>L'entreprise r\u00e9interpr\u00e8te la tradition en faisant appel \u00e0 des designers internationaux et en d\u00e9veloppant de nouvelles technologies et de nouveaux mat\u00e9riaux pour garantir des r\u00e9sultats innovants et surprenants.<\/p>\n\t\t<\/div>\n\t\t<\/div><\/div><\/div><\/div><div class=\"vc_row wpb_row vc_row-fluid vc_custom_1736412073210 vc_row-o-content-middle vc_row-flex wd-rs-677f8ba2c108f\"><div class=\"wpb_column vc_column_container vc_col-sm-6\"><div class=\"vc_column-inner\"><div class=\"wpb_wrapper\">\n\t\t<div id=\"wd-677f8a213a023\" class=\"title-wrapper wd-wpb wd-set-mb reset-last-child  wd-rs-677f8a213a023 wd-title-color-default wd-title-style-default text-left vc_custom_1736411692250 wd-underline-colored\">\n\t\t\t\n\t\t\t<div class=\"liner-continer\">\n\t\t\t\t<h4 class=\"woodmart-title-container title  wd-font-weight- wd-fontsize-l\" >Croustillant. Clair. Commandant<\/h4>\n\t\t\t\t\t\t\t<\/div>\n\t\t\t\n\t\t\t\n\t\t\t\n\t\t<\/div>\n\t\t\n\t\t\t\t\t<div class=\"info-box-wrapper\">\n\t\t\t\t<div id=\"wd-677f8a7c54fe9\" class=\"wd-rs-677f8a7c54fe9 wd-info-box wd-wpb text-left box-icon-align-top box-style- color-scheme- wd-bg-none vc_custom_1736411777451\">\n\t\t\t\t\t\t\t\t\t\t\t<div class=\"box-icon-wrapper  box-with-icon box-icon-simple\">\n\t\t\t\t\t\t\t<div class=\"info-box-icon\">\n\n\t\t\t\t\t\t\t\n\t\t\t\t\t\t\t\t\t\t\t\t\t\t\t\t\t<div class=\"info-svg-wrapper\" style=\"width: 32px;height: 32px;\"><img decoding=\"async\"  src=\"https:\/\/afrycom.com\/wp-content\/uploads\/2025\/01\/optimal-comfort.svg\" title=\"confort optimal\" loading=\"lazy\" width=\"32\" height=\"32\"><\/div>\t\t\t\t\t\t\t\t\t\t\t\t\t\t\t\n\t\t\t\t\t\t\t<\/div>\n\t\t\t\t\t\t<\/div>\n\t\t\t\t\t\t\t\t\t\t<div class=\"info-box-content\">\n\t\t\t\t\t\t<h4 class=\"info-box-title title box-title-style-default wd-fontsize-m\">Confort optimal<\/h4>\t\t\t\t\t\t<div class=\"info-box-inner reset-last-child\"><p>Les courbes douces et les lignes \u00e9lanc\u00e9es et effil\u00e9es s'inspirent du design moderne. Le r\u00e9sultat est une chaise \u00e0 la fois classique et contemporaine, id\u00e9ale.<\/p>\n<\/div>\n\n\t\t\t\t\t\t\t\t\t\t\t<\/div>\n\n\t\t\t\t\t\n\t\t\t\t\t\t\t\t\t<\/div>\n\t\t\t<\/div>\n\t\t\t\t\t<div class=\"info-box-wrapper\">\n\t\t\t\t<div id=\"wd-677f8a8b42f7d\" class=\"wd-rs-677f8a8b42f7d wd-info-box wd-wpb text-left box-icon-align-top box-style- color-scheme- wd-bg-none vc_custom_1736411815921\">\n\t\t\t\t\t\t\t\t\t\t\t<div class=\"box-icon-wrapper  box-with-icon box-icon-simple\">\n\t\t\t\t\t\t\t<div class=\"info-box-icon\">\n\n\t\t\t\t\t\t\t\n\t\t\t\t\t\t\t\t\t\t\t\t\t\t\t\t\t<img loading=\"lazy\" decoding=\"async\" width=\"124\" height=\"48\" src=\"https:\/\/afrycom.com\/wp-content\/uploads\/2025\/01\/elegant-details.png\" class=\"attachment-124x48 size-124x48\" alt=\"\" \/>\t\t\t\t\t\t\t\t\t\t\t\t\t\t\t\n\t\t\t\t\t\t\t<\/div>\n\t\t\t\t\t\t<\/div>\n\t\t\t\t\t\t\t\t\t\t<div class=\"info-box-content\">\n\t\t\t\t\t\t<h4 class=\"info-box-title title box-title-style-default wd-fontsize-m\">D\u00e9tails \u00e9l\u00e9gants<\/h4>\t\t\t\t\t\t<div class=\"info-box-inner reset-last-child\"><p>L'entreprise r\u00e9interpr\u00e8te la tradition en faisant appel \u00e0 des designers internationaux.<\/p>\n<\/div>\n\n\t\t\t\t\t\t\t\t\t\t\t<\/div>\n\n\t\t\t\t\t\n\t\t\t\t\t\t\t\t\t<\/div>\n\t\t\t<\/div>\n\t\t<\/div><\/div><\/div><div class=\"wpb_column vc_column_container vc_col-sm-6\"><div class=\"vc_column-inner\"><div class=\"wpb_wrapper\">\t\t<div id=\"wd-677f8a107b79b\" class=\"wd-image wd-wpb wd-rs-677f8a107b79b text-left\">\n\t\t\t\n\t\t\t<img loading=\"lazy\" decoding=\"async\" width=\"460\" height=\"510\" src=\"https:\/\/afrycom.com\/wp-content\/uploads\/2025\/01\/pic-2.jpg\" class=\"attachment-full size-full\" alt=\"\" srcset=\"https:\/\/afrycom.com\/wp-content\/uploads\/2025\/01\/pic-2.jpg 460w, https:\/\/afrycom.com\/wp-content\/uploads\/2025\/01\/pic-2-150x166.jpg 150w\" sizes=\"auto, (max-width: 460px) 100vw, 460px\" \/>\n\t\t\t\t\t<\/div>\n\t\t<\/div><\/div><\/div><\/div><div class=\"vc_row wpb_row vc_row-fluid\"><div class=\"wpb_column vc_column_container vc_col-sm-12\"><div class=\"vc_column-inner\"><div class=\"wpb_wrapper\">\n\t\t<div id=\"wd-677f8ace77f93\" class=\"title-wrapper wd-wpb wd-set-mb reset-last-child  wd-rs-677f8ace77f93 wd-title-color-default wd-title-style-default text-left vc_custom_1736411886482 wd-width-custom wd-underline-colored\">\n\t\t\t\n\t\t\t<div class=\"liner-continer\">\n\t\t\t\t<h4 class=\"woodmart-title-container title  wd-font-weight- wd-fontsize-l\" >Coussins multifonctionnels<\/h4>\n\t\t\t\t\t\t\t<\/div>\n\t\t\t\n\t\t\t\t\t\t\t<div class=\"title-after_title reset-last-child  wd-fontsize-xs\">L'entreprise r\u00e9interpr\u00e8te la tradition en faisant appel \u00e0 des designers internationaux pour travailler avec elle et en d\u00e9veloppant<\/div>\n\t\t\t\n\t\t\t\n\t\t<\/div>\n\t\t\n\t\t\t\t<div id=\"wd-677f8b05c4c85\" class=\"wd-image wd-wpb wd-rs-677f8b05c4c85 text-left vc_custom_1736411912799\">\n\t\t\t\n\t\t\t<img loading=\"lazy\" decoding=\"async\" width=\"940\" height=\"373\" src=\"https:\/\/afrycom.com\/wp-content\/uploads\/2025\/01\/pic-3.jpg\" class=\"attachment-full size-full\" alt=\"\" srcset=\"https:\/\/afrycom.com\/wp-content\/uploads\/2025\/01\/pic-3.jpg 940w, https:\/\/afrycom.com\/wp-content\/uploads\/2025\/01\/pic-3-150x60.jpg 150w\" sizes=\"auto, (max-width: 940px) 100vw, 940px\" \/>\n\t\t\t\t\t<\/div>\n\t\t\t\t<div id=\"gallery_946\" class=\"wd-images-gallery wd-wpb wd-rs-677f8b543b1e5 vc_custom_1736411994883 photoswipe-images\" style=\"--wd-justify-content:center;--wd-align-items:center;\">\n\t\t\t\n\t\t\t<div class=\"wd-grid-g\" style=\"--wd-col-lg:2;--wd-col-md:2;--wd-col-sm:1;--wd-gap-lg:20px;--wd-gap-sm:20px;\">\n\t\t\t\t\n\t\t\t\t\t\t\t\t\t\t\t\t\t\t\t<div class=\"wd-gallery-item wd-col\">\n\t\t\t\t\t\t\t\t\t\t\t\t\t\t<a href=\"https:\/\/afrycom.com\/wp-content\/uploads\/2025\/01\/pic-4-opt.jpg\" data-elementor-open-lightbox=\"no\" data-index=\"1\" data-width=\"500\" data-height=\"407\" \n\t\t\t\t\t\t\t\t\t\t\t\t >\n\t\t\t\t\t\t\t\t\n\t\t\t\t\t\t\t\t<img loading=\"lazy\" decoding=\"async\" width=\"500\" height=\"407\" src=\"https:\/\/afrycom.com\/wp-content\/uploads\/2025\/01\/pic-4-opt.jpg\" class=\"wd-gallery-image image-1\" alt=\"\" srcset=\"https:\/\/afrycom.com\/wp-content\/uploads\/2025\/01\/pic-4-opt.jpg 500w, https:\/\/afrycom.com\/wp-content\/uploads\/2025\/01\/pic-4-opt-150x122.jpg 150w\" sizes=\"auto, (max-width: 500px) 100vw, 500px\" \/>\n\t\t\t\t\t\t\t\t\t\t\t\t\t\t\t<\/a>\n\t\t\t\t\t\t\t\t\t\t\t\t<\/div>\n\t\t\t\t\t\t\t\t\t\t\t<div class=\"wd-gallery-item wd-col\">\n\t\t\t\t\t\t\t\t\t\t\t\t\t\t<a href=\"https:\/\/afrycom.com\/wp-content\/uploads\/2025\/01\/pic-5-opt.jpg\" data-elementor-open-lightbox=\"no\" data-index=\"2\" data-width=\"500\" data-height=\"407\" \n\t\t\t\t\t\t\t\t\t\t\t\t >\n\t\t\t\t\t\t\t\t\n\t\t\t\t\t\t\t\t<img loading=\"lazy\" decoding=\"async\" width=\"500\" height=\"407\" src=\"https:\/\/afrycom.com\/wp-content\/uploads\/2025\/01\/pic-5-opt.jpg\" class=\"wd-gallery-image image-2\" alt=\"\" srcset=\"https:\/\/afrycom.com\/wp-content\/uploads\/2025\/01\/pic-5-opt.jpg 500w, https:\/\/afrycom.com\/wp-content\/uploads\/2025\/01\/pic-5-opt-150x122.jpg 150w\" sizes=\"auto, (max-width: 500px) 100vw, 500px\" \/>\n\t\t\t\t\t\t\t\t\t\t\t\t\t\t\t<\/a>\n\t\t\t\t\t\t\t\t\t\t\t\t<\/div>\n\t\t\t\t\t\t\t\t\t\n\t\t\t\t\t\t\t<\/div>\n\n\t\t\t\t\t<\/div>\n\t\t<\/div><\/div><\/div><\/div>\n<\/div>","protected":false},"excerpt":{"rendered":"<p>Sa structure modulaire, bas\u00e9e sur la combinaison de six polygones de forme irr\u00e9guli\u00e8re, permet une infinit\u00e9 de combinaisons de couleurs et de formes qui peuvent \u00eatre configur\u00e9es sur une plateforme num\u00e9rique d\u00e9di\u00e9e.<\/p>","protected":false},"featured_media":1336,"comment_status":"open","ping_status":"closed","template":"","meta":[],"product_brand":[72],"product_cat":[46],"product_tag":[],"class_list":{"0":"post-1335","1":"product","2":"type-product","3":"status-publish","4":"has-post-thumbnail","6":"product_brand-samsung","7":"product_cat-textiles-home-garden","9":"first","10":"instock","11":"sale","12":"shipping-taxable","13":"purchasable","14":"product-type-simple"},"jetpack_sharing_enabled":true,"_links":{"self":[{"href":"https:\/\/afrycom.com\/fr\/wp-json\/wp\/v2\/product\/1335","targetHints":{"allow":["GET"]}}],"collection":[{"href":"https:\/\/afrycom.com\/fr\/wp-json\/wp\/v2\/product"}],"about":[{"href":"https:\/\/afrycom.com\/fr\/wp-json\/wp\/v2\/types\/product"}],"replies":[{"embeddable":true,"href":"https:\/\/afrycom.com\/fr\/wp-json\/wp\/v2\/comments?post=1335"}],"wp:featuredmedia":[{"embeddable":true,"href":"https:\/\/afrycom.com\/fr\/wp-json\/wp\/v2\/media\/1336"}],"wp:attachment":[{"href":"https:\/\/afrycom.com\/fr\/wp-json\/wp\/v2\/media?parent=1335"}],"wp:term":[{"taxonomy":"product_brand","embeddable":true,"href":"https:\/\/afrycom.com\/fr\/wp-json\/wp\/v2\/product_brand?post=1335"},{"taxonomy":"product_cat","embeddable":true,"href":"https:\/\/afrycom.com\/fr\/wp-json\/wp\/v2\/product_cat?post=1335"},{"taxonomy":"product_tag","embeddable":true,"href":"https:\/\/afrycom.com\/fr\/wp-json\/wp\/v2\/product_tag?post=1335"}],"curies":[{"name":"wp","href":"https:\/\/api.w.org\/{rel}","templated":true}]}}