{"id":13339,"date":"2025-03-24T14:21:38","date_gmt":"2025-03-24T14:21:38","guid":{"rendered":"https:\/\/afrycom.com\/product\/pistolet-a-eau-electrique-m416-pour-enfants-jouet-de-tir-entierement-automatique-jouet-de-plage-dete-pour-enfants-garcons-filles-adultes-cadeau-nouveau\/"},"modified":"2025-03-24T14:21:55","modified_gmt":"2025-03-24T14:21:55","slug":"pistolet-a-eau-electrique-m416-pour-enfants-jouet-de-tir-entierement-automatique-jouet-de-plage-dete-pour-enfants-garcons-filles-adultes-cadeau-nouveau","status":"publish","type":"product","link":"https:\/\/afrycom.com\/fr\/produit\/pistolet-a-eau-electrique-m416-pour-enfants-jouet-de-tir-entierement-automatique-jouet-de-plage-dete-pour-enfants-garcons-filles-adultes-cadeau-nouveau\/","title":{"rendered":"Pistolet \u00e0 eau \u00e9lectrique M416 pour enfants, jouet de tir enti\u00e8rement automatique, jouet de plage d'\u00e9t\u00e9 pour enfants, gar\u00e7ons, filles, adultes, cadeau, nouveau"},"content":{"rendered":"<div class=\"product-specs-list-container\">\n<ul class=\"product-specs-list util-clearfix\">\n<li class=\"product-prop line-limit-length\"><span class=\"property-title\">Chimique Hign-concern\u00e9 :\u00a0<\/span><span class=\"property-desc line-limit-length\">Aucun<\/span><\/li>\n<li class=\"product-prop line-limit-length\"><span class=\"property-title\">Est \u00e9lectrique :\u00a0<\/span><span class=\"property-desc line-limit-length\">Batterie au lithium<\/span><\/li>\n<li class=\"product-prop line-limit-length\"><span class=\"property-title\">Certification :\u00a0<\/span><span class=\"property-desc line-limit-length\">3C<\/span><\/li>\n<li class=\"product-prop line-limit-length\"><span class=\"property-title\">Sexe :\u00a0<\/span><span class=\"property-desc line-limit-length\">Unisexe<\/span><\/li>\n<li class=\"product-prop line-limit-length\"><span class=\"property-title\">Caract\u00e9ristiques :\u00a0<\/span><span class=\"property-desc line-limit-length\">\u00c9lectronique<\/span><\/li>\n<li class=\"product-prop line-limit-length\"><span class=\"property-title\">Type :\u00a0<\/span><span class=\"property-desc line-limit-length\">PISTOLET \u00c0 EAU<\/span><\/li>\n<li class=\"product-prop line-limit-length\"><span class=\"property-title\">Mat\u00e9riau :\u00a0<\/span><span class=\"property-desc line-limit-length\">plastique<\/span><\/li>\n<li class=\"product-prop line-limit-length\"><span class=\"property-title\">Recommande L'\u00e2ge :\u00a0<\/span><span class=\"property-desc line-limit-length\">14 + y<\/span><\/li>\n<li class=\"product-prop line-limit-length\"><span class=\"property-title\">Origine :\u00a0<\/span><span class=\"property-desc line-limit-length\">CN (Origine)<\/span><\/li>\n<li class=\"product-prop line-limit-length\"><span class=\"property-title\">Caract\u00e9ristique1 :\u00a0<\/span><span class=\"property-desc line-limit-length\">Pistolet \u00e0 eau \u00e9lectrique<\/span><\/li>\n<li class=\"product-prop line-limit-length\"><span class=\"property-title\">Caract\u00e9ristique2 :\u00a0<\/span><span class=\"property-desc line-limit-length\">Pistolet \u00e0 haute pression pour enfants Bursts<\/span><\/li>\n<li class=\"product-prop line-limit-length\"><span class=\"property-title\">Caract\u00e9ristique3 :\u00a0<\/span><span class=\"property-desc line-limit-length\">Pistolet \u00e0 \u00e9nergie \u00e0 forte charge Jouet<\/span><\/li>\n<li class=\"product-prop line-limit-length\"><span class=\"property-title\">Caract\u00e9ristique4 :\u00a0<\/span><span class=\"property-desc line-limit-length\">Eau Vaporisation automatique de l'eau<\/span><\/li>\n<li class=\"product-prop line-limit-length\"><span class=\"property-title\">Caract\u00e9ristique5 :\u00a0<\/span><span class=\"property-desc line-limit-length\">Jouets pour pistolets Airsoft<\/span><\/li>\n<li class=\"product-prop line-limit-length\"><span class=\"property-title\">Caract\u00e9ristique6 :\u00a0<\/span><span class=\"property-desc line-limit-length\">Pistolets jouets pour enfants<\/span><\/li>\n<li class=\"product-prop line-limit-length\"><span class=\"property-title\">Fonctionnalit\u00e97 :\u00a0<\/span><span class=\"property-desc line-limit-length\">Jouet mitrailleuse<\/span><\/li>\n<li class=\"product-prop line-limit-length\"><span class=\"property-title\">Caract\u00e9ristique8 :\u00a0<\/span><span class=\"property-desc line-limit-length\">Pistolets \u00e0 eau Jouets<\/span><\/li>\n<li class=\"product-prop line-limit-length\"><span class=\"property-title\">Caract\u00e9ristique9 :\u00a0<\/span><span class=\"property-desc line-limit-length\">Jouets automatiques<\/span><\/li>\n<\/ul>\n<\/div>\n<div class=\"detailmodule_html\">\n<div class=\"detail-desc-decorate-richtext\">\n<p style=\"text-align: left;\" align=\"left\">\u00a0<\/p>\n<p style=\"text-align: center;\" align=\"center\"><span style=\"font-size: 28px; font-family: arial, &quot;&quot;;\">&#8212;<\/span><span style=\"font-size: 28px; font-family: arial, &quot;&quot;;\"><strong id=\"tl_1\">Informations<\/strong><\/span><span style=\"font-size: 28px; font-family: arial, &quot;&quot;;\">&#8212;<\/span><\/p>\n<p style=\"text-align: left;\" align=\"left\"><span id=\"tl_2\" style=\"background-color: #ffffff; font-size: 16px; font-family: Roboto, sans-serif;\">\u2605Chaque traction de la g\u00e2chette lib\u00e8re un puissant jet d'eau individuel. <br \/>\u2605Le jouet aquatique est fabriqu\u00e9 en plastique de haute qualit\u00e9 et la poign\u00e9e est antid\u00e9rapante. <br \/>\u2605Petite taille, grande capacit\u00e9, convient aux enfants et aux adultes. <br \/>\u2605Rempli d'eau, peut \u00eatre lanc\u00e9 en continu <br \/>\u2605Profitez du plaisir en famille et de l'interaction avec des amis ou en famille \u00e0 la plage, le sable et la piscine.<\/span><\/p>\n<div style=\"text-align: center;\" align=\"center\">\u00a0<\/div>\n<div style=\"text-align: center;\" align=\"center\"><span style=\"background-color: #ffffff; font-size: 28px; font-family: arial;\">&#8212;<\/span><br \/><span style=\"background-color: #ffffff; font-size: 28px; font-family: arial;\"><strong id=\"tl_3\">PHOTOS<\/strong><\/span><br \/><span style=\"background-color: #ffffff; font-size: 28px; font-family: arial;\">&#8212;<\/span><\/div>\n<div style=\"text-align: center;\" align=\"center\">\n<div>\u00a0<\/div>\n<p>\u00a0<\/p>\n<\/div>\n<p>\u00a0<\/p>\n<\/div>\n<\/div>","protected":false},"excerpt":{"rendered":"<p>Chimique Hign-concern\u00e9:\u00a0Aucun Est \u00e9lectrique:\u00a0Batterie au lithium Certification:\u00a03C Sexe:\u00a0Unisexe Caract\u00e9ristiques:\u00a0\u00c9lectronique Type:\u00a0PISTOLET \u00c0 EAU Mat\u00e9riau:\u00a0plastique Recommande L&#8217;\u00e2ge:\u00a014 + y Origine:\u00a0CN (Origine) Feature1:\u00a0Electric<\/p>","protected":false},"featured_media":13340,"comment_status":"open","ping_status":"closed","template":"","meta":[],"product_brand":[],"product_cat":[1737],"product_tag":[],"class_list":{"0":"post-13339","1":"product","2":"type-product","3":"status-publish","4":"has-post-thumbnail","6":"product_cat-toys","8":"first","9":"instock","10":"sale","11":"shipping-taxable","12":"purchasable","13":"product-type-variable"},"jetpack_sharing_enabled":true,"_links":{"self":[{"href":"https:\/\/afrycom.com\/fr\/wp-json\/wp\/v2\/product\/13339","targetHints":{"allow":["GET"]}}],"collection":[{"href":"https:\/\/afrycom.com\/fr\/wp-json\/wp\/v2\/product"}],"about":[{"href":"https:\/\/afrycom.com\/fr\/wp-json\/wp\/v2\/types\/product"}],"replies":[{"embeddable":true,"href":"https:\/\/afrycom.com\/fr\/wp-json\/wp\/v2\/comments?post=13339"}],"wp:featuredmedia":[{"embeddable":true,"href":"https:\/\/afrycom.com\/fr\/wp-json\/wp\/v2\/media\/13340"}],"wp:attachment":[{"href":"https:\/\/afrycom.com\/fr\/wp-json\/wp\/v2\/media?parent=13339"}],"wp:term":[{"taxonomy":"product_brand","embeddable":true,"href":"https:\/\/afrycom.com\/fr\/wp-json\/wp\/v2\/product_brand?post=13339"},{"taxonomy":"product_cat","embeddable":true,"href":"https:\/\/afrycom.com\/fr\/wp-json\/wp\/v2\/product_cat?post=13339"},{"taxonomy":"product_tag","embeddable":true,"href":"https:\/\/afrycom.com\/fr\/wp-json\/wp\/v2\/product_tag?post=13339"}],"curies":[{"name":"wp","href":"https:\/\/api.w.org\/{rel}","templated":true}]}}