{"id":13328,"date":"2025-03-24T14:15:37","date_gmt":"2025-03-24T14:15:37","guid":{"rendered":"https:\/\/afrycom.com\/product\/jouets-de-voiture-rc-1-12-pour-mercedes-amg-f1-w11-eq-performance-44-formule-de-course-dequipe-voitures-a-derive-modele-de-jouet-pour-enfants-cadeaux-de-noel\/"},"modified":"2025-03-24T14:15:44","modified_gmt":"2025-03-24T14:15:44","slug":"jouets-de-voiture-rc-1-12-pour-mercedes-amg-f1-w11-eq-performance-44-formule-de-course-dequipe-voitures-a-derive-modele-de-jouet-pour-enfants-cadeaux-de-noel","status":"publish","type":"product","link":"https:\/\/afrycom.com\/fr\/produit\/jouets-de-voiture-rc-1-12-pour-mercedes-amg-f1-w11-eq-performance-44-formule-de-course-dequipe-voitures-a-derive-modele-de-jouet-pour-enfants-cadeaux-de-noel\/","title":{"rendered":"Jouets de voiture RC 1\/12 pour Mercedes-AMG F1 W11 EQ Performance 44 # Formule de course d'\u00e9quipe, voitures \u00e0 d\u00e9rive, mod\u00e8le de jouet pour enfants, cadeaux de no\u00ebl"},"content":{"rendered":"<div class=\"product-specs-list-container\">\n<ul class=\"product-specs-list util-clearfix\">\n<li class=\"product-prop line-limit-length\"><span\n                                        class=\"property-title\">Les codes-barres :&nbsp;<\/span><span\n                                        class=\"property-desc line-limit-length\">Pas de<\/span>\n                            <\/li>\n<li class=\"product-prop line-limit-length\"><span\n                                        class=\"property-title\">Certification :&nbsp;<\/span><span\n                                        class=\"property-desc line-limit-length\">CE<\/span>\n                            <\/li>\n<li class=\"product-prop line-limit-length\"><span\n                                        class=\"property-title\">Servo d'acc\u00e9l\u00e9rateur :&nbsp;<\/span><span\n                                        class=\"property-desc line-limit-length\">Tel que d\u00e9crit<\/span>\n                            <\/li>\n<li class=\"product-prop line-limit-length\"><span\n                                        class=\"property-title\">Servomoteur de direction :&nbsp;<\/span><span\n                                        class=\"property-desc line-limit-length\">Tel que d\u00e9crit<\/span>\n                            <\/li>\n<li class=\"product-prop line-limit-length\"><span\n                                        class=\"property-title\">Alimentation :&nbsp;<\/span><span\n                                        class=\"property-desc line-limit-length\">Tel que d\u00e9crit<\/span>\n                            <\/li>\n<li class=\"product-prop line-limit-length\"><span\n                                        class=\"property-title\">\u00c9tat de l'Assembl\u00e9e :&nbsp;<\/span><span\n                                        class=\"property-desc line-limit-length\">Pr\u00eat-\u00e0-aller<\/span>\n                            <\/li>\n<li class=\"product-prop line-limit-length\"><span\n                                        class=\"property-title\">Piste des pneus :&nbsp;<\/span><span\n                                        class=\"property-desc line-limit-length\">Tel que d\u00e9crit<\/span>\n                            <\/li>\n<li class=\"product-prop line-limit-length\"><span\n                                        class=\"property-title\">Empattement :&nbsp;<\/span><span\n                                        class=\"property-desc line-limit-length\">Tel que d\u00e9crit<\/span>\n                            <\/li>\n<li class=\"product-prop line-limit-length\"><span\n                                        class=\"property-title\">Avertissement :&nbsp;<\/span><span\n                                        class=\"property-desc line-limit-length\">avec bo\u00eete en mousse<\/span>\n                            <\/li>\n<li class=\"product-prop line-limit-length\"><span\n                                        class=\"property-title\">Distance :&nbsp;<\/span><span\n                                        class=\"property-desc line-limit-length\">30M<\/span>\n                            <\/li>\n<li class=\"product-prop line-limit-length\"><span\n                                        class=\"property-title\">Garantie :&nbsp;<\/span><span\n                                        class=\"property-desc line-limit-length\">30 jours<\/span>\n                            <\/li>\n<li class=\"product-prop line-limit-length\"><span\n                                        class=\"property-title\">\u00c9chelle :&nbsp;<\/span><span\n                                        class=\"property-desc line-limit-length\">1:18<\/span>\n                            <\/li>\n<li class=\"product-prop line-limit-length\"><span\n                                        class=\"property-title\">Dimensions :&nbsp;<\/span><span\n                                        class=\"property-desc line-limit-length\">31.7*11.8*6.1<\/span>\n                            <\/li>\n<li class=\"product-prop line-limit-length\"><span\n                                        class=\"property-title\">Couple :&nbsp;<\/span><span\n                                        class=\"property-desc line-limit-length\">Tel que d\u00e9crit<\/span>\n                            <\/li>\n<li class=\"product-prop line-limit-length\"><span\n                                        class=\"property-title\">Num\u00e9ro de Mod\u00e8le :&nbsp;<\/span><span\n                                        class=\"property-desc line-limit-length\">Mercedes-AMG F1 W11 EQ Performance<\/span>\n                            <\/li>\n<li class=\"product-prop line-limit-length\"><span\n                                        class=\"property-title\">Conception :&nbsp;<\/span><span\n                                        class=\"property-desc line-limit-length\">Voitures<\/span>\n                            <\/li>\n<li class=\"product-prop line-limit-length\"><span\n                                        class=\"property-title\">Forfait comprend :&nbsp;<\/span><span\n                                        class=\"property-desc line-limit-length\">Piles,T\u00e9l\u00e9commande<\/span>\n                            <\/li>\n<li class=\"product-prop line-limit-length\"><span\n                                        class=\"property-title\">Canaux de contr\u00f4le :&nbsp;<\/span><span\n                                        class=\"property-desc line-limit-length\">4 Canaux<\/span>\n                            <\/li>\n<li class=\"product-prop line-limit-length\"><span\n                                        class=\"property-title\">Mode contr\u00f4leur :&nbsp;<\/span><span\n                                        class=\"property-desc line-limit-length\">Mode 1<\/span>\n                            <\/li>\n<li class=\"product-prop line-limit-length\"><span\n                                        class=\"property-title\">Tension de charge :&nbsp;<\/span><span\n                                        class=\"property-desc line-limit-length\">220V<\/span>\n                            <\/li>\n<li class=\"product-prop line-limit-length\"><span\n                                        class=\"property-title\">T\u00e9l\u00e9commande :&nbsp;<\/span><span\n                                        class=\"property-desc line-limit-length\">Oui<\/span>\n                            <\/li>\n<li class=\"product-prop line-limit-length\"><span\n                                        class=\"property-title\">Mat\u00e9riau :&nbsp;<\/span><span\n                                        class=\"property-desc line-limit-length\">ABS<\/span>\n                            <\/li>\n<li class=\"product-prop line-limit-length\"><span\n                                        class=\"property-title\">Nom de marque :&nbsp;<\/span><span\n                                        class=\"property-desc line-limit-length\">LKCOMO<\/span>\n                            <\/li>\n<li class=\"product-prop line-limit-length\"><span\n                                        class=\"property-title\">Recommande L'\u00e2ge :&nbsp;<\/span><span\n                                        class=\"property-desc line-limit-length\">12 + y,14 + y<\/span>\n                            <\/li>\n<li class=\"product-prop line-limit-length\"><span\n                                        class=\"property-title\">Origine :&nbsp;<\/span><span\n                                        class=\"property-desc line-limit-length\">CN (Origine)<\/span>\n                            <\/li>\n<li class=\"product-prop line-limit-length\"><span\n                                        class=\"property-title\">Type :&nbsp;<\/span><span\n                                        class=\"property-desc line-limit-length\">Voiture<\/span>\n                            <\/li>\n<li class=\"product-prop line-limit-length\"><span\n                                        class=\"property-title\">Caract\u00e9ristiques :&nbsp;<\/span><span\n                                        class=\"property-desc line-limit-length\">T\u00e9l\u00e9commande<\/span>\n                            <\/li>\n<\/ul><\/div>\n<div class=\"detailmodule_html\">\n<div class=\"detail-desc-decorate-richtext\">\n<div class=\"detailmodule_html\">\n<div class=\"detail-desc-decorate-richtext\">\n<h1><span style=\"color:rgb(77, 77, 77)\">Nous emballons la voiture dans une bo\u00eete en mousse, qui est plus s\u00e9curis\u00e9e pendant le transport<\/span><\/h1>\n<h1><span style=\"color:rgb(77, 77, 77)\">Mod\u00e8le RC Mercedes-AMG F1 W11 EQ Performance \u00e0 licence officielle, \u00e9chelle 1:12 (\u00e9chelle 1:18. - Fonction compl\u00e8te : avancer, reculer, tourner \u00e0 gauche, tourner \u00e0 droite. - Longue distance 30-40 m, vitesse : 8,2 kmph, fr\u00e9quence 2,4 GHz. Facile \u00e0 utiliser. - Livr\u00e9 avec un ensemble d'autocollants de carrosserie DIY pour vous permettre d'habiller vous-m\u00eame la voiture.<\/span><\/h1>\n<p><img decoding=\"async\" src=\"https:\/\/ae01.alicdn.com\/kf\/S707bf37654f74320b8b29860abe2dc4an.jpg\" slate-data-type=\"image\"><img decoding=\"async\" src=\"https:\/\/ae01.alicdn.com\/kf\/S184b4070b1b0424c84392a1fc500f944P.png\" slate-data-type=\"image\"><img decoding=\"async\" src=\"https:\/\/ae01.alicdn.com\/kf\/S430033cd83f342f5b5162655d0cc65f41.jpg\" slate-data-type=\"image\"><img decoding=\"async\" src=\"https:\/\/ae01.alicdn.com\/kf\/S64f0bdcd5b7849ae939b252175a0b0b6b.jpg\" slate-data-type=\"image\"><img decoding=\"async\" src=\"https:\/\/ae01.alicdn.com\/kf\/S4550a9d80cf34c40807a5cadc082addaq.jpg\" slate-data-type=\"image\"><img decoding=\"async\" src=\"https:\/\/ae01.alicdn.com\/kf\/S71ce8473dc09438eb5537fcbc06d5695Y.jpg\" slate-data-type=\"image\"><img decoding=\"async\" src=\"https:\/\/ae01.alicdn.com\/kf\/S7b896df93eb2408f844eb0ef21aa3d6d3.jpg\" slate-data-type=\"image\"><img decoding=\"async\" src=\"https:\/\/ae01.alicdn.com\/kf\/S6f39b92001834c2996681a8dc0f02428o.jpg\" slate-data-type=\"image\"><\/p>\n<p style=\"font-family:&quot;font-size:14px;font-weight:400;letter-spacing:normal;line-height:inherit;text-align:start;white-space:normal;color:rgb(0, 0, 0);background-color:rgb(255, 255, 255);margin:0px;padding:0px;box-sizing:border-box;padding:0px;margin:0px;text-align:start;&quot;;text-align:start\" align=\"start\"><img loading=\"lazy\" decoding=\"async\" width=\"944\" height=\"1312\" src=\"https:\/\/ae01.alicdn.com\/kf\/S4b722b7967c3484abd4d6018bdeeecaar.jpg\" slate-data-type=\"image\"><img loading=\"lazy\" decoding=\"async\" width=\"944\" height=\"1198\" src=\"https:\/\/ae01.alicdn.com\/kf\/Sc4e545a578bb42a9925aa1dbf6ba3a64M.jpg\" slate-data-type=\"image\"><img loading=\"lazy\" decoding=\"async\" width=\"944\" height=\"858\" src=\"https:\/\/ae01.alicdn.com\/kf\/Hddb06385711a4f76af2b5859cb5a824ag.jpg\" slate-data-type=\"image\"><\/p>\n<div><\/div>\n<\/div>\n<\/div>\n<p><\/div>\n<\/div>","protected":false},"excerpt":{"rendered":"<p>Code-barres:&nbsp;Pas de Certification:&nbsp;CE Servo d\u2019acc\u00e9l\u00e9rateur:&nbsp;As described as Servomoteur de direction:&nbsp;As described as Alimentation:&nbsp;As described as \u00c9tat de l&#039;Assembl\u00e9e:&nbsp;Pr\u00eat-\u00e0-aller Piste des<\/p>","protected":false},"featured_media":13329,"comment_status":"open","ping_status":"closed","template":"","meta":[],"product_brand":[],"product_cat":[1737],"product_tag":[],"class_list":{"0":"post-13328","1":"product","2":"type-product","3":"status-publish","4":"has-post-thumbnail","6":"product_cat-toys","8":"first","9":"instock","10":"sale","11":"shipping-taxable","12":"purchasable","13":"product-type-variable"},"jetpack_sharing_enabled":true,"_links":{"self":[{"href":"https:\/\/afrycom.com\/fr\/wp-json\/wp\/v2\/product\/13328","targetHints":{"allow":["GET"]}}],"collection":[{"href":"https:\/\/afrycom.com\/fr\/wp-json\/wp\/v2\/product"}],"about":[{"href":"https:\/\/afrycom.com\/fr\/wp-json\/wp\/v2\/types\/product"}],"replies":[{"embeddable":true,"href":"https:\/\/afrycom.com\/fr\/wp-json\/wp\/v2\/comments?post=13328"}],"wp:featuredmedia":[{"embeddable":true,"href":"https:\/\/afrycom.com\/fr\/wp-json\/wp\/v2\/media\/13329"}],"wp:attachment":[{"href":"https:\/\/afrycom.com\/fr\/wp-json\/wp\/v2\/media?parent=13328"}],"wp:term":[{"taxonomy":"product_brand","embeddable":true,"href":"https:\/\/afrycom.com\/fr\/wp-json\/wp\/v2\/product_brand?post=13328"},{"taxonomy":"product_cat","embeddable":true,"href":"https:\/\/afrycom.com\/fr\/wp-json\/wp\/v2\/product_cat?post=13328"},{"taxonomy":"product_tag","embeddable":true,"href":"https:\/\/afrycom.com\/fr\/wp-json\/wp\/v2\/product_tag?post=13328"}],"curies":[{"name":"wp","href":"https:\/\/api.w.org\/{rel}","templated":true}]}}