{"id":13318,"date":"2025-03-24T14:14:17","date_gmt":"2025-03-24T14:14:17","guid":{"rendered":"https:\/\/afrycom.com\/product\/boxer-noir-en-coton-pour-homme-sous-vetement-sexy-de-marque-4-pieces\/"},"modified":"2025-03-24T14:14:22","modified_gmt":"2025-03-24T14:14:22","slug":"boxer-noir-en-coton-pour-homme-sous-vetement-sexy-de-marque-4-pieces","status":"publish","type":"product","link":"https:\/\/afrycom.com\/fr\/produit\/boxer-noir-en-coton-pour-homme-sous-vetement-sexy-de-marque-4-pieces\/","title":{"rendered":"Boxer Noir en Coton pour Homme, Sous-V\u00eatement Sexy de Marque, 4 Pi\u00e8ces"},"content":{"rendered":"<div class=\"product-specs-list-container\">\n<ul class=\"product-specs-list util-clearfix\">\n<li class=\"product-prop line-limit-length\"><span\n                                        class=\"property-title\">Chimique Hign-concern\u00e9 :&nbsp;<\/span><span\n                                        class=\"property-desc line-limit-length\">Aucun<\/span>\n                            <\/li>\n<li class=\"product-prop line-limit-length\"><span\n                                        class=\"property-title\">Artisanat du tissage :&nbsp;<\/span><span\n                                        class=\"property-desc line-limit-length\">Tricoter<\/span>\n                            <\/li>\n<li class=\"product-prop line-limit-length\"><span\n                                        class=\"property-title\">Sexuellement suggestif :&nbsp;<\/span><span\n                                        class=\"property-desc line-limit-length\">Pas de<\/span>\n                            <\/li>\n<li class=\"product-prop line-limit-length\"><span\n                                        class=\"property-title\">Image D'obsc\u00e8ne :&nbsp;<\/span><span\n                                        class=\"property-desc line-limit-length\">Pas de<\/span>\n                            <\/li>\n<li class=\"product-prop line-limit-length\"><span\n                                        class=\"property-title\">Type de Motif :&nbsp;<\/span><span\n                                        class=\"property-desc line-limit-length\">Solide<\/span>\n                            <\/li>\n<li class=\"product-prop line-limit-length\"><span\n                                        class=\"property-title\">Num\u00e9ro de Mod\u00e8le :&nbsp;<\/span><span\n                                        class=\"property-desc line-limit-length\">B29-4pcs-noir<\/span>\n                            <\/li>\n<li class=\"product-prop line-limit-length\"><span\n                                        class=\"property-title\">Mat\u00e9riau :&nbsp;<\/span><span\n                                        class=\"property-desc line-limit-length\">COTON, POLYESTER, \u00c9LASTHANNE<\/span>\n                            <\/li>\n<li class=\"product-prop line-limit-length\"><span\n                                        class=\"property-title\">Nom de marque :&nbsp;<\/span><span\n                                        class=\"property-desc line-limit-length\">SRBONITOS<\/span>\n                            <\/li>\n<li class=\"product-prop line-limit-length\"><span\n                                        class=\"property-title\">Cale\u00e7ons &amp; Boxers :&nbsp;<\/span><span\n                                        class=\"property-desc line-limit-length\">boxeur<\/span>\n                            <\/li>\n<li class=\"product-prop line-limit-length\"><span\n                                        class=\"property-title\">Origine :&nbsp;<\/span><span\n                                        class=\"property-desc line-limit-length\">CN (Origine)<\/span>\n                            <\/li>\n<li class=\"product-prop line-limit-length\"><span\n                                        class=\"property-title\">CN :&nbsp;<\/span><span\n                                        class=\"property-desc line-limit-length\">Fujian<\/span>\n                            <\/li>\n<li class=\"product-prop line-limit-length\"><span\n                                        class=\"property-title\">Sexe :&nbsp;<\/span><span\n                                        class=\"property-desc line-limit-length\">MEN<\/span>\n                            <\/li>\n<li class=\"product-prop line-limit-length\"><span\n                                        class=\"property-title\">SRBONITOS :&nbsp;<\/span><span\n                                        class=\"property-desc line-limit-length\">Marque de premier plan, haute qualit\u00e9 et livraison rapide<\/span>\n                            <\/li>\n<li class=\"product-prop line-limit-length\"><span\n                                        class=\"property-title\">Version europ\u00e9enne et am\u00e9ricaine :&nbsp;<\/span><span\n                                        class=\"property-desc line-limit-length\">Plus confortable \u00e0 porter<\/span>\n                            <\/li>\n<li class=\"product-prop line-limit-length\"><span\n                                        class=\"property-title\">Taille standard europ\u00e9enne et am\u00e9ricaine :&nbsp;<\/span><span\n                                        class=\"property-desc line-limit-length\">Si vous n'\u00eates pas s\u00fbr de la taille, veuillez contacter SRBONITOS.<\/span>\n                            <\/li>\n<li class=\"product-prop line-limit-length\"><span\n                                        class=\"property-title\">Style europ\u00e9en et am\u00e9ricain :&nbsp;<\/span><span\n                                        class=\"property-desc line-limit-length\">Style classique<\/span>\n                            <\/li>\n<li class=\"product-prop line-limit-length\"><span\n                                        class=\"property-title\">Tissu :&nbsp;<\/span><span\n                                        class=\"property-desc line-limit-length\">65% Coton 5% Spandex<\/span>\n                            <\/li>\n<li class=\"product-prop line-limit-length\"><span\n                                        class=\"property-title\">calzoncillos :&nbsp;<\/span><span\n                                        class=\"property-desc line-limit-length\">calzoncillos hombre boxer marca<\/span>\n                            <\/li>\n<li class=\"product-prop line-limit-length\"><span\n                                        class=\"property-title\">boxeur hombre :&nbsp;<\/span><span\n                                        class=\"property-desc line-limit-length\">calzoncillo hombre<\/span>\n                            <\/li>\n<li class=\"product-prop line-limit-length\"><span\n                                        class=\"property-title\">boxer homme :&nbsp;<\/span><span\n                                        class=\"property-desc line-limit-length\">calecon homme boxer<\/span>\n                            <\/li>\n<li class=\"product-prop line-limit-length\"><span\n                                        class=\"property-title\">cale\u00e7ons hommes :&nbsp;<\/span><span\n                                        class=\"property-desc line-limit-length\">onderbroek mannen<\/span>\n                            <\/li>\n<li class=\"product-prop line-limit-length\"><span\n                                        class=\"property-title\">bielizna :&nbsp;<\/span><span\n                                        class=\"property-desc line-limit-length\">bokserki<\/span>\n                            <\/li>\n<\/ul><\/div>\n<div class=\"detailmodule_html\">\n<div class=\"detail-desc-decorate-richtext\">\n<div class=\"detailmodule_dynamic\">\n <kse:widget data-widget-type=\"customText\" id=\"34568500\" type=\"custom\"><\/kse:widget>\n<\/div>\n<div class=\"detailmodule_dynamic\">\n <img decoding=\"async\" src=\"https:\/\/ae01.alicdn.com\/kf\/S5c73d69101384586a420ec1cd5cfed77s.jpg\" slate-data-type=\"image\" \/>\n<\/div>\n<div id=\"tl_1\">\n  Nasz rozmiar S = rosja rozmiar 44-46 = rozmiar europejski S\n<\/div>\n<div id=\"tl_2\">\n  Nasz rozmiar M = rosja rozmiar 46-48 = rozmiar europejski M\n<\/div>\n<div id=\"tl_3\">\n  Nasz rozmiar L = rosja rozmiar 48 \u00e0 50 = rozmiar europejski L\n<\/div>\n<div id=\"tl_4\">\n  Nasz rozmiar XL = rosja rozmiar 50-52 = rozmiar europejski XL\n<\/div>\n<div id=\"tl_5\">\n  Nasz rozmiar XXL = rosja rozmiar 52-54 = rozmiar europejski XXL\n<\/div>\n<div>\n<table style=\"border-collapse:collapse;text-align:center;width:942px\" border=\"1\" cellspacing=\"0\" align=\"center\">\n<tbody>\n<tr>\n<td style=\"width:942px\" colspan=\"6\">\n<p style=\"text-align:center\" align=\"center\"><strong id=\"tl_6\">BONITOS tabela rozmiar\u00f3w<\/strong><\/p>\n<\/td>\n<\/tr>\n<tr>\n<td style=\"width:301px\">\n<h2 style=\"text-align:center\" align=\"center\"><span style=\"font-size:14px\"><span style=\"color:rgb(255, 0, 0)\"><strong id=\"tl_7\">Nasz rozmiar<\/strong><\/span><\/span><\/h2>\n<\/td>\n<td style=\"width:138px\">\n<h2 style=\"text-align:center\" align=\"center\"><span style=\"font-size:14px\"><span style=\"color:rgb(255, 0, 0)\"><strong id=\"tl_8\">S<\/strong><\/span><\/span><\/h2>\n<\/td>\n<td style=\"width:126px\">\n<h2 style=\"text-align:center\" align=\"center\"><span style=\"font-size:14px\"><span style=\"color:rgb(255, 0, 0)\"><strong id=\"tl_9\">M<\/strong><\/span><\/span><\/h2>\n<\/td>\n<td style=\"width:126px\">\n<h2 style=\"text-align:center\" align=\"center\"><span style=\"font-size:14px\"><span style=\"color:rgb(255, 0, 0)\"><strong id=\"tl_10\">L<\/strong><\/span><\/span><\/h2>\n<\/td>\n<td style=\"width:126px\">\n<h2 style=\"text-align:center\" align=\"center\"><span style=\"font-size:14px\"><span style=\"color:rgb(255, 0, 0)\"><strong id=\"tl_11\">XL,<\/strong><\/span><\/span><\/h2>\n<\/td>\n<td style=\"width:126px\">\n<h2 style=\"text-align:center\" align=\"center\"><span style=\"font-size:14px\"><span style=\"color:rgb(255, 0, 0)\"><strong id=\"tl_12\">XXL<\/strong><\/span><\/span><\/h2>\n<\/td>\n<\/tr>\n<tr>\n<td style=\"width:301px\">\n<p style=\"text-align:center\" align=\"center\" id=\"tl_13\">Ajouter au panier Rosja rozmiar<\/p>\n<\/td>\n<td style=\"width:138px\">\n<p style=\"text-align:center\" align=\"center\">44-46<\/p>\n<\/td>\n<td style=\"width:126px\">\n<p style=\"text-align:center\" align=\"center\">46-48<\/p>\n<\/td>\n<td style=\"width:126px\">\n<p style=\"text-align:center\" align=\"center\">48-50<\/p>\n<\/td>\n<td style=\"width:126px\">\n<p style=\"text-align:center\" align=\"center\">50-52<\/p>\n<\/td>\n<td style=\"width:126px\">\n<p style=\"text-align:center\" align=\"center\">52-54<\/p>\n<\/td>\n<\/tr>\n<tr>\n<td style=\"width:301px\">\n<p style=\"text-align:center\" align=\"center\" id=\"tl_14\">Rozmiar europ\u00e9en<\/p>\n<\/td>\n<td style=\"width:138px\">\n<p style=\"text-align:center\" align=\"center\" id=\"tl_15\">S<\/p>\n<\/td>\n<td style=\"width:126px\">\n<p style=\"text-align:center\" align=\"center\" id=\"tl_16\">M<\/p>\n<\/td>\n<td style=\"width:126px\">\n<p style=\"text-align:center\" align=\"center\" id=\"tl_17\">L<\/p>\n<\/td>\n<td style=\"width:126px\">\n<p style=\"text-align:center\" align=\"center\" id=\"tl_18\">XL,<\/p>\n<\/td>\n<td style=\"width:126px\">\n<p style=\"text-align:center\" align=\"center\" id=\"tl_19\">XXL<\/p>\n<\/td>\n<\/tr>\n<tr>\n<td style=\"width:301px\">\n<p style=\"text-align:center\" align=\"center\" id=\"tl_20\">R\u00e9f\u00e9rence : Pasuje do cia\u0142a talia (cm)<\/p>\n<\/td>\n<td style=\"width:138px\">\n<p style=\"text-align:center\" align=\"center\">70-80<\/p>\n<\/td>\n<td style=\"width:126px\">\n<p style=\"text-align:center\" align=\"center\">80-90<\/p>\n<\/td>\n<td style=\"width:126px\">\n<p style=\"text-align:center\" align=\"center\">90-100<\/p>\n<\/td>\n<td style=\"width:126px\">\n<p style=\"text-align:center\" align=\"center\">100-110<\/p>\n<\/td>\n<td style=\"width:126px\">\n<p style=\"text-align:center\" align=\"center\">110-120<\/p>\n<\/td>\n<\/tr>\n<tr>\n<td style=\"width:301px\">\n<p style=\"text-align:center\" align=\"center\" id=\"tl_21\">Pasuje do cia\u0142a talia (cal)<\/p>\n<\/td>\n<td style=\"width:138px\">\n<p style=\"text-align:center\" align=\"center\">28 \"-31\"<\/p>\n<\/td>\n<td style=\"width:126px\">\n<p style=\"text-align:center\" align=\"center\">32 \"-35\"<\/p>\n<\/td>\n<td style=\"width:126px\">\n<p style=\"text-align:center\" align=\"center\">36 \"-39\"<\/p>\n<\/td>\n<td style=\"width:126px\">\n<p style=\"text-align:center\" align=\"center\">40 \"-43\"<\/p>\n<\/td>\n<td style=\"width:126px\">\n<p style=\"text-align:center\" align=\"center\">44 \"-46\"<\/p>\n<\/td>\n<\/tr>\n<tr>\n<td style=\"width:942px\" colspan=\"6\">\n<p style=\"text-align:center\" align=\"center\"><span style=\"color:rgb(255, 0, 0)\"><strong id=\"tl_22\">R\u00e9f\u00e9rence : P\u0142aski \u015brodek (cm)<\/strong><\/span><\/p>\n<\/td>\n<\/tr>\n<tr>\n<td style=\"width:301px\">\n<p style=\"text-align:center\" align=\"center\" id=\"tl_23\"><span style=\"color:rgb(255, 0, 0)\"><strong>A.<\/strong><\/span>Szeroko\u015b\u0107 avec talii (cm)<\/p>\n<\/td>\n<td style=\"width:138px\">\n<p style=\"text-align:center\" align=\"center\">34<\/p>\n<\/td>\n<td style=\"width:126px\">\n<p style=\"text-align:center\" align=\"center\">36<\/p>\n<\/td>\n<td style=\"width:126px\">\n<p style=\"text-align:center\" align=\"center\">38<\/p>\n<\/td>\n<td style=\"width:126px\">\n<p style=\"text-align:center\" align=\"center\">40<\/p>\n<\/td>\n<td style=\"width:126px\">\n<p style=\"text-align:center\" align=\"center\">42<\/p>\n<\/td>\n<\/tr>\n<tr>\n<td style=\"width:301px\">\n<p style=\"text-align:center\" align=\"center\" id=\"tl_24\"><span style=\"color:rgb(255, 0, 0)\"><strong>B.<\/strong><\/span>Szeroko\u015b\u0107 biodra (cm)<\/p>\n<\/td>\n<td style=\"width:138px\">\n<p style=\"text-align:center\" align=\"center\">38<\/p>\n<\/td>\n<td style=\"width:126px\">\n<p style=\"text-align:center\" align=\"center\">40<\/p>\n<\/td>\n<td style=\"width:126px\">\n<p style=\"text-align:center\" align=\"center\">42<\/p>\n<\/td>\n<td style=\"width:126px\">\n<p style=\"text-align:center\" align=\"center\">44<\/p>\n<\/td>\n<td style=\"width:126px\">\n<p style=\"text-align:center\" align=\"center\">46<\/p>\n<\/td>\n<\/tr>\n<tr>\n<td style=\"width:301px\">\n<p style=\"text-align:center\" align=\"center\" id=\"tl_25\"><span style=\"color:rgb(255, 0, 0)\"><strong>C.<\/strong><\/span>Ajouter au panier Na zewn\u0105trz d\u0142ugo\u015b\u0107 (cm)<\/p>\n<\/td>\n<td style=\"width:138px\">\n<p style=\"text-align:center\" align=\"center\">24<\/p>\n<\/td>\n<td style=\"width:126px\">\n<p style=\"text-align:center\" align=\"center\">25<\/p>\n<\/td>\n<td style=\"width:126px\">\n<p style=\"text-align:center\" align=\"center\">26<\/p>\n<\/td>\n<td style=\"width:126px\">\n<p style=\"text-align:center\" align=\"center\">27<\/p>\n<\/td>\n<td style=\"width:126px\">\n<p style=\"text-align:center\" align=\"center\">28<\/p>\n<\/td>\n<\/tr>\n<tr>\n<td style=\"width:942px\" colspan=\"6\">\n<p><img decoding=\"async\" src=\"https:\/\/ae01.alicdn.com\/kf\/H74514cba6e674cc1a4089c5b14ffa49cP.png\" slate-data-type=\"image\" \/><\/p>\n<\/td>\n<\/tr>\n<\/tbody>\n<\/table>\n<\/div>\n<div>\n <br \/> \n<\/div>\n<p><img decoding=\"async\" src=\"https:\/\/ae01.alicdn.com\/kf\/HTB1al3waErrK1RkSne1q6ArVVXan.jpg\" slate-data-type=\"image\" \/><img decoding=\"async\" src=\"https:\/\/ae01.alicdn.com\/kf\/HTB1WiZDavjsK1Rjy1Xaq6zispXaC.jpg\" slate-data-type=\"image\" \/><\/p>\n<p style=\"font-size:12px\"><img decoding=\"async\" src=\"https:\/\/ae01.alicdn.com\/kf\/HTB1UFwyasrrK1Rjy1zeq6xalFXaG.jpg\" slate-data-type=\"image\" \/><\/p>\n<p><img decoding=\"async\" src=\"https:\/\/ae01.alicdn.com\/kf\/HTB1.ezxbovrK1RjSszfq6xJNVXaO.jpg\" slate-data-type=\"image\" \/><\/p>\n<p><img decoding=\"async\" src=\"https:\/\/ae01.alicdn.com\/kf\/HTB1ii7DavjsK1Rjy1Xaq6zispXaa.jpg\" slate-data-type=\"image\" \/><\/p>\n<p><img decoding=\"async\" src=\"https:\/\/ae01.alicdn.com\/kf\/HTB1uGLBbhrvK1RjSszeq6yObFXaT.jpg\" slate-data-type=\"image\" \/><\/p>\n<p><img decoding=\"async\" src=\"https:\/\/ae01.alicdn.com\/kf\/HTB1WhspasfrK1Rjy0Fmq6xhEXXal.jpg\" slate-data-type=\"image\" \/><img decoding=\"async\" src=\"https:\/\/ae01.alicdn.com\/kf\/HTB1z4ZvasnrK1RjSspkq6yuvXXa3.jpg\" slate-data-type=\"image\" \/><img decoding=\"async\" src=\"https:\/\/ae01.alicdn.com\/kf\/HTB1LWMvatzvK1RkSnfoq6zMwVXaF.jpg\" slate-data-type=\"image\" \/><img decoding=\"async\" src=\"https:\/\/ae01.alicdn.com\/kf\/HTB1OXAyasrrK1Rjy1zeq6xalFXaw.jpg\" slate-data-type=\"image\" \/><img decoding=\"async\" src=\"https:\/\/ae01.alicdn.com\/kf\/HTB1CBwqaEvrK1RjSszfq6xJNVXaY.jpg\" slate-data-type=\"image\" \/><img decoding=\"async\" src=\"https:\/\/ae01.alicdn.com\/kf\/HTB1nR.watfvK1RjSszhq6AcGFXaw.jpg\" slate-data-type=\"image\" \/><\/p>\n<p><img decoding=\"async\" src=\"https:\/\/ae01.alicdn.com\/kf\/HTB1.SLwbcTxK1Rjy0Fgq6yovpXaq.jpg\" slate-data-type=\"image\" \/><img decoding=\"async\" src=\"https:\/\/ae01.alicdn.com\/kf\/HTB12i.DavjsK1Rjy1Xaq6zispXa8.jpg\" slate-data-type=\"image\" \/><img decoding=\"async\" src=\"https:\/\/ae01.alicdn.com\/kf\/HTB1yvstax_rK1RkHFqDq6yJAFXaQ.jpg\" slate-data-type=\"image\" \/><img decoding=\"async\" src=\"https:\/\/ae01.alicdn.com\/kf\/HTB1HjsuayLrK1Rjy1zdq6ynnpXaM.jpg\" slate-data-type=\"image\" \/><img decoding=\"async\" src=\"https:\/\/ae01.alicdn.com\/kf\/HTB1tP.oaEjrK1RkHFNRq6ySvpXaL.jpg\" slate-data-type=\"image\" \/><img decoding=\"async\" src=\"https:\/\/ae01.alicdn.com\/kf\/HTB1MsMkaEvrK1RjSspcq6zzSXXat.jpg\" slate-data-type=\"image\" \/><\/p>\n<table style=\"border-collapse:collapse;font-size:12px;width:935px\" border=\"1\" cellspacing=\"0\">\n<tbody>\n<tr>\n<td style=\"width:935px\" colspan=\"4\">\n<p style=\"text-align:center\" align=\"center\"><span style=\"font-size:22px\"><strong id=\"tl_26\">TABLEAU DES TAILLES SRBONITOS<\/strong><\/span><\/p>\n<\/td>\n<\/tr>\n<tr>\n<td style=\"width:296px\" rowspan=\"8\">\n<p><img loading=\"lazy\" decoding=\"async\" width=\"200\" height=\"515\" src=\"https:\/\/ae01.alicdn.com\/kf\/HTB1cbkMXiHrK1Rjy0Flq6AsaFXaa.jpg\" slate-data-type=\"image\" \/><\/p>\n<\/td>\n<td style=\"width:639px\" colspan=\"3\">\n<p style=\"text-align:center\" align=\"center\"><span style=\"font-size:16px\"><strong id=\"tl_27\">Taille standard europ\u00e9enne<\/strong><\/span><\/p>\n<\/td>\n<\/tr>\n<tr>\n<td style=\"width:214px\">\n<p style=\"text-align:center\" align=\"center\" id=\"tl_28\">Taille de l'\u00e9tiquette<\/p>\n<\/td>\n<td style=\"width:214px\">\n<p style=\"text-align:center\" align=\"center\" id=\"tl_29\">Taille (cm)<\/p>\n<\/td>\n<td style=\"width:214px\">\n<p style=\"text-align:center\" align=\"center\" id=\"tl_30\">Taille (pouce)<\/p>\n<\/td>\n<\/tr>\n<tr>\n<td style=\"width:214px\">\n<p style=\"text-align:center\" align=\"center\" id=\"tl_31\">S<\/p>\n<\/td>\n<td style=\"width:214px\">\n<p style=\"text-align:center\" align=\"center\">70 &#8211; 80<\/p>\n<\/td>\n<td style=\"width:214px\">\n<p style=\"text-align:center\" align=\"center\">27.5 &#8211; 31.5<\/p>\n<\/td>\n<\/tr>\n<tr>\n<td style=\"width:214px\">\n<p style=\"text-align:center\" align=\"center\" id=\"tl_32\">M<\/p>\n<\/td>\n<td style=\"width:214px\">\n<p style=\"text-align:center\" align=\"center\">80 &#8211; 90<\/p>\n<\/td>\n<td style=\"width:214px\">\n<p style=\"text-align:center\" align=\"center\">31.6 &#8211; 35.4<\/p>\n<\/td>\n<\/tr>\n<tr>\n<td style=\"width:214px\">\n<p style=\"text-align:center\" align=\"center\" id=\"tl_33\">L<\/p>\n<\/td>\n<td style=\"width:214px\">\n<p style=\"text-align:center\" align=\"center\">90 &#8211; 100<\/p>\n<\/td>\n<td style=\"width:214px\">\n<p style=\"text-align:center\" align=\"center\">35.4 &#8211; 39.3<\/p>\n<\/td>\n<\/tr>\n<tr>\n<td style=\"width:214px\">\n<p style=\"text-align:center\" align=\"center\" id=\"tl_34\">XL,<\/p>\n<\/td>\n<td style=\"width:214px\">\n<p style=\"text-align:center\" align=\"center\">100 &#8211; 110<\/p>\n<\/td>\n<td style=\"width:214px\">\n<p style=\"text-align:center\" align=\"center\">39.3 &#8211; 43.3<\/p>\n<\/td>\n<\/tr>\n<tr>\n<td style=\"width:214px\">\n<p style=\"text-align:center\" align=\"center\" id=\"tl_35\">XXL<\/p>\n<\/td>\n<td style=\"width:214px\">\n<p style=\"text-align:center\" align=\"center\">105 &#8211; 115<\/p>\n<\/td>\n<td style=\"width:214px\">\n<p style=\"text-align:center\" align=\"center\">41.3 &#8211; 45.3<\/p>\n<\/td>\n<\/tr>\n<tr>\n<td style=\"width:639px\" colspan=\"3\">\n<p><span style=\"color:rgb(255, 0, 0);font-size:13.3333px\"><strong><span style=\"font-size:22px\" id=\"tl_36\">* Si vous n'\u00eates pas s\u00fbr de la taille, veuillez nous contacter<\/span><\/strong><\/span><\/p>\n<h1><span style=\"font-size:28px\" id=\"tl_37\">Taille S taille 70-80cm \u00e0 porter.<\/span><\/h1>\n<div>\n      &nbsp;\n    <\/div>\n<h1><span style=\"font-size:28px\" id=\"tl_38\">Taille M taille 80-90cm \u00e0 porter.<\/span><\/h1>\n<div>\n      &nbsp;\n    <\/div>\n<h1><span style=\"font-size:28px\" id=\"tl_39\">Taille L taille 90-100cm \u00e0 porter.<\/span><\/h1>\n<div>\n      &nbsp;\n    <\/div>\n<h1><span style=\"font-size:28px\" id=\"tl_40\">Taille XL taille 100-110cm \u00e0 porter.<\/span><\/h1>\n<div>\n      &nbsp;\n    <\/div>\n<h1><span style=\"font-size:28px\" id=\"tl_41\">Taille XXL taille 105-125cm \u00e0 porter.<\/span><\/h1>\n<\/td>\n<\/tr>\n<\/tbody>\n<\/table>\n<div>\n <br \/> \n<\/div>\n<div class=\"detailmodule_dynamic\">\n <kse:widget data-widget-type=\"customText\" id=\"24250327\" type=\"custom\"><\/kse:widget>\n<\/div>\n<p><\/p>\n<\/div>\n<\/div>","protected":false},"excerpt":{"rendered":"<p>Chimique Hign-concern\u00e9:&nbsp;Aucun Artisanat du tissage:&nbsp;Tricoter Sexuellement Suggestive:&nbsp;Pas de Image D&#039;obsc\u00e8ne:&nbsp;Pas de Type de Motif:&nbsp;Solide Num\u00e9ro de Mod\u00e8le:&nbsp;B29-4pcs-black Mat\u00e9riau:&nbsp;COTTON,POLYESTER,SPANDEX Nom de<\/p>","protected":false},"featured_media":13319,"comment_status":"open","ping_status":"closed","template":"","meta":[],"product_brand":[],"product_cat":[1450],"product_tag":[],"class_list":{"0":"post-13318","1":"product","2":"type-product","3":"status-publish","4":"has-post-thumbnail","6":"product_cat-mens-section","8":"first","9":"instock","10":"sale","11":"shipping-taxable","12":"purchasable","13":"product-type-variable"},"jetpack_sharing_enabled":true,"_links":{"self":[{"href":"https:\/\/afrycom.com\/fr\/wp-json\/wp\/v2\/product\/13318","targetHints":{"allow":["GET"]}}],"collection":[{"href":"https:\/\/afrycom.com\/fr\/wp-json\/wp\/v2\/product"}],"about":[{"href":"https:\/\/afrycom.com\/fr\/wp-json\/wp\/v2\/types\/product"}],"replies":[{"embeddable":true,"href":"https:\/\/afrycom.com\/fr\/wp-json\/wp\/v2\/comments?post=13318"}],"wp:featuredmedia":[{"embeddable":true,"href":"https:\/\/afrycom.com\/fr\/wp-json\/wp\/v2\/media\/13319"}],"wp:attachment":[{"href":"https:\/\/afrycom.com\/fr\/wp-json\/wp\/v2\/media?parent=13318"}],"wp:term":[{"taxonomy":"product_brand","embeddable":true,"href":"https:\/\/afrycom.com\/fr\/wp-json\/wp\/v2\/product_brand?post=13318"},{"taxonomy":"product_cat","embeddable":true,"href":"https:\/\/afrycom.com\/fr\/wp-json\/wp\/v2\/product_cat?post=13318"},{"taxonomy":"product_tag","embeddable":true,"href":"https:\/\/afrycom.com\/fr\/wp-json\/wp\/v2\/product_tag?post=13318"}],"curies":[{"name":"wp","href":"https:\/\/api.w.org\/{rel}","templated":true}]}}